{"id":7389,"date":"2021-10-23T12:26:09","date_gmt":"2021-10-23T10:26:09","guid":{"rendered":"https:\/\/alvarelloseditora.gal\/book\/galiza-e-feminismo-en-emilia-pardo-bazan-copia\/"},"modified":"2022-09-30T09:18:37","modified_gmt":"2022-09-30T07:18:37","slug":"galiza-e-feminismo-en-emilia-pardo-bazan-copia","status":"publish","type":"product","link":"https:\/\/alvarelloseditora.gal\/es\/libro\/galiza-e-feminismo-en-emilia-pardo-bazan-copia\/","title":{"rendered":"Galiza e feminismo en Emilia Pardo Baz\u00e1n"},"content":{"rendered":"<p><a href=\"https:\/\/www.lavozdegalicia.es\/noticia\/cultura\/2021\/07\/09\/span-langglpardo-bazan-unha-feminista-cativaspan\/0003_202107G9P38991.htm\">Pardo Baz\u00e1n, unha feminista cativa<\/a><\/p>\n<p><a href=\"https:\/\/www.elprogreso.es\/articulo\/sociedad\/ensayo-sugiere-que-pardo-bazan-repudiaba-gallego-como-lengua-formal\/202107082234301513176.html\">Un ensayo sugiere que Pardo Baz\u00e1n \u00abrepudiaba\u00bb el gallego como lengua formal<\/a><\/p>\n<p><a href=\"https:\/\/www.laopinioncoruna.es\/coruna\/2021\/07\/19\/o-centenario-pardo-bazan-converteuse-55191585.html\">\u201cO centenario de Pardo Baz\u00e1n converteuse nunha conmemoraci\u00f3n falsa da s\u00faa persoa\u201d<\/a><\/p>\n<p><a href=\"https:\/\/www.nosdiario.gal\/articulo\/cultura\/outra-vision-emilia-pardo-bazan\/20210708172632125064.html\">Outra visi\u00f3n sobre Emilia Pardo Baz\u00e1n<\/a><\/p>\n<p><a href=\"https:\/\/alvarelloseditora.gal\/wp-content\/uploads\/2021\/07\/NP_gal_Galiza_e_Feminismo_en_EPB.pdf\">NP_gal_Galiza_e_Feminismo_en_EPB<\/a><\/p>\n<p>A autora do presente volume formula \u2013e d\u00e1 resposta\u2013 a varias cuesti\u00f3ns relevantes arredor da personalidade e da obra de Emilia Pardo Baz\u00e1n (A Coru\u00f1a, 1851-Madrid, 1921), escritora plenamente integrada na literatura espa\u00f1ola de fins do XIX e comezo do XX.<\/p>\n<p>Mar\u00eda Pilar Garc\u00eda Negro examina, por unha banda, o feminismo da narradora e preg\u00fantase se miraba realmente con lentes violeta ou eran pola contra uns lentes \u201cde clase\u201d. Por outro lado, analiza o xeito en que Pardo Baz\u00e1n exerc\u00eda de galega e, sobre todo, que imaxe de Galicia constru\u00edu e difundiu por Espa\u00f1a. En terceiro lugar, ab\u00f3rdase tam\u00e9n nestas p\u00e1xinas o posicionamento pol\u00edtico ou ideol\u00f3xico da reco\u00f1ecida autora. \u00bfEra dona Emilia liberal ou fondamente conservadora? \u00bfComo encaixaba o seu aristocratismo en todo o seu pensamento?<\/p>\n<p>A s\u00faa actitude ante a lingua e a literatura galegas e o tratamento en concreto que lle dispensou a Rosal\u00eda de Castro son outras das cuesti\u00f3ns cruciais abordadas detidamente neste ensaio.<\/p>\n<p>Mar\u00eda Pilar Garc\u00eda Negro deixa falar, en todos estes asuntos, \u00e1 propia Emilia Pardo Baz\u00e1n. Ser\u00e1 ela, a trav\u00e9s das s\u00faas obras e das s\u00faas declaraci\u00f3ns, quen vaia retrat\u00e1ndose. O resultado \u00e9 unha ollada ben diferente \u00e1 maior\u00eda de estudos e libros publicados ata hoxe, sobre a condesa de Pardo Baz\u00e1n, nun ano como o 2021 no que Galicia e Espa\u00f1a conmemoran o centenario da s\u00faa morte.<\/p>\n","protected":false},"excerpt":{"rendered":"<p>M\u00aa Pilar Garc\u00eda Negro<br \/>\n&nbsp;<br \/>\nPp: 158. Formato 13 x 23 cms.<br \/>\nISBN 978-84-18567-07-0<br \/>\n&nbsp;<\/p>\n<p>OBRA FINALISTA NOS PREMIOS FOLLAS NOVAS 2022<\/p>\n<p>A profesora e investigadora Mar\u00eda Pilar Garc\u00eda Negro examina, neste ensaio, o feminismo de Emilia Pardo Baz\u00e1n, a s\u00faa actitude ante a lingua e literatura galegas ou o trato que dispensou a Rosal\u00eda de Castro. Tam\u00e9n analiza o xeito en que a autora coru\u00f1esa exerc\u00eda de galega e a imaxe que proxectaba do pa\u00eds; e, por \u00faltimo, o seu posicionamento ideol\u00f3xico ou pol\u00edtico. En todos estes asuntos, deixa falar \u00e1 propia Pardo Baz\u00e1n, quen ir\u00e1 retrat\u00e1ndose a trav\u00e9s da s\u00faas obras ou declaraci\u00f3ns. Este volume presenta unha ollada ben diferente aos estudos e libros publicados ata hoxe sobre a reco\u00f1ecida narradora.<\/p>\n","protected":false},"featured_media":6643,"comment_status":"closed","ping_status":"closed","template":"","meta":[],"product_brand":[],"product_cat":[],"product_tag":[],"class_list":{"0":"post-7389","1":"product","2":"type-product","3":"status-publish","4":"has-post-thumbnail","6":"product_author-maria-pilar-garcia-negro-es","8":"first","9":"instock","10":"taxable","11":"shipping-taxable","12":"purchasable","13":"product-type-simple"},"yoast_head":"<!-- This site is optimized with the Yoast SEO plugin v27.4 - https:\/\/yoast.com\/product\/yoast-seo-wordpress\/ -->\n<title>Galiza e feminismo en Emilia Pardo Baz\u00e1n - Alvarellos Editora<\/title>\n<meta name=\"description\" content=\"Galiza e feminismo en Emilia Pardo Baz\u00e1n. C\u00f3mprao na tenda en li\u00f1a de Alvarellos Editora.\" \/>\n<meta name=\"robots\" content=\"index, follow, max-snippet:-1, max-image-preview:large, max-video-preview:-1\" \/>\n<link rel=\"canonical\" href=\"https:\/\/alvarelloseditora.gal\/es\/libro\/galiza-e-feminismo-en-emilia-pardo-bazan-copia\/\" \/>\n<meta property=\"og:locale\" content=\"es_ES\" \/>\n<meta property=\"og:type\" content=\"article\" \/>\n<meta property=\"og:title\" content=\"Galiza e feminismo en Emilia Pardo Baz\u00e1n - Alvarellos Editora\" \/>\n<meta property=\"og:description\" content=\"Galiza e feminismo en Emilia Pardo Baz\u00e1n. C\u00f3mprao na tenda en li\u00f1a de Alvarellos Editora.\" \/>\n<meta property=\"og:url\" content=\"https:\/\/alvarelloseditora.gal\/es\/libro\/galiza-e-feminismo-en-emilia-pardo-bazan-copia\/\" \/>\n<meta property=\"og:site_name\" content=\"Alvarellos Editora\" \/>\n<meta property=\"article:publisher\" content=\"https:\/\/www.facebook.com\/alvarelloseditora\" \/>\n<meta property=\"article:modified_time\" content=\"2022-09-30T07:18:37+00:00\" \/>\n<meta property=\"og:image\" content=\"https:\/\/alvarelloseditora.gal\/wp-content\/uploads\/2021\/07\/Galiza-e-feminismo-en-Emilia-Pardo-Bazan-scaled.jpg\" \/>\n\t<meta property=\"og:image:width\" content=\"1503\" \/>\n\t<meta property=\"og:image:height\" content=\"2560\" \/>\n\t<meta property=\"og:image:type\" content=\"image\/jpeg\" \/>\n<meta name=\"twitter:card\" content=\"summary_large_image\" \/>\n<meta name=\"twitter:site\" content=\"@alvarellos_ed\" \/>\n<meta name=\"twitter:label1\" content=\"Tiempo de lectura\" \/>\n\t<meta name=\"twitter:data1\" content=\"2 minutos\" \/>\n<!-- \/ Yoast SEO plugin. -->","yoast_head_json":{"title":"Galiza e feminismo en Emilia Pardo Baz\u00e1n - Alvarellos Editora","description":"Galiza e feminismo en Emilia Pardo Baz\u00e1n. C\u00f3mprao na tenda en li\u00f1a de Alvarellos Editora.","robots":{"index":"index","follow":"follow","max-snippet":"max-snippet:-1","max-image-preview":"max-image-preview:large","max-video-preview":"max-video-preview:-1"},"canonical":"https:\/\/alvarelloseditora.gal\/es\/libro\/galiza-e-feminismo-en-emilia-pardo-bazan-copia\/","og_locale":"es_ES","og_type":"article","og_title":"Galiza e feminismo en Emilia Pardo Baz\u00e1n - Alvarellos Editora","og_description":"Galiza e feminismo en Emilia Pardo Baz\u00e1n. C\u00f3mprao na tenda en li\u00f1a de Alvarellos Editora.","og_url":"https:\/\/alvarelloseditora.gal\/es\/libro\/galiza-e-feminismo-en-emilia-pardo-bazan-copia\/","og_site_name":"Alvarellos Editora","article_publisher":"https:\/\/www.facebook.com\/alvarelloseditora","article_modified_time":"2022-09-30T07:18:37+00:00","og_image":[{"width":1503,"height":2560,"url":"https:\/\/alvarelloseditora.gal\/wp-content\/uploads\/2021\/07\/Galiza-e-feminismo-en-Emilia-Pardo-Bazan-scaled.jpg","type":"image\/jpeg"}],"twitter_card":"summary_large_image","twitter_site":"@alvarellos_ed","twitter_misc":{"Tiempo de lectura":"2 minutos"},"schema":{"@context":"https:\/\/schema.org","@graph":[{"@type":["WebPage","ItemPage"],"@id":"https:\/\/alvarelloseditora.gal\/es\/libro\/galiza-e-feminismo-en-emilia-pardo-bazan-copia\/","url":"https:\/\/alvarelloseditora.gal\/es\/libro\/galiza-e-feminismo-en-emilia-pardo-bazan-copia\/","name":"Galiza e feminismo en Emilia Pardo Baz\u00e1n - Alvarellos Editora","isPartOf":{"@id":"https:\/\/alvarelloseditora.gal\/#website"},"primaryImageOfPage":{"@id":"https:\/\/alvarelloseditora.gal\/es\/libro\/galiza-e-feminismo-en-emilia-pardo-bazan-copia\/#primaryimage"},"image":{"@id":"https:\/\/alvarelloseditora.gal\/es\/libro\/galiza-e-feminismo-en-emilia-pardo-bazan-copia\/#primaryimage"},"thumbnailUrl":"https:\/\/alvarelloseditora.gal\/wp-content\/uploads\/2021\/07\/Galiza-e-feminismo-en-Emilia-Pardo-Bazan-scaled.jpg","datePublished":"2021-10-23T10:26:09+00:00","dateModified":"2022-09-30T07:18:37+00:00","description":"Galiza e feminismo en Emilia Pardo Baz\u00e1n. C\u00f3mprao na tenda en li\u00f1a de Alvarellos Editora.","breadcrumb":{"@id":"https:\/\/alvarelloseditora.gal\/es\/libro\/galiza-e-feminismo-en-emilia-pardo-bazan-copia\/#breadcrumb"},"inLanguage":"es","potentialAction":[{"@type":"ReadAction","target":["https:\/\/alvarelloseditora.gal\/es\/libro\/galiza-e-feminismo-en-emilia-pardo-bazan-copia\/"]}]},{"@type":"ImageObject","inLanguage":"es","@id":"https:\/\/alvarelloseditora.gal\/es\/libro\/galiza-e-feminismo-en-emilia-pardo-bazan-copia\/#primaryimage","url":"https:\/\/alvarelloseditora.gal\/wp-content\/uploads\/2021\/07\/Galiza-e-feminismo-en-Emilia-Pardo-Bazan-scaled.jpg","contentUrl":"https:\/\/alvarelloseditora.gal\/wp-content\/uploads\/2021\/07\/Galiza-e-feminismo-en-Emilia-Pardo-Bazan-scaled.jpg","width":1503,"height":2560},{"@type":"BreadcrumbList","@id":"https:\/\/alvarelloseditora.gal\/es\/libro\/galiza-e-feminismo-en-emilia-pardo-bazan-copia\/#breadcrumb","itemListElement":[{"@type":"ListItem","position":1,"name":"Portada","item":"https:\/\/alvarelloseditora.gal\/"},{"@type":"ListItem","position":2,"name":"Tienda","item":"https:\/\/alvarelloseditora.gal\/es\/tienda\/"},{"@type":"ListItem","position":3,"name":"Galiza e feminismo en Emilia Pardo Baz\u00e1n"}]},{"@type":"WebSite","@id":"https:\/\/alvarelloseditora.gal\/#website","url":"https:\/\/alvarelloseditora.gal\/","name":"Alvarellos Editora","description":"Libros para un mundo en tr\u00e1nsito","publisher":{"@id":"https:\/\/alvarelloseditora.gal\/#organization"},"potentialAction":[{"@type":"SearchAction","target":{"@type":"EntryPoint","urlTemplate":"https:\/\/alvarelloseditora.gal\/?s={search_term_string}"},"query-input":{"@type":"PropertyValueSpecification","valueRequired":true,"valueName":"search_term_string"}}],"inLanguage":"es"},{"@type":"Organization","@id":"https:\/\/alvarelloseditora.gal\/#organization","name":"Alvarellos Editora","url":"https:\/\/alvarelloseditora.gal\/","logo":{"@type":"ImageObject","inLanguage":"es","@id":"https:\/\/alvarelloseditora.gal\/#\/schema\/logo\/image\/","url":"https:\/\/alvarelloseditora.gal\/wp-content\/uploads\/2020\/02\/alv-icon.png","contentUrl":"https:\/\/alvarelloseditora.gal\/wp-content\/uploads\/2020\/02\/alv-icon.png","width":177,"height":175,"caption":"Alvarellos Editora"},"image":{"@id":"https:\/\/alvarelloseditora.gal\/#\/schema\/logo\/image\/"},"sameAs":["https:\/\/www.facebook.com\/alvarelloseditora","https:\/\/x.com\/alvarellos_ed"]}]}},"_links":{"self":[{"href":"https:\/\/alvarelloseditora.gal\/es\/wp-json\/wp\/v2\/product\/7389","targetHints":{"allow":["GET"]}}],"collection":[{"href":"https:\/\/alvarelloseditora.gal\/es\/wp-json\/wp\/v2\/product"}],"about":[{"href":"https:\/\/alvarelloseditora.gal\/es\/wp-json\/wp\/v2\/types\/product"}],"replies":[{"embeddable":true,"href":"https:\/\/alvarelloseditora.gal\/es\/wp-json\/wp\/v2\/comments?post=7389"}],"wp:featuredmedia":[{"embeddable":true,"href":"https:\/\/alvarelloseditora.gal\/es\/wp-json\/wp\/v2\/media\/6643"}],"wp:attachment":[{"href":"https:\/\/alvarelloseditora.gal\/es\/wp-json\/wp\/v2\/media?parent=7389"}],"wp:term":[{"taxonomy":"product_brand","embeddable":true,"href":"https:\/\/alvarelloseditora.gal\/es\/wp-json\/wp\/v2\/product_brand?post=7389"},{"taxonomy":"product_cat","embeddable":true,"href":"https:\/\/alvarelloseditora.gal\/es\/wp-json\/wp\/v2\/product_cat?post=7389"},{"taxonomy":"product_tag","embeddable":true,"href":"https:\/\/alvarelloseditora.gal\/es\/wp-json\/wp\/v2\/product_tag?post=7389"}],"curies":[{"name":"wp","href":"https:\/\/api.w.org\/{rel}","templated":true}]}}