{"id":7302,"date":"2022-04-03T19:03:30","date_gmt":"2022-03-15T18:03:30","guid":{"rendered":"https:\/\/alvarelloseditora.gal\/book\/leer-para-sentir-mejor-ler-para-sentir-mellor-sentimena-zorrozteko-irakurri-llegir-per-a-sentir-millor\/"},"modified":"2022-04-22T10:00:12","modified_gmt":"2022-04-22T08:00:12","slug":"leer-para-sentir-mejor-ler-para-sentir-mellor-sentimena-zorrozteko-irakurri-llegir-per-a-sentir-millor","status":"publish","type":"product","link":"https:\/\/alvarelloseditora.gal\/es\/libro\/leer-para-sentir-mejor-ler-para-sentir-mellor-sentimena-zorrozteko-irakurri-llegir-per-a-sentir-millor\/","title":{"rendered":"Leer para sentir mejor | Ler para sentir mellor | Sentimena zorrozteko irakurri | Llegir per a sentir millor"},"content":{"rendered":"<p>La lectura como placer. La lectura como constructora de mundos. Leer como pr\u00e1ctica imaginativa. Leer tambi\u00e9n como pr\u00e1ctica disidente. Leer para reconectar, no para desconectar. Leer para dudar. Leer para reconocernos y reconocer a los dem\u00e1s. La lectura asimismo como pr\u00e1ctica defensiva contra todo dogmatismo. Leer, en fin, por la tolerancia, por la comprensi\u00f3n de la diversidad. Leer para sentir la vida. Leer para sentir mejor.<\/p>\n<p>Estas son algunas de las reflexiones que aborda el fil\u00f3sofo Jos\u00e9 Miguel Valle en su nuevo ensayo. Leer para sentir mejor (Alvarellos Editora, 2022). Un libro que presentamos en las cuatro lenguas del Estado espa\u00f1ol \u2014castellano, galego, euskera y catal\u00e0\u2014, en una edici\u00f3n que atiende precisamente a esa necesidad de reconocer, valorar y proteger tambi\u00e9n la diversidad ling\u00fc\u00edstica. Leer para sentir mejor &#8211; Ler para sentir mellor &#8211; Sentimena zorrozteko irakurri &#8211; Llegir per a sentir millor.<\/p>\n<p><a href=\"https:\/\/alvarelloseditora.gal\/wp-content\/uploads\/2022\/03\/Empezar-lectura.pdf\">EMPEZAR LECTURA, AQUI<\/a><\/p>\n<p><a href=\"https:\/\/culturainquieta.com\/es\/pensamiento\/item\/19335-leer-para-sentir-mejor-el-nuevo-libro-del-filosofo-jose-miguel-valle.html\">&#8216;Leer para sentir mejor&#8217;, el nuevo libro del fil\u00f3sofo Jos\u00e9 Miguel Valle. Entrevista para <em><strong>Cultura Inquieta.<\/strong><\/em> Abril 2022<\/a><\/p>\n<p><a href=\"https:\/\/alvarelloseditora.gal\/wp-content\/uploads\/2022\/03\/NP_GAL_Leer_para_sentir_mejor_2022.pdf\">NP_GAL_Ler_para_sentir_mellor_2022<\/a><\/p>\n<p><a href=\"https:\/\/alvarelloseditora.gal\/wp-content\/uploads\/2022\/03\/NP_CAST_Leer_para_sentir_mejor_2022.pdf\">NP_CAST_Leer_para_sentir_mejor_2022<\/a><\/p>\n<p><a href=\"https:\/\/alvarelloseditora.gal\/wp-content\/uploads\/2022\/04\/NP_CAT_Lleguir_per_a_sentir_millor_2022.pdf\">NP_CAT_Lleguir_per_a_sentir_millor_2022<\/a><\/p>\n<p><a href=\"https:\/\/alvarelloseditora.gal\/wp-content\/uploads\/2022\/04\/NP_EUS_Sentimena_zorrozteko_irakurri_2022.pdf\">NP_EUS_Sentimena_zorrozteko_irakurri_2022<\/a><\/p>\n<p>&nbsp;<\/p>\n<p>&nbsp;<\/p>\n","protected":false},"excerpt":{"rendered":"<p>Jos\u00e9 Miguel Valle<br \/>\n&nbsp;<\/p>\n<p>Pp: 204. Formato: 13&#215;23 cms.<br \/>\nISBN 978-84-18567-18-6<\/p>\n<p>&nbsp;<\/p>\n<p>El fil\u00f3sofo Jos\u00e9 Miguel Valle \u2013autor de \u00abLa bondad es el punto m\u00e1s elevado de la inteligencia\u00bb, art\u00edculo que en 2017 y 2019 se convirti\u00f3 en todo un fen\u00f3meno viral\u2013, publica esta primavera un ensayo sobre el poder de la lectura: leer como placer, leer para comprender la diversidad, leer para sentir la vida&#8230; Leer para sentir mejor. Una edici\u00f3n especial publicada en las cuatro lenguas del Estado espa\u00f1ol.<\/p>\n<p>&nbsp;<\/p>\n<p>EMPEZAR LECTURA, AQUI<\/p>\n<p>&nbsp;<\/p>\n<p>Traduci\u00f3n ao galego: Mar\u00eda Reim\u00f3ndez<br \/>\nItzulpena: Ane Garcia Lopez<br \/>\nTraducci\u00f3 al catal\u00e0: Pau Joan Hern\u00e1ndez<\/p>\n","protected":false},"featured_media":7291,"comment_status":"closed","ping_status":"closed","template":"","meta":[],"product_brand":[],"product_cat":[105],"product_tag":[],"class_list":{"0":"post-7302","1":"product","2":"type-product","3":"status-publish","4":"has-post-thumbnail","6":"product_author-jose-miguel-valle-es","7":"product_cat-oeste-es","9":"first","10":"instock","11":"taxable","12":"shipping-taxable","13":"purchasable","14":"product-type-simple"},"yoast_head":"<!-- This site is optimized with the Yoast SEO plugin v27.4 - https:\/\/yoast.com\/product\/yoast-seo-wordpress\/ -->\n<title>Leer para sentir mejor | Ler para sentir mellor | Sentimena zorrozteko irakurri | Llegir per a sentir millor - Alvarellos Editora<\/title>\n<meta name=\"description\" content=\"Leer para sentir mejor | Ler para sentir mellor | Sentimena zorrozteko irakurri | Llegir per a sentir millor. C\u00f3mprao na tenda en li\u00f1a de Alvarellos Editora.\" \/>\n<meta name=\"robots\" content=\"index, follow, max-snippet:-1, max-image-preview:large, max-video-preview:-1\" \/>\n<link rel=\"canonical\" href=\"https:\/\/alvarelloseditora.gal\/es\/libro\/leer-para-sentir-mejor-ler-para-sentir-mellor-sentimena-zorrozteko-irakurri-llegir-per-a-sentir-millor\/\" \/>\n<meta property=\"og:locale\" content=\"es_ES\" \/>\n<meta property=\"og:type\" content=\"article\" \/>\n<meta property=\"og:title\" content=\"Leer para sentir mejor | Ler para sentir mellor | Sentimena zorrozteko irakurri | Llegir per a sentir millor - Alvarellos Editora\" \/>\n<meta property=\"og:description\" content=\"Leer para sentir mejor | Ler para sentir mellor | Sentimena zorrozteko irakurri | Llegir per a sentir millor. C\u00f3mprao na tenda en li\u00f1a de Alvarellos Editora.\" \/>\n<meta property=\"og:url\" content=\"https:\/\/alvarelloseditora.gal\/es\/libro\/leer-para-sentir-mejor-ler-para-sentir-mellor-sentimena-zorrozteko-irakurri-llegir-per-a-sentir-millor\/\" \/>\n<meta property=\"og:site_name\" content=\"Alvarellos Editora\" \/>\n<meta property=\"article:publisher\" content=\"https:\/\/www.facebook.com\/alvarelloseditora\" \/>\n<meta property=\"article:modified_time\" content=\"2022-04-22T08:00:12+00:00\" \/>\n<meta property=\"og:image\" content=\"https:\/\/alvarelloseditora.gal\/wp-content\/uploads\/2022\/03\/Leer-para-sentir-mejor-alvarellos-editora-2022-scaled.jpg\" \/>\n\t<meta property=\"og:image:width\" content=\"1404\" \/>\n\t<meta property=\"og:image:height\" content=\"2560\" \/>\n\t<meta property=\"og:image:type\" content=\"image\/jpeg\" \/>\n<meta name=\"twitter:card\" content=\"summary_large_image\" \/>\n<meta name=\"twitter:site\" content=\"@alvarellos_ed\" \/>\n<meta name=\"twitter:label1\" content=\"Tiempo de lectura\" \/>\n\t<meta name=\"twitter:data1\" content=\"1 minuto\" \/>\n<!-- \/ Yoast SEO plugin. -->","yoast_head_json":{"title":"Leer para sentir mejor | Ler para sentir mellor | Sentimena zorrozteko irakurri | Llegir per a sentir millor - Alvarellos Editora","description":"Leer para sentir mejor | Ler para sentir mellor | Sentimena zorrozteko irakurri | Llegir per a sentir millor. C\u00f3mprao na tenda en li\u00f1a de Alvarellos Editora.","robots":{"index":"index","follow":"follow","max-snippet":"max-snippet:-1","max-image-preview":"max-image-preview:large","max-video-preview":"max-video-preview:-1"},"canonical":"https:\/\/alvarelloseditora.gal\/es\/libro\/leer-para-sentir-mejor-ler-para-sentir-mellor-sentimena-zorrozteko-irakurri-llegir-per-a-sentir-millor\/","og_locale":"es_ES","og_type":"article","og_title":"Leer para sentir mejor | Ler para sentir mellor | Sentimena zorrozteko irakurri | Llegir per a sentir millor - Alvarellos Editora","og_description":"Leer para sentir mejor | Ler para sentir mellor | Sentimena zorrozteko irakurri | Llegir per a sentir millor. C\u00f3mprao na tenda en li\u00f1a de Alvarellos Editora.","og_url":"https:\/\/alvarelloseditora.gal\/es\/libro\/leer-para-sentir-mejor-ler-para-sentir-mellor-sentimena-zorrozteko-irakurri-llegir-per-a-sentir-millor\/","og_site_name":"Alvarellos Editora","article_publisher":"https:\/\/www.facebook.com\/alvarelloseditora","article_modified_time":"2022-04-22T08:00:12+00:00","og_image":[{"width":1404,"height":2560,"url":"https:\/\/alvarelloseditora.gal\/wp-content\/uploads\/2022\/03\/Leer-para-sentir-mejor-alvarellos-editora-2022-scaled.jpg","type":"image\/jpeg"}],"twitter_card":"summary_large_image","twitter_site":"@alvarellos_ed","twitter_misc":{"Tiempo de lectura":"1 minuto"},"schema":{"@context":"https:\/\/schema.org","@graph":[{"@type":["WebPage","ItemPage"],"@id":"https:\/\/alvarelloseditora.gal\/es\/libro\/leer-para-sentir-mejor-ler-para-sentir-mellor-sentimena-zorrozteko-irakurri-llegir-per-a-sentir-millor\/","url":"https:\/\/alvarelloseditora.gal\/es\/libro\/leer-para-sentir-mejor-ler-para-sentir-mellor-sentimena-zorrozteko-irakurri-llegir-per-a-sentir-millor\/","name":"Leer para sentir mejor | Ler para sentir mellor | Sentimena zorrozteko irakurri | Llegir per a sentir millor - Alvarellos Editora","isPartOf":{"@id":"https:\/\/alvarelloseditora.gal\/#website"},"primaryImageOfPage":{"@id":"https:\/\/alvarelloseditora.gal\/es\/libro\/leer-para-sentir-mejor-ler-para-sentir-mellor-sentimena-zorrozteko-irakurri-llegir-per-a-sentir-millor\/#primaryimage"},"image":{"@id":"https:\/\/alvarelloseditora.gal\/es\/libro\/leer-para-sentir-mejor-ler-para-sentir-mellor-sentimena-zorrozteko-irakurri-llegir-per-a-sentir-millor\/#primaryimage"},"thumbnailUrl":"https:\/\/alvarelloseditora.gal\/wp-content\/uploads\/2022\/03\/Leer-para-sentir-mejor-alvarellos-editora-2022-scaled.jpg","datePublished":"2022-03-15T18:03:30+00:00","dateModified":"2022-04-22T08:00:12+00:00","description":"Leer para sentir mejor | Ler para sentir mellor | Sentimena zorrozteko irakurri | Llegir per a sentir millor. C\u00f3mprao na tenda en li\u00f1a de Alvarellos Editora.","breadcrumb":{"@id":"https:\/\/alvarelloseditora.gal\/es\/libro\/leer-para-sentir-mejor-ler-para-sentir-mellor-sentimena-zorrozteko-irakurri-llegir-per-a-sentir-millor\/#breadcrumb"},"inLanguage":"es","potentialAction":[{"@type":"ReadAction","target":["https:\/\/alvarelloseditora.gal\/es\/libro\/leer-para-sentir-mejor-ler-para-sentir-mellor-sentimena-zorrozteko-irakurri-llegir-per-a-sentir-millor\/"]}]},{"@type":"ImageObject","inLanguage":"es","@id":"https:\/\/alvarelloseditora.gal\/es\/libro\/leer-para-sentir-mejor-ler-para-sentir-mellor-sentimena-zorrozteko-irakurri-llegir-per-a-sentir-millor\/#primaryimage","url":"https:\/\/alvarelloseditora.gal\/wp-content\/uploads\/2022\/03\/Leer-para-sentir-mejor-alvarellos-editora-2022-scaled.jpg","contentUrl":"https:\/\/alvarelloseditora.gal\/wp-content\/uploads\/2022\/03\/Leer-para-sentir-mejor-alvarellos-editora-2022-scaled.jpg","width":1404,"height":2560},{"@type":"BreadcrumbList","@id":"https:\/\/alvarelloseditora.gal\/es\/libro\/leer-para-sentir-mejor-ler-para-sentir-mellor-sentimena-zorrozteko-irakurri-llegir-per-a-sentir-millor\/#breadcrumb","itemListElement":[{"@type":"ListItem","position":1,"name":"Portada","item":"https:\/\/alvarelloseditora.gal\/"},{"@type":"ListItem","position":2,"name":"Tienda","item":"https:\/\/alvarelloseditora.gal\/es\/tienda\/"},{"@type":"ListItem","position":3,"name":"Leer para sentir mejor | Ler para sentir mellor | Sentimena zorrozteko irakurri | Llegir per a sentir millor"}]},{"@type":"WebSite","@id":"https:\/\/alvarelloseditora.gal\/#website","url":"https:\/\/alvarelloseditora.gal\/","name":"Alvarellos Editora","description":"Libros para un mundo en tr\u00e1nsito","publisher":{"@id":"https:\/\/alvarelloseditora.gal\/#organization"},"potentialAction":[{"@type":"SearchAction","target":{"@type":"EntryPoint","urlTemplate":"https:\/\/alvarelloseditora.gal\/?s={search_term_string}"},"query-input":{"@type":"PropertyValueSpecification","valueRequired":true,"valueName":"search_term_string"}}],"inLanguage":"es"},{"@type":"Organization","@id":"https:\/\/alvarelloseditora.gal\/#organization","name":"Alvarellos Editora","url":"https:\/\/alvarelloseditora.gal\/","logo":{"@type":"ImageObject","inLanguage":"es","@id":"https:\/\/alvarelloseditora.gal\/#\/schema\/logo\/image\/","url":"https:\/\/alvarelloseditora.gal\/wp-content\/uploads\/2020\/02\/alv-icon.png","contentUrl":"https:\/\/alvarelloseditora.gal\/wp-content\/uploads\/2020\/02\/alv-icon.png","width":177,"height":175,"caption":"Alvarellos Editora"},"image":{"@id":"https:\/\/alvarelloseditora.gal\/#\/schema\/logo\/image\/"},"sameAs":["https:\/\/www.facebook.com\/alvarelloseditora","https:\/\/x.com\/alvarellos_ed"]}]}},"_links":{"self":[{"href":"https:\/\/alvarelloseditora.gal\/es\/wp-json\/wp\/v2\/product\/7302","targetHints":{"allow":["GET"]}}],"collection":[{"href":"https:\/\/alvarelloseditora.gal\/es\/wp-json\/wp\/v2\/product"}],"about":[{"href":"https:\/\/alvarelloseditora.gal\/es\/wp-json\/wp\/v2\/types\/product"}],"replies":[{"embeddable":true,"href":"https:\/\/alvarelloseditora.gal\/es\/wp-json\/wp\/v2\/comments?post=7302"}],"wp:featuredmedia":[{"embeddable":true,"href":"https:\/\/alvarelloseditora.gal\/es\/wp-json\/wp\/v2\/media\/7291"}],"wp:attachment":[{"href":"https:\/\/alvarelloseditora.gal\/es\/wp-json\/wp\/v2\/media?parent=7302"}],"wp:term":[{"taxonomy":"product_brand","embeddable":true,"href":"https:\/\/alvarelloseditora.gal\/es\/wp-json\/wp\/v2\/product_brand?post=7302"},{"taxonomy":"product_cat","embeddable":true,"href":"https:\/\/alvarelloseditora.gal\/es\/wp-json\/wp\/v2\/product_cat?post=7302"},{"taxonomy":"product_tag","embeddable":true,"href":"https:\/\/alvarelloseditora.gal\/es\/wp-json\/wp\/v2\/product_tag?post=7302"}],"curies":[{"name":"wp","href":"https:\/\/api.w.org\/{rel}","templated":true}]}}