{"id":7247,"date":"2022-03-02T20:20:47","date_gmt":"2022-03-02T19:20:47","guid":{"rendered":"https:\/\/alvarelloseditora.gal\/book\/a-universidade-retratada\/"},"modified":"2022-03-03T10:55:47","modified_gmt":"2022-03-03T09:55:47","slug":"a-universidade-retratada","status":"publish","type":"product","link":"https:\/\/alvarelloseditora.gal\/es\/libro\/a-universidade-retratada\/","title":{"rendered":"A Universidade retratada"},"content":{"rendered":"<p><a href=\"https:\/\/alvarelloseditora.gal\/wp-content\/uploads\/2022\/03\/NP_C_A_Universidade_Retratada_2022.pdf\">NP_C_A_Universidade_Retratada_2022<\/a><\/p>\n<p>La localizaci\u00f3n en el Archivo Hist\u00f3rico Universitario de Santiago a comienzos de 2021 de diez fotograf\u00edas in\u00e9ditas del a\u00f1o 1882 est\u00e1 en el origen de esta obra. Lleva por t\u00edtulo A Universidad retratada. Jules David- Cavaz en Galicia (1882), escrita por el fotohistoriador Carlos Castelao y coeditada por Alvarellos Editora y la Universidade de Santiago .<\/p>\n<p>En las im\u00e1genes localizadas aparecen retratados varios grupos de catedr\u00e1ticos, estudiantes y personal de la Universidad, un hallazgo de enorme valor documental y hist\u00f3rico que revela, por vez primera, los rostros y las im\u00e1genes en grupo m\u00e1s antiguas de las conocidas hasta ahora de esta Instituci\u00f3n. El autor de las instant\u00e1neas es un destacado artista franc\u00e9s ambulante, Jules David- Cavaz, considerado hoy el primero gran fot\u00f3grafo de \u00e1mbito europeo.<\/p>\n<p>El fotohistoriador Carlos Castelao, despu\u00e9s de una intensa y rigurosa investigaci\u00f3n, emprendi\u00f3 un arduo trabajo de rescate gr\u00e1fico de la vida y obra de David- Cavaz, un profesional del que muy poco se conoc\u00eda hasta hoy, y de quien lleg\u00f3 a localizar hasta noventa y cinco fotograf\u00edas gallegas.<\/p>\n<p>El autor ofrece en las p\u00e1ginas de esta Universidad retratada un volumen que es todo un gozo: exhuma m\u00e1s de ciento cincuenta im\u00e1genes, la mayor parte de ellas desconocidas pero, sobre todo, lleva a cabo un minucioso estudio de esos rostros, de los nombres que poblaban las aulas de Compostela en aquel 1882, entre ellos, por cierto, los de muchos de los grandes pensadores que forjaron la Galicia actual, y que, desde estas p\u00e1ginas, nos interpelan siglo y medio despu\u00e9s.<\/p>\n","protected":false},"excerpt":{"rendered":"<p>Jules David-Cavaz en Galicia (1882)<br \/>\nCarlos Castelao<br \/>\n&nbsp;<\/p>\n<p>P\u00e1ginas: 132. Formato: 20 x 19 cms.<br \/>\nImpreso en color en papel ecol\u00f3gico.<br \/>\nCosido con hilo vegetal.<\/p>\n<p>&nbsp;<\/p>\n<p>Ven la luz, por vez primera, los rostros de profesores y alumnos de la Universidad de Santiago retratados en 1882. Son las primeras im\u00e1genes en grupo de esta instituci\u00f3n. Su autor es el fot\u00f3grafo franc\u00e9s Jules David- Cavaz y fueron localizadas por el Archivo Hist\u00f3rico Universitario. A partir de este hallazgo, el fotohistoriador Carlos Castelao lleva a cabo un riguroso y revelador estudio de los fotografiados, de la propia Universidad en 1882, y del muy desconocido autor de las im\u00e1genes. Este volumen publica m\u00e1s de 150 fotograf\u00edas de aquellos d\u00edas de 1882, la mayor parte de ellas, desconocidas. Un documento \u00fanico.<\/p>\n","protected":false},"featured_media":7243,"comment_status":"closed","ping_status":"closed","template":"","meta":[],"product_brand":[],"product_cat":[104],"product_tag":[1045],"class_list":{"0":"post-7247","1":"product","2":"type-product","3":"status-publish","4":"has-post-thumbnail","6":"product_author-carlos-castelao-es","7":"product_cat-ilustrada-es","8":"product_tag-santiago-de-compostela-y-el-camino","10":"first","11":"instock","12":"taxable","13":"shipping-taxable","14":"purchasable","15":"product-type-simple"},"yoast_head":"<!-- This site is optimized with the Yoast SEO plugin v27.3 - https:\/\/yoast.com\/product\/yoast-seo-wordpress\/ -->\n<title>A Universidade retratada - Alvarellos Editora<\/title>\n<meta name=\"description\" content=\"A Universidade retratada. C\u00f3mprao na tenda en li\u00f1a de Alvarellos Editora.\" \/>\n<meta name=\"robots\" content=\"index, follow, max-snippet:-1, max-image-preview:large, max-video-preview:-1\" \/>\n<link rel=\"canonical\" href=\"https:\/\/alvarelloseditora.gal\/es\/libro\/a-universidade-retratada\/\" \/>\n<meta property=\"og:locale\" content=\"es_ES\" \/>\n<meta property=\"og:type\" content=\"article\" \/>\n<meta property=\"og:title\" content=\"A Universidade retratada - Alvarellos Editora\" \/>\n<meta property=\"og:description\" content=\"A Universidade retratada. C\u00f3mprao na tenda en li\u00f1a de Alvarellos Editora.\" \/>\n<meta property=\"og:url\" content=\"https:\/\/alvarelloseditora.gal\/es\/libro\/a-universidade-retratada\/\" \/>\n<meta property=\"og:site_name\" content=\"Alvarellos Editora\" \/>\n<meta property=\"article:publisher\" content=\"https:\/\/www.facebook.com\/alvarelloseditora\" \/>\n<meta property=\"article:modified_time\" content=\"2022-03-03T09:55:47+00:00\" \/>\n<meta property=\"og:image\" content=\"https:\/\/alvarelloseditora.gal\/wp-content\/uploads\/2022\/03\/9788418567155-A-UNIVERSIDADE-RETRATADA.jpg\" \/>\n\t<meta property=\"og:image:width\" content=\"2353\" \/>\n\t<meta property=\"og:image:height\" content=\"2184\" \/>\n\t<meta property=\"og:image:type\" content=\"image\/jpeg\" \/>\n<meta name=\"twitter:card\" content=\"summary_large_image\" \/>\n<meta name=\"twitter:site\" content=\"@alvarellos_ed\" \/>\n<meta name=\"twitter:label1\" content=\"Tiempo de lectura\" \/>\n\t<meta name=\"twitter:data1\" content=\"2 minutos\" \/>\n<!-- \/ Yoast SEO plugin. -->","yoast_head_json":{"title":"A Universidade retratada - Alvarellos Editora","description":"A Universidade retratada. C\u00f3mprao na tenda en li\u00f1a de Alvarellos Editora.","robots":{"index":"index","follow":"follow","max-snippet":"max-snippet:-1","max-image-preview":"max-image-preview:large","max-video-preview":"max-video-preview:-1"},"canonical":"https:\/\/alvarelloseditora.gal\/es\/libro\/a-universidade-retratada\/","og_locale":"es_ES","og_type":"article","og_title":"A Universidade retratada - Alvarellos Editora","og_description":"A Universidade retratada. C\u00f3mprao na tenda en li\u00f1a de Alvarellos Editora.","og_url":"https:\/\/alvarelloseditora.gal\/es\/libro\/a-universidade-retratada\/","og_site_name":"Alvarellos Editora","article_publisher":"https:\/\/www.facebook.com\/alvarelloseditora","article_modified_time":"2022-03-03T09:55:47+00:00","og_image":[{"width":2353,"height":2184,"url":"https:\/\/alvarelloseditora.gal\/wp-content\/uploads\/2022\/03\/9788418567155-A-UNIVERSIDADE-RETRATADA.jpg","type":"image\/jpeg"}],"twitter_card":"summary_large_image","twitter_site":"@alvarellos_ed","twitter_misc":{"Tiempo de lectura":"2 minutos"},"schema":{"@context":"https:\/\/schema.org","@graph":[{"@type":["WebPage","ItemPage"],"@id":"https:\/\/alvarelloseditora.gal\/es\/libro\/a-universidade-retratada\/","url":"https:\/\/alvarelloseditora.gal\/es\/libro\/a-universidade-retratada\/","name":"A Universidade retratada - Alvarellos Editora","isPartOf":{"@id":"https:\/\/alvarelloseditora.gal\/#website"},"primaryImageOfPage":{"@id":"https:\/\/alvarelloseditora.gal\/es\/libro\/a-universidade-retratada\/#primaryimage"},"image":{"@id":"https:\/\/alvarelloseditora.gal\/es\/libro\/a-universidade-retratada\/#primaryimage"},"thumbnailUrl":"https:\/\/alvarelloseditora.gal\/wp-content\/uploads\/2022\/03\/9788418567155-A-UNIVERSIDADE-RETRATADA.jpg","datePublished":"2022-03-02T19:20:47+00:00","dateModified":"2022-03-03T09:55:47+00:00","description":"A Universidade retratada. C\u00f3mprao na tenda en li\u00f1a de Alvarellos Editora.","breadcrumb":{"@id":"https:\/\/alvarelloseditora.gal\/es\/libro\/a-universidade-retratada\/#breadcrumb"},"inLanguage":"es","potentialAction":[{"@type":"ReadAction","target":["https:\/\/alvarelloseditora.gal\/es\/libro\/a-universidade-retratada\/"]}]},{"@type":"ImageObject","inLanguage":"es","@id":"https:\/\/alvarelloseditora.gal\/es\/libro\/a-universidade-retratada\/#primaryimage","url":"https:\/\/alvarelloseditora.gal\/wp-content\/uploads\/2022\/03\/9788418567155-A-UNIVERSIDADE-RETRATADA.jpg","contentUrl":"https:\/\/alvarelloseditora.gal\/wp-content\/uploads\/2022\/03\/9788418567155-A-UNIVERSIDADE-RETRATADA.jpg","width":2353,"height":2184},{"@type":"BreadcrumbList","@id":"https:\/\/alvarelloseditora.gal\/es\/libro\/a-universidade-retratada\/#breadcrumb","itemListElement":[{"@type":"ListItem","position":1,"name":"Portada","item":"https:\/\/alvarelloseditora.gal\/"},{"@type":"ListItem","position":2,"name":"Tienda","item":"https:\/\/alvarelloseditora.gal\/es\/tienda\/"},{"@type":"ListItem","position":3,"name":"A Universidade retratada"}]},{"@type":"WebSite","@id":"https:\/\/alvarelloseditora.gal\/#website","url":"https:\/\/alvarelloseditora.gal\/","name":"Alvarellos Editora","description":"Libros para un mundo en tr\u00e1nsito","publisher":{"@id":"https:\/\/alvarelloseditora.gal\/#organization"},"potentialAction":[{"@type":"SearchAction","target":{"@type":"EntryPoint","urlTemplate":"https:\/\/alvarelloseditora.gal\/?s={search_term_string}"},"query-input":{"@type":"PropertyValueSpecification","valueRequired":true,"valueName":"search_term_string"}}],"inLanguage":"es"},{"@type":"Organization","@id":"https:\/\/alvarelloseditora.gal\/#organization","name":"Alvarellos Editora","url":"https:\/\/alvarelloseditora.gal\/","logo":{"@type":"ImageObject","inLanguage":"es","@id":"https:\/\/alvarelloseditora.gal\/#\/schema\/logo\/image\/","url":"https:\/\/alvarelloseditora.gal\/wp-content\/uploads\/2020\/02\/alv-icon.png","contentUrl":"https:\/\/alvarelloseditora.gal\/wp-content\/uploads\/2020\/02\/alv-icon.png","width":177,"height":175,"caption":"Alvarellos Editora"},"image":{"@id":"https:\/\/alvarelloseditora.gal\/#\/schema\/logo\/image\/"},"sameAs":["https:\/\/www.facebook.com\/alvarelloseditora","https:\/\/x.com\/alvarellos_ed"]}]}},"_links":{"self":[{"href":"https:\/\/alvarelloseditora.gal\/es\/wp-json\/wp\/v2\/product\/7247","targetHints":{"allow":["GET"]}}],"collection":[{"href":"https:\/\/alvarelloseditora.gal\/es\/wp-json\/wp\/v2\/product"}],"about":[{"href":"https:\/\/alvarelloseditora.gal\/es\/wp-json\/wp\/v2\/types\/product"}],"replies":[{"embeddable":true,"href":"https:\/\/alvarelloseditora.gal\/es\/wp-json\/wp\/v2\/comments?post=7247"}],"wp:featuredmedia":[{"embeddable":true,"href":"https:\/\/alvarelloseditora.gal\/es\/wp-json\/wp\/v2\/media\/7243"}],"wp:attachment":[{"href":"https:\/\/alvarelloseditora.gal\/es\/wp-json\/wp\/v2\/media?parent=7247"}],"wp:term":[{"taxonomy":"product_brand","embeddable":true,"href":"https:\/\/alvarelloseditora.gal\/es\/wp-json\/wp\/v2\/product_brand?post=7247"},{"taxonomy":"product_cat","embeddable":true,"href":"https:\/\/alvarelloseditora.gal\/es\/wp-json\/wp\/v2\/product_cat?post=7247"},{"taxonomy":"product_tag","embeddable":true,"href":"https:\/\/alvarelloseditora.gal\/es\/wp-json\/wp\/v2\/product_tag?post=7247"}],"curies":[{"name":"wp","href":"https:\/\/api.w.org\/{rel}","templated":true}]}}