{"id":7149,"date":"2021-02-04T17:47:37","date_gmt":"2021-02-04T16:47:37","guid":{"rendered":"https:\/\/alvarelloseditora.gal\/?post_type=product&#038;p=7149"},"modified":"2022-02-04T18:05:20","modified_gmt":"2022-02-04T17:05:20","slug":"cartel-historico-de-1932-festas-de-santiago-facsimilar","status":"publish","type":"product","link":"https:\/\/alvarelloseditora.gal\/es\/libro\/cartel-historico-de-1932-festas-de-santiago-facsimilar\/","title":{"rendered":"Cartel hist\u00f3rico de 1932: Festas de Santiago (facsimilar)"},"content":{"rendered":"<p><a href=\"https:\/\/alvarelloseditora.gal\/wp-content\/uploads\/2021\/02\/NP_G_Carteis_Camilo_Diaz_Balino_set_2021.pdf\">NP_G_Carteis_Camilo_D\u00edaz_Bali\u00f1o_set_2021<\/a><\/p>\n","protected":false},"excerpt":{"rendered":"<p>Camilo D\u00edaz Bali\u00f1o<br \/>\n&nbsp;<\/p>\n<p>Formato: 20\u00d745 cms<br \/>\nCartolina estucada semi-mate de 300 gr.<\/p>\n<p>&nbsp;<\/p>\n<p>O autor deste cartel das Festas de Santiago de 1932 \u00e9 todo un pioneiro do dese\u00f1o galego, Camilo D\u00edaz Bali\u00f1o, nacido en Ferrol en 1889, director art\u00edstico do Concello de Santiago de Compostela nos anos 30 do s\u00e9culo pasado, e asasinado polo franquismo o 14 de agosto de 1936.<\/p>\n<p>&nbsp;<\/p>\n<p>D\u00edaz Bali\u00f1o foi irm\u00e1n da pintora e profesora Lolita D\u00edaz Bali\u00f1o (A Coru\u00f1a, 1905-1963) e pai do refundador de Sargadelos e editor, Isaac D\u00edaz Pardo (Santiago, 1920-2012).<\/p>\n<p>&nbsp;<\/p>\n<p>A presente edici\u00f3n facsimilar foi realizada en Max Dixital en Santiago de Compostela a partir do arquivo orixinal de Xos\u00e9 Ram\u00f3n Fandi\u00f1o, bi\u00f3grafo de Camilo D\u00edaz Bali\u00f1o e Isaac D\u00edaz Pardo.<\/p>\n<p>&nbsp;<\/p>\n<p>&nbsp;<\/p>\n","protected":false},"featured_media":7142,"comment_status":"closed","ping_status":"closed","template":"","meta":[],"product_brand":[],"product_cat":[1362],"product_tag":[1366,1087,1524,1092],"class_list":{"0":"post-7149","1":"product","2":"type-product","3":"status-publish","4":"has-post-thumbnail","6":"product_cat-carteles-historicos","7":"product_tag-galicia-es","8":"product_tag-guerra-civil-es","9":"product_tag-republica-es","10":"product_tag-santiago-es","12":"first","13":"instock","14":"taxable","15":"shipping-taxable","16":"purchasable","17":"product-type-simple"},"yoast_head":"<!-- This site is optimized with the Yoast SEO plugin v27.3 - https:\/\/yoast.com\/product\/yoast-seo-wordpress\/ -->\n<title>Cartel hist\u00f3rico de 1932: Festas de Santiago (facsimilar) - Alvarellos Editora<\/title>\n<meta name=\"description\" content=\"Cartel hist\u00f3rico de 1932: Festas de Santiago (facsimilar). C\u00f3mprao na tenda en li\u00f1a de Alvarellos Editora.\" \/>\n<meta name=\"robots\" content=\"index, follow, max-snippet:-1, max-image-preview:large, max-video-preview:-1\" \/>\n<link rel=\"canonical\" href=\"https:\/\/alvarelloseditora.gal\/es\/libro\/cartel-historico-de-1932-festas-de-santiago-facsimilar\/\" \/>\n<meta property=\"og:locale\" content=\"es_ES\" \/>\n<meta property=\"og:type\" content=\"article\" \/>\n<meta property=\"og:title\" content=\"Cartel hist\u00f3rico de 1932: Festas de Santiago (facsimilar) - Alvarellos Editora\" \/>\n<meta property=\"og:description\" content=\"Cartel hist\u00f3rico de 1932: Festas de Santiago (facsimilar). C\u00f3mprao na tenda en li\u00f1a de Alvarellos Editora.\" \/>\n<meta property=\"og:url\" content=\"https:\/\/alvarelloseditora.gal\/es\/libro\/cartel-historico-de-1932-festas-de-santiago-facsimilar\/\" \/>\n<meta property=\"og:site_name\" content=\"Alvarellos Editora\" \/>\n<meta property=\"article:publisher\" content=\"https:\/\/www.facebook.com\/alvarelloseditora\" \/>\n<meta property=\"article:modified_time\" content=\"2022-02-04T17:05:20+00:00\" \/>\n<meta property=\"og:image\" content=\"https:\/\/alvarelloseditora.gal\/wp-content\/uploads\/2022\/02\/1-Cartel-Festas-Sgo-1932-32x45-cms-.jpg\" \/>\n\t<meta property=\"og:image:width\" content=\"1793\" \/>\n\t<meta property=\"og:image:height\" content=\"2496\" \/>\n\t<meta property=\"og:image:type\" content=\"image\/jpeg\" \/>\n<meta name=\"twitter:card\" content=\"summary_large_image\" \/>\n<meta name=\"twitter:site\" content=\"@alvarellos_ed\" \/>\n<meta name=\"twitter:label1\" content=\"Tiempo de lectura\" \/>\n\t<meta name=\"twitter:data1\" content=\"1 minuto\" \/>\n<!-- \/ Yoast SEO plugin. -->","yoast_head_json":{"title":"Cartel hist\u00f3rico de 1932: Festas de Santiago (facsimilar) - Alvarellos Editora","description":"Cartel hist\u00f3rico de 1932: Festas de Santiago (facsimilar). C\u00f3mprao na tenda en li\u00f1a de Alvarellos Editora.","robots":{"index":"index","follow":"follow","max-snippet":"max-snippet:-1","max-image-preview":"max-image-preview:large","max-video-preview":"max-video-preview:-1"},"canonical":"https:\/\/alvarelloseditora.gal\/es\/libro\/cartel-historico-de-1932-festas-de-santiago-facsimilar\/","og_locale":"es_ES","og_type":"article","og_title":"Cartel hist\u00f3rico de 1932: Festas de Santiago (facsimilar) - Alvarellos Editora","og_description":"Cartel hist\u00f3rico de 1932: Festas de Santiago (facsimilar). C\u00f3mprao na tenda en li\u00f1a de Alvarellos Editora.","og_url":"https:\/\/alvarelloseditora.gal\/es\/libro\/cartel-historico-de-1932-festas-de-santiago-facsimilar\/","og_site_name":"Alvarellos Editora","article_publisher":"https:\/\/www.facebook.com\/alvarelloseditora","article_modified_time":"2022-02-04T17:05:20+00:00","og_image":[{"width":1793,"height":2496,"url":"https:\/\/alvarelloseditora.gal\/wp-content\/uploads\/2022\/02\/1-Cartel-Festas-Sgo-1932-32x45-cms-.jpg","type":"image\/jpeg"}],"twitter_card":"summary_large_image","twitter_site":"@alvarellos_ed","twitter_misc":{"Tiempo de lectura":"1 minuto"},"schema":{"@context":"https:\/\/schema.org","@graph":[{"@type":["WebPage","ItemPage"],"@id":"https:\/\/alvarelloseditora.gal\/es\/libro\/cartel-historico-de-1932-festas-de-santiago-facsimilar\/","url":"https:\/\/alvarelloseditora.gal\/es\/libro\/cartel-historico-de-1932-festas-de-santiago-facsimilar\/","name":"Cartel hist\u00f3rico de 1932: Festas de Santiago (facsimilar) - Alvarellos Editora","isPartOf":{"@id":"https:\/\/alvarelloseditora.gal\/#website"},"primaryImageOfPage":{"@id":"https:\/\/alvarelloseditora.gal\/es\/libro\/cartel-historico-de-1932-festas-de-santiago-facsimilar\/#primaryimage"},"image":{"@id":"https:\/\/alvarelloseditora.gal\/es\/libro\/cartel-historico-de-1932-festas-de-santiago-facsimilar\/#primaryimage"},"thumbnailUrl":"https:\/\/alvarelloseditora.gal\/wp-content\/uploads\/2022\/02\/1-Cartel-Festas-Sgo-1932-32x45-cms-.jpg","datePublished":"2021-02-04T16:47:37+00:00","dateModified":"2022-02-04T17:05:20+00:00","description":"Cartel hist\u00f3rico de 1932: Festas de Santiago (facsimilar). C\u00f3mprao na tenda en li\u00f1a de Alvarellos Editora.","breadcrumb":{"@id":"https:\/\/alvarelloseditora.gal\/es\/libro\/cartel-historico-de-1932-festas-de-santiago-facsimilar\/#breadcrumb"},"inLanguage":"es","potentialAction":[{"@type":"ReadAction","target":["https:\/\/alvarelloseditora.gal\/es\/libro\/cartel-historico-de-1932-festas-de-santiago-facsimilar\/"]}]},{"@type":"ImageObject","inLanguage":"es","@id":"https:\/\/alvarelloseditora.gal\/es\/libro\/cartel-historico-de-1932-festas-de-santiago-facsimilar\/#primaryimage","url":"https:\/\/alvarelloseditora.gal\/wp-content\/uploads\/2022\/02\/1-Cartel-Festas-Sgo-1932-32x45-cms-.jpg","contentUrl":"https:\/\/alvarelloseditora.gal\/wp-content\/uploads\/2022\/02\/1-Cartel-Festas-Sgo-1932-32x45-cms-.jpg","width":1793,"height":2496},{"@type":"BreadcrumbList","@id":"https:\/\/alvarelloseditora.gal\/es\/libro\/cartel-historico-de-1932-festas-de-santiago-facsimilar\/#breadcrumb","itemListElement":[{"@type":"ListItem","position":1,"name":"Portada","item":"https:\/\/alvarelloseditora.gal\/"},{"@type":"ListItem","position":2,"name":"Tienda","item":"https:\/\/alvarelloseditora.gal\/es\/tienda\/"},{"@type":"ListItem","position":3,"name":"Cartel hist\u00f3rico de 1932: Festas de Santiago (facsimilar)"}]},{"@type":"WebSite","@id":"https:\/\/alvarelloseditora.gal\/#website","url":"https:\/\/alvarelloseditora.gal\/","name":"Alvarellos Editora","description":"Libros para un mundo en tr\u00e1nsito","publisher":{"@id":"https:\/\/alvarelloseditora.gal\/#organization"},"potentialAction":[{"@type":"SearchAction","target":{"@type":"EntryPoint","urlTemplate":"https:\/\/alvarelloseditora.gal\/?s={search_term_string}"},"query-input":{"@type":"PropertyValueSpecification","valueRequired":true,"valueName":"search_term_string"}}],"inLanguage":"es"},{"@type":"Organization","@id":"https:\/\/alvarelloseditora.gal\/#organization","name":"Alvarellos Editora","url":"https:\/\/alvarelloseditora.gal\/","logo":{"@type":"ImageObject","inLanguage":"es","@id":"https:\/\/alvarelloseditora.gal\/#\/schema\/logo\/image\/","url":"https:\/\/alvarelloseditora.gal\/wp-content\/uploads\/2020\/02\/alv-icon.png","contentUrl":"https:\/\/alvarelloseditora.gal\/wp-content\/uploads\/2020\/02\/alv-icon.png","width":177,"height":175,"caption":"Alvarellos Editora"},"image":{"@id":"https:\/\/alvarelloseditora.gal\/#\/schema\/logo\/image\/"},"sameAs":["https:\/\/www.facebook.com\/alvarelloseditora","https:\/\/x.com\/alvarellos_ed"]}]}},"_links":{"self":[{"href":"https:\/\/alvarelloseditora.gal\/es\/wp-json\/wp\/v2\/product\/7149","targetHints":{"allow":["GET"]}}],"collection":[{"href":"https:\/\/alvarelloseditora.gal\/es\/wp-json\/wp\/v2\/product"}],"about":[{"href":"https:\/\/alvarelloseditora.gal\/es\/wp-json\/wp\/v2\/types\/product"}],"replies":[{"embeddable":true,"href":"https:\/\/alvarelloseditora.gal\/es\/wp-json\/wp\/v2\/comments?post=7149"}],"wp:featuredmedia":[{"embeddable":true,"href":"https:\/\/alvarelloseditora.gal\/es\/wp-json\/wp\/v2\/media\/7142"}],"wp:attachment":[{"href":"https:\/\/alvarelloseditora.gal\/es\/wp-json\/wp\/v2\/media?parent=7149"}],"wp:term":[{"taxonomy":"product_brand","embeddable":true,"href":"https:\/\/alvarelloseditora.gal\/es\/wp-json\/wp\/v2\/product_brand?post=7149"},{"taxonomy":"product_cat","embeddable":true,"href":"https:\/\/alvarelloseditora.gal\/es\/wp-json\/wp\/v2\/product_cat?post=7149"},{"taxonomy":"product_tag","embeddable":true,"href":"https:\/\/alvarelloseditora.gal\/es\/wp-json\/wp\/v2\/product_tag?post=7149"}],"curies":[{"name":"wp","href":"https:\/\/api.w.org\/{rel}","templated":true}]}}