{"id":7132,"date":"2021-02-04T17:09:58","date_gmt":"2021-02-04T16:09:58","guid":{"rendered":"https:\/\/alvarelloseditora.gal\/book\/7128\/"},"modified":"2023-06-06T13:34:21","modified_gmt":"2023-06-06T11:34:21","slug":"7128","status":"publish","type":"product","link":"https:\/\/alvarelloseditora.gal\/es\/libro\/7128\/","title":{"rendered":"Cartel hist\u00f3rico de 1936: Festas de Santiago (facsimilar)"},"content":{"rendered":"<p><a href=\"https:\/\/alvarelloseditora.gal\/wp-content\/uploads\/2021\/02\/NP_G_Carteis_Camilo_Diaz_Balino_set_2021.pdf\">NP_G_Carteis_Camilo_D\u00edaz_Bali\u00f1o_set_2021<\/a><\/p>\n","protected":false},"excerpt":{"rendered":"<p>Camilo D\u00edaz Bali\u00f1o<br \/>\n&nbsp;<\/p>\n<p>Formato: 23\u00d745 cms<br \/>\nCartolina estucada semi-mate de 300 gr.<\/p>\n<p>&nbsp;<\/p>\n<p>Este cartel \u00e9 realmente singular, pois foi realizado nos d\u00edas previos ao golpe de Estado de Franco e do inicio da Guerra Civil. \u00c9 o cartel dese\u00f1ado para as Festas do Ap\u00f3stolo de 1936. De feito, chegou a ser repartido, a comezos de xullo, entre os establecementos p\u00fablicos da cidade de Compostela, mais axi\u00f1a ser\u00eda totalmente retirado. Ondeaban xuntas nel as bandeiras da II\u00aa Rep\u00fablica espa\u00f1ola e de Galicia. Un so\u00f1o que rematar\u00eda, eses d\u00edas, en traxedia.<\/p>\n<p>&nbsp;<\/p>\n<p>O autor \u00e9 todo un pioneiro do dese\u00f1o galego, Camilo D\u00edaz Bali\u00f1o, nacido en Ferrol en 1889, director art\u00edstico do Concello de Santiago de Compostela nos anos 30 do s\u00e9culo pasado e asasinado polo franquismo o 14 de agosto de 1936, polo esta obra ser\u00eda toda unha despedida.<\/p>\n<p>&nbsp;<\/p>\n<p>D\u00edaz Bali\u00f1o foi irm\u00e1n da pintora e profesora Lolita D\u00edaz Bali\u00f1o (A Coru\u00f1a, 1905-1963) e pai do refundador de Sargadelos e editor Isaac D\u00edaz Pardo (Santiago, 1920-2012).<\/p>\n<p>&nbsp;<\/p>\n<p>A presente edici\u00f3n facsimilar foi realizada en Max Dixital en Santiago de Compostela a partir do arquivo orixinal de Xos\u00e9 Ram\u00f3n Fandi\u00f1o, bi\u00f3grafo de Camilo D\u00edaz Bali\u00f1o e Isaac D\u00edaz Pardo.<\/p>\n<p>&nbsp;<\/p>\n<p>&nbsp;<\/p>\n","protected":false},"featured_media":7131,"comment_status":"closed","ping_status":"closed","template":"","meta":[],"product_brand":[],"product_cat":[1362],"product_tag":[1086,1366,1087,1369,1524,1092],"class_list":{"0":"post-7132","1":"product","2":"type-product","3":"status-publish","4":"has-post-thumbnail","6":"product_cat-carteles-historicos","7":"product_tag-franquismo-es","8":"product_tag-galicia-es","9":"product_tag-guerra-civil-es","10":"product_tag-memoria-historica-es","11":"product_tag-republica-es","12":"product_tag-santiago-es","14":"first","15":"instock","16":"taxable","17":"shipping-taxable","18":"purchasable","19":"product-type-simple"},"yoast_head":"<!-- This site is optimized with the Yoast SEO plugin v27.3 - https:\/\/yoast.com\/product\/yoast-seo-wordpress\/ -->\n<title>Cartel hist\u00f3rico de 1936: Festas de Santiago (facsimilar) - Alvarellos Editora<\/title>\n<meta name=\"description\" content=\"Cartel hist\u00f3rico de 1936: Festas de Santiago (facsimilar). C\u00f3mprao na tenda en li\u00f1a de Alvarellos Editora.\" \/>\n<meta name=\"robots\" content=\"index, follow, max-snippet:-1, max-image-preview:large, max-video-preview:-1\" \/>\n<link rel=\"canonical\" href=\"https:\/\/alvarelloseditora.gal\/es\/libro\/7128\/\" \/>\n<meta property=\"og:locale\" content=\"es_ES\" \/>\n<meta property=\"og:type\" content=\"article\" \/>\n<meta property=\"og:title\" content=\"Cartel hist\u00f3rico de 1936: Festas de Santiago (facsimilar) - Alvarellos Editora\" \/>\n<meta property=\"og:description\" content=\"Cartel hist\u00f3rico de 1936: Festas de Santiago (facsimilar). C\u00f3mprao na tenda en li\u00f1a de Alvarellos Editora.\" \/>\n<meta property=\"og:url\" content=\"https:\/\/alvarelloseditora.gal\/es\/libro\/7128\/\" \/>\n<meta property=\"og:site_name\" content=\"Alvarellos Editora\" \/>\n<meta property=\"article:publisher\" content=\"https:\/\/www.facebook.com\/alvarelloseditora\" \/>\n<meta property=\"article:modified_time\" content=\"2023-06-06T11:34:21+00:00\" \/>\n<meta property=\"og:image\" content=\"https:\/\/alvarelloseditora.gal\/wp-content\/uploads\/2022\/02\/6-Cartel-Festas-Sgo-1936-23x45cms-scaled.jpg\" \/>\n\t<meta property=\"og:image:width\" content=\"1299\" \/>\n\t<meta property=\"og:image:height\" content=\"2560\" \/>\n\t<meta property=\"og:image:type\" content=\"image\/jpeg\" \/>\n<meta name=\"twitter:card\" content=\"summary_large_image\" \/>\n<meta name=\"twitter:site\" content=\"@alvarellos_ed\" \/>\n<!-- \/ Yoast SEO plugin. -->","yoast_head_json":{"title":"Cartel hist\u00f3rico de 1936: Festas de Santiago (facsimilar) - Alvarellos Editora","description":"Cartel hist\u00f3rico de 1936: Festas de Santiago (facsimilar). C\u00f3mprao na tenda en li\u00f1a de Alvarellos Editora.","robots":{"index":"index","follow":"follow","max-snippet":"max-snippet:-1","max-image-preview":"max-image-preview:large","max-video-preview":"max-video-preview:-1"},"canonical":"https:\/\/alvarelloseditora.gal\/es\/libro\/7128\/","og_locale":"es_ES","og_type":"article","og_title":"Cartel hist\u00f3rico de 1936: Festas de Santiago (facsimilar) - Alvarellos Editora","og_description":"Cartel hist\u00f3rico de 1936: Festas de Santiago (facsimilar). C\u00f3mprao na tenda en li\u00f1a de Alvarellos Editora.","og_url":"https:\/\/alvarelloseditora.gal\/es\/libro\/7128\/","og_site_name":"Alvarellos Editora","article_publisher":"https:\/\/www.facebook.com\/alvarelloseditora","article_modified_time":"2023-06-06T11:34:21+00:00","og_image":[{"width":1299,"height":2560,"url":"https:\/\/alvarelloseditora.gal\/wp-content\/uploads\/2022\/02\/6-Cartel-Festas-Sgo-1936-23x45cms-scaled.jpg","type":"image\/jpeg"}],"twitter_card":"summary_large_image","twitter_site":"@alvarellos_ed","schema":{"@context":"https:\/\/schema.org","@graph":[{"@type":["WebPage","ItemPage"],"@id":"https:\/\/alvarelloseditora.gal\/es\/libro\/7128\/","url":"https:\/\/alvarelloseditora.gal\/es\/libro\/7128\/","name":"Cartel hist\u00f3rico de 1936: Festas de Santiago (facsimilar) - Alvarellos Editora","isPartOf":{"@id":"https:\/\/alvarelloseditora.gal\/#website"},"primaryImageOfPage":{"@id":"https:\/\/alvarelloseditora.gal\/es\/libro\/7128\/#primaryimage"},"image":{"@id":"https:\/\/alvarelloseditora.gal\/es\/libro\/7128\/#primaryimage"},"thumbnailUrl":"https:\/\/alvarelloseditora.gal\/wp-content\/uploads\/2022\/02\/6-Cartel-Festas-Sgo-1936-23x45cms-scaled.jpg","datePublished":"2021-02-04T16:09:58+00:00","dateModified":"2023-06-06T11:34:21+00:00","description":"Cartel hist\u00f3rico de 1936: Festas de Santiago (facsimilar). C\u00f3mprao na tenda en li\u00f1a de Alvarellos Editora.","breadcrumb":{"@id":"https:\/\/alvarelloseditora.gal\/es\/libro\/7128\/#breadcrumb"},"inLanguage":"es","potentialAction":[{"@type":"ReadAction","target":["https:\/\/alvarelloseditora.gal\/es\/libro\/7128\/"]}]},{"@type":"ImageObject","inLanguage":"es","@id":"https:\/\/alvarelloseditora.gal\/es\/libro\/7128\/#primaryimage","url":"https:\/\/alvarelloseditora.gal\/wp-content\/uploads\/2022\/02\/6-Cartel-Festas-Sgo-1936-23x45cms-scaled.jpg","contentUrl":"https:\/\/alvarelloseditora.gal\/wp-content\/uploads\/2022\/02\/6-Cartel-Festas-Sgo-1936-23x45cms-scaled.jpg","width":1299,"height":2560},{"@type":"BreadcrumbList","@id":"https:\/\/alvarelloseditora.gal\/es\/libro\/7128\/#breadcrumb","itemListElement":[{"@type":"ListItem","position":1,"name":"Portada","item":"https:\/\/alvarelloseditora.gal\/"},{"@type":"ListItem","position":2,"name":"Tienda","item":"https:\/\/alvarelloseditora.gal\/es\/tienda\/"},{"@type":"ListItem","position":3,"name":"Cartel hist\u00f3rico de 1936: Festas de Santiago (facsimilar)"}]},{"@type":"WebSite","@id":"https:\/\/alvarelloseditora.gal\/#website","url":"https:\/\/alvarelloseditora.gal\/","name":"Alvarellos Editora","description":"Libros para un mundo en tr\u00e1nsito","publisher":{"@id":"https:\/\/alvarelloseditora.gal\/#organization"},"potentialAction":[{"@type":"SearchAction","target":{"@type":"EntryPoint","urlTemplate":"https:\/\/alvarelloseditora.gal\/?s={search_term_string}"},"query-input":{"@type":"PropertyValueSpecification","valueRequired":true,"valueName":"search_term_string"}}],"inLanguage":"es"},{"@type":"Organization","@id":"https:\/\/alvarelloseditora.gal\/#organization","name":"Alvarellos Editora","url":"https:\/\/alvarelloseditora.gal\/","logo":{"@type":"ImageObject","inLanguage":"es","@id":"https:\/\/alvarelloseditora.gal\/#\/schema\/logo\/image\/","url":"https:\/\/alvarelloseditora.gal\/wp-content\/uploads\/2020\/02\/alv-icon.png","contentUrl":"https:\/\/alvarelloseditora.gal\/wp-content\/uploads\/2020\/02\/alv-icon.png","width":177,"height":175,"caption":"Alvarellos Editora"},"image":{"@id":"https:\/\/alvarelloseditora.gal\/#\/schema\/logo\/image\/"},"sameAs":["https:\/\/www.facebook.com\/alvarelloseditora","https:\/\/x.com\/alvarellos_ed"]}]}},"_links":{"self":[{"href":"https:\/\/alvarelloseditora.gal\/es\/wp-json\/wp\/v2\/product\/7132","targetHints":{"allow":["GET"]}}],"collection":[{"href":"https:\/\/alvarelloseditora.gal\/es\/wp-json\/wp\/v2\/product"}],"about":[{"href":"https:\/\/alvarelloseditora.gal\/es\/wp-json\/wp\/v2\/types\/product"}],"replies":[{"embeddable":true,"href":"https:\/\/alvarelloseditora.gal\/es\/wp-json\/wp\/v2\/comments?post=7132"}],"wp:featuredmedia":[{"embeddable":true,"href":"https:\/\/alvarelloseditora.gal\/es\/wp-json\/wp\/v2\/media\/7131"}],"wp:attachment":[{"href":"https:\/\/alvarelloseditora.gal\/es\/wp-json\/wp\/v2\/media?parent=7132"}],"wp:term":[{"taxonomy":"product_brand","embeddable":true,"href":"https:\/\/alvarelloseditora.gal\/es\/wp-json\/wp\/v2\/product_brand?post=7132"},{"taxonomy":"product_cat","embeddable":true,"href":"https:\/\/alvarelloseditora.gal\/es\/wp-json\/wp\/v2\/product_cat?post=7132"},{"taxonomy":"product_tag","embeddable":true,"href":"https:\/\/alvarelloseditora.gal\/es\/wp-json\/wp\/v2\/product_tag?post=7132"}],"curies":[{"name":"wp","href":"https:\/\/api.w.org\/{rel}","templated":true}]}}