{"id":7095,"date":"2022-02-02T11:30:40","date_gmt":"2022-02-02T10:30:40","guid":{"rendered":"https:\/\/alvarellos.info\/book\/mas-alla-de-la-meta\/"},"modified":"2022-03-18T11:21:39","modified_gmt":"2022-03-18T10:21:39","slug":"mas-alla-de-la-meta","status":"publish","type":"product","link":"https:\/\/alvarelloseditora.gal\/es\/libro\/mas-alla-de-la-meta\/","title":{"rendered":"M\u00e1s all\u00e1 de la meta"},"content":{"rendered":"<p><a href=\"https:\/\/alvarelloseditora.gal\/wp-content\/uploads\/2022\/02\/NP_C_Mas_alla_de_la_meta_Emilio_Navaza_Alvarellos_Editora_2022-1.pdf\">Nota de Prensa: NP_C_Mas_alla_de_la_meta_Emilio_Navaza_Alvarellos_Editora_2022<\/a><\/p>\n<p>El atletismo vive un <strong>auge<\/strong> evidente en nuestros d\u00edas. El renacer de las carreras populares y esos cientos de nuevos aficionados que a diario salen a recorrer sus ciudades o entornos naturales, ha devuelto el protagonismo a <strong>un deporte ya centenario en Galicia<\/strong> y que ha dado al mundo inolvidables figuras.<\/p>\n<p>Esta obra, <em>M\u00e1s all\u00e1 de la meta. Historias atl\u00e9ticas de Galicia<\/em> (Alvarellos Editora, 2022) escrita con el ritmo \u00e1gil de un veterano periodista deportivo, Emilio Navaza (y que tambi\u00e9n ha sido atleta), nos traslada precisamente a algunos de esos <strong>momentos y figuras clave<\/strong> en la historia del atletismo gallego.<\/p>\n<p>En total, <strong>veintitr\u00e9s cr\u00f3nicas<\/strong> ilustradas con cerca de un <strong>centenar de hist\u00f3ricas fotograf\u00edas<\/strong>.<\/p>\n<p>Viajaremos a los tiempos del <strong>Comesa\u00f1a Sporting Club de Vigo<\/strong> en 1915, el m\u00e1s antiguo de Galicia; o hasta los <strong>inicios del pedestrismo<\/strong>, en los a\u00f1os 70 del pasado siglo, con la <strong>carrera popular de Santiago de Compostela<\/strong> como emblema, nacida en 1978 e impulsada precisamente por el propio Emilio Navaza.<\/p>\n<p>A lo largo de estas p\u00e1ginas nos reencontraremos con figuras imborrables como las de tres mujeres gallegas pioneras en el atletismo espa\u00f1ol:<strong> Nela Souto, Natacha Astray y Luisa Mar\u00eda Garc\u00eda Pena<\/strong>. A su lado, nuestros <strong>grandes ol\u00edmpicos Javier \u00c1lvarez Salgado, Carlos P\u00e9rez, Jos\u00e9 Carlos Ad\u00e1n y Alejandro G\u00f3mez<\/strong>, los cuatro, vigueses, ciudad forjadora de grandes atletas. <strong>Vigo<\/strong> vivir\u00e1, adem\u00e1s, en los a\u00f1os sesenta, una verdadera \u00e9poca dorada en el cross, bajo las filas del <strong>Club Celta.<\/strong><\/p>\n<p>En este <em>M\u00e1s all\u00e1 de la meta<\/em> hay tambi\u00e9n espacio para recordar las visitas a Galicia de ilustres figuras internacionales como <strong>Edwin Moses, Rosa Mota o Said Auita<\/strong>; o aquel singular viaje de <strong>Natacha Astray<\/strong> desde la Espa\u00f1a franquista a la <strong>Cuba de Fid<\/strong>el, o los <strong>mundiales militares de A Coru\u00f1a en 1964<\/strong>\u2026<\/p>\n<p>Son historias de <strong>superaci\u00f3n<\/strong>, de <strong>constancia<\/strong> y de <strong>esfuerzo<\/strong> \u2014tres grandes valores del atletismo\u2014 y, sobre todos ellos, es el documentado relato de una <strong>pasi\u00f3n<\/strong>, desde Galicia, por un deporte \u00fanico.<\/p>\n<p>Esta edici\u00f3n ha contado con la ayuda de la Secretar\u00eda Xeral para o Deporte de la Xunta de Galicia y de la Federaci\u00f3n Galega de Atletismo.<\/p>\n","protected":false},"excerpt":{"rendered":"<p>Emilio Navaza<br \/>\n&nbsp;<\/p>\n<p>220 pp . 15,5 x 23,5 cms.<br \/>\n978-84-18567-16-2<br \/>\nUn siglo de atletismo gallego a trav\u00e9s de 23 cr\u00f3nicas y cien hist\u00f3ricas fotograf\u00edas<br \/>\nEmilio Navaza, veterano periodista deportivo (y ex atleta) lleva a cabo, en esta obra una inolvidable cr\u00f3nica ilustrada donde recorre m\u00e1s de cien a\u00f1os de atletismo gallego. A partir de 23 singulares historias, M\u00e1s all\u00e1 de la meta rescata algunos de los momentos y de las figuras, mujeres y hombres, m\u00e1s destacadas de un deporte cuyos valores han sido siempre la constancia, el esfuerzo y la superaci\u00f3n.<\/p>\n<p>&nbsp;<\/p>\n<p>&nbsp;<\/p>\n","protected":false},"featured_media":7084,"comment_status":"closed","ping_status":"closed","template":"","meta":[],"product_brand":[],"product_cat":[105],"product_tag":[1366,1092],"class_list":{"0":"post-7095","1":"product","2":"type-product","3":"status-publish","4":"has-post-thumbnail","6":"product_author-emilio-navaza-es","7":"product_cat-oeste-es","8":"product_tag-galicia-es","9":"product_tag-santiago-es","11":"first","12":"instock","13":"taxable","14":"shipping-taxable","15":"purchasable","16":"product-type-simple"},"yoast_head":"<!-- This site is optimized with the Yoast SEO plugin v27.3 - https:\/\/yoast.com\/product\/yoast-seo-wordpress\/ -->\n<title>M\u00e1s all\u00e1 de la meta - Alvarellos Editora<\/title>\n<meta name=\"description\" content=\"M\u00e1s all\u00e1 de la meta. C\u00f3mprao na tenda en li\u00f1a de Alvarellos Editora.\" \/>\n<meta name=\"robots\" content=\"index, follow, max-snippet:-1, max-image-preview:large, max-video-preview:-1\" \/>\n<link rel=\"canonical\" href=\"https:\/\/alvarelloseditora.gal\/es\/libro\/mas-alla-de-la-meta\/\" \/>\n<meta property=\"og:locale\" content=\"es_ES\" \/>\n<meta property=\"og:type\" content=\"article\" \/>\n<meta property=\"og:title\" content=\"M\u00e1s all\u00e1 de la meta - Alvarellos Editora\" \/>\n<meta property=\"og:description\" content=\"M\u00e1s all\u00e1 de la meta. C\u00f3mprao na tenda en li\u00f1a de Alvarellos Editora.\" \/>\n<meta property=\"og:url\" content=\"https:\/\/alvarelloseditora.gal\/es\/libro\/mas-alla-de-la-meta\/\" \/>\n<meta property=\"og:site_name\" content=\"Alvarellos Editora\" \/>\n<meta property=\"article:publisher\" content=\"https:\/\/www.facebook.com\/alvarelloseditora\" \/>\n<meta property=\"article:modified_time\" content=\"2022-03-18T10:21:39+00:00\" \/>\n<meta property=\"og:image\" content=\"https:\/\/alvarelloseditora.gal\/wp-content\/uploads\/2022\/02\/9788418567162-MAS-ALLA-DE-LA-META-scaled.jpg\" \/>\n\t<meta property=\"og:image:width\" content=\"1670\" \/>\n\t<meta property=\"og:image:height\" content=\"2560\" \/>\n\t<meta property=\"og:image:type\" content=\"image\/jpeg\" \/>\n<meta name=\"twitter:card\" content=\"summary_large_image\" \/>\n<meta name=\"twitter:site\" content=\"@alvarellos_ed\" \/>\n<meta name=\"twitter:label1\" content=\"Tiempo de lectura\" \/>\n\t<meta name=\"twitter:data1\" content=\"2 minutos\" \/>\n<!-- \/ Yoast SEO plugin. -->","yoast_head_json":{"title":"M\u00e1s all\u00e1 de la meta - Alvarellos Editora","description":"M\u00e1s all\u00e1 de la meta. C\u00f3mprao na tenda en li\u00f1a de Alvarellos Editora.","robots":{"index":"index","follow":"follow","max-snippet":"max-snippet:-1","max-image-preview":"max-image-preview:large","max-video-preview":"max-video-preview:-1"},"canonical":"https:\/\/alvarelloseditora.gal\/es\/libro\/mas-alla-de-la-meta\/","og_locale":"es_ES","og_type":"article","og_title":"M\u00e1s all\u00e1 de la meta - Alvarellos Editora","og_description":"M\u00e1s all\u00e1 de la meta. C\u00f3mprao na tenda en li\u00f1a de Alvarellos Editora.","og_url":"https:\/\/alvarelloseditora.gal\/es\/libro\/mas-alla-de-la-meta\/","og_site_name":"Alvarellos Editora","article_publisher":"https:\/\/www.facebook.com\/alvarelloseditora","article_modified_time":"2022-03-18T10:21:39+00:00","og_image":[{"width":1670,"height":2560,"url":"https:\/\/alvarelloseditora.gal\/wp-content\/uploads\/2022\/02\/9788418567162-MAS-ALLA-DE-LA-META-scaled.jpg","type":"image\/jpeg"}],"twitter_card":"summary_large_image","twitter_site":"@alvarellos_ed","twitter_misc":{"Tiempo de lectura":"2 minutos"},"schema":{"@context":"https:\/\/schema.org","@graph":[{"@type":["WebPage","ItemPage"],"@id":"https:\/\/alvarelloseditora.gal\/es\/libro\/mas-alla-de-la-meta\/","url":"https:\/\/alvarelloseditora.gal\/es\/libro\/mas-alla-de-la-meta\/","name":"M\u00e1s all\u00e1 de la meta - Alvarellos Editora","isPartOf":{"@id":"https:\/\/alvarelloseditora.gal\/#website"},"primaryImageOfPage":{"@id":"https:\/\/alvarelloseditora.gal\/es\/libro\/mas-alla-de-la-meta\/#primaryimage"},"image":{"@id":"https:\/\/alvarelloseditora.gal\/es\/libro\/mas-alla-de-la-meta\/#primaryimage"},"thumbnailUrl":"https:\/\/alvarelloseditora.gal\/wp-content\/uploads\/2022\/02\/9788418567162-MAS-ALLA-DE-LA-META-scaled.jpg","datePublished":"2022-02-02T10:30:40+00:00","dateModified":"2022-03-18T10:21:39+00:00","description":"M\u00e1s all\u00e1 de la meta. C\u00f3mprao na tenda en li\u00f1a de Alvarellos Editora.","breadcrumb":{"@id":"https:\/\/alvarelloseditora.gal\/es\/libro\/mas-alla-de-la-meta\/#breadcrumb"},"inLanguage":"es","potentialAction":[{"@type":"ReadAction","target":["https:\/\/alvarelloseditora.gal\/es\/libro\/mas-alla-de-la-meta\/"]}]},{"@type":"ImageObject","inLanguage":"es","@id":"https:\/\/alvarelloseditora.gal\/es\/libro\/mas-alla-de-la-meta\/#primaryimage","url":"https:\/\/alvarelloseditora.gal\/wp-content\/uploads\/2022\/02\/9788418567162-MAS-ALLA-DE-LA-META-scaled.jpg","contentUrl":"https:\/\/alvarelloseditora.gal\/wp-content\/uploads\/2022\/02\/9788418567162-MAS-ALLA-DE-LA-META-scaled.jpg","width":1670,"height":2560},{"@type":"BreadcrumbList","@id":"https:\/\/alvarelloseditora.gal\/es\/libro\/mas-alla-de-la-meta\/#breadcrumb","itemListElement":[{"@type":"ListItem","position":1,"name":"Portada","item":"https:\/\/alvarelloseditora.gal\/"},{"@type":"ListItem","position":2,"name":"Tienda","item":"https:\/\/alvarelloseditora.gal\/es\/tienda\/"},{"@type":"ListItem","position":3,"name":"M\u00e1s all\u00e1 de la meta"}]},{"@type":"WebSite","@id":"https:\/\/alvarelloseditora.gal\/#website","url":"https:\/\/alvarelloseditora.gal\/","name":"Alvarellos Editora","description":"Libros para un mundo en tr\u00e1nsito","publisher":{"@id":"https:\/\/alvarelloseditora.gal\/#organization"},"potentialAction":[{"@type":"SearchAction","target":{"@type":"EntryPoint","urlTemplate":"https:\/\/alvarelloseditora.gal\/?s={search_term_string}"},"query-input":{"@type":"PropertyValueSpecification","valueRequired":true,"valueName":"search_term_string"}}],"inLanguage":"es"},{"@type":"Organization","@id":"https:\/\/alvarelloseditora.gal\/#organization","name":"Alvarellos Editora","url":"https:\/\/alvarelloseditora.gal\/","logo":{"@type":"ImageObject","inLanguage":"es","@id":"https:\/\/alvarelloseditora.gal\/#\/schema\/logo\/image\/","url":"https:\/\/alvarelloseditora.gal\/wp-content\/uploads\/2020\/02\/alv-icon.png","contentUrl":"https:\/\/alvarelloseditora.gal\/wp-content\/uploads\/2020\/02\/alv-icon.png","width":177,"height":175,"caption":"Alvarellos Editora"},"image":{"@id":"https:\/\/alvarelloseditora.gal\/#\/schema\/logo\/image\/"},"sameAs":["https:\/\/www.facebook.com\/alvarelloseditora","https:\/\/x.com\/alvarellos_ed"]}]}},"_links":{"self":[{"href":"https:\/\/alvarelloseditora.gal\/es\/wp-json\/wp\/v2\/product\/7095","targetHints":{"allow":["GET"]}}],"collection":[{"href":"https:\/\/alvarelloseditora.gal\/es\/wp-json\/wp\/v2\/product"}],"about":[{"href":"https:\/\/alvarelloseditora.gal\/es\/wp-json\/wp\/v2\/types\/product"}],"replies":[{"embeddable":true,"href":"https:\/\/alvarelloseditora.gal\/es\/wp-json\/wp\/v2\/comments?post=7095"}],"wp:featuredmedia":[{"embeddable":true,"href":"https:\/\/alvarelloseditora.gal\/es\/wp-json\/wp\/v2\/media\/7084"}],"wp:attachment":[{"href":"https:\/\/alvarelloseditora.gal\/es\/wp-json\/wp\/v2\/media?parent=7095"}],"wp:term":[{"taxonomy":"product_brand","embeddable":true,"href":"https:\/\/alvarelloseditora.gal\/es\/wp-json\/wp\/v2\/product_brand?post=7095"},{"taxonomy":"product_cat","embeddable":true,"href":"https:\/\/alvarelloseditora.gal\/es\/wp-json\/wp\/v2\/product_cat?post=7095"},{"taxonomy":"product_tag","embeddable":true,"href":"https:\/\/alvarelloseditora.gal\/es\/wp-json\/wp\/v2\/product_tag?post=7095"}],"curies":[{"name":"wp","href":"https:\/\/api.w.org\/{rel}","templated":true}]}}