{"id":6994,"date":"2021-12-16T20:19:08","date_gmt":"2021-12-16T19:19:08","guid":{"rendered":"https:\/\/alvarellos.info\/book\/estatuto-de-galicia-si-edicion-facsimilar-dun-orixinal-de-1936\/"},"modified":"2022-02-04T16:38:13","modified_gmt":"2022-02-04T15:38:13","slug":"estatuto-de-galicia-si-edicion-facsimilar-dun-orixinal-de-1936","status":"publish","type":"product","link":"https:\/\/alvarelloseditora.gal\/es\/libro\/estatuto-de-galicia-si-edicion-facsimilar-dun-orixinal-de-1936\/","title":{"rendered":"Cartel hist\u00f3rico de 1936: \u00abEstatuto de Galicia, SI\u00bb (facsimilar)"},"content":{"rendered":"<p><a href=\"https:\/\/alvarelloseditora.gal\/wp-content\/uploads\/2021\/12\/NP_G_Carteis_Camilo_Diaz_Balino_set_2021.pdf\">NP_G_Carteis_Camilo_D\u00edaz_Bali\u00f1o_set_2021<\/a><\/p>\n","protected":false},"excerpt":{"rendered":"<p>Camilo D\u00edaz Bali\u00f1o<br \/>\nFormato: 32&#215;45 cms<br \/>\nCartolina estucada semi-mate de 300 gr.<\/p>\n<p>&nbsp;<\/p>\n<p>Hist\u00f3rico cartel da campa\u00f1a do Estatuto de Autonom\u00eda de Galicia plebiscitado o 28 de xu\u00f1o de 1936. Reproducido en edici\u00f3n facsimilar e tratado polo dese\u00f1ador Marti\u00f1o Picallo. \u00c9 un dos traballos m\u00e1is co\u00f1ecidos, e brillantes, deste pioneiro do dese\u00f1o galego, Camilo D\u00edaz Bali\u00f1o, nacido en Ferrol en 1889, director art\u00edstico do Concello de Santiago de Compostela nos anos 30 do s\u00e9culo pasado, e asasinado polo franquismo en 1936. D\u00edaz Bali\u00f1o foi irm\u00e1n da pintora e profesora Lolita D\u00edaz Bali\u00f1o (A Coru\u00f1a, 1905-1963) e pai do refundador de Sargadelos e editor, Isaac D\u00edaz Pardo (Santiago, 1920-2012).<\/p>\n<p>Neste \u00abEstatuto de Galicia, SI\u00bb vemos, sobre fondo claro, unha muller vestida de azul que se apoia nunha gran roda dentada, alusiva ao progreso, e levanta coa esquerda unha pola de oliveira, s\u00edmbolo da vitoria. No peito leva o Escudo de Galicia, e a s\u00faa cabeza vai cuberta por un amplo pano, que lle tapa os ollos, coma unha sacerdotisa, levando na cima unha estrela.<\/p>\n<p>Abaixo, a car\u00f3n da sinatura do autor aparece o nome da imprenta orixinal: Offset Roel Vigo. A presente edici\u00f3n facsimilar foi realizada en Max Dixital en Santiago de Compostela.<\/p>\n<p>&nbsp;<\/p>\n","protected":false},"featured_media":6989,"comment_status":"closed","ping_status":"closed","template":"","meta":[],"product_brand":[],"product_cat":[1362],"product_tag":[1042],"class_list":{"0":"post-6994","1":"product","2":"type-product","3":"status-publish","4":"has-post-thumbnail","6":"product_cat-carteles-historicos","7":"product_tag-libros-con-memoria-es","9":"first","10":"instock","11":"taxable","12":"shipping-taxable","13":"purchasable","14":"product-type-simple"},"yoast_head":"<!-- This site is optimized with the Yoast SEO plugin v27.3 - https:\/\/yoast.com\/product\/yoast-seo-wordpress\/ -->\n<title>Cartel hist\u00f3rico de 1936: &quot;Estatuto de Galicia, SI&quot; (facsimilar) - Alvarellos Editora<\/title>\n<meta name=\"description\" content=\"Cartel hist\u00f3rico de 1936: &quot;Estatuto de Galicia, SI&quot; (facsimilar). C\u00f3mprao na tenda en li\u00f1a de Alvarellos Editora.\" \/>\n<meta name=\"robots\" content=\"index, follow, max-snippet:-1, max-image-preview:large, max-video-preview:-1\" \/>\n<link rel=\"canonical\" href=\"https:\/\/alvarelloseditora.gal\/es\/libro\/estatuto-de-galicia-si-edicion-facsimilar-dun-orixinal-de-1936\/\" \/>\n<meta property=\"og:locale\" content=\"es_ES\" \/>\n<meta property=\"og:type\" content=\"article\" \/>\n<meta property=\"og:title\" content=\"Cartel hist\u00f3rico de 1936: &quot;Estatuto de Galicia, SI&quot; (facsimilar) - Alvarellos Editora\" \/>\n<meta property=\"og:description\" content=\"Cartel hist\u00f3rico de 1936: &quot;Estatuto de Galicia, SI&quot; (facsimilar). C\u00f3mprao na tenda en li\u00f1a de Alvarellos Editora.\" \/>\n<meta property=\"og:url\" content=\"https:\/\/alvarelloseditora.gal\/es\/libro\/estatuto-de-galicia-si-edicion-facsimilar-dun-orixinal-de-1936\/\" \/>\n<meta property=\"og:site_name\" content=\"Alvarellos Editora\" \/>\n<meta property=\"article:publisher\" content=\"https:\/\/www.facebook.com\/alvarelloseditora\" \/>\n<meta property=\"article:modified_time\" content=\"2022-02-04T15:38:13+00:00\" \/>\n<meta property=\"og:image\" content=\"https:\/\/alvarelloseditora.gal\/wp-content\/uploads\/2021\/12\/Cartel-facsimilar-ESTATUTO-SI-alvarellos-editora-2021.jpg\" \/>\n\t<meta property=\"og:image:width\" content=\"725\" \/>\n\t<meta property=\"og:image:height\" content=\"1024\" \/>\n\t<meta property=\"og:image:type\" content=\"image\/jpeg\" \/>\n<meta name=\"twitter:card\" content=\"summary_large_image\" \/>\n<meta name=\"twitter:site\" content=\"@alvarellos_ed\" \/>\n<meta name=\"twitter:label1\" content=\"Tiempo de lectura\" \/>\n\t<meta name=\"twitter:data1\" content=\"1 minuto\" \/>\n<!-- \/ Yoast SEO plugin. -->","yoast_head_json":{"title":"Cartel hist\u00f3rico de 1936: \"Estatuto de Galicia, SI\" (facsimilar) - Alvarellos Editora","description":"Cartel hist\u00f3rico de 1936: \"Estatuto de Galicia, SI\" (facsimilar). C\u00f3mprao na tenda en li\u00f1a de Alvarellos Editora.","robots":{"index":"index","follow":"follow","max-snippet":"max-snippet:-1","max-image-preview":"max-image-preview:large","max-video-preview":"max-video-preview:-1"},"canonical":"https:\/\/alvarelloseditora.gal\/es\/libro\/estatuto-de-galicia-si-edicion-facsimilar-dun-orixinal-de-1936\/","og_locale":"es_ES","og_type":"article","og_title":"Cartel hist\u00f3rico de 1936: \"Estatuto de Galicia, SI\" (facsimilar) - Alvarellos Editora","og_description":"Cartel hist\u00f3rico de 1936: \"Estatuto de Galicia, SI\" (facsimilar). C\u00f3mprao na tenda en li\u00f1a de Alvarellos Editora.","og_url":"https:\/\/alvarelloseditora.gal\/es\/libro\/estatuto-de-galicia-si-edicion-facsimilar-dun-orixinal-de-1936\/","og_site_name":"Alvarellos Editora","article_publisher":"https:\/\/www.facebook.com\/alvarelloseditora","article_modified_time":"2022-02-04T15:38:13+00:00","og_image":[{"width":725,"height":1024,"url":"https:\/\/alvarelloseditora.gal\/wp-content\/uploads\/2021\/12\/Cartel-facsimilar-ESTATUTO-SI-alvarellos-editora-2021.jpg","type":"image\/jpeg"}],"twitter_card":"summary_large_image","twitter_site":"@alvarellos_ed","twitter_misc":{"Tiempo de lectura":"1 minuto"},"schema":{"@context":"https:\/\/schema.org","@graph":[{"@type":["WebPage","ItemPage"],"@id":"https:\/\/alvarelloseditora.gal\/es\/libro\/estatuto-de-galicia-si-edicion-facsimilar-dun-orixinal-de-1936\/","url":"https:\/\/alvarelloseditora.gal\/es\/libro\/estatuto-de-galicia-si-edicion-facsimilar-dun-orixinal-de-1936\/","name":"Cartel hist\u00f3rico de 1936: \"Estatuto de Galicia, SI\" (facsimilar) - Alvarellos Editora","isPartOf":{"@id":"https:\/\/alvarelloseditora.gal\/#website"},"primaryImageOfPage":{"@id":"https:\/\/alvarelloseditora.gal\/es\/libro\/estatuto-de-galicia-si-edicion-facsimilar-dun-orixinal-de-1936\/#primaryimage"},"image":{"@id":"https:\/\/alvarelloseditora.gal\/es\/libro\/estatuto-de-galicia-si-edicion-facsimilar-dun-orixinal-de-1936\/#primaryimage"},"thumbnailUrl":"https:\/\/alvarelloseditora.gal\/wp-content\/uploads\/2021\/12\/Cartel-facsimilar-ESTATUTO-SI-alvarellos-editora-2021.jpg","datePublished":"2021-12-16T19:19:08+00:00","dateModified":"2022-02-04T15:38:13+00:00","description":"Cartel hist\u00f3rico de 1936: \"Estatuto de Galicia, SI\" (facsimilar). C\u00f3mprao na tenda en li\u00f1a de Alvarellos Editora.","breadcrumb":{"@id":"https:\/\/alvarelloseditora.gal\/es\/libro\/estatuto-de-galicia-si-edicion-facsimilar-dun-orixinal-de-1936\/#breadcrumb"},"inLanguage":"es","potentialAction":[{"@type":"ReadAction","target":["https:\/\/alvarelloseditora.gal\/es\/libro\/estatuto-de-galicia-si-edicion-facsimilar-dun-orixinal-de-1936\/"]}]},{"@type":"ImageObject","inLanguage":"es","@id":"https:\/\/alvarelloseditora.gal\/es\/libro\/estatuto-de-galicia-si-edicion-facsimilar-dun-orixinal-de-1936\/#primaryimage","url":"https:\/\/alvarelloseditora.gal\/wp-content\/uploads\/2021\/12\/Cartel-facsimilar-ESTATUTO-SI-alvarellos-editora-2021.jpg","contentUrl":"https:\/\/alvarelloseditora.gal\/wp-content\/uploads\/2021\/12\/Cartel-facsimilar-ESTATUTO-SI-alvarellos-editora-2021.jpg","width":725,"height":1024},{"@type":"BreadcrumbList","@id":"https:\/\/alvarelloseditora.gal\/es\/libro\/estatuto-de-galicia-si-edicion-facsimilar-dun-orixinal-de-1936\/#breadcrumb","itemListElement":[{"@type":"ListItem","position":1,"name":"Portada","item":"https:\/\/alvarelloseditora.gal\/"},{"@type":"ListItem","position":2,"name":"Tienda","item":"https:\/\/alvarelloseditora.gal\/es\/tienda\/"},{"@type":"ListItem","position":3,"name":"Cartel hist\u00f3rico de 1936: &#8220;Estatuto de Galicia, SI&#8221; (facsimilar)"}]},{"@type":"WebSite","@id":"https:\/\/alvarelloseditora.gal\/#website","url":"https:\/\/alvarelloseditora.gal\/","name":"Alvarellos Editora","description":"Libros para un mundo en tr\u00e1nsito","publisher":{"@id":"https:\/\/alvarelloseditora.gal\/#organization"},"potentialAction":[{"@type":"SearchAction","target":{"@type":"EntryPoint","urlTemplate":"https:\/\/alvarelloseditora.gal\/?s={search_term_string}"},"query-input":{"@type":"PropertyValueSpecification","valueRequired":true,"valueName":"search_term_string"}}],"inLanguage":"es"},{"@type":"Organization","@id":"https:\/\/alvarelloseditora.gal\/#organization","name":"Alvarellos Editora","url":"https:\/\/alvarelloseditora.gal\/","logo":{"@type":"ImageObject","inLanguage":"es","@id":"https:\/\/alvarelloseditora.gal\/#\/schema\/logo\/image\/","url":"https:\/\/alvarelloseditora.gal\/wp-content\/uploads\/2020\/02\/alv-icon.png","contentUrl":"https:\/\/alvarelloseditora.gal\/wp-content\/uploads\/2020\/02\/alv-icon.png","width":177,"height":175,"caption":"Alvarellos Editora"},"image":{"@id":"https:\/\/alvarelloseditora.gal\/#\/schema\/logo\/image\/"},"sameAs":["https:\/\/www.facebook.com\/alvarelloseditora","https:\/\/x.com\/alvarellos_ed"]}]}},"_links":{"self":[{"href":"https:\/\/alvarelloseditora.gal\/es\/wp-json\/wp\/v2\/product\/6994","targetHints":{"allow":["GET"]}}],"collection":[{"href":"https:\/\/alvarelloseditora.gal\/es\/wp-json\/wp\/v2\/product"}],"about":[{"href":"https:\/\/alvarelloseditora.gal\/es\/wp-json\/wp\/v2\/types\/product"}],"replies":[{"embeddable":true,"href":"https:\/\/alvarelloseditora.gal\/es\/wp-json\/wp\/v2\/comments?post=6994"}],"wp:featuredmedia":[{"embeddable":true,"href":"https:\/\/alvarelloseditora.gal\/es\/wp-json\/wp\/v2\/media\/6989"}],"wp:attachment":[{"href":"https:\/\/alvarelloseditora.gal\/es\/wp-json\/wp\/v2\/media?parent=6994"}],"wp:term":[{"taxonomy":"product_brand","embeddable":true,"href":"https:\/\/alvarelloseditora.gal\/es\/wp-json\/wp\/v2\/product_brand?post=6994"},{"taxonomy":"product_cat","embeddable":true,"href":"https:\/\/alvarelloseditora.gal\/es\/wp-json\/wp\/v2\/product_cat?post=6994"},{"taxonomy":"product_tag","embeddable":true,"href":"https:\/\/alvarelloseditora.gal\/es\/wp-json\/wp\/v2\/product_tag?post=6994"}],"curies":[{"name":"wp","href":"https:\/\/api.w.org\/{rel}","templated":true}]}}