{"id":6884,"date":"2021-10-06T12:49:32","date_gmt":"2021-10-06T10:49:32","guid":{"rendered":"https:\/\/alvarellos.info\/book\/revista-pena-trevinca-montaneros-de-galicia-1944-1950-edicion-facsimilar\/"},"modified":"2021-11-10T17:40:30","modified_gmt":"2021-11-10T16:40:30","slug":"revista-pena-trevinca-montaneros-de-galicia-1944-1950-edicion-facsimilar","status":"publish","type":"product","link":"https:\/\/alvarelloseditora.gal\/es\/libro\/revista-pena-trevinca-montaneros-de-galicia-1944-1950-edicion-facsimilar\/","title":{"rendered":"Revista \u00abPe\u00f1a Trevinca. Monta\u00f1eros de Galicia\u00bb [1944-1950]. Edici\u00f3n facs\u00edmil"},"content":{"rendered":"<p>Presentamos un valioso documento. La publicaci\u00f3n facsimilar de una revista ilustrada, Pena Trevinca. Monta\u00f1eros de Galicia, de la que solo se conservaba hoy una colecci\u00f3n completa: nueve n\u00fameros que vieron la luz en O Barco de Valdeorras (Ourense) entre 1944 y 1950.<\/p>\n<p>Una iniciativa pionera en el campo del monta\u00f1ismo y de la naturaleza que ahora rescatamos \u00edntegra.<\/p>\n<p>Ha sido el historiador Ricardo Gurriar\u00e1n Rodr\u00edguez \u2013hijo de un dos fundadores y art\u00edfices de este proyecto, Gonzalo Gurriar\u00e1n Gurriar\u00e1n\u2013 quien conserv\u00f3 esta colecci\u00f3n, lo que nos ha permitido preparar la presente edici\u00f3n facs\u00edmil, en la que hemos respetado el formato y los colores de la revista original.<\/p>\n<p>COLABORACI\u00d3N DE TRES GE\u00d3GRAFOS DA USC<br \/>\nEste rescate editorial cuenta, adem\u00e1s, con la imprescindible colaboraci\u00f3n de tres ge\u00f3grafos de la Universidade de Santiago de Compostela: los doctores y docentes Valeri\u00e0 Pa\u00fcl y Juan Manuel Trillo, y el investigador Luis Mart\u00edn Agrelo, trabajos precedidos por el texto introductorio del propio Ricardo Gurriar\u00e1n. Con todos ellos podremos contextualizar, valorar y entender, en definitiva, las dimensiones de aquella haza\u00f1a.<br \/>\nLa revista, consagrada a poner en valor el macizo de Pena Trevinca \u2013que es, con sus varios \u00abdosmiles\u00bb, todo un s\u00edmbolo en Galicia\u2014, represent\u00f3 el nacimiento del monta\u00f1ismo organizado en Galicia y fue una de las iniciativas pioneras en toda la pen\u00ednsula ib\u00e9rica.<\/p>\n<p>EL PRIMER POEMA DE FLORENCIO DELGADO GURRIAR\u00c1N DESPU\u00c9S DEL 36<br \/>\nAdem\u00e1s, fue en estas p\u00e1ginas donde el abogado y poeta valdeorr\u00e9s Florencio Delgado Gurriar\u00e1n, protagonista de las Letras Galegas de 2022, ver\u00eda publicado en 1948 (desde su exilio en M\u00e9xico) su primer poema en su tierra natal desde el golpe de 1936. Ram\u00f3n Otero Pedrayo tuvo tambi\u00e9n una estrecha vinculaci\u00f3n con este proyecto.<\/p>\n<p>Subamos pues, ahora de nuevo, y de una manera bien especial, al macizo de Pena Trevinca.<\/p>\n","protected":false},"excerpt":{"rendered":"<p>P\u00e1ginas: 310.<\/p>\n<p>Formato 16 x 22 cms.<\/p>\n<p>ISBN 978-84-18567-08-7<\/p>\n<p>R\u00fastica fresada. Impresa en color.<\/p>\n<p>Papel FSC Amigo de los Bosques.<\/p>\n<p>&nbsp;<br \/>\nLa revista que, en los a\u00f1os 40, inici\u00f3 el monta\u00f1ismo en Galicia e una nueva visi\u00f3n de la naturaleza.<br \/>\nPresentamos un valioso documento. La publicaci\u00f3n facs\u00edmil de una revista de la que solo se hab\u00eda conservado hasta hoy una colecci\u00f3n completa: nueve n\u00fameros que vieron la luz en O Barco de Valdeorras (Ourense) entre 1944 e 1950. Una iniciativa pionera en el mundo del monta\u00f1ismo y de la naturaleza que ahora rescatamos \u00edntegra, precedida por los textos de un historiador y tres ge\u00f3grafos que contextualizan, valoran y explican, en definitiva, las dimensiones de aquella haza\u00f1a en la Galicia de los dif\u00edciles y oscuros a\u00f1os 40.<\/p>\n<p>&nbsp;<\/p>\n","protected":false},"featured_media":6875,"comment_status":"closed","ping_status":"closed","template":"","meta":[],"product_brand":[],"product_cat":[112],"product_tag":[],"class_list":{"0":"post-6884","1":"product","2":"type-product","3":"status-publish","4":"has-post-thumbnail","6":"product_cat-facsimiles-es","8":"first","9":"instock","10":"taxable","11":"shipping-taxable","12":"purchasable","13":"product-type-simple"},"yoast_head":"<!-- This site is optimized with the Yoast SEO plugin v27.3 - https:\/\/yoast.com\/product\/yoast-seo-wordpress\/ -->\n<title>Revista &quot;Pe\u00f1a Trevinca. Monta\u00f1eros de Galicia&quot; [1944-1950]. Edici\u00f3n facs\u00edmil - Alvarellos Editora<\/title>\n<meta name=\"description\" content=\"Revista &quot;Pe\u00f1a Trevinca. Monta\u00f1eros de Galicia&quot; [1944-1950]. Edici\u00f3n facs\u00edmil. C\u00f3mprao na tenda en li\u00f1a de Alvarellos Editora.\" \/>\n<meta name=\"robots\" content=\"index, follow, max-snippet:-1, max-image-preview:large, max-video-preview:-1\" \/>\n<link rel=\"canonical\" href=\"https:\/\/alvarelloseditora.gal\/es\/libro\/revista-pena-trevinca-montaneros-de-galicia-1944-1950-edicion-facsimilar\/\" \/>\n<meta property=\"og:locale\" content=\"es_ES\" \/>\n<meta property=\"og:type\" content=\"article\" \/>\n<meta property=\"og:title\" content=\"Revista &quot;Pe\u00f1a Trevinca. Monta\u00f1eros de Galicia&quot; [1944-1950]. Edici\u00f3n facs\u00edmil - Alvarellos Editora\" \/>\n<meta property=\"og:description\" content=\"Revista &quot;Pe\u00f1a Trevinca. Monta\u00f1eros de Galicia&quot; [1944-1950]. Edici\u00f3n facs\u00edmil. C\u00f3mprao na tenda en li\u00f1a de Alvarellos Editora.\" \/>\n<meta property=\"og:url\" content=\"https:\/\/alvarelloseditora.gal\/es\/libro\/revista-pena-trevinca-montaneros-de-galicia-1944-1950-edicion-facsimilar\/\" \/>\n<meta property=\"og:site_name\" content=\"Alvarellos Editora\" \/>\n<meta property=\"article:publisher\" content=\"https:\/\/www.facebook.com\/alvarelloseditora\" \/>\n<meta property=\"article:modified_time\" content=\"2021-11-10T16:40:30+00:00\" \/>\n<meta property=\"og:image\" content=\"https:\/\/alvarelloseditora.gal\/wp-content\/uploads\/2021\/10\/Revista_Pena-Trevinca-scaled.jpg\" \/>\n\t<meta property=\"og:image:width\" content=\"1873\" \/>\n\t<meta property=\"og:image:height\" content=\"2560\" \/>\n\t<meta property=\"og:image:type\" content=\"image\/jpeg\" \/>\n<meta name=\"twitter:card\" content=\"summary_large_image\" \/>\n<meta name=\"twitter:site\" content=\"@alvarellos_ed\" \/>\n<meta name=\"twitter:label1\" content=\"Tiempo de lectura\" \/>\n\t<meta name=\"twitter:data1\" content=\"2 minutos\" \/>\n<!-- \/ Yoast SEO plugin. -->","yoast_head_json":{"title":"Revista \"Pe\u00f1a Trevinca. Monta\u00f1eros de Galicia\" [1944-1950]. Edici\u00f3n facs\u00edmil - Alvarellos Editora","description":"Revista \"Pe\u00f1a Trevinca. Monta\u00f1eros de Galicia\" [1944-1950]. Edici\u00f3n facs\u00edmil. C\u00f3mprao na tenda en li\u00f1a de Alvarellos Editora.","robots":{"index":"index","follow":"follow","max-snippet":"max-snippet:-1","max-image-preview":"max-image-preview:large","max-video-preview":"max-video-preview:-1"},"canonical":"https:\/\/alvarelloseditora.gal\/es\/libro\/revista-pena-trevinca-montaneros-de-galicia-1944-1950-edicion-facsimilar\/","og_locale":"es_ES","og_type":"article","og_title":"Revista \"Pe\u00f1a Trevinca. Monta\u00f1eros de Galicia\" [1944-1950]. Edici\u00f3n facs\u00edmil - Alvarellos Editora","og_description":"Revista \"Pe\u00f1a Trevinca. Monta\u00f1eros de Galicia\" [1944-1950]. Edici\u00f3n facs\u00edmil. C\u00f3mprao na tenda en li\u00f1a de Alvarellos Editora.","og_url":"https:\/\/alvarelloseditora.gal\/es\/libro\/revista-pena-trevinca-montaneros-de-galicia-1944-1950-edicion-facsimilar\/","og_site_name":"Alvarellos Editora","article_publisher":"https:\/\/www.facebook.com\/alvarelloseditora","article_modified_time":"2021-11-10T16:40:30+00:00","og_image":[{"width":1873,"height":2560,"url":"https:\/\/alvarelloseditora.gal\/wp-content\/uploads\/2021\/10\/Revista_Pena-Trevinca-scaled.jpg","type":"image\/jpeg"}],"twitter_card":"summary_large_image","twitter_site":"@alvarellos_ed","twitter_misc":{"Tiempo de lectura":"2 minutos"},"schema":{"@context":"https:\/\/schema.org","@graph":[{"@type":["WebPage","ItemPage"],"@id":"https:\/\/alvarelloseditora.gal\/es\/libro\/revista-pena-trevinca-montaneros-de-galicia-1944-1950-edicion-facsimilar\/","url":"https:\/\/alvarelloseditora.gal\/es\/libro\/revista-pena-trevinca-montaneros-de-galicia-1944-1950-edicion-facsimilar\/","name":"Revista \"Pe\u00f1a Trevinca. Monta\u00f1eros de Galicia\" [1944-1950]. Edici\u00f3n facs\u00edmil - Alvarellos Editora","isPartOf":{"@id":"https:\/\/alvarelloseditora.gal\/#website"},"primaryImageOfPage":{"@id":"https:\/\/alvarelloseditora.gal\/es\/libro\/revista-pena-trevinca-montaneros-de-galicia-1944-1950-edicion-facsimilar\/#primaryimage"},"image":{"@id":"https:\/\/alvarelloseditora.gal\/es\/libro\/revista-pena-trevinca-montaneros-de-galicia-1944-1950-edicion-facsimilar\/#primaryimage"},"thumbnailUrl":"https:\/\/alvarelloseditora.gal\/wp-content\/uploads\/2021\/10\/Revista_Pena-Trevinca-scaled.jpg","datePublished":"2021-10-06T10:49:32+00:00","dateModified":"2021-11-10T16:40:30+00:00","description":"Revista \"Pe\u00f1a Trevinca. Monta\u00f1eros de Galicia\" [1944-1950]. Edici\u00f3n facs\u00edmil. C\u00f3mprao na tenda en li\u00f1a de Alvarellos Editora.","breadcrumb":{"@id":"https:\/\/alvarelloseditora.gal\/es\/libro\/revista-pena-trevinca-montaneros-de-galicia-1944-1950-edicion-facsimilar\/#breadcrumb"},"inLanguage":"es","potentialAction":[{"@type":"ReadAction","target":["https:\/\/alvarelloseditora.gal\/es\/libro\/revista-pena-trevinca-montaneros-de-galicia-1944-1950-edicion-facsimilar\/"]}]},{"@type":"ImageObject","inLanguage":"es","@id":"https:\/\/alvarelloseditora.gal\/es\/libro\/revista-pena-trevinca-montaneros-de-galicia-1944-1950-edicion-facsimilar\/#primaryimage","url":"https:\/\/alvarelloseditora.gal\/wp-content\/uploads\/2021\/10\/Revista_Pena-Trevinca-scaled.jpg","contentUrl":"https:\/\/alvarelloseditora.gal\/wp-content\/uploads\/2021\/10\/Revista_Pena-Trevinca-scaled.jpg","width":1873,"height":2560},{"@type":"BreadcrumbList","@id":"https:\/\/alvarelloseditora.gal\/es\/libro\/revista-pena-trevinca-montaneros-de-galicia-1944-1950-edicion-facsimilar\/#breadcrumb","itemListElement":[{"@type":"ListItem","position":1,"name":"Portada","item":"https:\/\/alvarelloseditora.gal\/"},{"@type":"ListItem","position":2,"name":"Tienda","item":"https:\/\/alvarelloseditora.gal\/es\/tienda\/"},{"@type":"ListItem","position":3,"name":"Revista \u00abPe\u00f1a Trevinca. Monta\u00f1eros de Galicia\u00bb [1944-1950]. Edici\u00f3n facs\u00edmil"}]},{"@type":"WebSite","@id":"https:\/\/alvarelloseditora.gal\/#website","url":"https:\/\/alvarelloseditora.gal\/","name":"Alvarellos Editora","description":"Libros para un mundo en tr\u00e1nsito","publisher":{"@id":"https:\/\/alvarelloseditora.gal\/#organization"},"potentialAction":[{"@type":"SearchAction","target":{"@type":"EntryPoint","urlTemplate":"https:\/\/alvarelloseditora.gal\/?s={search_term_string}"},"query-input":{"@type":"PropertyValueSpecification","valueRequired":true,"valueName":"search_term_string"}}],"inLanguage":"es"},{"@type":"Organization","@id":"https:\/\/alvarelloseditora.gal\/#organization","name":"Alvarellos Editora","url":"https:\/\/alvarelloseditora.gal\/","logo":{"@type":"ImageObject","inLanguage":"es","@id":"https:\/\/alvarelloseditora.gal\/#\/schema\/logo\/image\/","url":"https:\/\/alvarelloseditora.gal\/wp-content\/uploads\/2020\/02\/alv-icon.png","contentUrl":"https:\/\/alvarelloseditora.gal\/wp-content\/uploads\/2020\/02\/alv-icon.png","width":177,"height":175,"caption":"Alvarellos Editora"},"image":{"@id":"https:\/\/alvarelloseditora.gal\/#\/schema\/logo\/image\/"},"sameAs":["https:\/\/www.facebook.com\/alvarelloseditora","https:\/\/x.com\/alvarellos_ed"]}]}},"_links":{"self":[{"href":"https:\/\/alvarelloseditora.gal\/es\/wp-json\/wp\/v2\/product\/6884","targetHints":{"allow":["GET"]}}],"collection":[{"href":"https:\/\/alvarelloseditora.gal\/es\/wp-json\/wp\/v2\/product"}],"about":[{"href":"https:\/\/alvarelloseditora.gal\/es\/wp-json\/wp\/v2\/types\/product"}],"replies":[{"embeddable":true,"href":"https:\/\/alvarelloseditora.gal\/es\/wp-json\/wp\/v2\/comments?post=6884"}],"wp:featuredmedia":[{"embeddable":true,"href":"https:\/\/alvarelloseditora.gal\/es\/wp-json\/wp\/v2\/media\/6875"}],"wp:attachment":[{"href":"https:\/\/alvarelloseditora.gal\/es\/wp-json\/wp\/v2\/media?parent=6884"}],"wp:term":[{"taxonomy":"product_brand","embeddable":true,"href":"https:\/\/alvarelloseditora.gal\/es\/wp-json\/wp\/v2\/product_brand?post=6884"},{"taxonomy":"product_cat","embeddable":true,"href":"https:\/\/alvarelloseditora.gal\/es\/wp-json\/wp\/v2\/product_cat?post=6884"},{"taxonomy":"product_tag","embeddable":true,"href":"https:\/\/alvarelloseditora.gal\/es\/wp-json\/wp\/v2\/product_tag?post=6884"}],"curies":[{"name":"wp","href":"https:\/\/api.w.org\/{rel}","templated":true}]}}