{"id":6868,"date":"2021-10-06T12:14:33","date_gmt":"2021-10-06T10:14:33","guid":{"rendered":"https:\/\/alvarellos.info\/book\/un-dialogo-entre-sobrevivientes-eugenio-granell-y-vicente-llorens\/"},"modified":"2022-01-17T20:02:44","modified_gmt":"2022-01-17T19:02:44","slug":"un-dialogo-entre-sobrevivientes-eugenio-granell-y-vicente-llorens","status":"publish","type":"product","link":"https:\/\/alvarelloseditora.gal\/es\/libro\/un-dialogo-entre-sobrevivientes-eugenio-granell-y-vicente-llorens\/","title":{"rendered":"Un di\u00e1logo entre supervivientes: Eugenio Granell y Vicente Llorens"},"content":{"rendered":"<p>A Eugenio F. Granell (A Coru\u00f1a, 1912 \u2013 Madrid, 2001) le gustaba charlar por escrito, en cartas extensas y mecanografiadas que le ayudaban a evadirse del destierro y a combatir la soledad. Este libro Un di\u00e1logo entre supervivientes: Eugenio Granell y Vicente Llorens, surge tras la localizaci\u00f3n por parte de Inmaculada Real, doctora en Historia del Arte e investigadora de la Universidad de Zaragoza, de m\u00e1s cien cartas in\u00e9ditas intercambiadas entre Eugenio Granell y el historiador Vicente Llorens (Valencia, 1906 \u2013 Cofrentes, 1979), durante sus m\u00e1s de cuatro d\u00e9cadas de amistad, desde su encuentro en el exilio de la Rep\u00fablica Dominicana en los a\u00f1os 40.<\/p>\n<p>Resulta sorprendente el hecho de que hasta ahora haya pasado tan desapercibida la relaci\u00f3n que hubo entre el escritor valenciano \u2014reconocido como el mejor historiador de los exilios culturales\u2014 y el pintor gallego \u2014considerado como el \u00faltimo surrealista espa\u00f1ol\u2014. Sin embargo, la correspondencia que aqu\u00ed se recopila transcrita y documentada nos informa del valor de este testimonio directo, con cartas que abren un interesant\u00edsimo espacio de reflexi\u00f3n sobre sus respectivas di\u00e1sporas.<\/p>\n<p>La transcripci\u00f3n de las cartas est\u00e1 precedida por un detenido estudio introductorio donde la autora analiza los puentes culturales entre los desterrados y la Espa\u00f1a franquista, la ardua vida del exiliado \u2014especialmente los problemas econ\u00f3micos y la vida n\u00f3mada de Granell\u2014, las bibliotecas perdidas por la Guerra Civil y el empe\u00f1o de nuestros protagonistas por volverlas a reconstruir y, finalmente, la cr\u00f3nica del retorno, con grandes dudas, temores y enormes interrogantes sobre qu\u00e9 se encontrar\u00edan en Espa\u00f1a.<\/p>\n","protected":false},"excerpt":{"rendered":"<p>Inmaculada Real L\u00f3pez<br \/>\nP\u00e1ginas: 484 .<\/p>\n<p>Formato 15,5 x 23,5 cms.<\/p>\n<p>ISBN 978-84-18567-12-4<\/p>\n<p>R\u00fastica cosido.<\/p>\n<p>Papel FSC Amigo de los Bosques<br \/>\nM\u00e1s de cien cartas in\u00e9ditas entre el pintor surrealista gallego Eugenio Granell y el historiador valenciano Vicente Llorens: cuatro d\u00e9cadas de amistad y exilio.<br \/>\nIncluye un amplio estudio introductorio de la especialista y descubridora de estos textos, Inmaculada Real.<br \/>\n&nbsp;<\/p>\n","protected":false},"featured_media":6856,"comment_status":"closed","ping_status":"closed","template":"","meta":[],"product_brand":[],"product_cat":[105],"product_tag":[1042],"class_list":{"0":"post-6868","1":"product","2":"type-product","3":"status-publish","4":"has-post-thumbnail","6":"product_author-inmaculada-real-lopez-es","7":"product_cat-oeste-es","8":"product_tag-libros-con-memoria-es","10":"first","11":"instock","12":"taxable","13":"shipping-taxable","14":"purchasable","15":"product-type-simple"},"yoast_head":"<!-- This site is optimized with the Yoast SEO plugin v27.3 - https:\/\/yoast.com\/product\/yoast-seo-wordpress\/ -->\n<title>Un di\u00e1logo entre supervivientes: Eugenio Granell y Vicente Llorens - Alvarellos Editora<\/title>\n<meta name=\"description\" content=\"Un di\u00e1logo entre supervivientes: Eugenio Granell y Vicente Llorens. C\u00f3mprao na tenda en li\u00f1a de Alvarellos Editora.\" \/>\n<meta name=\"robots\" content=\"index, follow, max-snippet:-1, max-image-preview:large, max-video-preview:-1\" \/>\n<link rel=\"canonical\" href=\"https:\/\/alvarelloseditora.gal\/es\/libro\/un-dialogo-entre-sobrevivientes-eugenio-granell-y-vicente-llorens\/\" \/>\n<meta property=\"og:locale\" content=\"es_ES\" \/>\n<meta property=\"og:type\" content=\"article\" \/>\n<meta property=\"og:title\" content=\"Un di\u00e1logo entre supervivientes: Eugenio Granell y Vicente Llorens - Alvarellos Editora\" \/>\n<meta property=\"og:description\" content=\"Un di\u00e1logo entre supervivientes: Eugenio Granell y Vicente Llorens. C\u00f3mprao na tenda en li\u00f1a de Alvarellos Editora.\" \/>\n<meta property=\"og:url\" content=\"https:\/\/alvarelloseditora.gal\/es\/libro\/un-dialogo-entre-sobrevivientes-eugenio-granell-y-vicente-llorens\/\" \/>\n<meta property=\"og:site_name\" content=\"Alvarellos Editora\" \/>\n<meta property=\"article:publisher\" content=\"https:\/\/www.facebook.com\/alvarelloseditora\" \/>\n<meta property=\"article:modified_time\" content=\"2022-01-17T19:02:44+00:00\" \/>\n<meta property=\"og:image\" content=\"https:\/\/alvarelloseditora.gal\/wp-content\/uploads\/2021\/10\/Un-dialogo-entre-supervivientes-granell-llorens-2-scaled.jpg\" \/>\n\t<meta property=\"og:image:width\" content=\"1680\" \/>\n\t<meta property=\"og:image:height\" content=\"2560\" \/>\n\t<meta property=\"og:image:type\" content=\"image\/jpeg\" \/>\n<meta name=\"twitter:card\" content=\"summary_large_image\" \/>\n<meta name=\"twitter:site\" content=\"@alvarellos_ed\" \/>\n<meta name=\"twitter:label1\" content=\"Tiempo de lectura\" \/>\n\t<meta name=\"twitter:data1\" content=\"2 minutos\" \/>\n<!-- \/ Yoast SEO plugin. -->","yoast_head_json":{"title":"Un di\u00e1logo entre supervivientes: Eugenio Granell y Vicente Llorens - Alvarellos Editora","description":"Un di\u00e1logo entre supervivientes: Eugenio Granell y Vicente Llorens. C\u00f3mprao na tenda en li\u00f1a de Alvarellos Editora.","robots":{"index":"index","follow":"follow","max-snippet":"max-snippet:-1","max-image-preview":"max-image-preview:large","max-video-preview":"max-video-preview:-1"},"canonical":"https:\/\/alvarelloseditora.gal\/es\/libro\/un-dialogo-entre-sobrevivientes-eugenio-granell-y-vicente-llorens\/","og_locale":"es_ES","og_type":"article","og_title":"Un di\u00e1logo entre supervivientes: Eugenio Granell y Vicente Llorens - Alvarellos Editora","og_description":"Un di\u00e1logo entre supervivientes: Eugenio Granell y Vicente Llorens. C\u00f3mprao na tenda en li\u00f1a de Alvarellos Editora.","og_url":"https:\/\/alvarelloseditora.gal\/es\/libro\/un-dialogo-entre-sobrevivientes-eugenio-granell-y-vicente-llorens\/","og_site_name":"Alvarellos Editora","article_publisher":"https:\/\/www.facebook.com\/alvarelloseditora","article_modified_time":"2022-01-17T19:02:44+00:00","og_image":[{"width":1680,"height":2560,"url":"https:\/\/alvarelloseditora.gal\/wp-content\/uploads\/2021\/10\/Un-dialogo-entre-supervivientes-granell-llorens-2-scaled.jpg","type":"image\/jpeg"}],"twitter_card":"summary_large_image","twitter_site":"@alvarellos_ed","twitter_misc":{"Tiempo de lectura":"2 minutos"},"schema":{"@context":"https:\/\/schema.org","@graph":[{"@type":["WebPage","ItemPage"],"@id":"https:\/\/alvarelloseditora.gal\/es\/libro\/un-dialogo-entre-sobrevivientes-eugenio-granell-y-vicente-llorens\/","url":"https:\/\/alvarelloseditora.gal\/es\/libro\/un-dialogo-entre-sobrevivientes-eugenio-granell-y-vicente-llorens\/","name":"Un di\u00e1logo entre supervivientes: Eugenio Granell y Vicente Llorens - Alvarellos Editora","isPartOf":{"@id":"https:\/\/alvarelloseditora.gal\/#website"},"primaryImageOfPage":{"@id":"https:\/\/alvarelloseditora.gal\/es\/libro\/un-dialogo-entre-sobrevivientes-eugenio-granell-y-vicente-llorens\/#primaryimage"},"image":{"@id":"https:\/\/alvarelloseditora.gal\/es\/libro\/un-dialogo-entre-sobrevivientes-eugenio-granell-y-vicente-llorens\/#primaryimage"},"thumbnailUrl":"https:\/\/alvarelloseditora.gal\/wp-content\/uploads\/2021\/10\/Un-dialogo-entre-supervivientes-granell-llorens-2-scaled.jpg","datePublished":"2021-10-06T10:14:33+00:00","dateModified":"2022-01-17T19:02:44+00:00","description":"Un di\u00e1logo entre supervivientes: Eugenio Granell y Vicente Llorens. C\u00f3mprao na tenda en li\u00f1a de Alvarellos Editora.","breadcrumb":{"@id":"https:\/\/alvarelloseditora.gal\/es\/libro\/un-dialogo-entre-sobrevivientes-eugenio-granell-y-vicente-llorens\/#breadcrumb"},"inLanguage":"es","potentialAction":[{"@type":"ReadAction","target":["https:\/\/alvarelloseditora.gal\/es\/libro\/un-dialogo-entre-sobrevivientes-eugenio-granell-y-vicente-llorens\/"]}]},{"@type":"ImageObject","inLanguage":"es","@id":"https:\/\/alvarelloseditora.gal\/es\/libro\/un-dialogo-entre-sobrevivientes-eugenio-granell-y-vicente-llorens\/#primaryimage","url":"https:\/\/alvarelloseditora.gal\/wp-content\/uploads\/2021\/10\/Un-dialogo-entre-supervivientes-granell-llorens-2-scaled.jpg","contentUrl":"https:\/\/alvarelloseditora.gal\/wp-content\/uploads\/2021\/10\/Un-dialogo-entre-supervivientes-granell-llorens-2-scaled.jpg","width":1680,"height":2560},{"@type":"BreadcrumbList","@id":"https:\/\/alvarelloseditora.gal\/es\/libro\/un-dialogo-entre-sobrevivientes-eugenio-granell-y-vicente-llorens\/#breadcrumb","itemListElement":[{"@type":"ListItem","position":1,"name":"Portada","item":"https:\/\/alvarelloseditora.gal\/"},{"@type":"ListItem","position":2,"name":"Tienda","item":"https:\/\/alvarelloseditora.gal\/es\/tienda\/"},{"@type":"ListItem","position":3,"name":"Un di\u00e1logo entre supervivientes: Eugenio Granell y Vicente Llorens"}]},{"@type":"WebSite","@id":"https:\/\/alvarelloseditora.gal\/#website","url":"https:\/\/alvarelloseditora.gal\/","name":"Alvarellos Editora","description":"Libros para un mundo en tr\u00e1nsito","publisher":{"@id":"https:\/\/alvarelloseditora.gal\/#organization"},"potentialAction":[{"@type":"SearchAction","target":{"@type":"EntryPoint","urlTemplate":"https:\/\/alvarelloseditora.gal\/?s={search_term_string}"},"query-input":{"@type":"PropertyValueSpecification","valueRequired":true,"valueName":"search_term_string"}}],"inLanguage":"es"},{"@type":"Organization","@id":"https:\/\/alvarelloseditora.gal\/#organization","name":"Alvarellos Editora","url":"https:\/\/alvarelloseditora.gal\/","logo":{"@type":"ImageObject","inLanguage":"es","@id":"https:\/\/alvarelloseditora.gal\/#\/schema\/logo\/image\/","url":"https:\/\/alvarelloseditora.gal\/wp-content\/uploads\/2020\/02\/alv-icon.png","contentUrl":"https:\/\/alvarelloseditora.gal\/wp-content\/uploads\/2020\/02\/alv-icon.png","width":177,"height":175,"caption":"Alvarellos Editora"},"image":{"@id":"https:\/\/alvarelloseditora.gal\/#\/schema\/logo\/image\/"},"sameAs":["https:\/\/www.facebook.com\/alvarelloseditora","https:\/\/x.com\/alvarellos_ed"]}]}},"_links":{"self":[{"href":"https:\/\/alvarelloseditora.gal\/es\/wp-json\/wp\/v2\/product\/6868","targetHints":{"allow":["GET"]}}],"collection":[{"href":"https:\/\/alvarelloseditora.gal\/es\/wp-json\/wp\/v2\/product"}],"about":[{"href":"https:\/\/alvarelloseditora.gal\/es\/wp-json\/wp\/v2\/types\/product"}],"replies":[{"embeddable":true,"href":"https:\/\/alvarelloseditora.gal\/es\/wp-json\/wp\/v2\/comments?post=6868"}],"wp:featuredmedia":[{"embeddable":true,"href":"https:\/\/alvarelloseditora.gal\/es\/wp-json\/wp\/v2\/media\/6856"}],"wp:attachment":[{"href":"https:\/\/alvarelloseditora.gal\/es\/wp-json\/wp\/v2\/media?parent=6868"}],"wp:term":[{"taxonomy":"product_brand","embeddable":true,"href":"https:\/\/alvarelloseditora.gal\/es\/wp-json\/wp\/v2\/product_brand?post=6868"},{"taxonomy":"product_cat","embeddable":true,"href":"https:\/\/alvarelloseditora.gal\/es\/wp-json\/wp\/v2\/product_cat?post=6868"},{"taxonomy":"product_tag","embeddable":true,"href":"https:\/\/alvarelloseditora.gal\/es\/wp-json\/wp\/v2\/product_tag?post=6868"}],"curies":[{"name":"wp","href":"https:\/\/api.w.org\/{rel}","templated":true}]}}