{"id":6838,"date":"2020-09-02T10:57:27","date_gmt":"2020-09-02T08:57:27","guid":{"rendered":"https:\/\/alvarellos.info\/book\/os-exilios-que-somos\/"},"modified":"2021-09-02T11:09:24","modified_gmt":"2021-09-02T09:09:24","slug":"os-exilios-que-somos","status":"publish","type":"product","link":"https:\/\/alvarelloseditora.gal\/es\/libro\/os-exilios-que-somos\/","title":{"rendered":"Os exilios que somos"},"content":{"rendered":"<p><a href=\"https:\/\/alvarelloseditora.gal\/wp-content\/uploads\/2020\/09\/NP_ficha_C_OS_EXILIOS_QUE_SOMOS.pdf\" target=\"_blank\" rel=\"noopener\">Nota de prensa<\/a><\/p>\n","protected":false},"excerpt":{"rendered":"<p>Irene Tom\u00e9 y Xabier Ron<br \/>\n[Fotopoemas]<br \/>\n&nbsp;<\/p>\n<p>68 pp. 19 cms ancho x 14 cms alto<br \/>\n978-84-16460-76-2<\/p>\n<p>&nbsp;<\/p>\n<p>Una reflexi\u00f3n en versos y fotograf\u00edas sobre la\u00a0memoria hist\u00f3rica. Poemas e im\u00e1genes en lucha contra el olvido impuesto, contra los silencios heredados. Poemas e im\u00e1genes que evocan una memoria personal com\u00fan a cientos, a miles de familias gallegas y espa\u00f1olas que han sufrido la pesadilla de la guerra civil y de la interminable dictadura.<\/p>\n<p>Versos heridos, espacios en blanco y s\u00edncopes como fundidos en negro de los recuerdos. A su lado, im\u00e1genes que buscan huecos de luz entre densas brumas; las grietas de la memoria, las cenizas\u2026<\/p>\n<p>Y tambi\u00e9n, frente a todo, los rostros de la dignidad y de la resistencia.<\/p>\n<p>Somos Xabier Ron Fern\u00e1ndez (Lyon, 1969) e Irene Tom\u00e9 Urresti (A Coru\u00f1a, 1985), docente y periodista que compartimos la misma mirada sobre la memoria hist\u00f3rica y la democr\u00e1tica de nuestro pa\u00eds. Por medio de fotograf\u00edas, que se han ido haciendo durante los \u00faltimos quince a\u00f1os, acompa\u00f1adas de poemas, hemos querido dar voz, dentro de su dificultad, \u00a0a la memoria de las persoas que vivieron la guerra o el exilio desde una experiencia persoal, que suele ir de la mano de silencios y olvido; aunque tam\u00e9n de resistencia y de experiencias propias que dan lugar a reflexiones compartidas. Este es el origen del presente fotopoemario.<\/p>\n<p>Es la historia que clama, que porf\u00eda, que nos interpela, porque a\u00fan no est\u00e1 resuelta.<\/p>\n<p>&nbsp;<\/p>\n<p>Traballa na aula con esta obra\u00a0 [Unidade Did\u00e1ctica]<\/p>\n<p>&nbsp;<\/p>\n<p>&nbsp;<\/p>\n","protected":false},"featured_media":6829,"comment_status":"closed","ping_status":"closed","template":"","meta":[],"product_brand":[],"product_cat":[106],"product_tag":[1042],"class_list":{"0":"post-6838","1":"product","2":"type-product","3":"status-publish","4":"has-post-thumbnail","6":"product_author-irene-tome-es","7":"product_author-xabier-ron-es","8":"product_cat-libros-do-sarela-es","9":"product_tag-libros-con-memoria-es","11":"first","12":"instock","13":"taxable","14":"shipping-taxable","15":"purchasable","16":"product-type-simple"},"yoast_head":"<!-- This site is optimized with the Yoast SEO plugin v27.3 - https:\/\/yoast.com\/product\/yoast-seo-wordpress\/ -->\n<title>Os exilios que somos - Alvarellos Editora<\/title>\n<meta name=\"description\" content=\"Os exilios que somos. C\u00f3mprao na tenda en li\u00f1a de Alvarellos Editora.\" \/>\n<meta name=\"robots\" content=\"index, follow, max-snippet:-1, max-image-preview:large, max-video-preview:-1\" \/>\n<link rel=\"canonical\" href=\"https:\/\/alvarelloseditora.gal\/es\/libro\/os-exilios-que-somos\/\" \/>\n<meta property=\"og:locale\" content=\"es_ES\" \/>\n<meta property=\"og:type\" content=\"article\" \/>\n<meta property=\"og:title\" content=\"Os exilios que somos - Alvarellos Editora\" \/>\n<meta property=\"og:description\" content=\"Os exilios que somos. C\u00f3mprao na tenda en li\u00f1a de Alvarellos Editora.\" \/>\n<meta property=\"og:url\" content=\"https:\/\/alvarelloseditora.gal\/es\/libro\/os-exilios-que-somos\/\" \/>\n<meta property=\"og:site_name\" content=\"Alvarellos Editora\" \/>\n<meta property=\"article:publisher\" content=\"https:\/\/www.facebook.com\/alvarelloseditora\" \/>\n<meta property=\"article:modified_time\" content=\"2021-09-02T09:09:24+00:00\" \/>\n<meta property=\"og:image\" content=\"https:\/\/alvarelloseditora.gal\/wp-content\/uploads\/2021\/09\/Os-exilios-que-somos-alvarellos-ed-febr-2020-scaled.jpg\" \/>\n\t<meta property=\"og:image:width\" content=\"2560\" \/>\n\t<meta property=\"og:image:height\" content=\"1898\" \/>\n\t<meta property=\"og:image:type\" content=\"image\/jpeg\" \/>\n<meta name=\"twitter:card\" content=\"summary_large_image\" \/>\n<meta name=\"twitter:site\" content=\"@alvarellos_ed\" \/>\n<meta name=\"twitter:label1\" content=\"Tiempo de lectura\" \/>\n\t<meta name=\"twitter:data1\" content=\"1 minuto\" \/>\n<!-- \/ Yoast SEO plugin. -->","yoast_head_json":{"title":"Os exilios que somos - Alvarellos Editora","description":"Os exilios que somos. C\u00f3mprao na tenda en li\u00f1a de Alvarellos Editora.","robots":{"index":"index","follow":"follow","max-snippet":"max-snippet:-1","max-image-preview":"max-image-preview:large","max-video-preview":"max-video-preview:-1"},"canonical":"https:\/\/alvarelloseditora.gal\/es\/libro\/os-exilios-que-somos\/","og_locale":"es_ES","og_type":"article","og_title":"Os exilios que somos - Alvarellos Editora","og_description":"Os exilios que somos. C\u00f3mprao na tenda en li\u00f1a de Alvarellos Editora.","og_url":"https:\/\/alvarelloseditora.gal\/es\/libro\/os-exilios-que-somos\/","og_site_name":"Alvarellos Editora","article_publisher":"https:\/\/www.facebook.com\/alvarelloseditora","article_modified_time":"2021-09-02T09:09:24+00:00","og_image":[{"width":2560,"height":1898,"url":"https:\/\/alvarelloseditora.gal\/wp-content\/uploads\/2021\/09\/Os-exilios-que-somos-alvarellos-ed-febr-2020-scaled.jpg","type":"image\/jpeg"}],"twitter_card":"summary_large_image","twitter_site":"@alvarellos_ed","twitter_misc":{"Tiempo de lectura":"1 minuto"},"schema":{"@context":"https:\/\/schema.org","@graph":[{"@type":["WebPage","ItemPage"],"@id":"https:\/\/alvarelloseditora.gal\/es\/libro\/os-exilios-que-somos\/","url":"https:\/\/alvarelloseditora.gal\/es\/libro\/os-exilios-que-somos\/","name":"Os exilios que somos - Alvarellos Editora","isPartOf":{"@id":"https:\/\/alvarelloseditora.gal\/#website"},"primaryImageOfPage":{"@id":"https:\/\/alvarelloseditora.gal\/es\/libro\/os-exilios-que-somos\/#primaryimage"},"image":{"@id":"https:\/\/alvarelloseditora.gal\/es\/libro\/os-exilios-que-somos\/#primaryimage"},"thumbnailUrl":"https:\/\/alvarelloseditora.gal\/wp-content\/uploads\/2021\/09\/Os-exilios-que-somos-alvarellos-ed-febr-2020-scaled.jpg","datePublished":"2020-09-02T08:57:27+00:00","dateModified":"2021-09-02T09:09:24+00:00","description":"Os exilios que somos. C\u00f3mprao na tenda en li\u00f1a de Alvarellos Editora.","breadcrumb":{"@id":"https:\/\/alvarelloseditora.gal\/es\/libro\/os-exilios-que-somos\/#breadcrumb"},"inLanguage":"es","potentialAction":[{"@type":"ReadAction","target":["https:\/\/alvarelloseditora.gal\/es\/libro\/os-exilios-que-somos\/"]}]},{"@type":"ImageObject","inLanguage":"es","@id":"https:\/\/alvarelloseditora.gal\/es\/libro\/os-exilios-que-somos\/#primaryimage","url":"https:\/\/alvarelloseditora.gal\/wp-content\/uploads\/2021\/09\/Os-exilios-que-somos-alvarellos-ed-febr-2020-scaled.jpg","contentUrl":"https:\/\/alvarelloseditora.gal\/wp-content\/uploads\/2021\/09\/Os-exilios-que-somos-alvarellos-ed-febr-2020-scaled.jpg","width":2560,"height":1898},{"@type":"BreadcrumbList","@id":"https:\/\/alvarelloseditora.gal\/es\/libro\/os-exilios-que-somos\/#breadcrumb","itemListElement":[{"@type":"ListItem","position":1,"name":"Portada","item":"https:\/\/alvarelloseditora.gal\/"},{"@type":"ListItem","position":2,"name":"Tienda","item":"https:\/\/alvarelloseditora.gal\/es\/tienda\/"},{"@type":"ListItem","position":3,"name":"Os exilios que somos"}]},{"@type":"WebSite","@id":"https:\/\/alvarelloseditora.gal\/#website","url":"https:\/\/alvarelloseditora.gal\/","name":"Alvarellos Editora","description":"Libros para un mundo en tr\u00e1nsito","publisher":{"@id":"https:\/\/alvarelloseditora.gal\/#organization"},"potentialAction":[{"@type":"SearchAction","target":{"@type":"EntryPoint","urlTemplate":"https:\/\/alvarelloseditora.gal\/?s={search_term_string}"},"query-input":{"@type":"PropertyValueSpecification","valueRequired":true,"valueName":"search_term_string"}}],"inLanguage":"es"},{"@type":"Organization","@id":"https:\/\/alvarelloseditora.gal\/#organization","name":"Alvarellos Editora","url":"https:\/\/alvarelloseditora.gal\/","logo":{"@type":"ImageObject","inLanguage":"es","@id":"https:\/\/alvarelloseditora.gal\/#\/schema\/logo\/image\/","url":"https:\/\/alvarelloseditora.gal\/wp-content\/uploads\/2020\/02\/alv-icon.png","contentUrl":"https:\/\/alvarelloseditora.gal\/wp-content\/uploads\/2020\/02\/alv-icon.png","width":177,"height":175,"caption":"Alvarellos Editora"},"image":{"@id":"https:\/\/alvarelloseditora.gal\/#\/schema\/logo\/image\/"},"sameAs":["https:\/\/www.facebook.com\/alvarelloseditora","https:\/\/x.com\/alvarellos_ed"]}]}},"_links":{"self":[{"href":"https:\/\/alvarelloseditora.gal\/es\/wp-json\/wp\/v2\/product\/6838","targetHints":{"allow":["GET"]}}],"collection":[{"href":"https:\/\/alvarelloseditora.gal\/es\/wp-json\/wp\/v2\/product"}],"about":[{"href":"https:\/\/alvarelloseditora.gal\/es\/wp-json\/wp\/v2\/types\/product"}],"replies":[{"embeddable":true,"href":"https:\/\/alvarelloseditora.gal\/es\/wp-json\/wp\/v2\/comments?post=6838"}],"wp:featuredmedia":[{"embeddable":true,"href":"https:\/\/alvarelloseditora.gal\/es\/wp-json\/wp\/v2\/media\/6829"}],"wp:attachment":[{"href":"https:\/\/alvarelloseditora.gal\/es\/wp-json\/wp\/v2\/media?parent=6838"}],"wp:term":[{"taxonomy":"product_brand","embeddable":true,"href":"https:\/\/alvarelloseditora.gal\/es\/wp-json\/wp\/v2\/product_brand?post=6838"},{"taxonomy":"product_cat","embeddable":true,"href":"https:\/\/alvarelloseditora.gal\/es\/wp-json\/wp\/v2\/product_cat?post=6838"},{"taxonomy":"product_tag","embeddable":true,"href":"https:\/\/alvarelloseditora.gal\/es\/wp-json\/wp\/v2\/product_tag?post=6838"}],"curies":[{"name":"wp","href":"https:\/\/api.w.org\/{rel}","templated":true}]}}