{"id":6814,"date":"2020-09-01T13:42:52","date_gmt":"2020-09-01T11:42:52","guid":{"rendered":"https:\/\/alvarellos.info\/book\/poema-da-rua-das-aves\/"},"modified":"2024-03-12T19:41:00","modified_gmt":"2024-03-12T18:41:00","slug":"poema-da-rua-das-aves","status":"publish","type":"product","link":"https:\/\/alvarelloseditora.gal\/es\/libro\/poema-da-rua-das-aves\/","title":{"rendered":"Poema da R\u00faa das Aves"},"content":{"rendered":"<p><a href=\"https:\/\/issuu.com\/alvarelloseditora\/docs\/mostra-interior-poema-rua-aves-alvarellos-editora-\" target=\"_blank\" rel=\"noopener\">Ver interior del libro<\/a><\/p>\n<p><a href=\"https:\/\/alvarelloseditora.gal\/wp-content\/uploads\/2021\/09\/NP_C_Poema_Rua_Aves_Alvarellos_Ed.pdf\" target=\"_blank\" rel=\"noopener\">Dossier prensa<\/a><\/p>\n","protected":false},"excerpt":{"rendered":"<p>XLV Premio de Poes\u00eda del Concello de Vilalba<br \/>\n&nbsp;<br \/>\nMiguel Barrera<br \/>\n&nbsp;<\/p>\n<p>&nbsp;<\/p>\n<p>68 pp . 21 x 15 cms.<br \/>\nISBN: 978-84-16460-78-6<\/p>\n<p>&nbsp;<\/p>\n<p>\u00abPoes\u00eda en formato guion\u00bb. As\u00ed define el autor este singular libro de versos que logr\u00f3 en 2019 el XLV Premio de Poes\u00eda del Certamen Literario del Concello de Vilalba (Lugo).<\/p>\n<p>El Poema da R\u00faa das Aves es \u00abimagen en poes\u00eda, poes\u00eda en imagen\u00bb. Surge de un hecho tan real como profundamente po\u00e9tico: en el barrio vilalb\u00e9s de Porta de Cima cada casa era tradicionalmente denominada a partir de un original nombre de ave (que el autor personifica como \u00abAndori\u00f1a do Rego\u00bb, \u00abMoucha Sagrario\u00bb, \u00abBubela Engracia\u00bb&#8230;).<\/p>\n<p>&nbsp;<\/p>\n<p>Sobre esta historia, y utilizando t\u00e9cnicas cinematogr\u00e1ficas, Miguel Barrera elabora un seductor homenaje en verso a este barrio de su villa natal, composiciones que son tambi\u00e9n un tributo a los poetas de Vilalba. A partir de este \u00e1mbito \u00edntimo, Barrera construye toda una met\u00e1fora de Galicia.<\/p>\n<p>&nbsp;<\/p>\n<p>Este poemario incluye once fotograf\u00edas del barrio de Porta de Cima.<\/p>\n","protected":false},"featured_media":6810,"comment_status":"closed","ping_status":"closed","template":"","meta":[],"product_brand":[],"product_cat":[106],"product_tag":[],"class_list":{"0":"post-6814","1":"product","2":"type-product","3":"status-publish","4":"has-post-thumbnail","6":"product_author-miguel-barrera-es","7":"product_cat-libros-do-sarela-es","9":"first","10":"instock","11":"taxable","12":"shipping-taxable","13":"purchasable","14":"product-type-simple"},"yoast_head":"<!-- This site is optimized with the Yoast SEO plugin v27.3 - https:\/\/yoast.com\/product\/yoast-seo-wordpress\/ -->\n<title>Poema da R\u00faa das Aves - Alvarellos Editora<\/title>\n<meta name=\"description\" content=\"Poema da R\u00faa das Aves. C\u00f3mprao na tenda en li\u00f1a de Alvarellos Editora.\" \/>\n<meta name=\"robots\" content=\"index, follow, max-snippet:-1, max-image-preview:large, max-video-preview:-1\" \/>\n<link rel=\"canonical\" href=\"https:\/\/alvarelloseditora.gal\/es\/libro\/poema-da-rua-das-aves\/\" \/>\n<meta property=\"og:locale\" content=\"es_ES\" \/>\n<meta property=\"og:type\" content=\"article\" \/>\n<meta property=\"og:title\" content=\"Poema da R\u00faa das Aves - Alvarellos Editora\" \/>\n<meta property=\"og:description\" content=\"Poema da R\u00faa das Aves. C\u00f3mprao na tenda en li\u00f1a de Alvarellos Editora.\" \/>\n<meta property=\"og:url\" content=\"https:\/\/alvarelloseditora.gal\/es\/libro\/poema-da-rua-das-aves\/\" \/>\n<meta property=\"og:site_name\" content=\"Alvarellos Editora\" \/>\n<meta property=\"article:publisher\" content=\"https:\/\/www.facebook.com\/alvarelloseditora\" \/>\n<meta property=\"article:modified_time\" content=\"2024-03-12T18:41:00+00:00\" \/>\n<meta property=\"og:image\" content=\"https:\/\/alvarelloseditora.gal\/wp-content\/uploads\/2021\/09\/9788416460786PoemaRuaAves-scaled.jpg\" \/>\n\t<meta property=\"og:image:width\" content=\"2560\" \/>\n\t<meta property=\"og:image:height\" content=\"1778\" \/>\n\t<meta property=\"og:image:type\" content=\"image\/jpeg\" \/>\n<meta name=\"twitter:card\" content=\"summary_large_image\" \/>\n<meta name=\"twitter:site\" content=\"@alvarellos_ed\" \/>\n<meta name=\"twitter:label1\" content=\"Tiempo de lectura\" \/>\n\t<meta name=\"twitter:data1\" content=\"1 minuto\" \/>\n<!-- \/ Yoast SEO plugin. -->","yoast_head_json":{"title":"Poema da R\u00faa das Aves - Alvarellos Editora","description":"Poema da R\u00faa das Aves. C\u00f3mprao na tenda en li\u00f1a de Alvarellos Editora.","robots":{"index":"index","follow":"follow","max-snippet":"max-snippet:-1","max-image-preview":"max-image-preview:large","max-video-preview":"max-video-preview:-1"},"canonical":"https:\/\/alvarelloseditora.gal\/es\/libro\/poema-da-rua-das-aves\/","og_locale":"es_ES","og_type":"article","og_title":"Poema da R\u00faa das Aves - Alvarellos Editora","og_description":"Poema da R\u00faa das Aves. C\u00f3mprao na tenda en li\u00f1a de Alvarellos Editora.","og_url":"https:\/\/alvarelloseditora.gal\/es\/libro\/poema-da-rua-das-aves\/","og_site_name":"Alvarellos Editora","article_publisher":"https:\/\/www.facebook.com\/alvarelloseditora","article_modified_time":"2024-03-12T18:41:00+00:00","og_image":[{"width":2560,"height":1778,"url":"https:\/\/alvarelloseditora.gal\/wp-content\/uploads\/2021\/09\/9788416460786PoemaRuaAves-scaled.jpg","type":"image\/jpeg"}],"twitter_card":"summary_large_image","twitter_site":"@alvarellos_ed","twitter_misc":{"Tiempo de lectura":"1 minuto"},"schema":{"@context":"https:\/\/schema.org","@graph":[{"@type":["WebPage","ItemPage"],"@id":"https:\/\/alvarelloseditora.gal\/es\/libro\/poema-da-rua-das-aves\/","url":"https:\/\/alvarelloseditora.gal\/es\/libro\/poema-da-rua-das-aves\/","name":"Poema da R\u00faa das Aves - Alvarellos Editora","isPartOf":{"@id":"https:\/\/alvarelloseditora.gal\/#website"},"primaryImageOfPage":{"@id":"https:\/\/alvarelloseditora.gal\/es\/libro\/poema-da-rua-das-aves\/#primaryimage"},"image":{"@id":"https:\/\/alvarelloseditora.gal\/es\/libro\/poema-da-rua-das-aves\/#primaryimage"},"thumbnailUrl":"https:\/\/alvarelloseditora.gal\/wp-content\/uploads\/2021\/09\/9788416460786PoemaRuaAves-scaled.jpg","datePublished":"2020-09-01T11:42:52+00:00","dateModified":"2024-03-12T18:41:00+00:00","description":"Poema da R\u00faa das Aves. C\u00f3mprao na tenda en li\u00f1a de Alvarellos Editora.","breadcrumb":{"@id":"https:\/\/alvarelloseditora.gal\/es\/libro\/poema-da-rua-das-aves\/#breadcrumb"},"inLanguage":"es","potentialAction":[{"@type":"ReadAction","target":["https:\/\/alvarelloseditora.gal\/es\/libro\/poema-da-rua-das-aves\/"]}]},{"@type":"ImageObject","inLanguage":"es","@id":"https:\/\/alvarelloseditora.gal\/es\/libro\/poema-da-rua-das-aves\/#primaryimage","url":"https:\/\/alvarelloseditora.gal\/wp-content\/uploads\/2021\/09\/9788416460786PoemaRuaAves-scaled.jpg","contentUrl":"https:\/\/alvarelloseditora.gal\/wp-content\/uploads\/2021\/09\/9788416460786PoemaRuaAves-scaled.jpg","width":2560,"height":1778},{"@type":"BreadcrumbList","@id":"https:\/\/alvarelloseditora.gal\/es\/libro\/poema-da-rua-das-aves\/#breadcrumb","itemListElement":[{"@type":"ListItem","position":1,"name":"Portada","item":"https:\/\/alvarelloseditora.gal\/"},{"@type":"ListItem","position":2,"name":"Tienda","item":"https:\/\/alvarelloseditora.gal\/es\/tienda\/"},{"@type":"ListItem","position":3,"name":"Poema da R\u00faa das Aves"}]},{"@type":"WebSite","@id":"https:\/\/alvarelloseditora.gal\/#website","url":"https:\/\/alvarelloseditora.gal\/","name":"Alvarellos Editora","description":"Libros para un mundo en tr\u00e1nsito","publisher":{"@id":"https:\/\/alvarelloseditora.gal\/#organization"},"potentialAction":[{"@type":"SearchAction","target":{"@type":"EntryPoint","urlTemplate":"https:\/\/alvarelloseditora.gal\/?s={search_term_string}"},"query-input":{"@type":"PropertyValueSpecification","valueRequired":true,"valueName":"search_term_string"}}],"inLanguage":"es"},{"@type":"Organization","@id":"https:\/\/alvarelloseditora.gal\/#organization","name":"Alvarellos Editora","url":"https:\/\/alvarelloseditora.gal\/","logo":{"@type":"ImageObject","inLanguage":"es","@id":"https:\/\/alvarelloseditora.gal\/#\/schema\/logo\/image\/","url":"https:\/\/alvarelloseditora.gal\/wp-content\/uploads\/2020\/02\/alv-icon.png","contentUrl":"https:\/\/alvarelloseditora.gal\/wp-content\/uploads\/2020\/02\/alv-icon.png","width":177,"height":175,"caption":"Alvarellos Editora"},"image":{"@id":"https:\/\/alvarelloseditora.gal\/#\/schema\/logo\/image\/"},"sameAs":["https:\/\/www.facebook.com\/alvarelloseditora","https:\/\/x.com\/alvarellos_ed"]}]}},"_links":{"self":[{"href":"https:\/\/alvarelloseditora.gal\/es\/wp-json\/wp\/v2\/product\/6814","targetHints":{"allow":["GET"]}}],"collection":[{"href":"https:\/\/alvarelloseditora.gal\/es\/wp-json\/wp\/v2\/product"}],"about":[{"href":"https:\/\/alvarelloseditora.gal\/es\/wp-json\/wp\/v2\/types\/product"}],"replies":[{"embeddable":true,"href":"https:\/\/alvarelloseditora.gal\/es\/wp-json\/wp\/v2\/comments?post=6814"}],"wp:featuredmedia":[{"embeddable":true,"href":"https:\/\/alvarelloseditora.gal\/es\/wp-json\/wp\/v2\/media\/6810"}],"wp:attachment":[{"href":"https:\/\/alvarelloseditora.gal\/es\/wp-json\/wp\/v2\/media?parent=6814"}],"wp:term":[{"taxonomy":"product_brand","embeddable":true,"href":"https:\/\/alvarelloseditora.gal\/es\/wp-json\/wp\/v2\/product_brand?post=6814"},{"taxonomy":"product_cat","embeddable":true,"href":"https:\/\/alvarelloseditora.gal\/es\/wp-json\/wp\/v2\/product_cat?post=6814"},{"taxonomy":"product_tag","embeddable":true,"href":"https:\/\/alvarelloseditora.gal\/es\/wp-json\/wp\/v2\/product_tag?post=6814"}],"curies":[{"name":"wp","href":"https:\/\/api.w.org\/{rel}","templated":true}]}}