{"id":6767,"date":"2021-05-23T12:28:24","date_gmt":"2021-05-23T10:28:24","guid":{"rendered":"https:\/\/alvarellos.info\/?post_type=product&#038;p=6767"},"modified":"2021-10-07T09:01:00","modified_gmt":"2021-10-07T07:01:00","slug":"ganar-a-vida-cruzando-a-raia","status":"publish","type":"product","link":"https:\/\/alvarelloseditora.gal\/es\/libro\/ganar-a-vida-cruzando-a-raia\/","title":{"rendered":"Ga\u00f1ar a vida cruzando a Raia"},"content":{"rendered":"<p style=\"text-align: justify;\"><a href=\"https:\/\/alvarelloseditora.gal\/wp-content\/uploads\/2021\/07\/NP_ficha_C_Ganar_a_vida_Emigracion_Gallega_a_Portugal.pdf\">NP_ficha_C_Ga\u00f1ar_a_vida_Emigracion_Gallega_a_Portugal<\/a><\/p>\n<p style=\"text-align: justify;\">Este volumen re\u00fane nueve estudios de prestigiosos especialistas luso-galaicos que participaron, durante los d\u00edas 17 y 18 de octubre de 2019, en el seminario<em> Ga\u00f1ar a Vida; salvar a Vida: traballadores e exiliados galegos en Portugal (XVII-XIX)<\/em>, organizado por el Grupo de Investigaci\u00f3n de Historia Moderna de la Universidade de Santiago de Compostela.<\/p>\n<p style=\"text-align: justify;\">En esta obra se recoge la experiencia de m\u00e1s de cuatro d\u00e9cadas de investigaci\u00f3n en com\u00fan sobre la migraci\u00f3n gallega a Portugal, al tiempo que se trazan futuras l\u00edneas de trabajo sobre la movilidad de las gentes del Noroeste.<\/p>\n<p style=\"text-align: justify;\"><strong>Autores\/as participantes:<\/strong><\/p>\n<p style=\"text-align: justify;\">Camilo Fern\u00e1ndez Cortizo<br \/>\nM\u00aa de los \u00c1ngeles Verea Castelo<br \/>\nAurora Bot\u00e3o Rego<br \/>\nEduardo Pires de Oliveira<br \/>\nManuel A. Pereira Couto<br \/>\nJorge Fernandes Alves<br \/>\nHortensio Sobrado Correa<br \/>\nDomingo L. Gonz\u00e1lez Lopo<\/p>\n","protected":false},"excerpt":{"rendered":"<p>Emigraci\u00f3n gallega a Portugal (siglos XVI-XIX)<br \/>\nPp: 353. Formato: 15,5 cms x 23 cms.<br \/>\nISBN 978-84-16460-95-3<\/p>\n","protected":false},"featured_media":6768,"comment_status":"closed","ping_status":"closed","template":"","meta":[],"product_brand":[],"product_cat":[105],"product_tag":[],"class_list":{"0":"post-6767","1":"product","2":"type-product","3":"status-publish","4":"has-post-thumbnail","6":"product_author-varios-autores-es","7":"product_cat-oeste-es","9":"first","10":"instock","11":"taxable","12":"shipping-taxable","13":"purchasable","14":"product-type-simple"},"yoast_head":"<!-- This site is optimized with the Yoast SEO plugin v27.3 - https:\/\/yoast.com\/product\/yoast-seo-wordpress\/ -->\n<title>Ga\u00f1ar a vida cruzando a Raia - Alvarellos Editora<\/title>\n<meta name=\"description\" content=\"Ga\u00f1ar a vida cruzando a Raia. C\u00f3mprao na tenda en li\u00f1a de Alvarellos Editora.\" \/>\n<meta name=\"robots\" content=\"index, follow, max-snippet:-1, max-image-preview:large, max-video-preview:-1\" \/>\n<link rel=\"canonical\" href=\"https:\/\/alvarelloseditora.gal\/es\/libro\/ganar-a-vida-cruzando-a-raia\/\" \/>\n<meta property=\"og:locale\" content=\"es_ES\" \/>\n<meta property=\"og:type\" content=\"article\" \/>\n<meta property=\"og:title\" content=\"Ga\u00f1ar a vida cruzando a Raia - Alvarellos Editora\" \/>\n<meta property=\"og:description\" content=\"Ga\u00f1ar a vida cruzando a Raia. C\u00f3mprao na tenda en li\u00f1a de Alvarellos Editora.\" \/>\n<meta property=\"og:url\" content=\"https:\/\/alvarelloseditora.gal\/es\/libro\/ganar-a-vida-cruzando-a-raia\/\" \/>\n<meta property=\"og:site_name\" content=\"Alvarellos Editora\" \/>\n<meta property=\"article:publisher\" content=\"https:\/\/www.facebook.com\/alvarelloseditora\" \/>\n<meta property=\"article:modified_time\" content=\"2021-10-07T07:01:00+00:00\" \/>\n<meta property=\"og:image\" content=\"https:\/\/alvarelloseditora.gal\/wp-content\/uploads\/2021\/07\/ganaravidacruzandoaraia-scaled.jpg\" \/>\n\t<meta property=\"og:image:width\" content=\"1715\" \/>\n\t<meta property=\"og:image:height\" content=\"2560\" \/>\n\t<meta property=\"og:image:type\" content=\"image\/jpeg\" \/>\n<meta name=\"twitter:card\" content=\"summary_large_image\" \/>\n<meta name=\"twitter:site\" content=\"@alvarellos_ed\" \/>\n<meta name=\"twitter:label1\" content=\"Tiempo de lectura\" \/>\n\t<meta name=\"twitter:data1\" content=\"1 minuto\" \/>\n<!-- \/ Yoast SEO plugin. -->","yoast_head_json":{"title":"Ga\u00f1ar a vida cruzando a Raia - Alvarellos Editora","description":"Ga\u00f1ar a vida cruzando a Raia. C\u00f3mprao na tenda en li\u00f1a de Alvarellos Editora.","robots":{"index":"index","follow":"follow","max-snippet":"max-snippet:-1","max-image-preview":"max-image-preview:large","max-video-preview":"max-video-preview:-1"},"canonical":"https:\/\/alvarelloseditora.gal\/es\/libro\/ganar-a-vida-cruzando-a-raia\/","og_locale":"es_ES","og_type":"article","og_title":"Ga\u00f1ar a vida cruzando a Raia - Alvarellos Editora","og_description":"Ga\u00f1ar a vida cruzando a Raia. C\u00f3mprao na tenda en li\u00f1a de Alvarellos Editora.","og_url":"https:\/\/alvarelloseditora.gal\/es\/libro\/ganar-a-vida-cruzando-a-raia\/","og_site_name":"Alvarellos Editora","article_publisher":"https:\/\/www.facebook.com\/alvarelloseditora","article_modified_time":"2021-10-07T07:01:00+00:00","og_image":[{"width":1715,"height":2560,"url":"https:\/\/alvarelloseditora.gal\/wp-content\/uploads\/2021\/07\/ganaravidacruzandoaraia-scaled.jpg","type":"image\/jpeg"}],"twitter_card":"summary_large_image","twitter_site":"@alvarellos_ed","twitter_misc":{"Tiempo de lectura":"1 minuto"},"schema":{"@context":"https:\/\/schema.org","@graph":[{"@type":["WebPage","ItemPage"],"@id":"https:\/\/alvarelloseditora.gal\/es\/libro\/ganar-a-vida-cruzando-a-raia\/","url":"https:\/\/alvarelloseditora.gal\/es\/libro\/ganar-a-vida-cruzando-a-raia\/","name":"Ga\u00f1ar a vida cruzando a Raia - Alvarellos Editora","isPartOf":{"@id":"https:\/\/alvarelloseditora.gal\/#website"},"primaryImageOfPage":{"@id":"https:\/\/alvarelloseditora.gal\/es\/libro\/ganar-a-vida-cruzando-a-raia\/#primaryimage"},"image":{"@id":"https:\/\/alvarelloseditora.gal\/es\/libro\/ganar-a-vida-cruzando-a-raia\/#primaryimage"},"thumbnailUrl":"https:\/\/alvarelloseditora.gal\/wp-content\/uploads\/2021\/07\/ganaravidacruzandoaraia-scaled.jpg","datePublished":"2021-05-23T10:28:24+00:00","dateModified":"2021-10-07T07:01:00+00:00","description":"Ga\u00f1ar a vida cruzando a Raia. C\u00f3mprao na tenda en li\u00f1a de Alvarellos Editora.","breadcrumb":{"@id":"https:\/\/alvarelloseditora.gal\/es\/libro\/ganar-a-vida-cruzando-a-raia\/#breadcrumb"},"inLanguage":"es","potentialAction":[{"@type":"ReadAction","target":["https:\/\/alvarelloseditora.gal\/es\/libro\/ganar-a-vida-cruzando-a-raia\/"]}]},{"@type":"ImageObject","inLanguage":"es","@id":"https:\/\/alvarelloseditora.gal\/es\/libro\/ganar-a-vida-cruzando-a-raia\/#primaryimage","url":"https:\/\/alvarelloseditora.gal\/wp-content\/uploads\/2021\/07\/ganaravidacruzandoaraia-scaled.jpg","contentUrl":"https:\/\/alvarelloseditora.gal\/wp-content\/uploads\/2021\/07\/ganaravidacruzandoaraia-scaled.jpg","width":1715,"height":2560},{"@type":"BreadcrumbList","@id":"https:\/\/alvarelloseditora.gal\/es\/libro\/ganar-a-vida-cruzando-a-raia\/#breadcrumb","itemListElement":[{"@type":"ListItem","position":1,"name":"Portada","item":"https:\/\/alvarelloseditora.gal\/"},{"@type":"ListItem","position":2,"name":"Tienda","item":"https:\/\/alvarelloseditora.gal\/es\/tienda\/"},{"@type":"ListItem","position":3,"name":"Ga\u00f1ar a vida cruzando a Raia"}]},{"@type":"WebSite","@id":"https:\/\/alvarelloseditora.gal\/#website","url":"https:\/\/alvarelloseditora.gal\/","name":"Alvarellos Editora","description":"Libros para un mundo en tr\u00e1nsito","publisher":{"@id":"https:\/\/alvarelloseditora.gal\/#organization"},"potentialAction":[{"@type":"SearchAction","target":{"@type":"EntryPoint","urlTemplate":"https:\/\/alvarelloseditora.gal\/?s={search_term_string}"},"query-input":{"@type":"PropertyValueSpecification","valueRequired":true,"valueName":"search_term_string"}}],"inLanguage":"es"},{"@type":"Organization","@id":"https:\/\/alvarelloseditora.gal\/#organization","name":"Alvarellos Editora","url":"https:\/\/alvarelloseditora.gal\/","logo":{"@type":"ImageObject","inLanguage":"es","@id":"https:\/\/alvarelloseditora.gal\/#\/schema\/logo\/image\/","url":"https:\/\/alvarelloseditora.gal\/wp-content\/uploads\/2020\/02\/alv-icon.png","contentUrl":"https:\/\/alvarelloseditora.gal\/wp-content\/uploads\/2020\/02\/alv-icon.png","width":177,"height":175,"caption":"Alvarellos Editora"},"image":{"@id":"https:\/\/alvarelloseditora.gal\/#\/schema\/logo\/image\/"},"sameAs":["https:\/\/www.facebook.com\/alvarelloseditora","https:\/\/x.com\/alvarellos_ed"]}]}},"_links":{"self":[{"href":"https:\/\/alvarelloseditora.gal\/es\/wp-json\/wp\/v2\/product\/6767","targetHints":{"allow":["GET"]}}],"collection":[{"href":"https:\/\/alvarelloseditora.gal\/es\/wp-json\/wp\/v2\/product"}],"about":[{"href":"https:\/\/alvarelloseditora.gal\/es\/wp-json\/wp\/v2\/types\/product"}],"replies":[{"embeddable":true,"href":"https:\/\/alvarelloseditora.gal\/es\/wp-json\/wp\/v2\/comments?post=6767"}],"wp:featuredmedia":[{"embeddable":true,"href":"https:\/\/alvarelloseditora.gal\/es\/wp-json\/wp\/v2\/media\/6768"}],"wp:attachment":[{"href":"https:\/\/alvarelloseditora.gal\/es\/wp-json\/wp\/v2\/media?parent=6767"}],"wp:term":[{"taxonomy":"product_brand","embeddable":true,"href":"https:\/\/alvarelloseditora.gal\/es\/wp-json\/wp\/v2\/product_brand?post=6767"},{"taxonomy":"product_cat","embeddable":true,"href":"https:\/\/alvarelloseditora.gal\/es\/wp-json\/wp\/v2\/product_cat?post=6767"},{"taxonomy":"product_tag","embeddable":true,"href":"https:\/\/alvarelloseditora.gal\/es\/wp-json\/wp\/v2\/product_tag?post=6767"}],"curies":[{"name":"wp","href":"https:\/\/api.w.org\/{rel}","templated":true}]}}