{"id":6644,"date":"2021-07-01T11:58:03","date_gmt":"2021-10-01T09:58:03","guid":{"rendered":"https:\/\/alvarellos.info\/book\/galiza-e-feminismo-en-emilia-pardo-bazan\/"},"modified":"2021-11-11T18:17:11","modified_gmt":"2021-11-11T17:17:11","slug":"galiza-e-feminismo-en-emilia-pardo-bazan","status":"publish","type":"product","link":"https:\/\/alvarelloseditora.gal\/es\/libro\/galiza-e-feminismo-en-emilia-pardo-bazan\/","title":{"rendered":"Galiza e feminismo en Emilia Pardo Baz\u00e1n"},"content":{"rendered":"<p><a href=\"https:\/\/alvarelloseditora.gal\/wp-content\/uploads\/2021\/07\/NP_gal_Galiza_e_Feminismo_en_EPB.pdf\">NP_gal_Galiza_e_Feminismo_en_EPB<\/a><\/p>\n<p><a href=\"https:\/\/www.lavozdegalicia.es\/noticia\/cultura\/2021\/07\/09\/span-langglpardo-bazan-unha-feminista-cativaspan\/0003_202107G9P38991.htm\">Pardo Baz\u00e1n, unha feminista cativa<\/a><\/p>\n<p><a href=\"https:\/\/www.elprogreso.es\/articulo\/sociedad\/ensayo-sugiere-que-pardo-bazan-repudiaba-gallego-como-lengua-formal\/202107082234301513176.html\">Un ensayo sugiere que Pardo Baz\u00e1n \u00abrepudiaba\u00bb el gallego como lengua formal<\/a><\/p>\n<p><a href=\"https:\/\/www.laopinioncoruna.es\/coruna\/2021\/07\/19\/o-centenario-pardo-bazan-converteuse-55191585.html\">\u201cO centenario de Pardo Baz\u00e1n converteuse nunha conmemoraci\u00f3n falsa da s\u00faa persoa\u201d<\/a><\/p>\n<p><a href=\"https:\/\/www.nosdiario.gal\/articulo\/cultura\/outra-vision-emilia-pardo-bazan\/20210708172632125064.html\">Outra visi\u00f3n sobre Emilia Pardo Baz\u00e1n<\/a><\/p>\n<p>&nbsp;<\/p>\n<p>La autora del presente volumen formula \u2013y da respuesta\u2013 a varias cuestiones relevantes alrededor de la personalidad y de la obra de Emilia Pardo Baz\u00e1n (A Coru\u00f1a, 1851-Madrid, 1921), escritora plenamente integrada en la literatura espa\u00f1ola de fines del XIX y comienzo del XX.<\/p>\n<p>Mar\u00eda Pilar Garc\u00eda Negro examina, por una parte, el feminismo de la narradora y se pregunta si miraba realmente con gafas \u00abvioleta\u00bb o eran por el contrario unas lentes \u201cde clase\u201d. Por otro lado, analiza la manera en que Pardo Baz\u00e1n ejerc\u00eda de gallega y, sobre todo, que imagen de Galicia construy\u00f3 y difundi\u00f3 por Espa\u00f1a. En tercer lugar, se aborda tambi\u00e9n en estas p\u00e1ginas el posicionamiento pol\u00edtico o ideol\u00f3gico de la reconocida autora. \u00bfEra do\u00f1a Emilia liberal o profundamente conservadora? \u00bfC\u00f3mo encajaba su aristocratismo en todo su pensamiento?<\/p>\n<p>Su actitud ante la lengua y la literatura gallegas y el tratamiento en concreto que le dispens\u00f3 a Rosal\u00eda de Castro son otras de las cuestiones cruciales abordadas detenidamente en este ensayo.<\/p>\n<p>Mar\u00eda Pilar Garc\u00eda Negro deja hablar, en todos estos asuntos, a la propia Emilia Pardo Baz\u00e1n. Ser\u00e1 ella, a trav\u00e9s de sus obras y de sus declaraciones, la que va a ir retrat\u00e1ndose. El resultado brinda una mirada muy diferente a la mayor\u00eda de estudios y libros publicados hasta hoy sobre la condesa de Pardo Baz\u00e1n, en un a\u00f1o como el 2021 en el que Galicia y Espa\u00f1a conmemoran el centenario de su muerte.<\/p>\n","protected":false},"excerpt":{"rendered":"<p>M\u00aa Pilar Garc\u00eda Negro<br \/>\n&nbsp;<br \/>\nPp: 158. Formato 13 x 23 cms.<br \/>\nISBN 978-84-18567-07-0<br \/>\n&nbsp;<\/p>\n<p>La profesora e investigadora Mar\u00eda Pilar Garc\u00eda Negro examina, en este ensayo, el feminismo de Emilia Pardo Baz\u00e1n, su actitud ante la lengua y literatura gallegas o el trato que dispens\u00f3 a Rosal\u00eda de Castro; tambi\u00e9n, el modo en que la autora coru\u00f1esa ejerc\u00eda de gallega y la imagen que proyectaba de su tierra; y, por \u00faltimo, su posicionamiento ideol\u00f3gico o pol\u00edtico. En todos estos asuntos, deja hablar a la propia Pardo Baz\u00e1n, quien ir\u00e1 retrat\u00e1ndose a trav\u00e9s de sus obras o declaraciones. Este volumen presenta una mirada muy diferente a la de los estudios y libros publicados hasta hoy sobre la reconocida narradora. En 2021 Galicia y Espa\u00f1a conmemoran el centenario de la muerte de Emilia Pardo Baz\u00e1n.<\/p>\n","protected":false},"featured_media":6643,"comment_status":"closed","ping_status":"closed","template":"","meta":[],"product_brand":[],"product_cat":[105],"product_tag":[],"class_list":{"0":"post-6644","1":"product","2":"type-product","3":"status-publish","4":"has-post-thumbnail","6":"product_author-ma-pilar-garcia-negro-es","7":"product_cat-oeste-es","9":"first","10":"instock","11":"taxable","12":"shipping-taxable","13":"purchasable","14":"product-type-simple"},"yoast_head":"<!-- This site is optimized with the Yoast SEO plugin v27.3 - https:\/\/yoast.com\/product\/yoast-seo-wordpress\/ -->\n<title>Galiza e feminismo en Emilia Pardo Baz\u00e1n - Alvarellos Editora<\/title>\n<meta name=\"description\" content=\"Galiza e feminismo en Emilia Pardo Baz\u00e1n. C\u00f3mprao na tenda en li\u00f1a de Alvarellos Editora.\" \/>\n<meta name=\"robots\" content=\"index, follow, max-snippet:-1, max-image-preview:large, max-video-preview:-1\" \/>\n<link rel=\"canonical\" href=\"https:\/\/alvarelloseditora.gal\/es\/libro\/galiza-e-feminismo-en-emilia-pardo-bazan\/\" \/>\n<meta property=\"og:locale\" content=\"es_ES\" \/>\n<meta property=\"og:type\" content=\"article\" \/>\n<meta property=\"og:title\" content=\"Galiza e feminismo en Emilia Pardo Baz\u00e1n - Alvarellos Editora\" \/>\n<meta property=\"og:description\" content=\"Galiza e feminismo en Emilia Pardo Baz\u00e1n. C\u00f3mprao na tenda en li\u00f1a de Alvarellos Editora.\" \/>\n<meta property=\"og:url\" content=\"https:\/\/alvarelloseditora.gal\/es\/libro\/galiza-e-feminismo-en-emilia-pardo-bazan\/\" \/>\n<meta property=\"og:site_name\" content=\"Alvarellos Editora\" \/>\n<meta property=\"article:publisher\" content=\"https:\/\/www.facebook.com\/alvarelloseditora\" \/>\n<meta property=\"article:modified_time\" content=\"2021-11-11T17:17:11+00:00\" \/>\n<meta property=\"og:image\" content=\"https:\/\/alvarelloseditora.gal\/wp-content\/uploads\/2021\/07\/Galiza-e-feminismo-en-Emilia-Pardo-Bazan-scaled.jpg\" \/>\n\t<meta property=\"og:image:width\" content=\"1503\" \/>\n\t<meta property=\"og:image:height\" content=\"2560\" \/>\n\t<meta property=\"og:image:type\" content=\"image\/jpeg\" \/>\n<meta name=\"twitter:card\" content=\"summary_large_image\" \/>\n<meta name=\"twitter:site\" content=\"@alvarellos_ed\" \/>\n<meta name=\"twitter:label1\" content=\"Tiempo de lectura\" \/>\n\t<meta name=\"twitter:data1\" content=\"2 minutos\" \/>\n<!-- \/ Yoast SEO plugin. -->","yoast_head_json":{"title":"Galiza e feminismo en Emilia Pardo Baz\u00e1n - Alvarellos Editora","description":"Galiza e feminismo en Emilia Pardo Baz\u00e1n. C\u00f3mprao na tenda en li\u00f1a de Alvarellos Editora.","robots":{"index":"index","follow":"follow","max-snippet":"max-snippet:-1","max-image-preview":"max-image-preview:large","max-video-preview":"max-video-preview:-1"},"canonical":"https:\/\/alvarelloseditora.gal\/es\/libro\/galiza-e-feminismo-en-emilia-pardo-bazan\/","og_locale":"es_ES","og_type":"article","og_title":"Galiza e feminismo en Emilia Pardo Baz\u00e1n - Alvarellos Editora","og_description":"Galiza e feminismo en Emilia Pardo Baz\u00e1n. C\u00f3mprao na tenda en li\u00f1a de Alvarellos Editora.","og_url":"https:\/\/alvarelloseditora.gal\/es\/libro\/galiza-e-feminismo-en-emilia-pardo-bazan\/","og_site_name":"Alvarellos Editora","article_publisher":"https:\/\/www.facebook.com\/alvarelloseditora","article_modified_time":"2021-11-11T17:17:11+00:00","og_image":[{"width":1503,"height":2560,"url":"https:\/\/alvarelloseditora.gal\/wp-content\/uploads\/2021\/07\/Galiza-e-feminismo-en-Emilia-Pardo-Bazan-scaled.jpg","type":"image\/jpeg"}],"twitter_card":"summary_large_image","twitter_site":"@alvarellos_ed","twitter_misc":{"Tiempo de lectura":"2 minutos"},"schema":{"@context":"https:\/\/schema.org","@graph":[{"@type":["WebPage","ItemPage"],"@id":"https:\/\/alvarelloseditora.gal\/es\/libro\/galiza-e-feminismo-en-emilia-pardo-bazan\/","url":"https:\/\/alvarelloseditora.gal\/es\/libro\/galiza-e-feminismo-en-emilia-pardo-bazan\/","name":"Galiza e feminismo en Emilia Pardo Baz\u00e1n - Alvarellos Editora","isPartOf":{"@id":"https:\/\/alvarelloseditora.gal\/#website"},"primaryImageOfPage":{"@id":"https:\/\/alvarelloseditora.gal\/es\/libro\/galiza-e-feminismo-en-emilia-pardo-bazan\/#primaryimage"},"image":{"@id":"https:\/\/alvarelloseditora.gal\/es\/libro\/galiza-e-feminismo-en-emilia-pardo-bazan\/#primaryimage"},"thumbnailUrl":"https:\/\/alvarelloseditora.gal\/wp-content\/uploads\/2021\/07\/Galiza-e-feminismo-en-Emilia-Pardo-Bazan-scaled.jpg","datePublished":"2021-10-01T09:58:03+00:00","dateModified":"2021-11-11T17:17:11+00:00","description":"Galiza e feminismo en Emilia Pardo Baz\u00e1n. C\u00f3mprao na tenda en li\u00f1a de Alvarellos Editora.","breadcrumb":{"@id":"https:\/\/alvarelloseditora.gal\/es\/libro\/galiza-e-feminismo-en-emilia-pardo-bazan\/#breadcrumb"},"inLanguage":"es","potentialAction":[{"@type":"ReadAction","target":["https:\/\/alvarelloseditora.gal\/es\/libro\/galiza-e-feminismo-en-emilia-pardo-bazan\/"]}]},{"@type":"ImageObject","inLanguage":"es","@id":"https:\/\/alvarelloseditora.gal\/es\/libro\/galiza-e-feminismo-en-emilia-pardo-bazan\/#primaryimage","url":"https:\/\/alvarelloseditora.gal\/wp-content\/uploads\/2021\/07\/Galiza-e-feminismo-en-Emilia-Pardo-Bazan-scaled.jpg","contentUrl":"https:\/\/alvarelloseditora.gal\/wp-content\/uploads\/2021\/07\/Galiza-e-feminismo-en-Emilia-Pardo-Bazan-scaled.jpg","width":1503,"height":2560},{"@type":"BreadcrumbList","@id":"https:\/\/alvarelloseditora.gal\/es\/libro\/galiza-e-feminismo-en-emilia-pardo-bazan\/#breadcrumb","itemListElement":[{"@type":"ListItem","position":1,"name":"Portada","item":"https:\/\/alvarelloseditora.gal\/"},{"@type":"ListItem","position":2,"name":"Tienda","item":"https:\/\/alvarelloseditora.gal\/es\/tienda\/"},{"@type":"ListItem","position":3,"name":"Galiza e feminismo en Emilia Pardo Baz\u00e1n"}]},{"@type":"WebSite","@id":"https:\/\/alvarelloseditora.gal\/#website","url":"https:\/\/alvarelloseditora.gal\/","name":"Alvarellos Editora","description":"Libros para un mundo en tr\u00e1nsito","publisher":{"@id":"https:\/\/alvarelloseditora.gal\/#organization"},"potentialAction":[{"@type":"SearchAction","target":{"@type":"EntryPoint","urlTemplate":"https:\/\/alvarelloseditora.gal\/?s={search_term_string}"},"query-input":{"@type":"PropertyValueSpecification","valueRequired":true,"valueName":"search_term_string"}}],"inLanguage":"es"},{"@type":"Organization","@id":"https:\/\/alvarelloseditora.gal\/#organization","name":"Alvarellos Editora","url":"https:\/\/alvarelloseditora.gal\/","logo":{"@type":"ImageObject","inLanguage":"es","@id":"https:\/\/alvarelloseditora.gal\/#\/schema\/logo\/image\/","url":"https:\/\/alvarelloseditora.gal\/wp-content\/uploads\/2020\/02\/alv-icon.png","contentUrl":"https:\/\/alvarelloseditora.gal\/wp-content\/uploads\/2020\/02\/alv-icon.png","width":177,"height":175,"caption":"Alvarellos Editora"},"image":{"@id":"https:\/\/alvarelloseditora.gal\/#\/schema\/logo\/image\/"},"sameAs":["https:\/\/www.facebook.com\/alvarelloseditora","https:\/\/x.com\/alvarellos_ed"]}]}},"_links":{"self":[{"href":"https:\/\/alvarelloseditora.gal\/es\/wp-json\/wp\/v2\/product\/6644","targetHints":{"allow":["GET"]}}],"collection":[{"href":"https:\/\/alvarelloseditora.gal\/es\/wp-json\/wp\/v2\/product"}],"about":[{"href":"https:\/\/alvarelloseditora.gal\/es\/wp-json\/wp\/v2\/types\/product"}],"replies":[{"embeddable":true,"href":"https:\/\/alvarelloseditora.gal\/es\/wp-json\/wp\/v2\/comments?post=6644"}],"wp:featuredmedia":[{"embeddable":true,"href":"https:\/\/alvarelloseditora.gal\/es\/wp-json\/wp\/v2\/media\/6643"}],"wp:attachment":[{"href":"https:\/\/alvarelloseditora.gal\/es\/wp-json\/wp\/v2\/media?parent=6644"}],"wp:term":[{"taxonomy":"product_brand","embeddable":true,"href":"https:\/\/alvarelloseditora.gal\/es\/wp-json\/wp\/v2\/product_brand?post=6644"},{"taxonomy":"product_cat","embeddable":true,"href":"https:\/\/alvarelloseditora.gal\/es\/wp-json\/wp\/v2\/product_cat?post=6644"},{"taxonomy":"product_tag","embeddable":true,"href":"https:\/\/alvarelloseditora.gal\/es\/wp-json\/wp\/v2\/product_tag?post=6644"}],"curies":[{"name":"wp","href":"https:\/\/api.w.org\/{rel}","templated":true}]}}