{"id":6621,"date":"2020-06-25T12:31:43","date_gmt":"2021-06-25T10:31:43","guid":{"rendered":"https:\/\/alvarellos.info\/?post_type=product&#038;p=6621"},"modified":"2021-06-28T11:14:55","modified_gmt":"2021-06-28T09:14:55","slug":"antonio-lopez-ferreiro-1837-1910-cartone","status":"publish","type":"product","link":"https:\/\/alvarelloseditora.gal\/es\/libro\/antonio-lopez-ferreiro-1837-1910-cartone\/","title":{"rendered":"Antonio L\u00f3pez Ferreiro [1837-1910]  (carton\u00e9)"},"content":{"rendered":"","protected":false},"excerpt":{"rendered":"<p>Can\u00f3nigo, historiador y novelista compostelano<br \/>\n(Versi\u00f3n en carton\u00e9)<\/p>\n<p>Formato: 1136 pp. 16&#215;24 cms<br \/>\nISBN (carton\u00e9): 978-84-89323-86-5<br \/>\nGran biograf\u00eda<br \/>\n&nbsp;<\/p>\n<p>Un volumen de m\u00e1s de 1.100 p\u00e1ginas. Se revelan numerosos datos, documentos e ilustraciones in\u00e9ditos.<\/p>\n<p>La esperada biograf\u00eda de un personaje fundamental en la Galicia del siglo XIX: Antonio L\u00f3pez Ferreiro. El profesor Carlos Santos Fern\u00e1ndez (A Coru\u00f1a, 1961) culmina con esta obra un proligio trabajo de investigaci\u00f3n en el que se revelan numerosos datos in\u00e9ditos y se aportan valiosos documentos procedentes de los archivos persoales del historiador. Cerca de un ciento de ilustraciones enriquecen este libro de m\u00e1s de 1100 p\u00e1ginas, muchas de ellas tambi\u00e9n desconocidas hasta el d\u00eda de hoy<\/p>\n","protected":false},"featured_media":6627,"comment_status":"closed","ping_status":"closed","template":"","meta":[],"product_brand":[],"product_cat":[109],"product_tag":[],"class_list":{"0":"post-6621","1":"product","2":"type-product","3":"status-publish","4":"has-post-thumbnail","6":"product_cat-varia-es","8":"first","9":"instock","10":"taxable","11":"shipping-taxable","12":"purchasable","13":"product-type-simple"},"yoast_head":"<!-- This site is optimized with the Yoast SEO plugin v27.3 - https:\/\/yoast.com\/product\/yoast-seo-wordpress\/ -->\n<title>Antonio L\u00f3pez Ferreiro [1837-1910] (carton\u00e9) - Alvarellos Editora<\/title>\n<meta name=\"description\" content=\"Antonio L\u00f3pez Ferreiro [1837-1910] (carton\u00e9). C\u00f3mprao na tenda en li\u00f1a de Alvarellos Editora.\" \/>\n<meta name=\"robots\" content=\"index, follow, max-snippet:-1, max-image-preview:large, max-video-preview:-1\" \/>\n<link rel=\"canonical\" href=\"https:\/\/alvarelloseditora.gal\/es\/libro\/antonio-lopez-ferreiro-1837-1910-cartone\/\" \/>\n<meta property=\"og:locale\" content=\"es_ES\" \/>\n<meta property=\"og:type\" content=\"article\" \/>\n<meta property=\"og:title\" content=\"Antonio L\u00f3pez Ferreiro [1837-1910] (carton\u00e9) - Alvarellos Editora\" \/>\n<meta property=\"og:description\" content=\"Antonio L\u00f3pez Ferreiro [1837-1910] (carton\u00e9). C\u00f3mprao na tenda en li\u00f1a de Alvarellos Editora.\" \/>\n<meta property=\"og:url\" content=\"https:\/\/alvarelloseditora.gal\/es\/libro\/antonio-lopez-ferreiro-1837-1910-cartone\/\" \/>\n<meta property=\"og:site_name\" content=\"Alvarellos Editora\" \/>\n<meta property=\"article:publisher\" content=\"https:\/\/www.facebook.com\/alvarelloseditora\" \/>\n<meta property=\"article:modified_time\" content=\"2021-06-28T09:14:55+00:00\" \/>\n<meta property=\"og:image\" content=\"https:\/\/alvarelloseditora.gal\/wp-content\/uploads\/2020\/06\/Antonio-Lopez-Ferreiro-scaled.jpg\" \/>\n\t<meta property=\"og:image:width\" content=\"1822\" \/>\n\t<meta property=\"og:image:height\" content=\"2560\" \/>\n\t<meta property=\"og:image:type\" content=\"image\/jpeg\" \/>\n<meta name=\"twitter:card\" content=\"summary_large_image\" \/>\n<meta name=\"twitter:site\" content=\"@alvarellos_ed\" \/>\n<!-- \/ Yoast SEO plugin. -->","yoast_head_json":{"title":"Antonio L\u00f3pez Ferreiro [1837-1910] (carton\u00e9) - Alvarellos Editora","description":"Antonio L\u00f3pez Ferreiro [1837-1910] (carton\u00e9). C\u00f3mprao na tenda en li\u00f1a de Alvarellos Editora.","robots":{"index":"index","follow":"follow","max-snippet":"max-snippet:-1","max-image-preview":"max-image-preview:large","max-video-preview":"max-video-preview:-1"},"canonical":"https:\/\/alvarelloseditora.gal\/es\/libro\/antonio-lopez-ferreiro-1837-1910-cartone\/","og_locale":"es_ES","og_type":"article","og_title":"Antonio L\u00f3pez Ferreiro [1837-1910] (carton\u00e9) - Alvarellos Editora","og_description":"Antonio L\u00f3pez Ferreiro [1837-1910] (carton\u00e9). C\u00f3mprao na tenda en li\u00f1a de Alvarellos Editora.","og_url":"https:\/\/alvarelloseditora.gal\/es\/libro\/antonio-lopez-ferreiro-1837-1910-cartone\/","og_site_name":"Alvarellos Editora","article_publisher":"https:\/\/www.facebook.com\/alvarelloseditora","article_modified_time":"2021-06-28T09:14:55+00:00","og_image":[{"width":1822,"height":2560,"url":"https:\/\/alvarelloseditora.gal\/wp-content\/uploads\/2020\/06\/Antonio-Lopez-Ferreiro-scaled.jpg","type":"image\/jpeg"}],"twitter_card":"summary_large_image","twitter_site":"@alvarellos_ed","schema":{"@context":"https:\/\/schema.org","@graph":[{"@type":["WebPage","ItemPage"],"@id":"https:\/\/alvarelloseditora.gal\/es\/libro\/antonio-lopez-ferreiro-1837-1910-cartone\/","url":"https:\/\/alvarelloseditora.gal\/es\/libro\/antonio-lopez-ferreiro-1837-1910-cartone\/","name":"Antonio L\u00f3pez Ferreiro [1837-1910] (carton\u00e9) - Alvarellos Editora","isPartOf":{"@id":"https:\/\/alvarelloseditora.gal\/#website"},"primaryImageOfPage":{"@id":"https:\/\/alvarelloseditora.gal\/es\/libro\/antonio-lopez-ferreiro-1837-1910-cartone\/#primaryimage"},"image":{"@id":"https:\/\/alvarelloseditora.gal\/es\/libro\/antonio-lopez-ferreiro-1837-1910-cartone\/#primaryimage"},"thumbnailUrl":"https:\/\/alvarelloseditora.gal\/wp-content\/uploads\/2020\/06\/Antonio-Lopez-Ferreiro-scaled.jpg","datePublished":"2021-06-25T10:31:43+00:00","dateModified":"2021-06-28T09:14:55+00:00","description":"Antonio L\u00f3pez Ferreiro [1837-1910] (carton\u00e9). C\u00f3mprao na tenda en li\u00f1a de Alvarellos Editora.","breadcrumb":{"@id":"https:\/\/alvarelloseditora.gal\/es\/libro\/antonio-lopez-ferreiro-1837-1910-cartone\/#breadcrumb"},"inLanguage":"es","potentialAction":[{"@type":"ReadAction","target":["https:\/\/alvarelloseditora.gal\/es\/libro\/antonio-lopez-ferreiro-1837-1910-cartone\/"]}]},{"@type":"ImageObject","inLanguage":"es","@id":"https:\/\/alvarelloseditora.gal\/es\/libro\/antonio-lopez-ferreiro-1837-1910-cartone\/#primaryimage","url":"https:\/\/alvarelloseditora.gal\/wp-content\/uploads\/2020\/06\/Antonio-Lopez-Ferreiro-scaled.jpg","contentUrl":"https:\/\/alvarelloseditora.gal\/wp-content\/uploads\/2020\/06\/Antonio-Lopez-Ferreiro-scaled.jpg","width":1822,"height":2560},{"@type":"BreadcrumbList","@id":"https:\/\/alvarelloseditora.gal\/es\/libro\/antonio-lopez-ferreiro-1837-1910-cartone\/#breadcrumb","itemListElement":[{"@type":"ListItem","position":1,"name":"Portada","item":"https:\/\/alvarelloseditora.gal\/"},{"@type":"ListItem","position":2,"name":"Tienda","item":"https:\/\/alvarelloseditora.gal\/es\/tienda\/"},{"@type":"ListItem","position":3,"name":"Antonio L\u00f3pez Ferreiro [1837-1910] (carton\u00e9)"}]},{"@type":"WebSite","@id":"https:\/\/alvarelloseditora.gal\/#website","url":"https:\/\/alvarelloseditora.gal\/","name":"Alvarellos Editora","description":"Libros para un mundo en tr\u00e1nsito","publisher":{"@id":"https:\/\/alvarelloseditora.gal\/#organization"},"potentialAction":[{"@type":"SearchAction","target":{"@type":"EntryPoint","urlTemplate":"https:\/\/alvarelloseditora.gal\/?s={search_term_string}"},"query-input":{"@type":"PropertyValueSpecification","valueRequired":true,"valueName":"search_term_string"}}],"inLanguage":"es"},{"@type":"Organization","@id":"https:\/\/alvarelloseditora.gal\/#organization","name":"Alvarellos Editora","url":"https:\/\/alvarelloseditora.gal\/","logo":{"@type":"ImageObject","inLanguage":"es","@id":"https:\/\/alvarelloseditora.gal\/#\/schema\/logo\/image\/","url":"https:\/\/alvarelloseditora.gal\/wp-content\/uploads\/2020\/02\/alv-icon.png","contentUrl":"https:\/\/alvarelloseditora.gal\/wp-content\/uploads\/2020\/02\/alv-icon.png","width":177,"height":175,"caption":"Alvarellos Editora"},"image":{"@id":"https:\/\/alvarelloseditora.gal\/#\/schema\/logo\/image\/"},"sameAs":["https:\/\/www.facebook.com\/alvarelloseditora","https:\/\/x.com\/alvarellos_ed"]}]}},"_links":{"self":[{"href":"https:\/\/alvarelloseditora.gal\/es\/wp-json\/wp\/v2\/product\/6621","targetHints":{"allow":["GET"]}}],"collection":[{"href":"https:\/\/alvarelloseditora.gal\/es\/wp-json\/wp\/v2\/product"}],"about":[{"href":"https:\/\/alvarelloseditora.gal\/es\/wp-json\/wp\/v2\/types\/product"}],"replies":[{"embeddable":true,"href":"https:\/\/alvarelloseditora.gal\/es\/wp-json\/wp\/v2\/comments?post=6621"}],"wp:featuredmedia":[{"embeddable":true,"href":"https:\/\/alvarelloseditora.gal\/es\/wp-json\/wp\/v2\/media\/6627"}],"wp:attachment":[{"href":"https:\/\/alvarelloseditora.gal\/es\/wp-json\/wp\/v2\/media?parent=6621"}],"wp:term":[{"taxonomy":"product_brand","embeddable":true,"href":"https:\/\/alvarelloseditora.gal\/es\/wp-json\/wp\/v2\/product_brand?post=6621"},{"taxonomy":"product_cat","embeddable":true,"href":"https:\/\/alvarelloseditora.gal\/es\/wp-json\/wp\/v2\/product_cat?post=6621"},{"taxonomy":"product_tag","embeddable":true,"href":"https:\/\/alvarelloseditora.gal\/es\/wp-json\/wp\/v2\/product_tag?post=6621"}],"curies":[{"name":"wp","href":"https:\/\/api.w.org\/{rel}","templated":true}]}}