{"id":6607,"date":"2019-12-27T13:40:05","date_gmt":"2019-12-27T13:40:05","guid":{"rendered":"https:\/\/alvarellos.info\/book\/patrimonio-natural-2\/"},"modified":"2021-06-25T11:13:25","modified_gmt":"2021-06-25T09:13:25","slug":"patrimonio-natural-2","status":"publish","type":"product","link":"https:\/\/alvarelloseditora.gal\/es\/libro\/patrimonio-natural-2\/","title":{"rendered":"PATRIMONIO NATURAL"},"content":{"rendered":"<p><em>18\/04\/2012<\/em>, massalamanca.es, \u00abLa exposici\u00f3n \u00abPatrimonio Natural\u00bb finaliza en Salamanca su recorrido\u00bb<\/p>\n<p><em>08\/02\/2012<\/em>, Extremadura de Hoy, \u00abEl Centro Cultural Alcazaba alberga una exposici\u00f3n sobre el patrimonio natural de las ciudades que conforman el GCPHE\u00bb<\/p>\n<p><a href=\"http:\/\/www.vocesdecuenca.com\/frontend\/voces\/El-Centro-Cultural-Aguirre-Acoge-Una-Exposicion-Sobre-La-Riqueza-Natural-De-Las-vn16860-vst83\" target=\"_blank\" rel=\"noopener noreferrer\"><em>06\/02\/2012<\/em>, Voces de Cuenca, \u00abEl Centro Cultural Aguirre acoge una exposici\u00f3n sobre la riqueza natural de las Ciudades Patrimonio\u00bb<\/a><\/p>\n<p><a href=\"http:\/\/www.todocastillayleon.es\/Noticias\/la-muestra-patrimonio-natural-concluye-en-segovia-con-mas-de-1-000-visitas-21317_5.aspx\" target=\"_blank\" rel=\"noopener noreferrer\"><em>02\/02\/2012<\/em>, TODO Castilla y Le\u00f3n, \u00abLa muestra &#8216;Patrimonio Natural&#8217; concluye en Segovia con m\u00e1s de 1.000 visitas\u00bb<\/a><\/p>\n<p><a href=\"http:\/\/xornalgalicia.com\/index.php?name=News&amp;file=article&amp;sid=81241\" target=\"_blank\" rel=\"noopener noreferrer\"><em>16\/01\/2012<\/em>, Xornal de Galicia, \u00ab65 paneles fotogr\u00e1ficos, cinco por cada una de las Ciudades Patrimonio, con textos en versi\u00f3n biling\u00fce castellano\/ingl\u00e9s \u00ab<\/a><\/p>\n<p><a href=\"http:\/\/segoviaudaz.es\/que-hacemos-hoy\/24676\/patrimonio-natural--patrimonio-de-la-humanidad-de-espana--ciudades-patrimonio-de-la-humanidad--paloma-maroto--pedro-arahuetes--ayuntamiento-de-segovia--ciudades-patrimonio--cuenca--santiago-de-compostela--merida--alcala-de-henares--salamanca--europe-direct--eduardo-martinez-de-pison--fernando-zayas--diario-digital-de-segovia--segoviaudaz-\" target=\"_blank\" rel=\"noopener noreferrer\"><em>16\/01\/2012<\/em>, segoviaudaz.es, \u00abPatrimonio Natural de Espa\u00f1a sin moverte de Segovia\u00bb<\/a><\/p>\n<p><a href=\"https:\/\/www.lacerca.com\/noticias\/toledo\/exposicion_patrimonio_natural_ciudades-96442-1.html\" target=\"_blank\" rel=\"noopener noreferrer\"><em>05\/12\/2011<\/em>, LaCerca.com, \u00abSan Marcos, en Toledo, acoge la exposici\u00f3n \u2018Patrimonio natural. Ciudades Patrimonio de la Humanidad de Espa\u00f1a\u2019 \u00ab<\/a><\/p>\n<p><a href=\"http:\/\/catalunya.diariocritico.com\/noticia\/400219\" target=\"_blank\" rel=\"noopener noreferrer\"><em>11\/11\/2011<\/em>, Diario Cr\u00edtico, \u00abEls tresors naturals de tretze ciutats Patrimoni de la Humanitat arriben a Tarragona \u00ab<\/a><\/p>\n<p><a href=\"http:\/\/www.todocastillayleon.es\/Noticias\/ciudades-patrimonio-muestra-en-avila-sus-tesoros-naturales-en-una-exposicion-18273_10.aspx http:\/\/www.abc.es\/agencias\/noticia.asp?noticia=971214\" target=\"_blank\" rel=\"noopener noreferrer\"><em>26\/10\/2011<\/em>, Todo Castilla y Leon Digital, \u00abCiudades Patrimonio muestra en \u00c1vila sus tesoros naturales en una exposici\u00f3n \u00ab<\/a><\/p>\n<p><a href=\"http:\/\/www.diariodeibiza.es\/pitiuses-balears\/2011\/07\/16\/patrimonio-mundial-fotos\/495216.html\" target=\"_blank\" rel=\"noopener noreferrer\"><em>16\/07\/2011<\/em>, Diario de Ibiza, \u00abEl Patrimonio Mundial, en fotos&#8217;<\/a><\/p>\n<p><a href=\"http:\/\/www.santiagodecompostela.org\/hoxe\/nova.php?lg=gal&amp;id_nova=7258\" target=\"_blank\" rel=\"noopener noreferrer\"><em>09\/06\/2011<\/em>, Santiago de Compostela, \u00abOs tesouros naturais das 13 cidades patrimonio, ao descuberto nunha mostra con cen fotograf\u00edas no Museo do Pobo Galego\u00bb <\/a><a href=\"http:\/\/www.lavozdegalicia.es\/santiago\/2011\/06\/09\/0003_201106S9C6993.htm\" target=\"_blank\" rel=\"noopener noreferrer\"><em>09\/06\/2011<\/em>, La Voz de Galicia, \u00abEl Museo do Pobo expone los tesoros naturales de las Ciudades Patrimonio\u00bb <\/a><em>08\/06\/2011<\/em>, Galicia Hoxe, \u00abTesouros da Humanidade na exposici\u00f3n \u00abPatrimonio natural\u00bb \u00bb <a href=\"http:\/\/www.lavozdegalicia.es\/deza\/2011\/06\/07\/0003_201106D7C12994.htm\" target=\"_blank\" rel=\"noopener noreferrer\"><em>07\/06\/2011<\/em>, La Voz de Galicia, \u00abMuestra sobre las Ciudades Patrimonio\u00bb <\/a><\/p>\n<p><a href=\"https:\/\/alvarelloseditora.gal\/wp-content\/uploads\/prensa\/20022011-diariodeferrol.pdf\" target=\"_blank\" rel=\"noopener noreferrer\"><em>20\/02\/2011<\/em>, Diario de Ferrol, \u00abOtra visi\u00f3n sobre las urbes Patrimonio de la Humanidad\u00bb <\/a><a href=\"http:\/\/www.diariocuenca.com\/__n1902857__El_libro_262382203BPatrimonio_Natural._Ciudades_Patrimonio_de_la_Humanidad_de_Espana262382213B_potencia_los_valores_naturales_de_las_13_ciudades_del_grupo.html\" target=\"_blank\" rel=\"noopener noreferrer\"><em>02\/02\/2011<\/em>, Diario de Cuenca, \u00abEl libro \u201cPatrimonio Natural. Ciudades Patrimonio de la Humanidad de Espa\u00f1a\u201d potencia los valores naturales de las 13 ciudades del grupo \u00bb <\/a><\/p>\n<p><a href=\"http:\/\/en.lacerca.com\/news\/cuenca\/book_natural_heritage_cities-75707-1.html\" target=\"_blank\" rel=\"noopener noreferrer\"><em>02\/02\/2011<\/em>, La Cerca , \u00abThe book \u201cNatural Heritage. Heritage Cities of Spain\u201d enhances the natural values of the 13 cities group \u00bb <\/a><\/p>\n<p><a href=\"http:\/\/www.elcorreogallego.es\/tendencias\/ecg\/jardines-huertos-patios-y-flores\/idEdicion-2011-01-29\/idNoticia-634531\/\" target=\"_blank\" rel=\"noopener noreferrer\"><em>01\/02\/2011<\/em>, El Correo Gallego , \u00abJardines, huertos, patios y flores \u00bb <\/a><\/p>\n<p><a href=\"http:\/\/www.salamanca24horas.com\/local\/39897-un-libro-recoge-el-patrimonio-natural-desde-un-especial-recorrido-literario\" target=\"_blank\" rel=\"noopener noreferrer\"><em>13\/01\/2011<\/em>, Salamanca 24 horas , \u00abUn libro recoge el patrimonio natural desde un especial recorrido literario \u00bb <\/a><\/p>\n<p><a href=\"http:\/\/elprogreso.galiciae.com\/nova\/72108.html\" target=\"_blank\" rel=\"noopener noreferrer\"><em>04\/01\/2011<\/em>, El Progreso \u00abHenrique Alvarellos: \u00bbQuero facer algo sobre os bens mundiais galegos\u00bb <\/a><\/p>\n<p><a href=\"http:\/\/lagunamensual.es\/index.php?M=Noticia&amp;id=11032\" target=\"_blank\" rel=\"noopener noreferrer\"><em>21\/12\/2010<\/em>, La Laguna Mensual \u00abEl Grupo de Ciudades Patrimonio presenta en La Laguna una obra con un recorrido in\u00e9dito por su entorno natural \u00ab<\/a><\/p>\n<p><a href=\"http:\/\/www.elcorreogallego.es\/tendencias\/ecg\/patrimonio-alla-monumentos\/idEdicion-2010-12-17\/idNoticia-621625\/\" target=\"_blank\" rel=\"noopener noreferrer\"><em>17\/12\/2010<\/em>, El Correo Gallego \u00abEl patrimonio m\u00e1s all\u00e1 de los monumentos \u00ab<\/a><\/p>\n<p><a href=\"http:\/\/www.lavozdegalicia.es\/santiago\/2010\/12\/17\/0003_8914481.htm\" target=\"_blank\" rel=\"noopener noreferrer\"><em>17\/12\/2010<\/em>, La Voz de Galicia \u00abUn libro descubre el legado natural de las urbes Patrimonio\u00bb<\/a><\/p>\n<p><a href=\"http:\/\/www.elcorreogallego.es\/tendencias\/ecg\/alvarellos-presenta-ciudades-patrimonio-traves-su-naturaleza\/idEdicion-2010-12-16\/idNoticia-621217\" target=\"_blank\" rel=\"noopener noreferrer\"><em>16\/12\/2010<\/em>, El Correo Gallego \u00abAlvarellos presenta las ciudades patrimonio a trav\u00e9s de su naturaleza \u00ab<\/a><\/p>\n<p><a href=\"http:\/\/www.eladelantadodesegovia.es\/noticia\/local\/115218\/Ciudades-Patrimonio-muestra-en-un-libro-paisajes-in%C3%A9ditos--de-las-trece-ciudades\" target=\"_blank\" rel=\"noopener noreferrer\"><em>16\/12\/2010<\/em>, El Adelantado de Segovia \u00abCiudades Patrimonio muestra en un libro paisajes in\u00e9ditos de las trece ciudades\u00bb<\/a><\/p>\n<p><em>16\/12\/2010<\/em>, El Norte de Castilla \u00abUn libro ofrece un paseo in\u00e9dito por el entorno natural de las 13 Ciudades Patrimonio\u00bb<\/p>\n<p><a href=\"http:\/\/segoviaudaz.es\/esta-pasando\/19410\/grupo-ciudades-patrimonio-de-la-humanidad--libro-patrimonio-natural--segovia--alcala-de-henares--toledo--avila--caceres--cordoba--cuenca--ibiza--merida--salamanca--santiago-de-compostela--tarragona\" target=\"_blank\" rel=\"noopener noreferrer\"><em>15\/12\/2010<\/em>, Segoviaudaz \u00abPatrimonio natural es Patrimonio de la Humanidad \u00ab<\/a><\/p>\n<p><a href=\"http:\/\/www.aviladigital.com\/subseccion\/subseccion2\/un-recorrido-por-el-entorno-natural-de-las-ciudades-patrimonio-de-la-humanidad-110568.aspx\" target=\"_blank\" rel=\"noopener noreferrer\"><em>15\/12\/2010<\/em>, Avila Digital \u00abUn recorrido por el entorno natural de las Ciudades Patrimonio de la Humanidad\u00bb<\/a><\/p>\n<p><a href=\"http:\/\/www.vocesdecuenca.com\/frontend\/voces\/El-Grupo-De-Ciudades-Patrimonio-Publica-Un-Libro-Dedicado-A-Los-Paisajes-De-Esta-vn8667-vst382\" target=\"_blank\" rel=\"noopener noreferrer\"><em>15\/12\/2010<\/em>, Voces de Cuenca \u00abEl Grupo de Ciudades Patrimonio publica un libro dedicado a los paisajes de estas localidades\u00bb<\/a><\/p>\n<p><a href=\"http:\/\/www.diariocordoba.com\/noticias\/noticia.asp?pkid=604445\" target=\"_blank\" rel=\"noopener noreferrer\"><em>15\/12\/2010<\/em>, Cordoba Local \u00abPresentan un libro sobre las ciudades Patrimonio\u00bb<\/a><\/p>\n<p><a href=\"http:\/\/www.europapress.es\/andalucia\/sevilla-00357\/noticia-grupo-ciudades-patrimonio-muestra-publicacion-paisajes-ineditos-13-urbes-20101215173821.html\" target=\"_blank\" rel=\"noopener noreferrer\"><em>15\/12\/2010<\/em>, Europa Press Andaluc\u00eda \u00abEl grupo Ciudades Patrimonio muestra en una publicaci\u00f3n los paisajes in\u00e9ditos de las 13 urbes\u00bb<\/a><\/p>\n<p><a href=\"http:\/\/www.abc.es\/agencias\/noticia.asp?noticia=625930\" target=\"_blank\" rel=\"noopener noreferrer\"><em>15\/12\/2010<\/em>, ABC Agencias \u00abCiudades Patrimonio editan libro recorre lugares singulares entorno natural\u00bb<\/a><\/p>\n<p><a href=\"http:\/\/www.rtvcyl.es\/fichaNoticia.cfm\/CULTURA\/20101215\/grupo\/ciudades\/patrimonio\/espa%C3%B1a\/muestra\/publicacion\/paisajes\/ineditos\/13\/urbes\/EBADB337-DB24-4B08-E06AE8F1ABFB3015\" target=\"_blank\" rel=\"noopener noreferrer\"><em>15\/12\/2010<\/em>, RTV Castilla y Leon \u00abEl grupo Ciudades Patrimonio de Espa\u00f1a muestra en una publicaci\u00f3n los paisajes in\u00e9ditos de las 13 urbes\u00bb<\/a><\/p>\n<p><a href=\"http:\/\/www.20minutos.es\/noticia\/903588\/0\/\" target=\"_blank\" rel=\"noopener noreferrer\"><em>15\/12\/2010<\/em>, 20 Minutos \u00abEl grupo Ciudades Patrimonio de Espa\u00f1a muestra en una publicaci\u00f3n los paisajes in\u00e9ditos de las 13 urbes\u00bb<\/a><\/p>\n<p><em>15\/12\/2010<\/em>, M\u00e1s Salamanca \u00abEl grupo Ciudades Patrimonio de Espa\u00f1a muestra en una publicaci\u00f3n los paisajes in\u00e9ditos de las 13 urbes\u00bb<\/p>\n<p><a href=\"http:\/\/www.que.es\/segovia\/201012151330-grupo-ciudades-patrimonio-espana-muestra-epi.html\" target=\"_blank\" rel=\"noopener noreferrer\"><em>15\/12\/2010<\/em>, Gente Qu\u00e9 \u00abEl grupo Ciudades Patrimonio de Espa\u00f1a muestra en una publicaci\u00f3n los paisajes in\u00e9ditos de las 13 urbes\u00bb<\/a><\/p>\n<p><a href=\"http:\/\/santosdominguez.blogspot.com\/2010\/12\/patrimonio-natural.html\" target=\"_blank\" rel=\"noopener noreferrer\"><em>10\/12\/2010<\/em>, Un bosque extranjero \u00abPatrimonio natural \u00ab<\/a><\/p>\n<hr \/>\n<hr \/>\n","protected":false},"excerpt":{"rendered":"<p>Ciudades Patrimonio de la Humanidad de Espa\u00f1a<\/p>\n<p>&nbsp;<\/p>\n<p>Autores: 26 coautores<br \/>\nP\u00e1ginas: 224<br \/>\nIlustraciones: 190 fotograf\u00edas<br \/>\nMedidas: 23&#215;22 cm<br \/>\nIdioma: castellano+ingl\u00e9s<br \/>\nIncluye: DVD interactivo<br \/>\nEncuadernaci\u00f3n: cosido, tapa blanda plastificada, con solapas.<br \/>\nImpresi\u00f3n: papel ecol\u00f3gico FSC.<br \/>\nFecha de aparici\u00f3n: diciembre, 2010<br \/>\nISBN: 978-84-89323-63-6<\/p>\n<p>&nbsp;<\/p>\n<p>LAS CIUDADES PATRIMONIO, EN UNA VISI\u00d3N IN\u00c9DITA A TRAV\u00c9S DE SU NATURALEZA El Grupo de Ciudades Patrimonio de la Humanidad de Espa\u00f1a (a trav\u00e9s de su Comisi\u00f3n de Medio Ambiente) y Alvarellos Editora publicamos esta obra titulada Patrimonio natural. Ciudades Patrimonio de la Humanidad de Espa\u00f1a, un volumen de prestigio en el que se traza \u2014a lo largo de 224 p\u00e1ginas, con cerca de 200 fotograf\u00edas, y la participaci\u00f3n de 26 reconocidos escritores y fot\u00f3grafos\u2014 un recorrido in\u00e9dito, literario y visual, por las trece ciudades Patrimonio espa\u00f1olas: Alcal\u00e1 de Henares, \u00c1vila, C\u00e1ceres, C\u00f3rdoba, Cuenca, Ibiza\/Eivissa, M\u00e9rida, Salamanca, San Crist\u00f3bal de La Laguna, Santiago de Compostela, Segovia, Tarragona y Toledo. El libro, del que se ha realizado una primera edici\u00f3n de 11.000 ejemplares para distribuir por toda Espa\u00f1a, est\u00e1 editado en castellano con la versi\u00f3n de los textos en ingl\u00e9s. Incluye adem\u00e1s un DVD interactivo mediante el que se puede acceder y disfrutar, de una forma atractiva y multimedia, de todos los contenidos de la obra, y ampliar la informaci\u00f3n.<\/p>\n<p>&nbsp;<\/p>\n<p>EL PAISAJE OCULTO La obra tiene como objetivo descubrir ese \u201cpaisaje oculto\u201d de cada una de las trece ciudades Patrimonio: su entorno natural. M\u00e1s all\u00e1 de los monumentos y del arte, se detiene en la flora y la fauna, los parques, los jardines, los huertos, los patios, los r\u00edos o el litoral. Destinado tanto a los propios vecinos como al turista o viajero m\u00e1s inquieto y sensible, este volumen trata de potenciar esa riqueza natural tan poco conocida \u2014y, muchas veces, valorada\u2014 de nuestros respectivos espacios urbanos. Coordinado por el editor y periodista Henrique Alvarellos, el volumen est\u00e1 estructurado en trece cap\u00edtulos, uno por ciudad. Cada uno de ellos tiene la personalidad de su escritor y fot\u00f3grafo respectivos, todos ellos buenos conocedores de los lugares que narran. Entre los primeros, poetas, cient\u00edficos, novelistas, periodistas, aventureros&#8230; De los fot\u00f3grafos: artistas y reporteros que han enfocado esa otra visi\u00f3n desde nuevas perspectivas.<\/p>\n<p>&nbsp;<\/p>\n","protected":false},"featured_media":9637,"comment_status":"closed","ping_status":"closed","template":"","meta":[],"product_brand":[],"product_cat":[108],"product_tag":[],"class_list":{"0":"post-6607","1":"product","2":"type-product","3":"status-publish","4":"has-post-thumbnail","6":"product_cat-ofertas-es","8":"first","9":"outofstock","10":"sale","11":"taxable","12":"shipping-taxable","13":"purchasable","14":"product-type-simple"},"yoast_head":"<!-- This site is optimized with the Yoast SEO plugin v27.3 - https:\/\/yoast.com\/product\/yoast-seo-wordpress\/ -->\n<title>PATRIMONIO NATURAL - Alvarellos Editora<\/title>\n<meta name=\"description\" content=\"PATRIMONIO NATURAL. C\u00f3mprao na tenda en li\u00f1a de Alvarellos Editora.\" \/>\n<meta name=\"robots\" content=\"index, follow, max-snippet:-1, max-image-preview:large, max-video-preview:-1\" \/>\n<link rel=\"canonical\" href=\"https:\/\/alvarelloseditora.gal\/es\/libro\/patrimonio-natural-2\/\" \/>\n<meta property=\"og:locale\" content=\"es_ES\" \/>\n<meta property=\"og:type\" content=\"article\" \/>\n<meta property=\"og:title\" content=\"PATRIMONIO NATURAL - Alvarellos Editora\" \/>\n<meta property=\"og:description\" content=\"PATRIMONIO NATURAL. C\u00f3mprao na tenda en li\u00f1a de Alvarellos Editora.\" \/>\n<meta property=\"og:url\" content=\"https:\/\/alvarelloseditora.gal\/es\/libro\/patrimonio-natural-2\/\" \/>\n<meta property=\"og:site_name\" content=\"Alvarellos Editora\" \/>\n<meta property=\"article:publisher\" content=\"https:\/\/www.facebook.com\/alvarelloseditora\" \/>\n<meta property=\"article:modified_time\" content=\"2021-06-25T09:13:25+00:00\" \/>\n<meta property=\"og:image\" content=\"https:\/\/alvarelloseditora.gal\/wp-content\/uploads\/2019\/12\/Patrimonio-natural-1-scaled.jpg\" \/>\n\t<meta property=\"og:image:width\" content=\"2560\" \/>\n\t<meta property=\"og:image:height\" content=\"2439\" \/>\n\t<meta property=\"og:image:type\" content=\"image\/jpeg\" \/>\n<meta name=\"twitter:card\" content=\"summary_large_image\" \/>\n<meta name=\"twitter:site\" content=\"@alvarellos_ed\" \/>\n<meta name=\"twitter:label1\" content=\"Tiempo de lectura\" \/>\n\t<meta name=\"twitter:data1\" content=\"3 minutos\" \/>\n<!-- \/ Yoast SEO plugin. -->","yoast_head_json":{"title":"PATRIMONIO NATURAL - Alvarellos Editora","description":"PATRIMONIO NATURAL. C\u00f3mprao na tenda en li\u00f1a de Alvarellos Editora.","robots":{"index":"index","follow":"follow","max-snippet":"max-snippet:-1","max-image-preview":"max-image-preview:large","max-video-preview":"max-video-preview:-1"},"canonical":"https:\/\/alvarelloseditora.gal\/es\/libro\/patrimonio-natural-2\/","og_locale":"es_ES","og_type":"article","og_title":"PATRIMONIO NATURAL - Alvarellos Editora","og_description":"PATRIMONIO NATURAL. C\u00f3mprao na tenda en li\u00f1a de Alvarellos Editora.","og_url":"https:\/\/alvarelloseditora.gal\/es\/libro\/patrimonio-natural-2\/","og_site_name":"Alvarellos Editora","article_publisher":"https:\/\/www.facebook.com\/alvarelloseditora","article_modified_time":"2021-06-25T09:13:25+00:00","og_image":[{"width":2560,"height":2439,"url":"https:\/\/alvarelloseditora.gal\/wp-content\/uploads\/2019\/12\/Patrimonio-natural-1-scaled.jpg","type":"image\/jpeg"}],"twitter_card":"summary_large_image","twitter_site":"@alvarellos_ed","twitter_misc":{"Tiempo de lectura":"3 minutos"},"schema":{"@context":"https:\/\/schema.org","@graph":[{"@type":["WebPage","ItemPage"],"@id":"https:\/\/alvarelloseditora.gal\/es\/libro\/patrimonio-natural-2\/","url":"https:\/\/alvarelloseditora.gal\/es\/libro\/patrimonio-natural-2\/","name":"PATRIMONIO NATURAL - Alvarellos Editora","isPartOf":{"@id":"https:\/\/alvarelloseditora.gal\/#website"},"primaryImageOfPage":{"@id":"https:\/\/alvarelloseditora.gal\/es\/libro\/patrimonio-natural-2\/#primaryimage"},"image":{"@id":"https:\/\/alvarelloseditora.gal\/es\/libro\/patrimonio-natural-2\/#primaryimage"},"thumbnailUrl":"https:\/\/alvarelloseditora.gal\/wp-content\/uploads\/2019\/12\/Patrimonio-natural-1-scaled.jpg","datePublished":"2019-12-27T13:40:05+00:00","dateModified":"2021-06-25T09:13:25+00:00","description":"PATRIMONIO NATURAL. C\u00f3mprao na tenda en li\u00f1a de Alvarellos Editora.","breadcrumb":{"@id":"https:\/\/alvarelloseditora.gal\/es\/libro\/patrimonio-natural-2\/#breadcrumb"},"inLanguage":"es","potentialAction":[{"@type":"ReadAction","target":["https:\/\/alvarelloseditora.gal\/es\/libro\/patrimonio-natural-2\/"]}]},{"@type":"ImageObject","inLanguage":"es","@id":"https:\/\/alvarelloseditora.gal\/es\/libro\/patrimonio-natural-2\/#primaryimage","url":"https:\/\/alvarelloseditora.gal\/wp-content\/uploads\/2019\/12\/Patrimonio-natural-1-scaled.jpg","contentUrl":"https:\/\/alvarelloseditora.gal\/wp-content\/uploads\/2019\/12\/Patrimonio-natural-1-scaled.jpg","width":2560,"height":2439},{"@type":"BreadcrumbList","@id":"https:\/\/alvarelloseditora.gal\/es\/libro\/patrimonio-natural-2\/#breadcrumb","itemListElement":[{"@type":"ListItem","position":1,"name":"Portada","item":"https:\/\/alvarelloseditora.gal\/"},{"@type":"ListItem","position":2,"name":"Tienda","item":"https:\/\/alvarelloseditora.gal\/es\/tienda\/"},{"@type":"ListItem","position":3,"name":"PATRIMONIO NATURAL"}]},{"@type":"WebSite","@id":"https:\/\/alvarelloseditora.gal\/#website","url":"https:\/\/alvarelloseditora.gal\/","name":"Alvarellos Editora","description":"Libros para un mundo en tr\u00e1nsito","publisher":{"@id":"https:\/\/alvarelloseditora.gal\/#organization"},"potentialAction":[{"@type":"SearchAction","target":{"@type":"EntryPoint","urlTemplate":"https:\/\/alvarelloseditora.gal\/?s={search_term_string}"},"query-input":{"@type":"PropertyValueSpecification","valueRequired":true,"valueName":"search_term_string"}}],"inLanguage":"es"},{"@type":"Organization","@id":"https:\/\/alvarelloseditora.gal\/#organization","name":"Alvarellos Editora","url":"https:\/\/alvarelloseditora.gal\/","logo":{"@type":"ImageObject","inLanguage":"es","@id":"https:\/\/alvarelloseditora.gal\/#\/schema\/logo\/image\/","url":"https:\/\/alvarelloseditora.gal\/wp-content\/uploads\/2020\/02\/alv-icon.png","contentUrl":"https:\/\/alvarelloseditora.gal\/wp-content\/uploads\/2020\/02\/alv-icon.png","width":177,"height":175,"caption":"Alvarellos Editora"},"image":{"@id":"https:\/\/alvarelloseditora.gal\/#\/schema\/logo\/image\/"},"sameAs":["https:\/\/www.facebook.com\/alvarelloseditora","https:\/\/x.com\/alvarellos_ed"]}]}},"_links":{"self":[{"href":"https:\/\/alvarelloseditora.gal\/es\/wp-json\/wp\/v2\/product\/6607","targetHints":{"allow":["GET"]}}],"collection":[{"href":"https:\/\/alvarelloseditora.gal\/es\/wp-json\/wp\/v2\/product"}],"about":[{"href":"https:\/\/alvarelloseditora.gal\/es\/wp-json\/wp\/v2\/types\/product"}],"replies":[{"embeddable":true,"href":"https:\/\/alvarelloseditora.gal\/es\/wp-json\/wp\/v2\/comments?post=6607"}],"wp:featuredmedia":[{"embeddable":true,"href":"https:\/\/alvarelloseditora.gal\/es\/wp-json\/wp\/v2\/media\/9637"}],"wp:attachment":[{"href":"https:\/\/alvarelloseditora.gal\/es\/wp-json\/wp\/v2\/media?parent=6607"}],"wp:term":[{"taxonomy":"product_brand","embeddable":true,"href":"https:\/\/alvarelloseditora.gal\/es\/wp-json\/wp\/v2\/product_brand?post=6607"},{"taxonomy":"product_cat","embeddable":true,"href":"https:\/\/alvarelloseditora.gal\/es\/wp-json\/wp\/v2\/product_cat?post=6607"},{"taxonomy":"product_tag","embeddable":true,"href":"https:\/\/alvarelloseditora.gal\/es\/wp-json\/wp\/v2\/product_tag?post=6607"}],"curies":[{"name":"wp","href":"https:\/\/api.w.org\/{rel}","templated":true}]}}