{"id":6595,"date":"2019-12-27T13:43:47","date_gmt":"2019-12-27T13:43:47","guid":{"rendered":"https:\/\/alvarellos.info\/book\/maria-vinyals-the-woman-of-the-future-english-edition-coming-soon\/"},"modified":"2021-06-23T13:47:00","modified_gmt":"2021-06-23T11:47:00","slug":"maria-vinyals-the-woman-of-the-future-english-edition","status":"publish","type":"product","link":"https:\/\/alvarelloseditora.gal\/es\/libro\/maria-vinyals-the-woman-of-the-future-english-edition\/","title":{"rendered":"Mar\u00eda Vinyals, the woman of the future [Edici\u00f3n en ingl\u00e9s] (Coming soon)"},"content":{"rendered":"<p><strong><a href=\"https:\/\/alvarelloseditora.gal\/es\/libro\/maria-vinyals-la-mujer-del-porvenir-edicion-en-castellano\/\">* Ver edici\u00f3n en castellano<\/a><\/strong><\/p>\n<p><strong><a href=\"https:\/\/alvarelloseditora.gal\/es\/libro\/maria-vinyals-a-muller-do-porvir-edicion-en-galego\/\">*Ver edici\u00f3n en galego<\/a><\/strong><\/p>\n<p><a href=\"https:\/\/www.sermosgaliza.gal\/articulo\/cultura\/historiador-diego-piay-recolle-nunha-obra-legado-inedito-maria-vinyals\/20191211193500088216.html\">12-12-2019<strong> Sermos Galiza <\/strong>O historiador Diego Piay d\u00e1 a co\u00f1ecer o legado in\u00e9dito de Mar\u00eda Vinyals<\/a><br \/>\n<a href=\"https:\/\/www.lavozdegalicia.es\/noticia\/vigo\/2019\/12\/11\/verdadera-historia-burguesa-maria-vinyals-escritora-feminista-activista-social\/0003_201912V11C8993.htm\">11-12-2019 <strong>La Voz de Galicia-Edici\u00f3n Vigo <\/strong>La verdadera historia de la burguesa Mar\u00eda Vinyals&#8230;<\/a><br \/>\n<a href=\"https:\/\/www.atlantico.net\/content\/print\/maria-vinyals-siempre-sono-formar-hogar-castillo-consiguio-1910-1917\/20191209233329744697\">10-12-2019 <strong>Atl\u00e1ntico Diario <\/strong>Entrevista a Diego Piay.<\/a><br \/>\n<a href=\"https:\/\/www.lavozdegalicia.es\/noticia\/cultura\/2019\/12\/10\/span-langgl-debuxo-inedito-castelaospan\/0003_201912G10P35991.htm\">10-12-2019 <strong>La Voz de Galicia<\/strong> Un in\u00e9dito de Castelao<\/a>.<br \/>\n<a href=\"http:\/\/www.crtvg.es\/rg\/destacados\/diario-cultural-diario-cultural-do-dia-09-12-2019-4225667?fbclid=IwAR1zc7kl208-kVDCTzwpBKIqgSnKSvojx7oQ6GS_WIlLlb7cKAd-kGCsaGA\">09-12-2019 <strong>Radio Galega-Diario Cultural<\/strong> Entrevista a Diego Piay.<\/a><br \/>\n<a href=\"https:\/\/www.lavozdegalicia.es\/noticia\/cultura\/2019\/12\/06\/span-langglmaria-vinyals-senora-do-castelo-soutomaior-escritora-audaz-feministaspan\/0003_201912G6P35991.htm?fbclid=IwAR2EP33qb3OE3diOl7EhCdXEUizC24n5R76G3DOOk4_BuS_Rn_BrFqxmO-U\">06-12-2019 <strong>La Voz de Galicia<\/strong> Mar\u00eda Vinyals, se\u00f1ora do castelo de Soutomaior&#8230;<\/a><\/p>\n","protected":false},"excerpt":{"rendered":"<p>Seven lives under the shadow of a castle<\/p>\n<p>&nbsp;<\/p>\n<p>Formato: 23,5 x 15,5 cms, 248 pp.<br \/>\nISBN ingl\u00e9s 978-84-16460-71-7<\/p>\n<p>&nbsp;<\/p>\n<p>This work\u00a0is the result of a rigorous and thorough research, with a great amount of unpublished material (documental, graphic and oral testimonies), about the fascinating history of Mar\u00eda Vinyals y Ferr\u00e9s, born in 1875 in the Soutomaior Castle (Pontevedra).<\/p>\n<p>She grew up in a wealthy family, lived intense experiences and ended up becoming a prolific writer, a pioneer in feminism and a woman worried about the future of the society that surrounded her.In her private life, she would rebel against the chains of an ill-fated marriage.<\/p>\n<p>With her second husband \u2013the Cuban doctor Enrique Lluria\u2013, she would share politic and social ideals. Together they would end up founding a great sanatorium in 1910 using the old theatre of the Soutomaior Castle. They moved there with their five children, four of whom were from their previous marriages.<\/p>\n<p>In 1917, drowning in debts and marginalized because of their political views, Mar\u00eda Vinyals and Enrique Lluria would leave the Soutomaior Castle forever. It was then when their paths and those of their children Antonio, Enrique, Emilia, Mar\u00eda Teresa and Roger, would take different courses and would never meet again.<\/p>\n<p>This historical essay (published in tree languages: Spanish, Galician and English), looks back on those seven lives that grew up under the shadow of a castle. From this impressive medieval fortress, nowadays a public property owned by the Deputaci\u00f3n de Pontevedra, Diego Piay travels beyond its walls and its battlements, beyond Pontevedra, Galicia\u2026 or Europe.<\/p>\n<p>This history took shape inside the robust walls of this castle and now, so many years after, goes back to where it all began.<\/p>\n","protected":false},"featured_media":4279,"comment_status":"closed","ping_status":"closed","template":"","meta":[],"product_brand":[],"product_cat":[105],"product_tag":[],"class_list":{"0":"post-6595","1":"product","2":"type-product","3":"status-publish","4":"has-post-thumbnail","6":"product_author-diego-piay-augusto-es","7":"product_cat-oeste-es","9":"first","10":"instock","11":"purchasable","12":"product-type-simple"},"yoast_head":"<!-- This site is optimized with the Yoast SEO plugin v27.3 - https:\/\/yoast.com\/product\/yoast-seo-wordpress\/ -->\n<title>Mar\u00eda Vinyals, the woman of the future [Edici\u00f3n en ingl\u00e9s] (Coming soon) - Alvarellos Editora<\/title>\n<meta name=\"description\" content=\"Mar\u00eda Vinyals, the woman of the future [Edici\u00f3n en ingl\u00e9s] (Coming soon). C\u00f3mprao na tenda en li\u00f1a de Alvarellos Editora.\" \/>\n<meta name=\"robots\" content=\"index, follow, max-snippet:-1, max-image-preview:large, max-video-preview:-1\" \/>\n<link rel=\"canonical\" href=\"https:\/\/alvarelloseditora.gal\/es\/libro\/maria-vinyals-the-woman-of-the-future-english-edition\/\" \/>\n<meta property=\"og:locale\" content=\"es_ES\" \/>\n<meta property=\"og:type\" content=\"article\" \/>\n<meta property=\"og:title\" content=\"Mar\u00eda Vinyals, the woman of the future [Edici\u00f3n en ingl\u00e9s] (Coming soon) - Alvarellos Editora\" \/>\n<meta property=\"og:description\" content=\"Mar\u00eda Vinyals, the woman of the future [Edici\u00f3n en ingl\u00e9s] (Coming soon). C\u00f3mprao na tenda en li\u00f1a de Alvarellos Editora.\" \/>\n<meta property=\"og:url\" content=\"https:\/\/alvarelloseditora.gal\/es\/libro\/maria-vinyals-the-woman-of-the-future-english-edition\/\" \/>\n<meta property=\"og:site_name\" content=\"Alvarellos Editora\" \/>\n<meta property=\"article:publisher\" content=\"https:\/\/www.facebook.com\/alvarelloseditora\" \/>\n<meta property=\"article:modified_time\" content=\"2021-06-23T11:47:00+00:00\" \/>\n<meta property=\"og:image\" content=\"https:\/\/alvarelloseditora.gal\/wp-content\/uploads\/2019\/12\/9788416460717Maria-Vinylas-the-woman-of-the-future-scaled.jpg\" \/>\n\t<meta property=\"og:image:width\" content=\"1679\" \/>\n\t<meta property=\"og:image:height\" content=\"2560\" \/>\n\t<meta property=\"og:image:type\" content=\"image\/jpeg\" \/>\n<meta name=\"twitter:card\" content=\"summary_large_image\" \/>\n<meta name=\"twitter:site\" content=\"@alvarellos_ed\" \/>\n<meta name=\"twitter:label1\" content=\"Tiempo de lectura\" \/>\n\t<meta name=\"twitter:data1\" content=\"1 minuto\" \/>\n<!-- \/ Yoast SEO plugin. -->","yoast_head_json":{"title":"Mar\u00eda Vinyals, the woman of the future [Edici\u00f3n en ingl\u00e9s] (Coming soon) - Alvarellos Editora","description":"Mar\u00eda Vinyals, the woman of the future [Edici\u00f3n en ingl\u00e9s] (Coming soon). C\u00f3mprao na tenda en li\u00f1a de Alvarellos Editora.","robots":{"index":"index","follow":"follow","max-snippet":"max-snippet:-1","max-image-preview":"max-image-preview:large","max-video-preview":"max-video-preview:-1"},"canonical":"https:\/\/alvarelloseditora.gal\/es\/libro\/maria-vinyals-the-woman-of-the-future-english-edition\/","og_locale":"es_ES","og_type":"article","og_title":"Mar\u00eda Vinyals, the woman of the future [Edici\u00f3n en ingl\u00e9s] (Coming soon) - Alvarellos Editora","og_description":"Mar\u00eda Vinyals, the woman of the future [Edici\u00f3n en ingl\u00e9s] (Coming soon). C\u00f3mprao na tenda en li\u00f1a de Alvarellos Editora.","og_url":"https:\/\/alvarelloseditora.gal\/es\/libro\/maria-vinyals-the-woman-of-the-future-english-edition\/","og_site_name":"Alvarellos Editora","article_publisher":"https:\/\/www.facebook.com\/alvarelloseditora","article_modified_time":"2021-06-23T11:47:00+00:00","og_image":[{"width":1679,"height":2560,"url":"https:\/\/alvarelloseditora.gal\/wp-content\/uploads\/2019\/12\/9788416460717Maria-Vinylas-the-woman-of-the-future-scaled.jpg","type":"image\/jpeg"}],"twitter_card":"summary_large_image","twitter_site":"@alvarellos_ed","twitter_misc":{"Tiempo de lectura":"1 minuto"},"schema":{"@context":"https:\/\/schema.org","@graph":[{"@type":["WebPage","ItemPage"],"@id":"https:\/\/alvarelloseditora.gal\/es\/libro\/maria-vinyals-the-woman-of-the-future-english-edition\/","url":"https:\/\/alvarelloseditora.gal\/es\/libro\/maria-vinyals-the-woman-of-the-future-english-edition\/","name":"Mar\u00eda Vinyals, the woman of the future [Edici\u00f3n en ingl\u00e9s] (Coming soon) - Alvarellos Editora","isPartOf":{"@id":"https:\/\/alvarelloseditora.gal\/#website"},"primaryImageOfPage":{"@id":"https:\/\/alvarelloseditora.gal\/es\/libro\/maria-vinyals-the-woman-of-the-future-english-edition\/#primaryimage"},"image":{"@id":"https:\/\/alvarelloseditora.gal\/es\/libro\/maria-vinyals-the-woman-of-the-future-english-edition\/#primaryimage"},"thumbnailUrl":"https:\/\/alvarelloseditora.gal\/wp-content\/uploads\/2019\/12\/9788416460717Maria-Vinylas-the-woman-of-the-future-scaled.jpg","datePublished":"2019-12-27T13:43:47+00:00","dateModified":"2021-06-23T11:47:00+00:00","description":"Mar\u00eda Vinyals, the woman of the future [Edici\u00f3n en ingl\u00e9s] (Coming soon). C\u00f3mprao na tenda en li\u00f1a de Alvarellos Editora.","breadcrumb":{"@id":"https:\/\/alvarelloseditora.gal\/es\/libro\/maria-vinyals-the-woman-of-the-future-english-edition\/#breadcrumb"},"inLanguage":"es","potentialAction":[{"@type":"ReadAction","target":["https:\/\/alvarelloseditora.gal\/es\/libro\/maria-vinyals-the-woman-of-the-future-english-edition\/"]}]},{"@type":"ImageObject","inLanguage":"es","@id":"https:\/\/alvarelloseditora.gal\/es\/libro\/maria-vinyals-the-woman-of-the-future-english-edition\/#primaryimage","url":"https:\/\/alvarelloseditora.gal\/wp-content\/uploads\/2019\/12\/9788416460717Maria-Vinylas-the-woman-of-the-future-scaled.jpg","contentUrl":"https:\/\/alvarelloseditora.gal\/wp-content\/uploads\/2019\/12\/9788416460717Maria-Vinylas-the-woman-of-the-future-scaled.jpg","width":1679,"height":2560},{"@type":"BreadcrumbList","@id":"https:\/\/alvarelloseditora.gal\/es\/libro\/maria-vinyals-the-woman-of-the-future-english-edition\/#breadcrumb","itemListElement":[{"@type":"ListItem","position":1,"name":"Portada","item":"https:\/\/alvarelloseditora.gal\/"},{"@type":"ListItem","position":2,"name":"Tienda","item":"https:\/\/alvarelloseditora.gal\/es\/tienda\/"},{"@type":"ListItem","position":3,"name":"Mar\u00eda Vinyals, the woman of the future [Edici\u00f3n en ingl\u00e9s] (Coming soon)"}]},{"@type":"WebSite","@id":"https:\/\/alvarelloseditora.gal\/#website","url":"https:\/\/alvarelloseditora.gal\/","name":"Alvarellos Editora","description":"Libros para un mundo en tr\u00e1nsito","publisher":{"@id":"https:\/\/alvarelloseditora.gal\/#organization"},"potentialAction":[{"@type":"SearchAction","target":{"@type":"EntryPoint","urlTemplate":"https:\/\/alvarelloseditora.gal\/?s={search_term_string}"},"query-input":{"@type":"PropertyValueSpecification","valueRequired":true,"valueName":"search_term_string"}}],"inLanguage":"es"},{"@type":"Organization","@id":"https:\/\/alvarelloseditora.gal\/#organization","name":"Alvarellos Editora","url":"https:\/\/alvarelloseditora.gal\/","logo":{"@type":"ImageObject","inLanguage":"es","@id":"https:\/\/alvarelloseditora.gal\/#\/schema\/logo\/image\/","url":"https:\/\/alvarelloseditora.gal\/wp-content\/uploads\/2020\/02\/alv-icon.png","contentUrl":"https:\/\/alvarelloseditora.gal\/wp-content\/uploads\/2020\/02\/alv-icon.png","width":177,"height":175,"caption":"Alvarellos Editora"},"image":{"@id":"https:\/\/alvarelloseditora.gal\/#\/schema\/logo\/image\/"},"sameAs":["https:\/\/www.facebook.com\/alvarelloseditora","https:\/\/x.com\/alvarellos_ed"]}]}},"_links":{"self":[{"href":"https:\/\/alvarelloseditora.gal\/es\/wp-json\/wp\/v2\/product\/6595","targetHints":{"allow":["GET"]}}],"collection":[{"href":"https:\/\/alvarelloseditora.gal\/es\/wp-json\/wp\/v2\/product"}],"about":[{"href":"https:\/\/alvarelloseditora.gal\/es\/wp-json\/wp\/v2\/types\/product"}],"replies":[{"embeddable":true,"href":"https:\/\/alvarelloseditora.gal\/es\/wp-json\/wp\/v2\/comments?post=6595"}],"wp:featuredmedia":[{"embeddable":true,"href":"https:\/\/alvarelloseditora.gal\/es\/wp-json\/wp\/v2\/media\/4279"}],"wp:attachment":[{"href":"https:\/\/alvarelloseditora.gal\/es\/wp-json\/wp\/v2\/media?parent=6595"}],"wp:term":[{"taxonomy":"product_brand","embeddable":true,"href":"https:\/\/alvarelloseditora.gal\/es\/wp-json\/wp\/v2\/product_brand?post=6595"},{"taxonomy":"product_cat","embeddable":true,"href":"https:\/\/alvarelloseditora.gal\/es\/wp-json\/wp\/v2\/product_cat?post=6595"},{"taxonomy":"product_tag","embeddable":true,"href":"https:\/\/alvarelloseditora.gal\/es\/wp-json\/wp\/v2\/product_tag?post=6595"}],"curies":[{"name":"wp","href":"https:\/\/api.w.org\/{rel}","templated":true}]}}