{"id":6586,"date":"2019-12-27T13:43:47","date_gmt":"2019-12-27T13:43:47","guid":{"rendered":"https:\/\/alvarellos.info\/book\/maria-vinyals-a-muller-do-porvir-edicion-en-galego\/"},"modified":"2022-01-31T17:27:00","modified_gmt":"2022-01-31T16:27:00","slug":"maria-vinyals-a-muller-do-porvir-edicion-en-galego","status":"publish","type":"product","link":"https:\/\/alvarelloseditora.gal\/es\/libro\/maria-vinyals-a-muller-do-porvir-edicion-en-galego\/","title":{"rendered":"MAR\u00cdA VINYALS, A MULLER DO PORVIR [Edici\u00f3n en gallego]"},"content":{"rendered":"<p><strong><a href=\"https:\/\/alvarelloseditora.gal\/es\/libro\/maria-vinyals-la-mujer-del-porvenir-edicion-en-castellano\/\">* Ver edici\u00f3n en castellano<\/a><\/strong><\/p>\n<p><strong><a href=\"https:\/\/alvarelloseditora.gal\/en\/book\/maria-vinyals-the-woman-of-the-future-english-edition-coming-soon\/\">*See english edition<\/a><\/strong><\/p>\n<p><a href=\"https:\/\/www.sermosgaliza.gal\/articulo\/cultura\/historiador-diego-piay-recolle-nunha-obra-legado-inedito-maria-vinyals\/20191211193500088216.html\">12-12-2019<strong> Sermos Galiza <\/strong>O historiador Diego Piay d\u00e1 a co\u00f1ecer o legado in\u00e9dito de Mar\u00eda Vinyals<\/a><br \/>\n<a href=\"https:\/\/www.lavozdegalicia.es\/noticia\/vigo\/2019\/12\/11\/verdadera-historia-burguesa-maria-vinyals-escritora-feminista-activista-social\/0003_201912V11C8993.htm\">11-12-2019 <strong>La Voz de Galicia-Edici\u00f3n Vigo <\/strong>La verdadera historia de la burguesa Mar\u00eda Vinyals&#8230;<\/a><br \/>\n<a href=\"https:\/\/www.atlantico.net\/content\/print\/maria-vinyals-siempre-sono-formar-hogar-castillo-consiguio-1910-1917\/20191209233329744697\">10-12-2019 <strong>Atl\u00e1ntico Diario <\/strong>Entrevista a Diego Piay.<\/a><br \/>\n<a href=\"https:\/\/www.lavozdegalicia.es\/noticia\/cultura\/2019\/12\/10\/span-langgl-debuxo-inedito-castelaospan\/0003_201912G10P35991.htm\">10-12-2019 <strong>La Voz de Galicia<\/strong> Un in\u00e9dito de Castelao<\/a>.<br \/>\n<a href=\"http:\/\/www.crtvg.es\/rg\/destacados\/diario-cultural-diario-cultural-do-dia-09-12-2019-4225667?fbclid=IwAR1zc7kl208-kVDCTzwpBKIqgSnKSvojx7oQ6GS_WIlLlb7cKAd-kGCsaGA\">09-12-2019 <strong>Radio Galega-Diario Cultural<\/strong> Entrevista a Diego Piay.<\/a><br \/>\n<a href=\"https:\/\/www.lavozdegalicia.es\/noticia\/cultura\/2019\/12\/06\/span-langglmaria-vinyals-senora-do-castelo-soutomaior-escritora-audaz-feministaspan\/0003_201912G6P35991.htm?fbclid=IwAR2EP33qb3OE3diOl7EhCdXEUizC24n5R76G3DOOk4_BuS_Rn_BrFqxmO-U\">06-12-2019 <strong>La Voz de Galicia<\/strong> Mar\u00eda Vinyals, se\u00f1ora do castelo de Soutomaior&#8230;<\/a><\/p>\n","protected":false},"excerpt":{"rendered":"<p>Siete vidas bajo la sombra de un castillo<br \/>\nDiego Piay<br \/>\nFormato: 23,5 x 15,5 cms, 248 pp.<br \/>\nISBN gallego 978-84-16460-70-0<\/p>\n<p>&nbsp;<\/p>\n<p>Esta obra es el resultado de una profunda y rigurosa investigaci\u00f3n, con numeroso material in\u00e9dito (documental, gr\u00e1fico y de testimonios orales), sobre la apasionante historia vital de Mar\u00eda Vinyals y Ferr\u00e9s, nacida en 1875 en el Castillo de Soutomaior (Pontevedra).<\/p>\n<p>Creci\u00f3 en el seno de una familia acomodada, acumul\u00f3 intensas experiencias y acab\u00f3 convirti\u00e9ndose en una prolija escritora, una pionera del feminismo y una mujer preocupada por la sociedad que la rodeaba.<\/p>\n<p>En su vida privada se rebelar\u00eda contra los sinsabores de un matrimonio desdichado. Con su segundo marido \u2014el m\u00e9dico cubano Enrique Lluria\u2014, compartir\u00eda ideales pol\u00edticos y sociales, y juntos llegar\u00edan a fundar, en 1910, un gran sanatorio, en el viejo teatro del propio Castillo de Soutomaior. Fijaron aqu\u00ed su residencia junto a sus cinco hijos; cuatro proced\u00edan de matrimonios precedentes.<\/p>\n<p>En 1917, ahogados por las deudas y marginados por sus ideales pol\u00edticos, Mar\u00eda Vinyals y Enrique Lluria abandonar\u00edan para siempre el Castillo de Soutomaior. Fue entonces cuando sus caminos, y los de sus hijos Antonio, Enrique, Emilia, Mar\u00eda Teresa y Roger, tomar\u00edan diferentes rumbos y nunca volver\u00edan a encontrarse.<\/p>\n<p>El presente ensayo hist\u00f3rico (publicado en tres idiomas \u2013gallego, castellano e ingl\u00e9s\u2013 en vol\u00fames diferentes) repasa estas siete vidas que crecieron bajo la sombra de un castillo. Desde esta impresionante fortaleza medieval, que hoy es patrimonio p\u00fablico, propiedad de la Diputaci\u00f3n de Pontevedra, Diego Piay viaja m\u00e1s all\u00e1 de sus l\u00edmites y sus almenas, m\u00e1s all\u00e1 de Pontevedra, Galicia\u2026 o Europa.<\/p>\n<p>Esta historia se gest\u00f3 tras las robustas murallas del castillo y ahora, muchos a\u00f1os despu\u00e9s, regresa al lugar donde todo comenz\u00f3.<\/p>\n","protected":false},"featured_media":6589,"comment_status":"closed","ping_status":"closed","template":"","meta":[],"product_brand":[],"product_cat":[105],"product_tag":[],"class_list":{"0":"post-6586","1":"product","2":"type-product","3":"status-publish","4":"has-post-thumbnail","6":"product_author-diego-piay-augusto-es","7":"product_cat-oeste-es","9":"first","10":"instock","11":"purchasable","12":"product-type-simple"},"yoast_head":"<!-- This site is optimized with the Yoast SEO plugin v27.3 - https:\/\/yoast.com\/product\/yoast-seo-wordpress\/ -->\n<title>MAR\u00cdA VINYALS, A MULLER DO PORVIR [Edici\u00f3n en gallego] - Alvarellos Editora<\/title>\n<meta name=\"description\" content=\"MAR\u00cdA VINYALS, A MULLER DO PORVIR [Edici\u00f3n en gallego]. C\u00f3mprao na tenda en li\u00f1a de Alvarellos Editora.\" \/>\n<meta name=\"robots\" content=\"index, follow, max-snippet:-1, max-image-preview:large, max-video-preview:-1\" \/>\n<link rel=\"canonical\" href=\"https:\/\/alvarelloseditora.gal\/es\/libro\/maria-vinyals-a-muller-do-porvir-edicion-en-galego\/\" \/>\n<meta property=\"og:locale\" content=\"es_ES\" \/>\n<meta property=\"og:type\" content=\"article\" \/>\n<meta property=\"og:title\" content=\"MAR\u00cdA VINYALS, A MULLER DO PORVIR [Edici\u00f3n en gallego] - Alvarellos Editora\" \/>\n<meta property=\"og:description\" content=\"MAR\u00cdA VINYALS, A MULLER DO PORVIR [Edici\u00f3n en gallego]. C\u00f3mprao na tenda en li\u00f1a de Alvarellos Editora.\" \/>\n<meta property=\"og:url\" content=\"https:\/\/alvarelloseditora.gal\/es\/libro\/maria-vinyals-a-muller-do-porvir-edicion-en-galego\/\" \/>\n<meta property=\"og:site_name\" content=\"Alvarellos Editora\" \/>\n<meta property=\"article:publisher\" content=\"https:\/\/www.facebook.com\/alvarelloseditora\" \/>\n<meta property=\"article:modified_time\" content=\"2022-01-31T16:27:00+00:00\" \/>\n<meta property=\"og:image\" content=\"https:\/\/alvarelloseditora.gal\/wp-content\/uploads\/2021\/06\/9788416460700VINYALS_SOLO_PORT_GAL-scaled.jpg\" \/>\n\t<meta property=\"og:image:width\" content=\"1689\" \/>\n\t<meta property=\"og:image:height\" content=\"2560\" \/>\n\t<meta property=\"og:image:type\" content=\"image\/jpeg\" \/>\n<meta name=\"twitter:card\" content=\"summary_large_image\" \/>\n<meta name=\"twitter:site\" content=\"@alvarellos_ed\" \/>\n<!-- \/ Yoast SEO plugin. -->","yoast_head_json":{"title":"MAR\u00cdA VINYALS, A MULLER DO PORVIR [Edici\u00f3n en gallego] - Alvarellos Editora","description":"MAR\u00cdA VINYALS, A MULLER DO PORVIR [Edici\u00f3n en gallego]. C\u00f3mprao na tenda en li\u00f1a de Alvarellos Editora.","robots":{"index":"index","follow":"follow","max-snippet":"max-snippet:-1","max-image-preview":"max-image-preview:large","max-video-preview":"max-video-preview:-1"},"canonical":"https:\/\/alvarelloseditora.gal\/es\/libro\/maria-vinyals-a-muller-do-porvir-edicion-en-galego\/","og_locale":"es_ES","og_type":"article","og_title":"MAR\u00cdA VINYALS, A MULLER DO PORVIR [Edici\u00f3n en gallego] - Alvarellos Editora","og_description":"MAR\u00cdA VINYALS, A MULLER DO PORVIR [Edici\u00f3n en gallego]. C\u00f3mprao na tenda en li\u00f1a de Alvarellos Editora.","og_url":"https:\/\/alvarelloseditora.gal\/es\/libro\/maria-vinyals-a-muller-do-porvir-edicion-en-galego\/","og_site_name":"Alvarellos Editora","article_publisher":"https:\/\/www.facebook.com\/alvarelloseditora","article_modified_time":"2022-01-31T16:27:00+00:00","og_image":[{"width":1689,"height":2560,"url":"https:\/\/alvarelloseditora.gal\/wp-content\/uploads\/2021\/06\/9788416460700VINYALS_SOLO_PORT_GAL-scaled.jpg","type":"image\/jpeg"}],"twitter_card":"summary_large_image","twitter_site":"@alvarellos_ed","schema":{"@context":"https:\/\/schema.org","@graph":[{"@type":["WebPage","ItemPage"],"@id":"https:\/\/alvarelloseditora.gal\/es\/libro\/maria-vinyals-a-muller-do-porvir-edicion-en-galego\/","url":"https:\/\/alvarelloseditora.gal\/es\/libro\/maria-vinyals-a-muller-do-porvir-edicion-en-galego\/","name":"MAR\u00cdA VINYALS, A MULLER DO PORVIR [Edici\u00f3n en gallego] - Alvarellos Editora","isPartOf":{"@id":"https:\/\/alvarelloseditora.gal\/#website"},"primaryImageOfPage":{"@id":"https:\/\/alvarelloseditora.gal\/es\/libro\/maria-vinyals-a-muller-do-porvir-edicion-en-galego\/#primaryimage"},"image":{"@id":"https:\/\/alvarelloseditora.gal\/es\/libro\/maria-vinyals-a-muller-do-porvir-edicion-en-galego\/#primaryimage"},"thumbnailUrl":"https:\/\/alvarelloseditora.gal\/wp-content\/uploads\/2021\/06\/9788416460700VINYALS_SOLO_PORT_GAL-scaled.jpg","datePublished":"2019-12-27T13:43:47+00:00","dateModified":"2022-01-31T16:27:00+00:00","description":"MAR\u00cdA VINYALS, A MULLER DO PORVIR [Edici\u00f3n en gallego]. C\u00f3mprao na tenda en li\u00f1a de Alvarellos Editora.","breadcrumb":{"@id":"https:\/\/alvarelloseditora.gal\/es\/libro\/maria-vinyals-a-muller-do-porvir-edicion-en-galego\/#breadcrumb"},"inLanguage":"es","potentialAction":[{"@type":"ReadAction","target":["https:\/\/alvarelloseditora.gal\/es\/libro\/maria-vinyals-a-muller-do-porvir-edicion-en-galego\/"]}]},{"@type":"ImageObject","inLanguage":"es","@id":"https:\/\/alvarelloseditora.gal\/es\/libro\/maria-vinyals-a-muller-do-porvir-edicion-en-galego\/#primaryimage","url":"https:\/\/alvarelloseditora.gal\/wp-content\/uploads\/2021\/06\/9788416460700VINYALS_SOLO_PORT_GAL-scaled.jpg","contentUrl":"https:\/\/alvarelloseditora.gal\/wp-content\/uploads\/2021\/06\/9788416460700VINYALS_SOLO_PORT_GAL-scaled.jpg","width":1689,"height":2560,"caption":"MAR\u00cdA VINYALS, A MULLER DO PORVIR [Edici\u00f3n en galego]"},{"@type":"BreadcrumbList","@id":"https:\/\/alvarelloseditora.gal\/es\/libro\/maria-vinyals-a-muller-do-porvir-edicion-en-galego\/#breadcrumb","itemListElement":[{"@type":"ListItem","position":1,"name":"Portada","item":"https:\/\/alvarelloseditora.gal\/"},{"@type":"ListItem","position":2,"name":"Tienda","item":"https:\/\/alvarelloseditora.gal\/es\/tienda\/"},{"@type":"ListItem","position":3,"name":"MAR\u00cdA VINYALS, A MULLER DO PORVIR [Edici\u00f3n en gallego]"}]},{"@type":"WebSite","@id":"https:\/\/alvarelloseditora.gal\/#website","url":"https:\/\/alvarelloseditora.gal\/","name":"Alvarellos Editora","description":"Libros para un mundo en tr\u00e1nsito","publisher":{"@id":"https:\/\/alvarelloseditora.gal\/#organization"},"potentialAction":[{"@type":"SearchAction","target":{"@type":"EntryPoint","urlTemplate":"https:\/\/alvarelloseditora.gal\/?s={search_term_string}"},"query-input":{"@type":"PropertyValueSpecification","valueRequired":true,"valueName":"search_term_string"}}],"inLanguage":"es"},{"@type":"Organization","@id":"https:\/\/alvarelloseditora.gal\/#organization","name":"Alvarellos Editora","url":"https:\/\/alvarelloseditora.gal\/","logo":{"@type":"ImageObject","inLanguage":"es","@id":"https:\/\/alvarelloseditora.gal\/#\/schema\/logo\/image\/","url":"https:\/\/alvarelloseditora.gal\/wp-content\/uploads\/2020\/02\/alv-icon.png","contentUrl":"https:\/\/alvarelloseditora.gal\/wp-content\/uploads\/2020\/02\/alv-icon.png","width":177,"height":175,"caption":"Alvarellos Editora"},"image":{"@id":"https:\/\/alvarelloseditora.gal\/#\/schema\/logo\/image\/"},"sameAs":["https:\/\/www.facebook.com\/alvarelloseditora","https:\/\/x.com\/alvarellos_ed"]}]}},"_links":{"self":[{"href":"https:\/\/alvarelloseditora.gal\/es\/wp-json\/wp\/v2\/product\/6586","targetHints":{"allow":["GET"]}}],"collection":[{"href":"https:\/\/alvarelloseditora.gal\/es\/wp-json\/wp\/v2\/product"}],"about":[{"href":"https:\/\/alvarelloseditora.gal\/es\/wp-json\/wp\/v2\/types\/product"}],"replies":[{"embeddable":true,"href":"https:\/\/alvarelloseditora.gal\/es\/wp-json\/wp\/v2\/comments?post=6586"}],"wp:featuredmedia":[{"embeddable":true,"href":"https:\/\/alvarelloseditora.gal\/es\/wp-json\/wp\/v2\/media\/6589"}],"wp:attachment":[{"href":"https:\/\/alvarelloseditora.gal\/es\/wp-json\/wp\/v2\/media?parent=6586"}],"wp:term":[{"taxonomy":"product_brand","embeddable":true,"href":"https:\/\/alvarelloseditora.gal\/es\/wp-json\/wp\/v2\/product_brand?post=6586"},{"taxonomy":"product_cat","embeddable":true,"href":"https:\/\/alvarelloseditora.gal\/es\/wp-json\/wp\/v2\/product_cat?post=6586"},{"taxonomy":"product_tag","embeddable":true,"href":"https:\/\/alvarelloseditora.gal\/es\/wp-json\/wp\/v2\/product_tag?post=6586"}],"curies":[{"name":"wp","href":"https:\/\/api.w.org\/{rel}","templated":true}]}}