{"id":6584,"date":"2019-12-27T13:40:34","date_gmt":"2019-12-27T13:40:34","guid":{"rendered":"https:\/\/alvarellos.info\/book\/rio-alzheimer-2\/"},"modified":"2021-06-23T12:45:15","modified_gmt":"2021-06-23T10:45:15","slug":"rio-alzheimer-2","status":"publish","type":"product","link":"https:\/\/alvarelloseditora.gal\/es\/libro\/rio-alzheimer-2\/","title":{"rendered":"R\u00cdO ALZHEIMER"},"content":{"rendered":"<p>30\/09\/2014<strong> Presentaci\u00f3n en Betanzos (Librar\u00eda Biblos). Fotos <\/strong><a href=\"https:\/\/www.facebook.com\/biblos.delectores\/media_set?set=a.10203901040299390.1073741944.1022847220&amp;type=1\">https:\/\/www.facebook.com\/biblos.delectores\/media_set?set=a.10203901040299390.1073741944.1022847220&amp;type=1<\/a><\/p>\n<p>15\/05\/2014 <strong>Presentaci\u00f3n en Ateneo de Ferrol. Fotos<\/strong>\u00a0<a href=\"https:\/\/www.facebook.com\/carlos.pereiramartinez.5\/posts\/10201669408168642\">https:\/\/www.facebook.com\/carlos.pereiramartinez.5\/posts\/10201669408168642<\/a><\/p>\n<p>14\/05\/2014\u00a0<strong>Diario de Ferrol\u00a0<\/strong><a href=\"http:\/\/www.diariodeferrol.com\/articulo\/ferrol\/pereira-martinez-fala-no-ateneo-versos-do-seu-premiado-rio-alzheimer\/20140513224155085568.html\">http:\/\/www.diariodeferrol.com\/articulo\/ferrol\/pereira-martinez-fala-no-ateneo-versos-do-seu-premiado-rio-alzheimer\/20140513224155085568.html<\/a><\/p>\n<p>05\/07\/2013 <strong>El Progreso<\/strong>: \u00ab<a href=\"https:\/\/alvarelloseditora.gal\/wp-content\/uploads\/prensa\/El_Progreso_05072013.pdf\" target=\"_blank\" rel=\"noopener noreferrer\">Alvarellos Editora publicar\u00e1 catro obras do certame de poes\u00eda vilalb\u00e9s<\/a>\u00ab.<\/p>\n<p>15\/07\/2013 <strong>Biblos. Clube de Lectores<\/strong>. <a href=\"https:\/\/alvarelloseditora.gal\/wp-content\/uploads\/prensa\/Biblos_Clube_de_Lectores_Boletin_veran_2013.pdf\" target=\"_blank\" rel=\"noopener noreferrer\">Bolet\u00edn de xullo\/agosto 2013<\/a>.<\/p>\n<p>24\/08\/13 <strong>La Voz de Galicia<\/strong>-Vilalba. Presentaci\u00f3n do libro:\u00a0<a href=\"http:\/\/www.lavozdegalicia.es\/noticia\/lugo\/2013\/08\/23\/agosto-mes-poesia-vilalba\/00031377290066313255640.htm?idioma=galego\">http:\/\/www.lavozdegalicia.es\/noticia\/lugo\/2013\/08\/23\/agosto-mes-poesia-vilalba\/00031377290066313255640.htm?idioma=galego<\/a><\/p>\n<p>24\/08\/13 <strong>El Progreso<\/strong>. Presentaci\u00f3n do libro:\u00a0<a href=\"http:\/\/elprogreso.galiciae.com\/nova\/272468-pablo-bouza-rafael-catoira-ganan-xxxix-certame-literario-vilalba\">http:\/\/elprogreso.galiciae.com\/nova\/272468-pablo-bouza-rafael-catoira-ganan-xxxix-certame-literario-vilalba<\/a><\/p>\n<p>14\/09\/13 <strong>El Correo Gallego<\/strong> &#8211; Cr\u00edtica de <strong>Alfredo Conde<\/strong>:\u00a0<a href=\"http:\/\/www.elcorreogallego.es\/opinion\/firmas\/ecg\/noso-destino\/idEdicion-2013-09-14\/idNoticia-826601\/\">http:\/\/www.elcorreogallego.es\/opinion\/firmas\/ecg\/noso-destino\/idEdicion-2013-09-14\/idNoticia-826601\/<\/a><\/p>\n<p>28\/09\/13 <a href=\"http:\/\/alvarellos.info\/arquivos\/libros\/133\/VOZCulturas280919.pdf\"><strong>La Voz de Galicia<\/strong>-Culturas &#8211; Cr\u00edtica de <strong>Ram\u00f3n Nicol\u00e1s<\/strong><\/a>:<\/p>\n<p>30\/09\/13 <strong>Praza P\u00fablica<\/strong> &#8211; Cr\u00edtica de <strong>Armando Requeixo\u00a0<\/strong><a href=\"http:\/\/praza.com\/cultura\/5556\/rio-alzheimer-restauracion-da-luz\/\">http:\/\/praza.com\/cultura\/5556\/rio-alzheimer-restauracion-da-luz\/<\/a><\/p>\n","protected":false},"excerpt":{"rendered":"<p>1\u00ba Premio Certamen Literario-Concello de Vilalba, 2011<\/p>\n<p>&nbsp;<\/p>\n<p>Formato: 76 pp. 14&#215;21 cms<br \/>\nISBN: 978-84-89323-44-5<\/p>\n<p>&nbsp;<\/p>\n<p>Un conmovedor relato en verso sobre la \u00faltima etapa vital de la madre del autor, enferma de Alzheimer. \u201cUn viaje profundo y estremecedor\u00bb, en palabras de la poeta Eva Veiga, autora del pr\u00f3logo. Ella se\u00f1ala: \u201cCando el habla se retira, aparece la escritura\u201d. Y el poeta escribe: \u201cXa non sentes que abril \/ trouxo t\u00e9pedas choivas\u201d.<\/p>\n<p>Esta obra obtuvo el I premio en el XXXVII Certamen Literario del Concello de Vilalba (Lugo, 2011).<\/p>\n","protected":false},"featured_media":4105,"comment_status":"closed","ping_status":"closed","template":"","meta":[],"product_brand":[],"product_cat":[106],"product_tag":[],"class_list":{"0":"post-6584","1":"product","2":"type-product","3":"status-publish","4":"has-post-thumbnail","6":"product_author-carlos-pereira-martinez-es","7":"product_cat-libros-do-sarela-es","9":"first","10":"instock","11":"taxable","12":"shipping-taxable","13":"purchasable","14":"product-type-simple"},"yoast_head":"<!-- This site is optimized with the Yoast SEO plugin v27.3 - https:\/\/yoast.com\/product\/yoast-seo-wordpress\/ -->\n<title>R\u00cdO ALZHEIMER - Alvarellos Editora<\/title>\n<meta name=\"description\" content=\"R\u00cdO ALZHEIMER. C\u00f3mprao na tenda en li\u00f1a de Alvarellos Editora.\" \/>\n<meta name=\"robots\" content=\"index, follow, max-snippet:-1, max-image-preview:large, max-video-preview:-1\" \/>\n<link rel=\"canonical\" href=\"https:\/\/alvarelloseditora.gal\/es\/libro\/rio-alzheimer-2\/\" \/>\n<meta property=\"og:locale\" content=\"es_ES\" \/>\n<meta property=\"og:type\" content=\"article\" \/>\n<meta property=\"og:title\" content=\"R\u00cdO ALZHEIMER - Alvarellos Editora\" \/>\n<meta property=\"og:description\" content=\"R\u00cdO ALZHEIMER. C\u00f3mprao na tenda en li\u00f1a de Alvarellos Editora.\" \/>\n<meta property=\"og:url\" content=\"https:\/\/alvarelloseditora.gal\/es\/libro\/rio-alzheimer-2\/\" \/>\n<meta property=\"og:site_name\" content=\"Alvarellos Editora\" \/>\n<meta property=\"article:publisher\" content=\"https:\/\/www.facebook.com\/alvarelloseditora\" \/>\n<meta property=\"article:modified_time\" content=\"2021-06-23T10:45:15+00:00\" \/>\n<meta property=\"og:image\" content=\"https:\/\/alvarelloseditora.gal\/wp-content\/uploads\/2019\/12\/RIO-ALZHEIMER-EPUB.jpg\" \/>\n\t<meta property=\"og:image:width\" content=\"987\" \/>\n\t<meta property=\"og:image:height\" content=\"1500\" \/>\n\t<meta property=\"og:image:type\" content=\"image\/jpeg\" \/>\n<meta name=\"twitter:card\" content=\"summary_large_image\" \/>\n<meta name=\"twitter:site\" content=\"@alvarellos_ed\" \/>\n<meta name=\"twitter:label1\" content=\"Tiempo de lectura\" \/>\n\t<meta name=\"twitter:data1\" content=\"1 minuto\" \/>\n<!-- \/ Yoast SEO plugin. -->","yoast_head_json":{"title":"R\u00cdO ALZHEIMER - Alvarellos Editora","description":"R\u00cdO ALZHEIMER. C\u00f3mprao na tenda en li\u00f1a de Alvarellos Editora.","robots":{"index":"index","follow":"follow","max-snippet":"max-snippet:-1","max-image-preview":"max-image-preview:large","max-video-preview":"max-video-preview:-1"},"canonical":"https:\/\/alvarelloseditora.gal\/es\/libro\/rio-alzheimer-2\/","og_locale":"es_ES","og_type":"article","og_title":"R\u00cdO ALZHEIMER - Alvarellos Editora","og_description":"R\u00cdO ALZHEIMER. C\u00f3mprao na tenda en li\u00f1a de Alvarellos Editora.","og_url":"https:\/\/alvarelloseditora.gal\/es\/libro\/rio-alzheimer-2\/","og_site_name":"Alvarellos Editora","article_publisher":"https:\/\/www.facebook.com\/alvarelloseditora","article_modified_time":"2021-06-23T10:45:15+00:00","og_image":[{"width":987,"height":1500,"url":"https:\/\/alvarelloseditora.gal\/wp-content\/uploads\/2019\/12\/RIO-ALZHEIMER-EPUB.jpg","type":"image\/jpeg"}],"twitter_card":"summary_large_image","twitter_site":"@alvarellos_ed","twitter_misc":{"Tiempo de lectura":"1 minuto"},"schema":{"@context":"https:\/\/schema.org","@graph":[{"@type":["WebPage","ItemPage"],"@id":"https:\/\/alvarelloseditora.gal\/es\/libro\/rio-alzheimer-2\/","url":"https:\/\/alvarelloseditora.gal\/es\/libro\/rio-alzheimer-2\/","name":"R\u00cdO ALZHEIMER - Alvarellos Editora","isPartOf":{"@id":"https:\/\/alvarelloseditora.gal\/#website"},"primaryImageOfPage":{"@id":"https:\/\/alvarelloseditora.gal\/es\/libro\/rio-alzheimer-2\/#primaryimage"},"image":{"@id":"https:\/\/alvarelloseditora.gal\/es\/libro\/rio-alzheimer-2\/#primaryimage"},"thumbnailUrl":"https:\/\/alvarelloseditora.gal\/wp-content\/uploads\/2019\/12\/RIO-ALZHEIMER-EPUB.jpg","datePublished":"2019-12-27T13:40:34+00:00","dateModified":"2021-06-23T10:45:15+00:00","description":"R\u00cdO ALZHEIMER. C\u00f3mprao na tenda en li\u00f1a de Alvarellos Editora.","breadcrumb":{"@id":"https:\/\/alvarelloseditora.gal\/es\/libro\/rio-alzheimer-2\/#breadcrumb"},"inLanguage":"es","potentialAction":[{"@type":"ReadAction","target":["https:\/\/alvarelloseditora.gal\/es\/libro\/rio-alzheimer-2\/"]}]},{"@type":"ImageObject","inLanguage":"es","@id":"https:\/\/alvarelloseditora.gal\/es\/libro\/rio-alzheimer-2\/#primaryimage","url":"https:\/\/alvarelloseditora.gal\/wp-content\/uploads\/2019\/12\/RIO-ALZHEIMER-EPUB.jpg","contentUrl":"https:\/\/alvarelloseditora.gal\/wp-content\/uploads\/2019\/12\/RIO-ALZHEIMER-EPUB.jpg","width":987,"height":1500},{"@type":"BreadcrumbList","@id":"https:\/\/alvarelloseditora.gal\/es\/libro\/rio-alzheimer-2\/#breadcrumb","itemListElement":[{"@type":"ListItem","position":1,"name":"Portada","item":"https:\/\/alvarelloseditora.gal\/"},{"@type":"ListItem","position":2,"name":"Tienda","item":"https:\/\/alvarelloseditora.gal\/es\/tienda\/"},{"@type":"ListItem","position":3,"name":"R\u00cdO ALZHEIMER"}]},{"@type":"WebSite","@id":"https:\/\/alvarelloseditora.gal\/#website","url":"https:\/\/alvarelloseditora.gal\/","name":"Alvarellos Editora","description":"Libros para un mundo en tr\u00e1nsito","publisher":{"@id":"https:\/\/alvarelloseditora.gal\/#organization"},"potentialAction":[{"@type":"SearchAction","target":{"@type":"EntryPoint","urlTemplate":"https:\/\/alvarelloseditora.gal\/?s={search_term_string}"},"query-input":{"@type":"PropertyValueSpecification","valueRequired":true,"valueName":"search_term_string"}}],"inLanguage":"es"},{"@type":"Organization","@id":"https:\/\/alvarelloseditora.gal\/#organization","name":"Alvarellos Editora","url":"https:\/\/alvarelloseditora.gal\/","logo":{"@type":"ImageObject","inLanguage":"es","@id":"https:\/\/alvarelloseditora.gal\/#\/schema\/logo\/image\/","url":"https:\/\/alvarelloseditora.gal\/wp-content\/uploads\/2020\/02\/alv-icon.png","contentUrl":"https:\/\/alvarelloseditora.gal\/wp-content\/uploads\/2020\/02\/alv-icon.png","width":177,"height":175,"caption":"Alvarellos Editora"},"image":{"@id":"https:\/\/alvarelloseditora.gal\/#\/schema\/logo\/image\/"},"sameAs":["https:\/\/www.facebook.com\/alvarelloseditora","https:\/\/x.com\/alvarellos_ed"]}]}},"_links":{"self":[{"href":"https:\/\/alvarelloseditora.gal\/es\/wp-json\/wp\/v2\/product\/6584","targetHints":{"allow":["GET"]}}],"collection":[{"href":"https:\/\/alvarelloseditora.gal\/es\/wp-json\/wp\/v2\/product"}],"about":[{"href":"https:\/\/alvarelloseditora.gal\/es\/wp-json\/wp\/v2\/types\/product"}],"replies":[{"embeddable":true,"href":"https:\/\/alvarelloseditora.gal\/es\/wp-json\/wp\/v2\/comments?post=6584"}],"wp:featuredmedia":[{"embeddable":true,"href":"https:\/\/alvarelloseditora.gal\/es\/wp-json\/wp\/v2\/media\/4105"}],"wp:attachment":[{"href":"https:\/\/alvarelloseditora.gal\/es\/wp-json\/wp\/v2\/media?parent=6584"}],"wp:term":[{"taxonomy":"product_brand","embeddable":true,"href":"https:\/\/alvarelloseditora.gal\/es\/wp-json\/wp\/v2\/product_brand?post=6584"},{"taxonomy":"product_cat","embeddable":true,"href":"https:\/\/alvarelloseditora.gal\/es\/wp-json\/wp\/v2\/product_cat?post=6584"},{"taxonomy":"product_tag","embeddable":true,"href":"https:\/\/alvarelloseditora.gal\/es\/wp-json\/wp\/v2\/product_tag?post=6584"}],"curies":[{"name":"wp","href":"https:\/\/api.w.org\/{rel}","templated":true}]}}