{"id":6555,"date":"2019-12-27T13:43:01","date_gmt":"2019-12-27T13:43:01","guid":{"rendered":"https:\/\/alvarellos.info\/book\/santiago-de-compostela-desde-dentro-edicion-en-castellano-2\/"},"modified":"2021-06-22T15:27:56","modified_gmt":"2021-06-22T13:27:56","slug":"santiago-de-compostela-desde-dentro-edicion-en-castellano-2","status":"publish","type":"product","link":"https:\/\/alvarelloseditora.gal\/es\/libro\/santiago-de-compostela-desde-dentro-edicion-en-castellano-2\/","title":{"rendered":"Santiago de Compostela desde dentro [Edici\u00f3n en castellano]"},"content":{"rendered":"","protected":false},"excerpt":{"rendered":"<p>Unha gu\u00eda sensible, ecol\u00f3xica, feminista e cultural da capital de Galicia<\/p>\n<p>&nbsp;<\/p>\n<p>108 pp . 12 x 22 cms.<br \/>\nISBN 978-84-16460-63-2<br \/>\nCosida.<\/p>\n<p>&nbsp;<\/p>\n<p>Siguiendo la l\u00ednea de otras gu\u00edas sensibles y respetuosas con el entorno que han visto la luz en los \u00faltimos a\u00f1os en varias ciudades de Europa, Alvarellos Editora publica\u00a0Santiago de Compostela desde dentro, de Marilar Aleixandre.<\/p>\n<p>Otra forma de descubrir una ciudad. De recorrerla, sentirla, apreciarla. Una nueva gu\u00eda ilustrada que invita a conocer Santiago de Compostela de una forma diferente: desde dentro. Una propuesta para viajeras y viajeros sensibles, que quieran tanto disfrutar como aprender, o disfrutar aprendiendo.<\/p>\n<p>La autora de Santiago de Compostela desde dentro, Marilar Aleixandre (Madrid, 1947), es una premiada escritora con una extensa trayectoria literaria en Galicia, y tambi\u00e9n reconocida bi\u00f3loga. Con esta gu\u00eda, que incluye 70 fotograf\u00edas, planos y rutas, nos lleva de la mano por los territorios m\u00e1s amenos de esta capital de Galicia, pero tambi\u00e9n transita por los paisajes de la imaginaci\u00f3n.<\/p>\n<p>As\u00ed, seremos capaces de palpar la piedra, escucharemos la naturaleza, caminaremos \u2013entre r\u00faas y bosques\u2013 al lado de Rosal\u00eda de Castro, Federico Garc\u00eda Lorca o Ram\u00f3n del Valle-Incl\u00e1n, y saldr\u00e1n al paso mil historias que han ido construyendo Compostela.<\/p>\n<p>Cultura, arte, ecolog\u00eda, feminismo, literatura&#8230; La autora traza Nueve Visitas Singulares y despu\u00e9s Cuatro Itinerarios muy seductores, un Territorio de las mujeres y un Calendario de \u00c1rboles, Flores y Fiestas.<\/p>\n<p>Adem\u00e1s, consejos pr\u00e1cticos sobre d\u00f3nde comer o qu\u00e9 dulces o artesan\u00eda comprar.<\/p>\n<p>Santiago de Compostela desde dentro es la primera gu\u00eda sensible, \u00edntima, diferente, de esta siempre viva y nueva ciudad medieval.<\/p>\n","protected":false},"featured_media":4269,"comment_status":"closed","ping_status":"closed","template":"","meta":[],"product_brand":[],"product_cat":[104],"product_tag":[1045],"class_list":{"0":"post-6555","1":"product","2":"type-product","3":"status-publish","4":"has-post-thumbnail","6":"product_author-marilar-aleixandre-es","7":"product_cat-ilustrada-es","8":"product_tag-santiago-de-compostela-y-el-camino","10":"first","11":"instock","12":"taxable","13":"shipping-taxable","14":"purchasable","15":"product-type-simple"},"yoast_head":"<!-- This site is optimized with the Yoast SEO plugin v27.3 - https:\/\/yoast.com\/product\/yoast-seo-wordpress\/ -->\n<title>Santiago de Compostela desde dentro [Edici\u00f3n en castellano] - Alvarellos Editora<\/title>\n<meta name=\"description\" content=\"Santiago de Compostela desde dentro [Edici\u00f3n en castellano]. C\u00f3mprao na tenda en li\u00f1a de Alvarellos Editora.\" \/>\n<meta name=\"robots\" content=\"index, follow, max-snippet:-1, max-image-preview:large, max-video-preview:-1\" \/>\n<link rel=\"canonical\" href=\"https:\/\/alvarelloseditora.gal\/es\/libro\/santiago-de-compostela-desde-dentro-edicion-en-castellano-2\/\" \/>\n<meta property=\"og:locale\" content=\"es_ES\" \/>\n<meta property=\"og:type\" content=\"article\" \/>\n<meta property=\"og:title\" content=\"Santiago de Compostela desde dentro [Edici\u00f3n en castellano] - Alvarellos Editora\" \/>\n<meta property=\"og:description\" content=\"Santiago de Compostela desde dentro [Edici\u00f3n en castellano]. C\u00f3mprao na tenda en li\u00f1a de Alvarellos Editora.\" \/>\n<meta property=\"og:url\" content=\"https:\/\/alvarelloseditora.gal\/es\/libro\/santiago-de-compostela-desde-dentro-edicion-en-castellano-2\/\" \/>\n<meta property=\"og:site_name\" content=\"Alvarellos Editora\" \/>\n<meta property=\"article:publisher\" content=\"https:\/\/www.facebook.com\/alvarelloseditora\" \/>\n<meta property=\"article:modified_time\" content=\"2021-06-22T13:27:56+00:00\" \/>\n<meta property=\"og:image\" content=\"https:\/\/alvarelloseditora.gal\/wp-content\/uploads\/2019\/12\/SantiagoDeCompostelaDesdeDentro_capa_ESP-scaled.jpg\" \/>\n\t<meta property=\"og:image:width\" content=\"1387\" \/>\n\t<meta property=\"og:image:height\" content=\"2560\" \/>\n\t<meta property=\"og:image:type\" content=\"image\/jpeg\" \/>\n<meta name=\"twitter:card\" content=\"summary_large_image\" \/>\n<meta name=\"twitter:site\" content=\"@alvarellos_ed\" \/>\n<!-- \/ Yoast SEO plugin. -->","yoast_head_json":{"title":"Santiago de Compostela desde dentro [Edici\u00f3n en castellano] - Alvarellos Editora","description":"Santiago de Compostela desde dentro [Edici\u00f3n en castellano]. C\u00f3mprao na tenda en li\u00f1a de Alvarellos Editora.","robots":{"index":"index","follow":"follow","max-snippet":"max-snippet:-1","max-image-preview":"max-image-preview:large","max-video-preview":"max-video-preview:-1"},"canonical":"https:\/\/alvarelloseditora.gal\/es\/libro\/santiago-de-compostela-desde-dentro-edicion-en-castellano-2\/","og_locale":"es_ES","og_type":"article","og_title":"Santiago de Compostela desde dentro [Edici\u00f3n en castellano] - Alvarellos Editora","og_description":"Santiago de Compostela desde dentro [Edici\u00f3n en castellano]. C\u00f3mprao na tenda en li\u00f1a de Alvarellos Editora.","og_url":"https:\/\/alvarelloseditora.gal\/es\/libro\/santiago-de-compostela-desde-dentro-edicion-en-castellano-2\/","og_site_name":"Alvarellos Editora","article_publisher":"https:\/\/www.facebook.com\/alvarelloseditora","article_modified_time":"2021-06-22T13:27:56+00:00","og_image":[{"width":1387,"height":2560,"url":"https:\/\/alvarelloseditora.gal\/wp-content\/uploads\/2019\/12\/SantiagoDeCompostelaDesdeDentro_capa_ESP-scaled.jpg","type":"image\/jpeg"}],"twitter_card":"summary_large_image","twitter_site":"@alvarellos_ed","schema":{"@context":"https:\/\/schema.org","@graph":[{"@type":["WebPage","ItemPage"],"@id":"https:\/\/alvarelloseditora.gal\/es\/libro\/santiago-de-compostela-desde-dentro-edicion-en-castellano-2\/","url":"https:\/\/alvarelloseditora.gal\/es\/libro\/santiago-de-compostela-desde-dentro-edicion-en-castellano-2\/","name":"Santiago de Compostela desde dentro [Edici\u00f3n en castellano] - Alvarellos Editora","isPartOf":{"@id":"https:\/\/alvarelloseditora.gal\/#website"},"primaryImageOfPage":{"@id":"https:\/\/alvarelloseditora.gal\/es\/libro\/santiago-de-compostela-desde-dentro-edicion-en-castellano-2\/#primaryimage"},"image":{"@id":"https:\/\/alvarelloseditora.gal\/es\/libro\/santiago-de-compostela-desde-dentro-edicion-en-castellano-2\/#primaryimage"},"thumbnailUrl":"https:\/\/alvarelloseditora.gal\/wp-content\/uploads\/2019\/12\/SantiagoDeCompostelaDesdeDentro_capa_ESP-scaled.jpg","datePublished":"2019-12-27T13:43:01+00:00","dateModified":"2021-06-22T13:27:56+00:00","description":"Santiago de Compostela desde dentro [Edici\u00f3n en castellano]. C\u00f3mprao na tenda en li\u00f1a de Alvarellos Editora.","breadcrumb":{"@id":"https:\/\/alvarelloseditora.gal\/es\/libro\/santiago-de-compostela-desde-dentro-edicion-en-castellano-2\/#breadcrumb"},"inLanguage":"es","potentialAction":[{"@type":"ReadAction","target":["https:\/\/alvarelloseditora.gal\/es\/libro\/santiago-de-compostela-desde-dentro-edicion-en-castellano-2\/"]}]},{"@type":"ImageObject","inLanguage":"es","@id":"https:\/\/alvarelloseditora.gal\/es\/libro\/santiago-de-compostela-desde-dentro-edicion-en-castellano-2\/#primaryimage","url":"https:\/\/alvarelloseditora.gal\/wp-content\/uploads\/2019\/12\/SantiagoDeCompostelaDesdeDentro_capa_ESP-scaled.jpg","contentUrl":"https:\/\/alvarelloseditora.gal\/wp-content\/uploads\/2019\/12\/SantiagoDeCompostelaDesdeDentro_capa_ESP-scaled.jpg","width":1387,"height":2560},{"@type":"BreadcrumbList","@id":"https:\/\/alvarelloseditora.gal\/es\/libro\/santiago-de-compostela-desde-dentro-edicion-en-castellano-2\/#breadcrumb","itemListElement":[{"@type":"ListItem","position":1,"name":"Portada","item":"https:\/\/alvarelloseditora.gal\/"},{"@type":"ListItem","position":2,"name":"Tienda","item":"https:\/\/alvarelloseditora.gal\/es\/tienda\/"},{"@type":"ListItem","position":3,"name":"Santiago de Compostela desde dentro [Edici\u00f3n en castellano]"}]},{"@type":"WebSite","@id":"https:\/\/alvarelloseditora.gal\/#website","url":"https:\/\/alvarelloseditora.gal\/","name":"Alvarellos Editora","description":"Libros para un mundo en tr\u00e1nsito","publisher":{"@id":"https:\/\/alvarelloseditora.gal\/#organization"},"potentialAction":[{"@type":"SearchAction","target":{"@type":"EntryPoint","urlTemplate":"https:\/\/alvarelloseditora.gal\/?s={search_term_string}"},"query-input":{"@type":"PropertyValueSpecification","valueRequired":true,"valueName":"search_term_string"}}],"inLanguage":"es"},{"@type":"Organization","@id":"https:\/\/alvarelloseditora.gal\/#organization","name":"Alvarellos Editora","url":"https:\/\/alvarelloseditora.gal\/","logo":{"@type":"ImageObject","inLanguage":"es","@id":"https:\/\/alvarelloseditora.gal\/#\/schema\/logo\/image\/","url":"https:\/\/alvarelloseditora.gal\/wp-content\/uploads\/2020\/02\/alv-icon.png","contentUrl":"https:\/\/alvarelloseditora.gal\/wp-content\/uploads\/2020\/02\/alv-icon.png","width":177,"height":175,"caption":"Alvarellos Editora"},"image":{"@id":"https:\/\/alvarelloseditora.gal\/#\/schema\/logo\/image\/"},"sameAs":["https:\/\/www.facebook.com\/alvarelloseditora","https:\/\/x.com\/alvarellos_ed"]}]}},"_links":{"self":[{"href":"https:\/\/alvarelloseditora.gal\/es\/wp-json\/wp\/v2\/product\/6555","targetHints":{"allow":["GET"]}}],"collection":[{"href":"https:\/\/alvarelloseditora.gal\/es\/wp-json\/wp\/v2\/product"}],"about":[{"href":"https:\/\/alvarelloseditora.gal\/es\/wp-json\/wp\/v2\/types\/product"}],"replies":[{"embeddable":true,"href":"https:\/\/alvarelloseditora.gal\/es\/wp-json\/wp\/v2\/comments?post=6555"}],"wp:featuredmedia":[{"embeddable":true,"href":"https:\/\/alvarelloseditora.gal\/es\/wp-json\/wp\/v2\/media\/4269"}],"wp:attachment":[{"href":"https:\/\/alvarelloseditora.gal\/es\/wp-json\/wp\/v2\/media?parent=6555"}],"wp:term":[{"taxonomy":"product_brand","embeddable":true,"href":"https:\/\/alvarelloseditora.gal\/es\/wp-json\/wp\/v2\/product_brand?post=6555"},{"taxonomy":"product_cat","embeddable":true,"href":"https:\/\/alvarelloseditora.gal\/es\/wp-json\/wp\/v2\/product_cat?post=6555"},{"taxonomy":"product_tag","embeddable":true,"href":"https:\/\/alvarelloseditora.gal\/es\/wp-json\/wp\/v2\/product_tag?post=6555"}],"curies":[{"name":"wp","href":"https:\/\/api.w.org\/{rel}","templated":true}]}}