{"id":6431,"date":"2021-06-07T13:44:00","date_gmt":"2021-06-07T11:44:00","guid":{"rendered":"https:\/\/alvarellos.info\/book\/pasin-memoria-dunha-resistencia\/"},"modified":"2021-06-09T10:13:07","modified_gmt":"2021-06-09T08:13:07","slug":"pasin-memoria-dunha-resistencia","status":"publish","type":"product","link":"https:\/\/alvarelloseditora.gal\/es\/libro\/pasin-memoria-dunha-resistencia\/","title":{"rendered":"Pas\u00edn: memoria dunha resistencia"},"content":{"rendered":"<div class=\"col_b\">\n<div class=\"textbox\">\n<div id=\"contenedor\" class=\"textarea unknown\">Despu\u00e9s de largas horas de conversaci\u00f3n con el exconcejal de Santiago de Compostela Luis Pas\u00edn Li\u00f1ares (Santiago, 1934), el periodista Jos\u00e9 Luis Est\u00e9vez re\u00fane en estas p\u00e1ginas los hitos de una vida consagrada a luchar por la democracia y las libertades.<\/div>\n<div class=\"textarea unknown\"><em>Pas\u00edn: memoria de una resistencia<\/em> (Alvarellos Editora, 2021) relata los dur\u00edsimos a\u00f1os de la posguerra, cuando la dictadura da\u00f1\u00f3 a fondo a la familia Pas\u00edn Noya; se detiene luego, ya en la d\u00e9cada de los sesenta, en la acci\u00f3n pol\u00edtica del protagonista, centrada en la defensa del vecindario de su barrio de Conxo; y ya, en la transici\u00f3n democr\u00e1tica, cuando llegaron los tiempos urgentes de recuperar las libertades y Pas\u00edn pasa a integrar el gobierno municipal de Xerardo Est\u00e9vez.<\/div>\n<div class=\"textarea unknown\">Militante primero del Partido Comunista y luego como independiente dentro del socialismo compostelano, Luis Pas\u00edn representa, sobre todo, una manera nueva de hacer pol\u00edtica, donde la b\u00fasqueda del consenso y el entendimiento primaron siempre en su acci\u00f3n p\u00fablica.<\/div>\n<div class=\"textarea unknown\">Como afirma en el pr\u00f3logo Xerardo Est\u00e9vez, \u201cbuscando siempre el equilibrio, la mesura y la convivencia, sin espacio para el rencor, que enferma la vida\u201d.<\/div>\n<div class=\"textarea unknown\">Esta obra recoge, tambi\u00e9n en im\u00e1genes, algunos de los momentos \u00fanicos vividos por Luis Pas\u00edn. Junto con los textos y las m\u00faltiples an\u00e9cdotas, esas fotograf\u00edas configuran una singular y \u00e1gil cr\u00f3nica gr\u00e1fica de Santiago de Compostela y de Galicia durante casi un siglo.<\/div>\n<\/div>\n<\/div>\n","protected":false},"excerpt":{"rendered":"<p>P\u00e1ginas: 158. Formato 13 x 23 cms.<br \/>\nISBN 978-84-18567-06-3<\/p>\n<p>El periodista Jos\u00e9 Luis Est\u00e9vez re\u00fane en estas p\u00e1ginas los hitos de una vida consagrada a luchar por la democracia y las libertades: es la \u00abmemoria de una resistencia\u00bb, la del exconcejal compostelano Luis Pas\u00edn Li\u00f1ares (Santiago, 1934), miembro de una familia profundamente herida por el franquismo y que represent\u00f3, en la transici\u00f3n, una nueva manera de hacer pol\u00edtica desde Santiago de Compostela.<\/p>\n<p>Ilustrado con im\u00e1genes in\u00e9ditas.<\/p>\n<p>&nbsp;<\/p>\n","protected":false},"featured_media":6415,"comment_status":"closed","ping_status":"closed","template":"","meta":[],"product_brand":[],"product_cat":[105],"product_tag":[1042,1045],"class_list":{"0":"post-6431","1":"product","2":"type-product","3":"status-publish","4":"has-post-thumbnail","6":"product_author-jose-luis-estevez-es","7":"product_cat-oeste-es","8":"product_tag-libros-con-memoria-es","9":"product_tag-santiago-de-compostela-y-el-camino","11":"first","12":"instock","13":"taxable","14":"shipping-taxable","15":"purchasable","16":"product-type-simple"},"yoast_head":"<!-- This site is optimized with the Yoast SEO plugin v27.4 - https:\/\/yoast.com\/product\/yoast-seo-wordpress\/ -->\n<title>Pas\u00edn: memoria dunha resistencia - Alvarellos Editora<\/title>\n<meta name=\"description\" content=\"Pas\u00edn: memoria dunha resistencia. C\u00f3mprao na tenda en li\u00f1a de Alvarellos Editora.\" \/>\n<meta name=\"robots\" content=\"index, follow, max-snippet:-1, max-image-preview:large, max-video-preview:-1\" \/>\n<link rel=\"canonical\" href=\"https:\/\/alvarelloseditora.gal\/es\/libro\/pasin-memoria-dunha-resistencia\/\" \/>\n<meta property=\"og:locale\" content=\"es_ES\" \/>\n<meta property=\"og:type\" content=\"article\" \/>\n<meta property=\"og:title\" content=\"Pas\u00edn: memoria dunha resistencia - Alvarellos Editora\" \/>\n<meta property=\"og:description\" content=\"Pas\u00edn: memoria dunha resistencia. C\u00f3mprao na tenda en li\u00f1a de Alvarellos Editora.\" \/>\n<meta property=\"og:url\" content=\"https:\/\/alvarelloseditora.gal\/es\/libro\/pasin-memoria-dunha-resistencia\/\" \/>\n<meta property=\"og:site_name\" content=\"Alvarellos Editora\" \/>\n<meta property=\"article:publisher\" content=\"https:\/\/www.facebook.com\/alvarelloseditora\" \/>\n<meta property=\"article:modified_time\" content=\"2021-06-09T08:13:07+00:00\" \/>\n<meta property=\"og:image\" content=\"https:\/\/alvarelloseditora.gal\/wp-content\/uploads\/2021\/06\/9788418567063pasin-scaled.jpg\" \/>\n\t<meta property=\"og:image:width\" content=\"1422\" \/>\n\t<meta property=\"og:image:height\" content=\"2560\" \/>\n\t<meta property=\"og:image:type\" content=\"image\/jpeg\" \/>\n<meta name=\"twitter:card\" content=\"summary_large_image\" \/>\n<meta name=\"twitter:site\" content=\"@alvarellos_ed\" \/>\n<meta name=\"twitter:label1\" content=\"Tiempo de lectura\" \/>\n\t<meta name=\"twitter:data1\" content=\"1 minuto\" \/>\n<!-- \/ Yoast SEO plugin. -->","yoast_head_json":{"title":"Pas\u00edn: memoria dunha resistencia - Alvarellos Editora","description":"Pas\u00edn: memoria dunha resistencia. C\u00f3mprao na tenda en li\u00f1a de Alvarellos Editora.","robots":{"index":"index","follow":"follow","max-snippet":"max-snippet:-1","max-image-preview":"max-image-preview:large","max-video-preview":"max-video-preview:-1"},"canonical":"https:\/\/alvarelloseditora.gal\/es\/libro\/pasin-memoria-dunha-resistencia\/","og_locale":"es_ES","og_type":"article","og_title":"Pas\u00edn: memoria dunha resistencia - Alvarellos Editora","og_description":"Pas\u00edn: memoria dunha resistencia. C\u00f3mprao na tenda en li\u00f1a de Alvarellos Editora.","og_url":"https:\/\/alvarelloseditora.gal\/es\/libro\/pasin-memoria-dunha-resistencia\/","og_site_name":"Alvarellos Editora","article_publisher":"https:\/\/www.facebook.com\/alvarelloseditora","article_modified_time":"2021-06-09T08:13:07+00:00","og_image":[{"width":1422,"height":2560,"url":"https:\/\/alvarelloseditora.gal\/wp-content\/uploads\/2021\/06\/9788418567063pasin-scaled.jpg","type":"image\/jpeg"}],"twitter_card":"summary_large_image","twitter_site":"@alvarellos_ed","twitter_misc":{"Tiempo de lectura":"1 minuto"},"schema":{"@context":"https:\/\/schema.org","@graph":[{"@type":["WebPage","ItemPage"],"@id":"https:\/\/alvarelloseditora.gal\/es\/libro\/pasin-memoria-dunha-resistencia\/","url":"https:\/\/alvarelloseditora.gal\/es\/libro\/pasin-memoria-dunha-resistencia\/","name":"Pas\u00edn: memoria dunha resistencia - Alvarellos Editora","isPartOf":{"@id":"https:\/\/alvarelloseditora.gal\/#website"},"primaryImageOfPage":{"@id":"https:\/\/alvarelloseditora.gal\/es\/libro\/pasin-memoria-dunha-resistencia\/#primaryimage"},"image":{"@id":"https:\/\/alvarelloseditora.gal\/es\/libro\/pasin-memoria-dunha-resistencia\/#primaryimage"},"thumbnailUrl":"https:\/\/alvarelloseditora.gal\/wp-content\/uploads\/2021\/06\/9788418567063pasin-scaled.jpg","datePublished":"2021-06-07T11:44:00+00:00","dateModified":"2021-06-09T08:13:07+00:00","description":"Pas\u00edn: memoria dunha resistencia. C\u00f3mprao na tenda en li\u00f1a de Alvarellos Editora.","breadcrumb":{"@id":"https:\/\/alvarelloseditora.gal\/es\/libro\/pasin-memoria-dunha-resistencia\/#breadcrumb"},"inLanguage":"es","potentialAction":[{"@type":"ReadAction","target":["https:\/\/alvarelloseditora.gal\/es\/libro\/pasin-memoria-dunha-resistencia\/"]}]},{"@type":"ImageObject","inLanguage":"es","@id":"https:\/\/alvarelloseditora.gal\/es\/libro\/pasin-memoria-dunha-resistencia\/#primaryimage","url":"https:\/\/alvarelloseditora.gal\/wp-content\/uploads\/2021\/06\/9788418567063pasin-scaled.jpg","contentUrl":"https:\/\/alvarelloseditora.gal\/wp-content\/uploads\/2021\/06\/9788418567063pasin-scaled.jpg","width":1422,"height":2560},{"@type":"BreadcrumbList","@id":"https:\/\/alvarelloseditora.gal\/es\/libro\/pasin-memoria-dunha-resistencia\/#breadcrumb","itemListElement":[{"@type":"ListItem","position":1,"name":"Portada","item":"https:\/\/alvarelloseditora.gal\/"},{"@type":"ListItem","position":2,"name":"Tienda","item":"https:\/\/alvarelloseditora.gal\/es\/tienda\/"},{"@type":"ListItem","position":3,"name":"Pas\u00edn: memoria dunha resistencia"}]},{"@type":"WebSite","@id":"https:\/\/alvarelloseditora.gal\/#website","url":"https:\/\/alvarelloseditora.gal\/","name":"Alvarellos Editora","description":"Libros para un mundo en tr\u00e1nsito","publisher":{"@id":"https:\/\/alvarelloseditora.gal\/#organization"},"potentialAction":[{"@type":"SearchAction","target":{"@type":"EntryPoint","urlTemplate":"https:\/\/alvarelloseditora.gal\/?s={search_term_string}"},"query-input":{"@type":"PropertyValueSpecification","valueRequired":true,"valueName":"search_term_string"}}],"inLanguage":"es"},{"@type":"Organization","@id":"https:\/\/alvarelloseditora.gal\/#organization","name":"Alvarellos Editora","url":"https:\/\/alvarelloseditora.gal\/","logo":{"@type":"ImageObject","inLanguage":"es","@id":"https:\/\/alvarelloseditora.gal\/#\/schema\/logo\/image\/","url":"https:\/\/alvarelloseditora.gal\/wp-content\/uploads\/2020\/02\/alv-icon.png","contentUrl":"https:\/\/alvarelloseditora.gal\/wp-content\/uploads\/2020\/02\/alv-icon.png","width":177,"height":175,"caption":"Alvarellos Editora"},"image":{"@id":"https:\/\/alvarelloseditora.gal\/#\/schema\/logo\/image\/"},"sameAs":["https:\/\/www.facebook.com\/alvarelloseditora","https:\/\/x.com\/alvarellos_ed"]}]}},"_links":{"self":[{"href":"https:\/\/alvarelloseditora.gal\/es\/wp-json\/wp\/v2\/product\/6431","targetHints":{"allow":["GET"]}}],"collection":[{"href":"https:\/\/alvarelloseditora.gal\/es\/wp-json\/wp\/v2\/product"}],"about":[{"href":"https:\/\/alvarelloseditora.gal\/es\/wp-json\/wp\/v2\/types\/product"}],"replies":[{"embeddable":true,"href":"https:\/\/alvarelloseditora.gal\/es\/wp-json\/wp\/v2\/comments?post=6431"}],"wp:featuredmedia":[{"embeddable":true,"href":"https:\/\/alvarelloseditora.gal\/es\/wp-json\/wp\/v2\/media\/6415"}],"wp:attachment":[{"href":"https:\/\/alvarelloseditora.gal\/es\/wp-json\/wp\/v2\/media?parent=6431"}],"wp:term":[{"taxonomy":"product_brand","embeddable":true,"href":"https:\/\/alvarelloseditora.gal\/es\/wp-json\/wp\/v2\/product_brand?post=6431"},{"taxonomy":"product_cat","embeddable":true,"href":"https:\/\/alvarelloseditora.gal\/es\/wp-json\/wp\/v2\/product_cat?post=6431"},{"taxonomy":"product_tag","embeddable":true,"href":"https:\/\/alvarelloseditora.gal\/es\/wp-json\/wp\/v2\/product_tag?post=6431"}],"curies":[{"name":"wp","href":"https:\/\/api.w.org\/{rel}","templated":true}]}}