{"id":6353,"date":"2019-12-27T14:01:33","date_gmt":"2019-12-27T13:01:33","guid":{"rendered":"https:\/\/alvarellos.info\/book\/6353\/"},"modified":"2023-11-28T17:10:09","modified_gmt":"2023-11-28T16:10:09","slug":"retorno-a-iria-flavia-centenario-de-cjc-1916-2016","status":"publish","type":"product","link":"https:\/\/alvarelloseditora.gal\/es\/libro\/retorno-a-iria-flavia-centenario-de-cjc-1916-2016\/","title":{"rendered":"Retorno a Iria Flavia"},"content":{"rendered":"<p><a href=\"https:\/\/alvarelloseditora.gal\/wp-content\/uploads\/eventos\/RetornoIriaFlavia.pdf\" target=\"_blank\" rel=\"noopener noreferrer\"><strong>Ver tres cap\u00edtulos de esta obra (pdf)<\/strong>: <\/a> &#8211; Cr\u00edtica a la pintura de Isaac D\u00edaz Pardo publicada en 1948 &#8211; Carta enviada en 1953 a don Ram\u00f3n Otero Pedrayo &#8211; Manuscrito de 1997<\/p>\n<p>30\/05\/2016 <strong>La Voz de Galicia\u00a0<a href=\"http:\/\/www.lavozdegalicia.es\/noticia\/opinion\/2016\/05\/30\/galeguidade-rotunda-camilo-jose-cela\/0003_201605G30P12994.htm\">\u00a0<\/a><\/strong><a href=\"http:\/\/www.lavozdegalicia.es\/noticia\/opinion\/2016\/05\/30\/galeguidade-rotunda-camilo-jose-cela\/0003_201605G30P12994.htm\">A galeguidade rotunda de Cela. Por Carlos Caneiro<\/a><\/p>\n<p><a href=\"https:\/\/alvarelloseditora.gal\/wp-content\/uploads\/2021\/05\/25-02-2016_Entrevista_Faro_de_Vigo_a_Olivia_Rodriguez.pdf\" target=\"_blank\" rel=\"noopener noreferrer\">25-02-2016 Entrevista <strong>Faro de Vigo<\/strong> a Olivia Rodriguez<\/a><\/p>\n<p><a href=\"https:\/\/alvarelloseditora.gal\/wp-content\/uploads\/prensa\/RetornoAIriaFlavia_ElProgreso21122006.pdf\" target=\"_blank\" rel=\"noopener noreferrer\"><strong>El Progreso<\/strong>, 21\/12\/2006<\/a><\/p>\n<p><a href=\"https:\/\/alvarelloseditora.gal\/wp-content\/uploads\/prensa\/RetornoAIriaFlavia_ElPais21122006.pdf\" target=\"_blank\" rel=\"noopener noreferrer\"><strong>El Pais<\/strong>, 21\/12\/2006<\/a><\/p>\n<p><a href=\"https:\/\/alvarelloseditora.gal\/wp-content\/uploads\/prensa\/RetornoAIriaFlavia_LaVozDeGalicia21122006.pdf\" target=\"_blank\" rel=\"noopener noreferrer\"><strong>La Voz de Galicia<\/strong>, 21\/12\/2006<\/a><\/p>\n<p><a href=\"https:\/\/alvarelloseditora.gal\/wp-content\/uploads\/prensa\/RetornoAIriaFlavia_ElCorreoGallego21122006.pdf\" target=\"_blank\" rel=\"noopener noreferrer\"><strong>El Correo Gallego,<\/strong> 21\/12\/2006<\/a><\/p>\n<p><a href=\"https:\/\/alvarelloseditora.gal\/wp-content\/uploads\/prensa\/RetornoAIriaFlavia_GaliciaHoxe21122006.pdf\" target=\"_blank\" rel=\"noopener noreferrer\"><strong>Galicia Hoxe<\/strong>, 21\/12\/2006<\/a><\/p>\n","protected":false},"excerpt":{"rendered":"<p>Camilo Jos\u00e9 Cela<br \/>\n&nbsp;<\/p>\n<p>252 pp | 14 x 21 cms | tapa dura<br \/>\nISBN-13: 978-84\u201389323\u201308\u20137<br \/>\nISBN-10: 84\u201389323\u201308\u20139<br \/>\n1\u00aa edici\u00f3n: noviembre, 2006<\/p>\n<p>&nbsp;<\/p>\n<p>Obra dispersa y olvidada, 1940-2001<\/p>\n<p>Camilo Jos\u00e9 Cela, Premio Nobel y genio universal de las Letras, se sent\u00eda hondamente gallego, consciente de pertenecer a una cultura singular. Retorno a Iria Flavia es un viaje definitivo de regreso a su tierra.<\/p>\n<p>Medio centenar de trabajos en los que Galicia es el centro de su creaci\u00f3n y reflexi\u00f3n \u2013art\u00edculos, ensayos, epistolarios\u2013 constituyen esta primera antolog\u00eda \u201cgallega\u201d de su obra. Aparecen ahora reunidos por vez primera en un libro desde su primer art\u00edculo, escrito en 1940 y dedicado a Emilia Pardo Baz\u00e1n, hasta las \u00faltimas columnas publicadas en el diario ABC poco antes de su fallecimiento.<\/p>\n<p>Se a\u00f1aden a estos trabajos cuatro documentos \u2013uno de ellos in\u00e9dito\u2013 de la correspondencia mantenida con eximios representantes de la actividad pol\u00edtica y cultural nacionalista gallega de preguerra, algunos de los cuales trabajaban en su reactivaci\u00f3n en los a\u00f1os 50: Otero Pedrayo, Vicente Risco, Fern\u00e1ndez del Riego y Celso Emilio Ferreiro.<\/p>\n<p>Como colof\u00f3n, se reproducen varios manuscritos y una galer\u00eda gr\u00e1fica con fotos poco divulgadas y algunas in\u00e9ditas.<\/p>\n<p>Retorno a Iria Flavia es, en definitiva, una muestra patente de sesenta a\u00f1os continuados de relaci\u00f3n profundamente afectiva y mutuamente enriquecedora entre el escritor y su pa\u00eds natal.<\/p>\n","protected":false},"featured_media":3997,"comment_status":"closed","ping_status":"closed","template":"","meta":[],"product_brand":[],"product_cat":[111],"product_tag":[],"class_list":{"0":"post-6353","1":"product","2":"type-product","3":"status-publish","4":"has-post-thumbnail","6":"product_author-camilo-jose-cela-es","7":"product_cat-coleccion-rescate-es","9":"first","10":"instock","11":"taxable","12":"shipping-taxable","13":"purchasable","14":"product-type-simple"},"yoast_head":"<!-- This site is optimized with the Yoast SEO plugin v27.4 - https:\/\/yoast.com\/product\/yoast-seo-wordpress\/ -->\n<title>Retorno a Iria Flavia - Alvarellos Editora<\/title>\n<meta name=\"description\" content=\"Retorno a Iria Flavia. C\u00f3mprao na tenda en li\u00f1a de Alvarellos Editora.\" \/>\n<meta name=\"robots\" content=\"index, follow, max-snippet:-1, max-image-preview:large, max-video-preview:-1\" \/>\n<link rel=\"canonical\" href=\"https:\/\/alvarelloseditora.gal\/es\/libro\/retorno-a-iria-flavia-centenario-de-cjc-1916-2016\/\" \/>\n<meta property=\"og:locale\" content=\"es_ES\" \/>\n<meta property=\"og:type\" content=\"article\" \/>\n<meta property=\"og:title\" content=\"Retorno a Iria Flavia - Alvarellos Editora\" \/>\n<meta property=\"og:description\" content=\"Retorno a Iria Flavia. C\u00f3mprao na tenda en li\u00f1a de Alvarellos Editora.\" \/>\n<meta property=\"og:url\" content=\"https:\/\/alvarelloseditora.gal\/es\/libro\/retorno-a-iria-flavia-centenario-de-cjc-1916-2016\/\" \/>\n<meta property=\"og:site_name\" content=\"Alvarellos Editora\" \/>\n<meta property=\"article:publisher\" content=\"https:\/\/www.facebook.com\/alvarelloseditora\" \/>\n<meta property=\"article:modified_time\" content=\"2023-11-28T16:10:09+00:00\" \/>\n<meta property=\"og:image\" content=\"https:\/\/alvarelloseditora.gal\/wp-content\/uploads\/2019\/12\/Retorno-baixa-a-iria-flavia-capa-centenario-alvarellos-editora.jpg\" \/>\n\t<meta property=\"og:image:width\" content=\"528\" \/>\n\t<meta property=\"og:image:height\" content=\"817\" \/>\n\t<meta property=\"og:image:type\" content=\"image\/jpeg\" \/>\n<meta name=\"twitter:card\" content=\"summary_large_image\" \/>\n<meta name=\"twitter:site\" content=\"@alvarellos_ed\" \/>\n<meta name=\"twitter:label1\" content=\"Tiempo de lectura\" \/>\n\t<meta name=\"twitter:data1\" content=\"1 minuto\" \/>\n<!-- \/ Yoast SEO plugin. -->","yoast_head_json":{"title":"Retorno a Iria Flavia - Alvarellos Editora","description":"Retorno a Iria Flavia. C\u00f3mprao na tenda en li\u00f1a de Alvarellos Editora.","robots":{"index":"index","follow":"follow","max-snippet":"max-snippet:-1","max-image-preview":"max-image-preview:large","max-video-preview":"max-video-preview:-1"},"canonical":"https:\/\/alvarelloseditora.gal\/es\/libro\/retorno-a-iria-flavia-centenario-de-cjc-1916-2016\/","og_locale":"es_ES","og_type":"article","og_title":"Retorno a Iria Flavia - Alvarellos Editora","og_description":"Retorno a Iria Flavia. C\u00f3mprao na tenda en li\u00f1a de Alvarellos Editora.","og_url":"https:\/\/alvarelloseditora.gal\/es\/libro\/retorno-a-iria-flavia-centenario-de-cjc-1916-2016\/","og_site_name":"Alvarellos Editora","article_publisher":"https:\/\/www.facebook.com\/alvarelloseditora","article_modified_time":"2023-11-28T16:10:09+00:00","og_image":[{"width":528,"height":817,"url":"https:\/\/alvarelloseditora.gal\/wp-content\/uploads\/2019\/12\/Retorno-baixa-a-iria-flavia-capa-centenario-alvarellos-editora.jpg","type":"image\/jpeg"}],"twitter_card":"summary_large_image","twitter_site":"@alvarellos_ed","twitter_misc":{"Tiempo de lectura":"1 minuto"},"schema":{"@context":"https:\/\/schema.org","@graph":[{"@type":["WebPage","ItemPage"],"@id":"https:\/\/alvarelloseditora.gal\/es\/libro\/retorno-a-iria-flavia-centenario-de-cjc-1916-2016\/","url":"https:\/\/alvarelloseditora.gal\/es\/libro\/retorno-a-iria-flavia-centenario-de-cjc-1916-2016\/","name":"Retorno a Iria Flavia - Alvarellos Editora","isPartOf":{"@id":"https:\/\/alvarelloseditora.gal\/#website"},"primaryImageOfPage":{"@id":"https:\/\/alvarelloseditora.gal\/es\/libro\/retorno-a-iria-flavia-centenario-de-cjc-1916-2016\/#primaryimage"},"image":{"@id":"https:\/\/alvarelloseditora.gal\/es\/libro\/retorno-a-iria-flavia-centenario-de-cjc-1916-2016\/#primaryimage"},"thumbnailUrl":"https:\/\/alvarelloseditora.gal\/wp-content\/uploads\/2019\/12\/Retorno-baixa-a-iria-flavia-capa-centenario-alvarellos-editora.jpg","datePublished":"2019-12-27T13:01:33+00:00","dateModified":"2023-11-28T16:10:09+00:00","description":"Retorno a Iria Flavia. C\u00f3mprao na tenda en li\u00f1a de Alvarellos Editora.","breadcrumb":{"@id":"https:\/\/alvarelloseditora.gal\/es\/libro\/retorno-a-iria-flavia-centenario-de-cjc-1916-2016\/#breadcrumb"},"inLanguage":"es","potentialAction":[{"@type":"ReadAction","target":["https:\/\/alvarelloseditora.gal\/es\/libro\/retorno-a-iria-flavia-centenario-de-cjc-1916-2016\/"]}]},{"@type":"ImageObject","inLanguage":"es","@id":"https:\/\/alvarelloseditora.gal\/es\/libro\/retorno-a-iria-flavia-centenario-de-cjc-1916-2016\/#primaryimage","url":"https:\/\/alvarelloseditora.gal\/wp-content\/uploads\/2019\/12\/Retorno-baixa-a-iria-flavia-capa-centenario-alvarellos-editora.jpg","contentUrl":"https:\/\/alvarelloseditora.gal\/wp-content\/uploads\/2019\/12\/Retorno-baixa-a-iria-flavia-capa-centenario-alvarellos-editora.jpg","width":528,"height":817},{"@type":"BreadcrumbList","@id":"https:\/\/alvarelloseditora.gal\/es\/libro\/retorno-a-iria-flavia-centenario-de-cjc-1916-2016\/#breadcrumb","itemListElement":[{"@type":"ListItem","position":1,"name":"Portada","item":"https:\/\/alvarelloseditora.gal\/"},{"@type":"ListItem","position":2,"name":"Tienda","item":"https:\/\/alvarelloseditora.gal\/es\/tienda\/"},{"@type":"ListItem","position":3,"name":"Retorno a Iria Flavia"}]},{"@type":"WebSite","@id":"https:\/\/alvarelloseditora.gal\/#website","url":"https:\/\/alvarelloseditora.gal\/","name":"Alvarellos Editora","description":"Libros para un mundo en tr\u00e1nsito","publisher":{"@id":"https:\/\/alvarelloseditora.gal\/#organization"},"potentialAction":[{"@type":"SearchAction","target":{"@type":"EntryPoint","urlTemplate":"https:\/\/alvarelloseditora.gal\/?s={search_term_string}"},"query-input":{"@type":"PropertyValueSpecification","valueRequired":true,"valueName":"search_term_string"}}],"inLanguage":"es"},{"@type":"Organization","@id":"https:\/\/alvarelloseditora.gal\/#organization","name":"Alvarellos Editora","url":"https:\/\/alvarelloseditora.gal\/","logo":{"@type":"ImageObject","inLanguage":"es","@id":"https:\/\/alvarelloseditora.gal\/#\/schema\/logo\/image\/","url":"https:\/\/alvarelloseditora.gal\/wp-content\/uploads\/2020\/02\/alv-icon.png","contentUrl":"https:\/\/alvarelloseditora.gal\/wp-content\/uploads\/2020\/02\/alv-icon.png","width":177,"height":175,"caption":"Alvarellos Editora"},"image":{"@id":"https:\/\/alvarelloseditora.gal\/#\/schema\/logo\/image\/"},"sameAs":["https:\/\/www.facebook.com\/alvarelloseditora","https:\/\/x.com\/alvarellos_ed"]}]}},"_links":{"self":[{"href":"https:\/\/alvarelloseditora.gal\/es\/wp-json\/wp\/v2\/product\/6353","targetHints":{"allow":["GET"]}}],"collection":[{"href":"https:\/\/alvarelloseditora.gal\/es\/wp-json\/wp\/v2\/product"}],"about":[{"href":"https:\/\/alvarelloseditora.gal\/es\/wp-json\/wp\/v2\/types\/product"}],"replies":[{"embeddable":true,"href":"https:\/\/alvarelloseditora.gal\/es\/wp-json\/wp\/v2\/comments?post=6353"}],"wp:featuredmedia":[{"embeddable":true,"href":"https:\/\/alvarelloseditora.gal\/es\/wp-json\/wp\/v2\/media\/3997"}],"wp:attachment":[{"href":"https:\/\/alvarelloseditora.gal\/es\/wp-json\/wp\/v2\/media?parent=6353"}],"wp:term":[{"taxonomy":"product_brand","embeddable":true,"href":"https:\/\/alvarelloseditora.gal\/es\/wp-json\/wp\/v2\/product_brand?post=6353"},{"taxonomy":"product_cat","embeddable":true,"href":"https:\/\/alvarelloseditora.gal\/es\/wp-json\/wp\/v2\/product_cat?post=6353"},{"taxonomy":"product_tag","embeddable":true,"href":"https:\/\/alvarelloseditora.gal\/es\/wp-json\/wp\/v2\/product_tag?post=6353"}],"curies":[{"name":"wp","href":"https:\/\/api.w.org\/{rel}","templated":true}]}}