{"id":6205,"date":"2021-10-05T12:38:30","date_gmt":"2021-05-05T10:38:30","guid":{"rendered":"https:\/\/nueva.alvarellos.info\/book\/manifesto-25n\/"},"modified":"2021-06-23T12:00:57","modified_gmt":"2021-06-23T10:00:57","slug":"manifesto-25n","status":"publish","type":"product","link":"https:\/\/alvarelloseditora.gal\/es\/libro\/manifesto-25n\/","title":{"rendered":"Manifesto 25N"},"content":{"rendered":"<p><a href=\"https:\/\/alvarelloseditora.gal\/wp-content\/uploads\/2021\/05\/NP_cast_Manifesto_25N.pdf\">Nota de prensa<\/a><\/p>\n","protected":false},"excerpt":{"rendered":"<p>Treinta voces por la eliminaci\u00f3n de la violencia contra la mujer<br \/>\n&nbsp;<\/p>\n<p>ISBN 978-84-18567-03-2<br \/>\nP\u00e1xinas: 74. Formato 14 x 21 cms.<br \/>\nIdioma: galego<\/p>\n<p>&nbsp;<\/p>\n<p>El Manifesto 25N re\u00fane las voces de treinta autoras y\u00a0autores gallegos que reflexionan, desde la escritura o las artes pl\u00e1sticas, sobre la\u00a0violencia contra la mujer.\u00a0 La\u00a0idea surgi\u00f3\u00a0a partir de una\u00a0iniciativa, en noviembre\u00a0de 2020, de la\u00a0Asociaci\u00f3n Cultural Caldaloba (Cospeito, Lugo)\u00a0cuando ocupaba la\u00a0presidencia Marti\u00f1o Maseda (hoy\u00a0responsable de Culturalia GZ),\u00a0asociaci\u00f3n que actualmente preside Montserrat Gonz\u00e1lez.<\/p>\n<p>En la\u00a0nota editorial se explican los objetivos:<\/p>\n<p>\u201cTr\u00e1tase de avivar as conciencias, desde diferentes \u00f3pticas expresivas, nunha repulsa colectiva contra un mal da nosa sociedade que parece non ter fin.\u201d.<\/p>\n<p>Con este fin, desde la\u00a0Asociaci\u00f3n Cultural Caldaloba se llev\u00f3 a cabo\u00a0una convocatoria abierta para recibir trabajos y\u00a0fueron\u00a0m\u00e1s de setenta los enviados, de los que se hizo una selecci\u00f3n de estos treinta que ahora ven la luz.<\/p>\n<p>La tipolog\u00eda de los trabajos es muy variado,\u00a0tanto en su\u00a0formato \u2014poemas, narraciones, colages, ilustraciones, pinturas, caligramas, dibujos\u2014 como diverso es tambi\u00e9n\u00a0en su\u00a0enfoque tem\u00e1tico.<\/p>\n<p>El dise\u00f1o e\u00a0ilustraci\u00f3n de la\u00a0capa corre a cargo de la\u00a0artista Xulia Nieto Pereira.<\/p>\n<p>La edici\u00f3n de esta\u00a0obra cont\u00f3\u00a0con la\u00a0colaboraci\u00f3n del\u00a0\u00c1rea de Cultura de la\u00a0Deputaci\u00f3n de Lugo, del\u00a0Concello de Vilalba y\u00a0de Culturalia GZ.<\/p>\n<p>Las 30 voces (por orden alfab\u00e9tico):<\/p>\n<p> \tLuz Airado Bello<br \/>\n \tPilar Alonso Su\u00e1rez<br \/>\n \tSusana Ant\u00f3n Mandayo<br \/>\n \tCristina Corral Soil\u00e1n<br \/>\n \tEva de Miranda<br \/>\n \tPaloma de Toro<br \/>\n \tEil\u00fan del Pazo Moa<br \/>\n \tMiguel D\u00edaz<br \/>\n \tF\u00e1tima Dom\u00ednguez Silva<br \/>\n \tAndrea Fern\u00e1ndez Maneiro<br \/>\n \tCelso Fern\u00e1ndez Sanmart\u00edn<br \/>\n \tRaquel Fern\u00e1ndez<br \/>\n \tAdela Figueroa<br \/>\n \tPilar Garc\u00eda Rego<br \/>\n \tYolanda L\u00f3pez<br \/>\n \tPaula Lu\u00eds Gonz\u00e1lez<br \/>\n \tBeatriz Maceda Abeleira<br \/>\n \tPilar Maseda<br \/>\n \tAdolfina Mesa<br \/>\n \tAlberte Mom\u00e1n Naval<br \/>\n \tArantxa Nogueira<br \/>\n \tTo\u00f1o N\u00fa\u00f1ez<br \/>\n \tEmma Pedreira<br \/>\n \tEli R\u00edos<br \/>\n \tTeresa R\u00edos<br \/>\n \tViki Rivadulla<br \/>\n \tRam\u00f3n S\u00e1nchez<br \/>\n \tRuth Santiso Salgado<br \/>\n \tRaquel Senra<br \/>\n \tPatricia Torrado Queiruga<\/p>\n","protected":false},"featured_media":6199,"comment_status":"closed","ping_status":"closed","template":"","meta":[],"product_brand":[],"product_cat":[106],"product_tag":[],"class_list":{"0":"post-6205","1":"product","2":"type-product","3":"status-publish","4":"has-post-thumbnail","6":"product_author-varis-autors-25n-es","7":"product_cat-libros-do-sarela-es","9":"first","10":"instock","11":"taxable","12":"shipping-taxable","13":"purchasable","14":"product-type-simple"},"yoast_head":"<!-- This site is optimized with the Yoast SEO plugin v27.3 - https:\/\/yoast.com\/product\/yoast-seo-wordpress\/ -->\n<title>Manifesto 25N - Alvarellos Editora<\/title>\n<meta name=\"description\" content=\"Manifesto 25N. C\u00f3mprao na tenda en li\u00f1a de Alvarellos Editora.\" \/>\n<meta name=\"robots\" content=\"index, follow, max-snippet:-1, max-image-preview:large, max-video-preview:-1\" \/>\n<link rel=\"canonical\" href=\"https:\/\/alvarelloseditora.gal\/es\/libro\/manifesto-25n\/\" \/>\n<meta property=\"og:locale\" content=\"es_ES\" \/>\n<meta property=\"og:type\" content=\"article\" \/>\n<meta property=\"og:title\" content=\"Manifesto 25N - Alvarellos Editora\" \/>\n<meta property=\"og:description\" content=\"Manifesto 25N. C\u00f3mprao na tenda en li\u00f1a de Alvarellos Editora.\" \/>\n<meta property=\"og:url\" content=\"https:\/\/alvarelloseditora.gal\/es\/libro\/manifesto-25n\/\" \/>\n<meta property=\"og:site_name\" content=\"Alvarellos Editora\" \/>\n<meta property=\"article:publisher\" content=\"https:\/\/www.facebook.com\/alvarelloseditora\" \/>\n<meta property=\"article:modified_time\" content=\"2021-06-23T10:00:57+00:00\" \/>\n<meta property=\"og:image\" content=\"https:\/\/alvarelloseditora.gal\/wp-content\/uploads\/2021\/05\/Manifesto_25N_alvarellos_editora_2021.jpg\" \/>\n\t<meta property=\"og:image:width\" content=\"815\" \/>\n\t<meta property=\"og:image:height\" content=\"1247\" \/>\n\t<meta property=\"og:image:type\" content=\"image\/jpeg\" \/>\n<meta name=\"twitter:card\" content=\"summary_large_image\" \/>\n<meta name=\"twitter:site\" content=\"@alvarellos_ed\" \/>\n<meta name=\"twitter:label1\" content=\"Tiempo de lectura\" \/>\n\t<meta name=\"twitter:data1\" content=\"1 minuto\" \/>\n<!-- \/ Yoast SEO plugin. -->","yoast_head_json":{"title":"Manifesto 25N - Alvarellos Editora","description":"Manifesto 25N. C\u00f3mprao na tenda en li\u00f1a de Alvarellos Editora.","robots":{"index":"index","follow":"follow","max-snippet":"max-snippet:-1","max-image-preview":"max-image-preview:large","max-video-preview":"max-video-preview:-1"},"canonical":"https:\/\/alvarelloseditora.gal\/es\/libro\/manifesto-25n\/","og_locale":"es_ES","og_type":"article","og_title":"Manifesto 25N - Alvarellos Editora","og_description":"Manifesto 25N. C\u00f3mprao na tenda en li\u00f1a de Alvarellos Editora.","og_url":"https:\/\/alvarelloseditora.gal\/es\/libro\/manifesto-25n\/","og_site_name":"Alvarellos Editora","article_publisher":"https:\/\/www.facebook.com\/alvarelloseditora","article_modified_time":"2021-06-23T10:00:57+00:00","og_image":[{"width":815,"height":1247,"url":"https:\/\/alvarelloseditora.gal\/wp-content\/uploads\/2021\/05\/Manifesto_25N_alvarellos_editora_2021.jpg","type":"image\/jpeg"}],"twitter_card":"summary_large_image","twitter_site":"@alvarellos_ed","twitter_misc":{"Tiempo de lectura":"1 minuto"},"schema":{"@context":"https:\/\/schema.org","@graph":[{"@type":["WebPage","ItemPage"],"@id":"https:\/\/alvarelloseditora.gal\/es\/libro\/manifesto-25n\/","url":"https:\/\/alvarelloseditora.gal\/es\/libro\/manifesto-25n\/","name":"Manifesto 25N - Alvarellos Editora","isPartOf":{"@id":"https:\/\/alvarelloseditora.gal\/#website"},"primaryImageOfPage":{"@id":"https:\/\/alvarelloseditora.gal\/es\/libro\/manifesto-25n\/#primaryimage"},"image":{"@id":"https:\/\/alvarelloseditora.gal\/es\/libro\/manifesto-25n\/#primaryimage"},"thumbnailUrl":"https:\/\/alvarelloseditora.gal\/wp-content\/uploads\/2021\/05\/Manifesto_25N_alvarellos_editora_2021.jpg","datePublished":"2021-05-05T10:38:30+00:00","dateModified":"2021-06-23T10:00:57+00:00","description":"Manifesto 25N. C\u00f3mprao na tenda en li\u00f1a de Alvarellos Editora.","breadcrumb":{"@id":"https:\/\/alvarelloseditora.gal\/es\/libro\/manifesto-25n\/#breadcrumb"},"inLanguage":"es","potentialAction":[{"@type":"ReadAction","target":["https:\/\/alvarelloseditora.gal\/es\/libro\/manifesto-25n\/"]}]},{"@type":"ImageObject","inLanguage":"es","@id":"https:\/\/alvarelloseditora.gal\/es\/libro\/manifesto-25n\/#primaryimage","url":"https:\/\/alvarelloseditora.gal\/wp-content\/uploads\/2021\/05\/Manifesto_25N_alvarellos_editora_2021.jpg","contentUrl":"https:\/\/alvarelloseditora.gal\/wp-content\/uploads\/2021\/05\/Manifesto_25N_alvarellos_editora_2021.jpg","width":815,"height":1247},{"@type":"BreadcrumbList","@id":"https:\/\/alvarelloseditora.gal\/es\/libro\/manifesto-25n\/#breadcrumb","itemListElement":[{"@type":"ListItem","position":1,"name":"Portada","item":"https:\/\/alvarelloseditora.gal\/"},{"@type":"ListItem","position":2,"name":"Tienda","item":"https:\/\/alvarelloseditora.gal\/es\/tienda\/"},{"@type":"ListItem","position":3,"name":"Manifesto 25N"}]},{"@type":"WebSite","@id":"https:\/\/alvarelloseditora.gal\/#website","url":"https:\/\/alvarelloseditora.gal\/","name":"Alvarellos Editora","description":"Libros para un mundo en tr\u00e1nsito","publisher":{"@id":"https:\/\/alvarelloseditora.gal\/#organization"},"potentialAction":[{"@type":"SearchAction","target":{"@type":"EntryPoint","urlTemplate":"https:\/\/alvarelloseditora.gal\/?s={search_term_string}"},"query-input":{"@type":"PropertyValueSpecification","valueRequired":true,"valueName":"search_term_string"}}],"inLanguage":"es"},{"@type":"Organization","@id":"https:\/\/alvarelloseditora.gal\/#organization","name":"Alvarellos Editora","url":"https:\/\/alvarelloseditora.gal\/","logo":{"@type":"ImageObject","inLanguage":"es","@id":"https:\/\/alvarelloseditora.gal\/#\/schema\/logo\/image\/","url":"https:\/\/alvarelloseditora.gal\/wp-content\/uploads\/2020\/02\/alv-icon.png","contentUrl":"https:\/\/alvarelloseditora.gal\/wp-content\/uploads\/2020\/02\/alv-icon.png","width":177,"height":175,"caption":"Alvarellos Editora"},"image":{"@id":"https:\/\/alvarelloseditora.gal\/#\/schema\/logo\/image\/"},"sameAs":["https:\/\/www.facebook.com\/alvarelloseditora","https:\/\/x.com\/alvarellos_ed"]}]}},"_links":{"self":[{"href":"https:\/\/alvarelloseditora.gal\/es\/wp-json\/wp\/v2\/product\/6205","targetHints":{"allow":["GET"]}}],"collection":[{"href":"https:\/\/alvarelloseditora.gal\/es\/wp-json\/wp\/v2\/product"}],"about":[{"href":"https:\/\/alvarelloseditora.gal\/es\/wp-json\/wp\/v2\/types\/product"}],"replies":[{"embeddable":true,"href":"https:\/\/alvarelloseditora.gal\/es\/wp-json\/wp\/v2\/comments?post=6205"}],"wp:featuredmedia":[{"embeddable":true,"href":"https:\/\/alvarelloseditora.gal\/es\/wp-json\/wp\/v2\/media\/6199"}],"wp:attachment":[{"href":"https:\/\/alvarelloseditora.gal\/es\/wp-json\/wp\/v2\/media?parent=6205"}],"wp:term":[{"taxonomy":"product_brand","embeddable":true,"href":"https:\/\/alvarelloseditora.gal\/es\/wp-json\/wp\/v2\/product_brand?post=6205"},{"taxonomy":"product_cat","embeddable":true,"href":"https:\/\/alvarelloseditora.gal\/es\/wp-json\/wp\/v2\/product_cat?post=6205"},{"taxonomy":"product_tag","embeddable":true,"href":"https:\/\/alvarelloseditora.gal\/es\/wp-json\/wp\/v2\/product_tag?post=6205"}],"curies":[{"name":"wp","href":"https:\/\/api.w.org\/{rel}","templated":true}]}}