{"id":6182,"date":"2021-05-05T11:48:54","date_gmt":"2021-05-05T09:51:34","guid":{"rendered":"https:\/\/nueva.alvarellos.info\/?post_type=product&#038;p=6182"},"modified":"2021-05-06T12:48:30","modified_gmt":"2021-05-06T10:48:30","slug":"el-peregrino-y-otras-historias-en-compostela","status":"publish","type":"product","link":"https:\/\/alvarelloseditora.gal\/es\/libro\/el-peregrino-y-otras-historias-en-compostela\/","title":{"rendered":"El peregrino y otras historias en Compostela"},"content":{"rendered":"<p>Santiago de Compostela es, junto con A Coru\u00f1a, Madrid y Par\u00eds, el espacio preferente \u2013literario y vital\u2013 de Emilia Pardo Baz\u00e1n. Este volumen, que lleva por t\u00edtulo El peregrino y otras historias en Compostela, aparece en los d\u00edas del centenario del fallecimiento de la escritora (A Coru\u00f1a, 1851-Madrid, 1921). Re\u00fane trece narraciones de la gran escritora (diez cuentos, dos novelas cortas y el comienzo de una novela inconclusa), en las que esta ciudad es escenario, inspiraci\u00f3n o referencia. En una edici\u00f3n al cuidado de uno de los mayores expertos en la obra de Pardo Baz\u00e1n, Jos\u00e9 Manuel Gonz\u00e1lez Herr\u00e1n, catedr\u00e1tico de Literatura Espa\u00f1ola y Profesor Em\u00e9rito de la Universidad de Santiago.<\/p>\n<p>Algunos de los relatos est\u00e1n basados en singulares hechos reales, como la historia de aquella monja de clausura que, cuando se descolgaba desde la reja de su celda, en el muro de San Paio de Antealtares, para huir con su amado, se estrell\u00f3 en las losas de la Quintana; o esa lograd\u00edsima novela de magia y brujer\u00eda titulada Belceb\u00fa; o el cuento \u00abLa Cana\u00bb, todo un pionero en el g\u00e9nero policial; o la historia de aquella santa que viv\u00eda sin ingerir m\u00e1s alimento que la comuni\u00f3n diaria&#8230; Este seductor rescate editorial se abre con un poema escrito por la autora a los 14 o 15 a\u00f1os, y dedicado, c\u00f3mo no, a Compostela.<br \/>\nCada narraci\u00f3n est\u00e1 precedida por un breve texto explicativo y la presente edici\u00f3n incluye adem\u00e1s manuscritos e ilustraciones de los cuentos muy poco conocidas.<\/p>\n<p><a href=\"https:\/\/alvarelloseditora.gal\/wp-content\/uploads\/2021\/05\/NP_Cast_EL_Peregrino_Emilia_Pardo_Bazan.pdf\">NP_Cast_EL_Peregrino_Emilia_Pardo_Baz\u00e1n<\/a><\/p>\n<p><iframe loading=\"lazy\" title=\"Las andanzas de do\u00f1a Emilia Pardo Baz\u00e1n por las calles de Santiago de Compostela\" width=\"1170\" height=\"658\" src=\"https:\/\/www.youtube.com\/embed\/mU9rzt4cpcA?start=131&#038;feature=oembed\" frameborder=\"0\" allow=\"accelerometer; autoplay; clipboard-write; encrypted-media; gyroscope; picture-in-picture\" allowfullscreen><\/iframe><\/p>\n<p>&nbsp;<\/p>\n","protected":false},"excerpt":{"rendered":"<p>Emilia Pardo Baz\u00e1n<br \/>\nLos cuentos y novelas cortas que Emilia Pardo Baz\u00e1n ambient\u00f3 en la ciudad de Santiago de Compostela, reunidos ahora en una cuidada edici\u00f3n preparada por el profesor, experto en la escritora, J. M. Gonz\u00e1lez Herr\u00e1n. Incluye manuscritos e ilustraciones originales muy poco conocidas. Un volumen publicado por Alvarellos Editora en su premiada colecci\u00f3n Rescate, en coedici\u00f3n con el Consorcio de Santiago.<\/p>\n<p>356 pp . 13 x 20,5 cms<br \/>\nISBN 978-84-18567-04-9<\/p>\n<p>Tapa dura e ilustrado.<\/p>\n","protected":false},"featured_media":6153,"comment_status":"closed","ping_status":"closed","template":"","meta":[],"product_brand":[],"product_cat":[111],"product_tag":[1045],"class_list":{"0":"post-6182","1":"product","2":"type-product","3":"status-publish","4":"has-post-thumbnail","6":"product_author-emilia-pardo-bazan-es","7":"product_cat-coleccion-rescate-es","8":"product_tag-santiago-de-compostela-y-el-camino","10":"first","11":"instock","12":"taxable","13":"shipping-taxable","14":"purchasable","15":"product-type-simple"},"yoast_head":"<!-- This site is optimized with the Yoast SEO plugin v27.3 - https:\/\/yoast.com\/product\/yoast-seo-wordpress\/ -->\n<title>El peregrino y otras historias en Compostela - Alvarellos Editora<\/title>\n<meta name=\"description\" content=\"El peregrino y otras historias en Compostela. C\u00f3mprao na tenda en li\u00f1a de Alvarellos Editora.\" \/>\n<meta name=\"robots\" content=\"index, follow, max-snippet:-1, max-image-preview:large, max-video-preview:-1\" \/>\n<link rel=\"canonical\" href=\"https:\/\/alvarelloseditora.gal\/es\/libro\/el-peregrino-y-otras-historias-en-compostela\/\" \/>\n<meta property=\"og:locale\" content=\"es_ES\" \/>\n<meta property=\"og:type\" content=\"article\" \/>\n<meta property=\"og:title\" content=\"El peregrino y otras historias en Compostela - Alvarellos Editora\" \/>\n<meta property=\"og:description\" content=\"El peregrino y otras historias en Compostela. C\u00f3mprao na tenda en li\u00f1a de Alvarellos Editora.\" \/>\n<meta property=\"og:url\" content=\"https:\/\/alvarelloseditora.gal\/es\/libro\/el-peregrino-y-otras-historias-en-compostela\/\" \/>\n<meta property=\"og:site_name\" content=\"Alvarellos Editora\" \/>\n<meta property=\"article:publisher\" content=\"https:\/\/www.facebook.com\/alvarelloseditora\" \/>\n<meta property=\"article:modified_time\" content=\"2021-05-06T10:48:30+00:00\" \/>\n<meta property=\"og:image\" content=\"https:\/\/alvarelloseditora.gal\/wp-content\/uploads\/2021\/05\/9788418567049ELPEREGRINOYOTRASHISTORIAS.jpg\" \/>\n\t<meta property=\"og:image:width\" content=\"804\" \/>\n\t<meta property=\"og:image:height\" content=\"1210\" \/>\n\t<meta property=\"og:image:type\" content=\"image\/jpeg\" \/>\n<meta name=\"twitter:card\" content=\"summary_large_image\" \/>\n<meta name=\"twitter:site\" content=\"@alvarellos_ed\" \/>\n<meta name=\"twitter:label1\" content=\"Tiempo de lectura\" \/>\n\t<meta name=\"twitter:data1\" content=\"2 minutos\" \/>\n<!-- \/ Yoast SEO plugin. -->","yoast_head_json":{"title":"El peregrino y otras historias en Compostela - Alvarellos Editora","description":"El peregrino y otras historias en Compostela. C\u00f3mprao na tenda en li\u00f1a de Alvarellos Editora.","robots":{"index":"index","follow":"follow","max-snippet":"max-snippet:-1","max-image-preview":"max-image-preview:large","max-video-preview":"max-video-preview:-1"},"canonical":"https:\/\/alvarelloseditora.gal\/es\/libro\/el-peregrino-y-otras-historias-en-compostela\/","og_locale":"es_ES","og_type":"article","og_title":"El peregrino y otras historias en Compostela - Alvarellos Editora","og_description":"El peregrino y otras historias en Compostela. C\u00f3mprao na tenda en li\u00f1a de Alvarellos Editora.","og_url":"https:\/\/alvarelloseditora.gal\/es\/libro\/el-peregrino-y-otras-historias-en-compostela\/","og_site_name":"Alvarellos Editora","article_publisher":"https:\/\/www.facebook.com\/alvarelloseditora","article_modified_time":"2021-05-06T10:48:30+00:00","og_image":[{"width":804,"height":1210,"url":"https:\/\/alvarelloseditora.gal\/wp-content\/uploads\/2021\/05\/9788418567049ELPEREGRINOYOTRASHISTORIAS.jpg","type":"image\/jpeg"}],"twitter_card":"summary_large_image","twitter_site":"@alvarellos_ed","twitter_misc":{"Tiempo de lectura":"2 minutos"},"schema":{"@context":"https:\/\/schema.org","@graph":[{"@type":["WebPage","ItemPage"],"@id":"https:\/\/alvarelloseditora.gal\/es\/libro\/el-peregrino-y-otras-historias-en-compostela\/","url":"https:\/\/alvarelloseditora.gal\/es\/libro\/el-peregrino-y-otras-historias-en-compostela\/","name":"El peregrino y otras historias en Compostela - Alvarellos Editora","isPartOf":{"@id":"https:\/\/alvarelloseditora.gal\/#website"},"primaryImageOfPage":{"@id":"https:\/\/alvarelloseditora.gal\/es\/libro\/el-peregrino-y-otras-historias-en-compostela\/#primaryimage"},"image":{"@id":"https:\/\/alvarelloseditora.gal\/es\/libro\/el-peregrino-y-otras-historias-en-compostela\/#primaryimage"},"thumbnailUrl":"https:\/\/alvarelloseditora.gal\/wp-content\/uploads\/2021\/05\/9788418567049ELPEREGRINOYOTRASHISTORIAS.jpg","datePublished":"2021-05-05T09:51:34+00:00","dateModified":"2021-05-06T10:48:30+00:00","description":"El peregrino y otras historias en Compostela. C\u00f3mprao na tenda en li\u00f1a de Alvarellos Editora.","breadcrumb":{"@id":"https:\/\/alvarelloseditora.gal\/es\/libro\/el-peregrino-y-otras-historias-en-compostela\/#breadcrumb"},"inLanguage":"es","potentialAction":[{"@type":"ReadAction","target":["https:\/\/alvarelloseditora.gal\/es\/libro\/el-peregrino-y-otras-historias-en-compostela\/"]}]},{"@type":"ImageObject","inLanguage":"es","@id":"https:\/\/alvarelloseditora.gal\/es\/libro\/el-peregrino-y-otras-historias-en-compostela\/#primaryimage","url":"https:\/\/alvarelloseditora.gal\/wp-content\/uploads\/2021\/05\/9788418567049ELPEREGRINOYOTRASHISTORIAS.jpg","contentUrl":"https:\/\/alvarelloseditora.gal\/wp-content\/uploads\/2021\/05\/9788418567049ELPEREGRINOYOTRASHISTORIAS.jpg","width":804,"height":1210,"caption":"El peregrino - Emilia Pardo Baz\u00e1n"},{"@type":"BreadcrumbList","@id":"https:\/\/alvarelloseditora.gal\/es\/libro\/el-peregrino-y-otras-historias-en-compostela\/#breadcrumb","itemListElement":[{"@type":"ListItem","position":1,"name":"Portada","item":"https:\/\/alvarelloseditora.gal\/"},{"@type":"ListItem","position":2,"name":"Tienda","item":"https:\/\/alvarelloseditora.gal\/es\/tienda\/"},{"@type":"ListItem","position":3,"name":"El peregrino y otras historias en Compostela"}]},{"@type":"WebSite","@id":"https:\/\/alvarelloseditora.gal\/#website","url":"https:\/\/alvarelloseditora.gal\/","name":"Alvarellos Editora","description":"Libros para un mundo en tr\u00e1nsito","publisher":{"@id":"https:\/\/alvarelloseditora.gal\/#organization"},"potentialAction":[{"@type":"SearchAction","target":{"@type":"EntryPoint","urlTemplate":"https:\/\/alvarelloseditora.gal\/?s={search_term_string}"},"query-input":{"@type":"PropertyValueSpecification","valueRequired":true,"valueName":"search_term_string"}}],"inLanguage":"es"},{"@type":"Organization","@id":"https:\/\/alvarelloseditora.gal\/#organization","name":"Alvarellos Editora","url":"https:\/\/alvarelloseditora.gal\/","logo":{"@type":"ImageObject","inLanguage":"es","@id":"https:\/\/alvarelloseditora.gal\/#\/schema\/logo\/image\/","url":"https:\/\/alvarelloseditora.gal\/wp-content\/uploads\/2020\/02\/alv-icon.png","contentUrl":"https:\/\/alvarelloseditora.gal\/wp-content\/uploads\/2020\/02\/alv-icon.png","width":177,"height":175,"caption":"Alvarellos Editora"},"image":{"@id":"https:\/\/alvarelloseditora.gal\/#\/schema\/logo\/image\/"},"sameAs":["https:\/\/www.facebook.com\/alvarelloseditora","https:\/\/x.com\/alvarellos_ed"]}]}},"_links":{"self":[{"href":"https:\/\/alvarelloseditora.gal\/es\/wp-json\/wp\/v2\/product\/6182","targetHints":{"allow":["GET"]}}],"collection":[{"href":"https:\/\/alvarelloseditora.gal\/es\/wp-json\/wp\/v2\/product"}],"about":[{"href":"https:\/\/alvarelloseditora.gal\/es\/wp-json\/wp\/v2\/types\/product"}],"replies":[{"embeddable":true,"href":"https:\/\/alvarelloseditora.gal\/es\/wp-json\/wp\/v2\/comments?post=6182"}],"wp:featuredmedia":[{"embeddable":true,"href":"https:\/\/alvarelloseditora.gal\/es\/wp-json\/wp\/v2\/media\/6153"}],"wp:attachment":[{"href":"https:\/\/alvarelloseditora.gal\/es\/wp-json\/wp\/v2\/media?parent=6182"}],"wp:term":[{"taxonomy":"product_brand","embeddable":true,"href":"https:\/\/alvarelloseditora.gal\/es\/wp-json\/wp\/v2\/product_brand?post=6182"},{"taxonomy":"product_cat","embeddable":true,"href":"https:\/\/alvarelloseditora.gal\/es\/wp-json\/wp\/v2\/product_cat?post=6182"},{"taxonomy":"product_tag","embeddable":true,"href":"https:\/\/alvarelloseditora.gal\/es\/wp-json\/wp\/v2\/product_tag?post=6182"}],"curies":[{"name":"wp","href":"https:\/\/api.w.org\/{rel}","templated":true}]}}