{"id":6141,"date":"2021-04-29T17:40:37","date_gmt":"2021-04-29T15:40:37","guid":{"rendered":"https:\/\/nueva.alvarellos.info\/book\/sonos\/"},"modified":"2023-02-16T13:21:35","modified_gmt":"2023-02-16T12:21:35","slug":"sonos","status":"publish","type":"product","link":"https:\/\/alvarelloseditora.gal\/es\/libro\/sonos\/","title":{"rendered":"So\u00f1oS"},"content":{"rendered":"<p><a href=\"https:\/\/alvarelloseditora.gal\/wp-content\/uploads\/2021\/04\/Ficha_SonoS_2021.pdf\">Ficha_So\u00f1oS_2021<\/a><\/p>\n","protected":false},"excerpt":{"rendered":"<p>Pere Tobaruela, con ilustraci\u00f3ns de V\u00edctor Boull\u00f3n<br \/>\n&nbsp;<\/p>\n<p>ISBN 978-84-18567-02-5 Pp: 28.<br \/>\nFormato: 22,5 x 21,5 cm<br \/>\nCartonado.<br \/>\nImpreso en Papel Amigo dos Bosques. Cosido a f\u00edo.<\/p>\n<p>&nbsp;<\/p>\n<p>Pere Tobaruela e V\u00edctor Boull\u00f3n pres\u00e9ntannos unha proposta nova para xogar coas palabras e voar coas imaxes: un \u00e1lbum ilustrado composto todo el de pal\u00edndromos, esas palabras que igual se len ao dereito que ao rev\u00e9s.<\/p>\n<p>&nbsp;<\/p>\n<p>TEXTO CONTRACAPA<\/p>\n<p>Xoga coas palabras.<br \/>\nVoa coas imaxes.<br \/>\nDescobre o mundo<br \/>\ndos pal\u00edndromos&#8230;<\/p>\n<p>&nbsp;<\/p>\n<p>CLAVES PARA A LECTURA<\/p>\n<p>Sabes o que son os pal\u00edndromos? \u00abPal\u00edndromo\u00bb v\u00e9n do grego palin e dromos: volver e ir para atr\u00e1s. Son, pois, esas palabras que se poden ler igualmente de esquerda a dereita ou ao rev\u00e9s.<br \/>\nEste incrible conto est\u00e1 feito todo el de pal\u00edndromos. Pero non s\u00f3 os textos. As imaxes tam\u00e9n convidan a buscar ese mundo de simetr\u00edas, ese xogo de espellos&#8230;<\/p>\n<p>&nbsp;<\/p>\n<p>As\u00ed nolo contan os seus autores:<\/p>\n<p>\u00ab\u00bbPal\u00edndromo\u00bb, do grego palin e dromos: volver e ir para atr\u00e1s. Ou dito doutra maneira: xogar coas palabras. Pois a V\u00edctor e a Pere non s\u00f3 nos gusta xogar coas palabras; tam\u00e9n xogamos coas imaxes. Pas\u00e1molo ben as\u00ed e agardamos que as lectoras e lectores que vos mergulledes neste conto de So\u00f1oS tam\u00e9n o pasedes de marabilla. Levamos uns anos facendo proxectos xuntos, pero nunca fixemos un libro coma este, no que deixamos voar a nosa imaxinaci\u00f3n ata l\u00edmites insospeitados. M\u00e1is nada, xoguemos, so\u00f1emos!\u00bb.<\/p>\n<p>&nbsp;<\/p>\n<p>Idade de interese: +3<\/p>\n<p>Nivel de lectura: +5<\/p>\n","protected":false},"featured_media":6137,"comment_status":"closed","ping_status":"closed","template":"","meta":[],"product_brand":[],"product_cat":[110],"product_tag":[],"class_list":{"0":"post-6141","1":"product","2":"type-product","3":"status-publish","4":"has-post-thumbnail","6":"product_author-pere-tobaruela-es","7":"product_author-victor-boullon-es","8":"product_cat-verdemar-es","10":"first","11":"instock","12":"taxable","13":"shipping-taxable","14":"purchasable","15":"product-type-simple"},"yoast_head":"<!-- This site is optimized with the Yoast SEO plugin v27.4 - https:\/\/yoast.com\/product\/yoast-seo-wordpress\/ -->\n<title>So\u00f1oS - Alvarellos Editora<\/title>\n<meta name=\"description\" content=\"So\u00f1oS. C\u00f3mprao na tenda en li\u00f1a de Alvarellos Editora.\" \/>\n<meta name=\"robots\" content=\"index, follow, max-snippet:-1, max-image-preview:large, max-video-preview:-1\" \/>\n<link rel=\"canonical\" href=\"https:\/\/alvarelloseditora.gal\/es\/libro\/sonos\/\" \/>\n<meta property=\"og:locale\" content=\"es_ES\" \/>\n<meta property=\"og:type\" content=\"article\" \/>\n<meta property=\"og:title\" content=\"So\u00f1oS - Alvarellos Editora\" \/>\n<meta property=\"og:description\" content=\"So\u00f1oS. C\u00f3mprao na tenda en li\u00f1a de Alvarellos Editora.\" \/>\n<meta property=\"og:url\" content=\"https:\/\/alvarelloseditora.gal\/es\/libro\/sonos\/\" \/>\n<meta property=\"og:site_name\" content=\"Alvarellos Editora\" \/>\n<meta property=\"article:publisher\" content=\"https:\/\/www.facebook.com\/alvarelloseditora\" \/>\n<meta property=\"article:modified_time\" content=\"2023-02-16T12:21:35+00:00\" \/>\n<meta property=\"og:image\" content=\"https:\/\/alvarelloseditora.gal\/wp-content\/uploads\/2021\/04\/SonoS-scaled.jpg\" \/>\n\t<meta property=\"og:image:width\" content=\"2560\" \/>\n\t<meta property=\"og:image:height\" content=\"2496\" \/>\n\t<meta property=\"og:image:type\" content=\"image\/jpeg\" \/>\n<meta name=\"twitter:card\" content=\"summary_large_image\" \/>\n<meta name=\"twitter:site\" content=\"@alvarellos_ed\" \/>\n<!-- \/ Yoast SEO plugin. -->","yoast_head_json":{"title":"So\u00f1oS - Alvarellos Editora","description":"So\u00f1oS. C\u00f3mprao na tenda en li\u00f1a de Alvarellos Editora.","robots":{"index":"index","follow":"follow","max-snippet":"max-snippet:-1","max-image-preview":"max-image-preview:large","max-video-preview":"max-video-preview:-1"},"canonical":"https:\/\/alvarelloseditora.gal\/es\/libro\/sonos\/","og_locale":"es_ES","og_type":"article","og_title":"So\u00f1oS - Alvarellos Editora","og_description":"So\u00f1oS. C\u00f3mprao na tenda en li\u00f1a de Alvarellos Editora.","og_url":"https:\/\/alvarelloseditora.gal\/es\/libro\/sonos\/","og_site_name":"Alvarellos Editora","article_publisher":"https:\/\/www.facebook.com\/alvarelloseditora","article_modified_time":"2023-02-16T12:21:35+00:00","og_image":[{"width":2560,"height":2496,"url":"https:\/\/alvarelloseditora.gal\/wp-content\/uploads\/2021\/04\/SonoS-scaled.jpg","type":"image\/jpeg"}],"twitter_card":"summary_large_image","twitter_site":"@alvarellos_ed","schema":{"@context":"https:\/\/schema.org","@graph":[{"@type":["WebPage","ItemPage"],"@id":"https:\/\/alvarelloseditora.gal\/es\/libro\/sonos\/","url":"https:\/\/alvarelloseditora.gal\/es\/libro\/sonos\/","name":"So\u00f1oS - Alvarellos Editora","isPartOf":{"@id":"https:\/\/alvarelloseditora.gal\/#website"},"primaryImageOfPage":{"@id":"https:\/\/alvarelloseditora.gal\/es\/libro\/sonos\/#primaryimage"},"image":{"@id":"https:\/\/alvarelloseditora.gal\/es\/libro\/sonos\/#primaryimage"},"thumbnailUrl":"https:\/\/alvarelloseditora.gal\/wp-content\/uploads\/2021\/04\/SonoS-scaled.jpg","datePublished":"2021-04-29T15:40:37+00:00","dateModified":"2023-02-16T12:21:35+00:00","description":"So\u00f1oS. C\u00f3mprao na tenda en li\u00f1a de Alvarellos Editora.","breadcrumb":{"@id":"https:\/\/alvarelloseditora.gal\/es\/libro\/sonos\/#breadcrumb"},"inLanguage":"es","potentialAction":[{"@type":"ReadAction","target":["https:\/\/alvarelloseditora.gal\/es\/libro\/sonos\/"]}]},{"@type":"ImageObject","inLanguage":"es","@id":"https:\/\/alvarelloseditora.gal\/es\/libro\/sonos\/#primaryimage","url":"https:\/\/alvarelloseditora.gal\/wp-content\/uploads\/2021\/04\/SonoS-scaled.jpg","contentUrl":"https:\/\/alvarelloseditora.gal\/wp-content\/uploads\/2021\/04\/SonoS-scaled.jpg","width":2560,"height":2496,"caption":"So\u00f1oS"},{"@type":"BreadcrumbList","@id":"https:\/\/alvarelloseditora.gal\/es\/libro\/sonos\/#breadcrumb","itemListElement":[{"@type":"ListItem","position":1,"name":"Portada","item":"https:\/\/alvarelloseditora.gal\/"},{"@type":"ListItem","position":2,"name":"Tienda","item":"https:\/\/alvarelloseditora.gal\/es\/tienda\/"},{"@type":"ListItem","position":3,"name":"So\u00f1oS"}]},{"@type":"WebSite","@id":"https:\/\/alvarelloseditora.gal\/#website","url":"https:\/\/alvarelloseditora.gal\/","name":"Alvarellos Editora","description":"Libros para un mundo en tr\u00e1nsito","publisher":{"@id":"https:\/\/alvarelloseditora.gal\/#organization"},"potentialAction":[{"@type":"SearchAction","target":{"@type":"EntryPoint","urlTemplate":"https:\/\/alvarelloseditora.gal\/?s={search_term_string}"},"query-input":{"@type":"PropertyValueSpecification","valueRequired":true,"valueName":"search_term_string"}}],"inLanguage":"es"},{"@type":"Organization","@id":"https:\/\/alvarelloseditora.gal\/#organization","name":"Alvarellos Editora","url":"https:\/\/alvarelloseditora.gal\/","logo":{"@type":"ImageObject","inLanguage":"es","@id":"https:\/\/alvarelloseditora.gal\/#\/schema\/logo\/image\/","url":"https:\/\/alvarelloseditora.gal\/wp-content\/uploads\/2020\/02\/alv-icon.png","contentUrl":"https:\/\/alvarelloseditora.gal\/wp-content\/uploads\/2020\/02\/alv-icon.png","width":177,"height":175,"caption":"Alvarellos Editora"},"image":{"@id":"https:\/\/alvarelloseditora.gal\/#\/schema\/logo\/image\/"},"sameAs":["https:\/\/www.facebook.com\/alvarelloseditora","https:\/\/x.com\/alvarellos_ed"]}]}},"_links":{"self":[{"href":"https:\/\/alvarelloseditora.gal\/es\/wp-json\/wp\/v2\/product\/6141","targetHints":{"allow":["GET"]}}],"collection":[{"href":"https:\/\/alvarelloseditora.gal\/es\/wp-json\/wp\/v2\/product"}],"about":[{"href":"https:\/\/alvarelloseditora.gal\/es\/wp-json\/wp\/v2\/types\/product"}],"replies":[{"embeddable":true,"href":"https:\/\/alvarelloseditora.gal\/es\/wp-json\/wp\/v2\/comments?post=6141"}],"wp:featuredmedia":[{"embeddable":true,"href":"https:\/\/alvarelloseditora.gal\/es\/wp-json\/wp\/v2\/media\/6137"}],"wp:attachment":[{"href":"https:\/\/alvarelloseditora.gal\/es\/wp-json\/wp\/v2\/media?parent=6141"}],"wp:term":[{"taxonomy":"product_brand","embeddable":true,"href":"https:\/\/alvarelloseditora.gal\/es\/wp-json\/wp\/v2\/product_brand?post=6141"},{"taxonomy":"product_cat","embeddable":true,"href":"https:\/\/alvarelloseditora.gal\/es\/wp-json\/wp\/v2\/product_cat?post=6141"},{"taxonomy":"product_tag","embeddable":true,"href":"https:\/\/alvarelloseditora.gal\/es\/wp-json\/wp\/v2\/product_tag?post=6141"}],"curies":[{"name":"wp","href":"https:\/\/api.w.org\/{rel}","templated":true}]}}