{"id":6114,"date":"2021-04-29T16:40:39","date_gmt":"2021-04-29T14:40:39","guid":{"rendered":"https:\/\/nueva.alvarellos.info\/book\/na-busca-de-anton\/"},"modified":"2026-02-27T14:58:44","modified_gmt":"2026-02-27T13:58:44","slug":"na-busca-de-anton","status":"publish","type":"product","link":"https:\/\/alvarelloseditora.gal\/es\/libro\/na-busca-de-anton\/","title":{"rendered":"Na busca de Ant\u00f3n"},"content":{"rendered":"<p><a href=\"https:\/\/alvarelloseditora.gal\/wp-content\/uploads\/2021\/04\/Ficha_Na_busca-de-Anton-2021.pdf\">PDF [Ficha + nota de prensa]<\/a><\/p>\n","protected":false},"excerpt":{"rendered":"<p>Ana L\u00f3pez Quintela<br \/>\nISBN 978-84-18567-00-1<br \/>\nPp: 32. Formato: 22,5 x 21,5 cm<br \/>\nCartonado. Cosido a f\u00edo vexetal.<br \/>\nImpreso en papel FSC Amigo dos Bosques.<br \/>\nO primeiro \u00e1lbum escrito e ilustrado pola mestra\u00a0en Educaci\u00f3n Infantil Ana L\u00f3pez Quintela (Santiago, 1997) aposta polas novas masculinidades e reflexiona, a trav\u00e9s da historia de Ant\u00f3n, sobre os \u201croles\u201d de x\u00e9nero.<\/p>\n<p>TEXTO CONTRACAPA<\/p>\n<p>Ant\u00f3n a\u00ednda non ten un ano,<br \/>\npor iso pouco fala,<br \/>\nas\u00ed que desco\u00f1ecemos<br \/>\nse lle gustar\u00e1n os trens ou as fadas.<\/p>\n<p>CLAVES PARA A LECTURA<br \/>\nPor que, se \u00e9 neno, hai que asignarlle a cor azul; e, se \u00e9 nena, a cor rosa?<br \/>\nPor que, se \u00e9 neno, tenlle que gustar o f\u00fatbol; e, se \u00e9 nena, a danza?<br \/>\nVelaqu\u00ed un conto que se formula todas estas preguntas e que aposta pola transformaci\u00f3n das \u201cvellas\u201d masculinidades e dos estereotipos de x\u00e9nero.<\/p>\n<p>As\u00ed o resume a s\u00faa autora, Ana L\u00f3pez Quintela:<\/p>\n<p>\u00abA literatura infantil \u00e9 unha das armas m\u00e1is bonitas e delicadas que temos para a transmisi\u00f3n de valores na primeira infancia. Cando naceu o meu afillado, quixen facerlle un agasallo: este conto. Xorde pola mi\u00f1a preocupaci\u00f3n ante a desigualdade que a\u00ednda estamos a vivir hoxe, malia os avances: as crianzas, dende moi pequenas, xa se ven influenciadas polos \u2018roles\u2019 de x\u00e9nero, por uns esquemas que temos fixados as persoas adultas sobre o que se considera axeitado ou non axeitado, e que transmitimos dun xeito inconsciente. Este \u00e1lbum ilustrado cont\u00e9n, pois, unha mensaxe: cada persoa ten a liberdade de elixir que a define, independenteme de como se identifique\u00bb.<\/p>\n<p>&nbsp;<\/p>\n<p>Idade de interese: + 3<br \/>\nNivel de lectura: +5<\/p>\n","protected":false},"featured_media":6113,"comment_status":"closed","ping_status":"closed","template":"","meta":[],"product_brand":[],"product_cat":[110],"product_tag":[],"class_list":{"0":"post-6114","1":"product","2":"type-product","3":"status-publish","4":"has-post-thumbnail","6":"product_author-ana-lopez-quintela-es","7":"product_cat-verdemar-es","9":"first","10":"instock","11":"taxable","12":"shipping-taxable","13":"purchasable","14":"product-type-simple"},"yoast_head":"<!-- This site is optimized with the Yoast SEO plugin v27.3 - https:\/\/yoast.com\/product\/yoast-seo-wordpress\/ -->\n<title>Na busca de Ant\u00f3n - Alvarellos Editora<\/title>\n<meta name=\"description\" content=\"Na busca de Ant\u00f3n. C\u00f3mprao na tenda en li\u00f1a de Alvarellos Editora.\" \/>\n<meta name=\"robots\" content=\"index, follow, max-snippet:-1, max-image-preview:large, max-video-preview:-1\" \/>\n<link rel=\"canonical\" href=\"https:\/\/alvarelloseditora.gal\/es\/libro\/na-busca-de-anton\/\" \/>\n<meta property=\"og:locale\" content=\"es_ES\" \/>\n<meta property=\"og:type\" content=\"article\" \/>\n<meta property=\"og:title\" content=\"Na busca de Ant\u00f3n - Alvarellos Editora\" \/>\n<meta property=\"og:description\" content=\"Na busca de Ant\u00f3n. C\u00f3mprao na tenda en li\u00f1a de Alvarellos Editora.\" \/>\n<meta property=\"og:url\" content=\"https:\/\/alvarelloseditora.gal\/es\/libro\/na-busca-de-anton\/\" \/>\n<meta property=\"og:site_name\" content=\"Alvarellos Editora\" \/>\n<meta property=\"article:publisher\" content=\"https:\/\/www.facebook.com\/alvarelloseditora\" \/>\n<meta property=\"article:modified_time\" content=\"2026-02-27T13:58:44+00:00\" \/>\n<meta property=\"og:image\" content=\"https:\/\/alvarelloseditora.gal\/wp-content\/uploads\/2021\/04\/Na-busca-de-Anton.jpg\" \/>\n\t<meta property=\"og:image:width\" content=\"1360\" \/>\n\t<meta property=\"og:image:height\" content=\"1311\" \/>\n\t<meta property=\"og:image:type\" content=\"image\/jpeg\" \/>\n<meta name=\"twitter:card\" content=\"summary_large_image\" \/>\n<meta name=\"twitter:site\" content=\"@alvarellos_ed\" \/>\n<meta name=\"twitter:label1\" content=\"Tiempo de lectura\" \/>\n\t<meta name=\"twitter:data1\" content=\"1 minuto\" \/>\n<!-- \/ Yoast SEO plugin. -->","yoast_head_json":{"title":"Na busca de Ant\u00f3n - Alvarellos Editora","description":"Na busca de Ant\u00f3n. C\u00f3mprao na tenda en li\u00f1a de Alvarellos Editora.","robots":{"index":"index","follow":"follow","max-snippet":"max-snippet:-1","max-image-preview":"max-image-preview:large","max-video-preview":"max-video-preview:-1"},"canonical":"https:\/\/alvarelloseditora.gal\/es\/libro\/na-busca-de-anton\/","og_locale":"es_ES","og_type":"article","og_title":"Na busca de Ant\u00f3n - Alvarellos Editora","og_description":"Na busca de Ant\u00f3n. C\u00f3mprao na tenda en li\u00f1a de Alvarellos Editora.","og_url":"https:\/\/alvarelloseditora.gal\/es\/libro\/na-busca-de-anton\/","og_site_name":"Alvarellos Editora","article_publisher":"https:\/\/www.facebook.com\/alvarelloseditora","article_modified_time":"2026-02-27T13:58:44+00:00","og_image":[{"width":1360,"height":1311,"url":"https:\/\/alvarelloseditora.gal\/wp-content\/uploads\/2021\/04\/Na-busca-de-Anton.jpg","type":"image\/jpeg"}],"twitter_card":"summary_large_image","twitter_site":"@alvarellos_ed","twitter_misc":{"Tiempo de lectura":"1 minuto"},"schema":{"@context":"https:\/\/schema.org","@graph":[{"@type":["WebPage","ItemPage"],"@id":"https:\/\/alvarelloseditora.gal\/es\/libro\/na-busca-de-anton\/","url":"https:\/\/alvarelloseditora.gal\/es\/libro\/na-busca-de-anton\/","name":"Na busca de Ant\u00f3n - Alvarellos Editora","isPartOf":{"@id":"https:\/\/alvarelloseditora.gal\/#website"},"primaryImageOfPage":{"@id":"https:\/\/alvarelloseditora.gal\/es\/libro\/na-busca-de-anton\/#primaryimage"},"image":{"@id":"https:\/\/alvarelloseditora.gal\/es\/libro\/na-busca-de-anton\/#primaryimage"},"thumbnailUrl":"https:\/\/alvarelloseditora.gal\/wp-content\/uploads\/2021\/04\/Na-busca-de-Anton.jpg","datePublished":"2021-04-29T14:40:39+00:00","dateModified":"2026-02-27T13:58:44+00:00","description":"Na busca de Ant\u00f3n. C\u00f3mprao na tenda en li\u00f1a de Alvarellos Editora.","breadcrumb":{"@id":"https:\/\/alvarelloseditora.gal\/es\/libro\/na-busca-de-anton\/#breadcrumb"},"inLanguage":"es","potentialAction":[{"@type":"ReadAction","target":["https:\/\/alvarelloseditora.gal\/es\/libro\/na-busca-de-anton\/"]}]},{"@type":"ImageObject","inLanguage":"es","@id":"https:\/\/alvarelloseditora.gal\/es\/libro\/na-busca-de-anton\/#primaryimage","url":"https:\/\/alvarelloseditora.gal\/wp-content\/uploads\/2021\/04\/Na-busca-de-Anton.jpg","contentUrl":"https:\/\/alvarelloseditora.gal\/wp-content\/uploads\/2021\/04\/Na-busca-de-Anton.jpg","width":1360,"height":1311,"caption":"Na busca de Ant\u00f3n"},{"@type":"BreadcrumbList","@id":"https:\/\/alvarelloseditora.gal\/es\/libro\/na-busca-de-anton\/#breadcrumb","itemListElement":[{"@type":"ListItem","position":1,"name":"Portada","item":"https:\/\/alvarelloseditora.gal\/"},{"@type":"ListItem","position":2,"name":"Tienda","item":"https:\/\/alvarelloseditora.gal\/es\/tienda\/"},{"@type":"ListItem","position":3,"name":"Na busca de Ant\u00f3n"}]},{"@type":"WebSite","@id":"https:\/\/alvarelloseditora.gal\/#website","url":"https:\/\/alvarelloseditora.gal\/","name":"Alvarellos Editora","description":"Libros para un mundo en tr\u00e1nsito","publisher":{"@id":"https:\/\/alvarelloseditora.gal\/#organization"},"potentialAction":[{"@type":"SearchAction","target":{"@type":"EntryPoint","urlTemplate":"https:\/\/alvarelloseditora.gal\/?s={search_term_string}"},"query-input":{"@type":"PropertyValueSpecification","valueRequired":true,"valueName":"search_term_string"}}],"inLanguage":"es"},{"@type":"Organization","@id":"https:\/\/alvarelloseditora.gal\/#organization","name":"Alvarellos Editora","url":"https:\/\/alvarelloseditora.gal\/","logo":{"@type":"ImageObject","inLanguage":"es","@id":"https:\/\/alvarelloseditora.gal\/#\/schema\/logo\/image\/","url":"https:\/\/alvarelloseditora.gal\/wp-content\/uploads\/2020\/02\/alv-icon.png","contentUrl":"https:\/\/alvarelloseditora.gal\/wp-content\/uploads\/2020\/02\/alv-icon.png","width":177,"height":175,"caption":"Alvarellos Editora"},"image":{"@id":"https:\/\/alvarelloseditora.gal\/#\/schema\/logo\/image\/"},"sameAs":["https:\/\/www.facebook.com\/alvarelloseditora","https:\/\/x.com\/alvarellos_ed"]}]}},"_links":{"self":[{"href":"https:\/\/alvarelloseditora.gal\/es\/wp-json\/wp\/v2\/product\/6114","targetHints":{"allow":["GET"]}}],"collection":[{"href":"https:\/\/alvarelloseditora.gal\/es\/wp-json\/wp\/v2\/product"}],"about":[{"href":"https:\/\/alvarelloseditora.gal\/es\/wp-json\/wp\/v2\/types\/product"}],"replies":[{"embeddable":true,"href":"https:\/\/alvarelloseditora.gal\/es\/wp-json\/wp\/v2\/comments?post=6114"}],"wp:featuredmedia":[{"embeddable":true,"href":"https:\/\/alvarelloseditora.gal\/es\/wp-json\/wp\/v2\/media\/6113"}],"wp:attachment":[{"href":"https:\/\/alvarelloseditora.gal\/es\/wp-json\/wp\/v2\/media?parent=6114"}],"wp:term":[{"taxonomy":"product_brand","embeddable":true,"href":"https:\/\/alvarelloseditora.gal\/es\/wp-json\/wp\/v2\/product_brand?post=6114"},{"taxonomy":"product_cat","embeddable":true,"href":"https:\/\/alvarelloseditora.gal\/es\/wp-json\/wp\/v2\/product_cat?post=6114"},{"taxonomy":"product_tag","embeddable":true,"href":"https:\/\/alvarelloseditora.gal\/es\/wp-json\/wp\/v2\/product_tag?post=6114"}],"curies":[{"name":"wp","href":"https:\/\/api.w.org\/{rel}","templated":true}]}}