{"id":6083,"date":"2021-04-29T13:00:35","date_gmt":"2021-04-29T11:00:35","guid":{"rendered":"https:\/\/nueva.alvarellos.info\/book\/como-se-di\/"},"modified":"2021-07-26T10:48:25","modified_gmt":"2021-07-26T08:48:25","slug":"como-se-di","status":"publish","type":"product","link":"https:\/\/alvarelloseditora.gal\/es\/libro\/como-se-di\/","title":{"rendered":"Como se di?"},"content":{"rendered":"<p><a href=\"https:\/\/alvarelloseditora.gal\/wp-content\/uploads\/2021\/04\/Ficha_Como-se-di_2021.pdf\" target=\"_blank\" rel=\"noopener\"> PDF Ficha + nota de prensa<\/a><\/p>\n","protected":false},"excerpt":{"rendered":"<p>Lawrence Schimel |\u00a0 Ilustrado por Thiago Lopes<\/p>\n<p>ISBN 978-84-18567-01-8<br \/>\nPp: 36. Formato: 21,5 x 26 cm<br \/>\nCapa dura. Cosido en hilo vegetal.<br \/>\nImpreso en Papel FSC Amigo de los Bosques<\/p>\n<p>&nbsp;<\/p>\n<p>Os mesmos autores de Queres ler un libro comigo? tr\u00e1enos agora esta nova proposta: Como se di?, un conto que convida a participar activamente aos nosos primeiros lectores e lectoras.<\/p>\n<p>&nbsp;<\/p>\n<p>TEXTO CONTRACAPA<br \/>\nSe lle tes que pedir permiso\u00a0ao rei para xogar no labirinto do seu castelo, como se di?<\/p>\n<p>E cando os av\u00f3s che traen un agasallo da s\u00faa viaxe a Exipto, como se di?<\/p>\n<p>Un conto cheo de imaxes fant\u00e1sticas e nas que expresi\u00f3ns como \u00abpor favor\u00bb ou \u00abgrazas\u00bb son a chave para viaxar coa imaxinaci\u00f3n.<br \/>\nCLAVES PARA A LECTURA<\/p>\n<p>Dicir \u201cPor favor\u201d, \u201cGrazas\u201d, \u201cBoa tarde\u201d ou \u201cBo d\u00eda\u201d \u00e9 algo m\u00e1is que un simple acto de cortes\u00eda. Son normas de convivencia, de \u201cconexi\u00f3n\u201d coas demais persoas, que deben formar parte de n\u00f3s dende os primeiros anos.<\/p>\n<p>Con este conto descubriremos a empat\u00eda, a tolerancia e a reciprocidade, valores que deben conformar a intelixencia social das nenas e nenos.<\/p>\n<p>Un \u00e1lbum ilustrado que convida directamente \u00e1 participaci\u00f3n activa das crianzas, pois est\u00e1 escrito coma un xogo de pregunta-resposta no que ir\u00e1n xurdindo esas f\u00f3rmulas m\u00e1is aca\u00eddas da cortes\u00eda, f\u00f3rmulas que son realmente claves na interacci\u00f3n social.<\/p>\n<p>Idade de interese: +3 \u00a0 <\/p>\n<p>Nivel de lectura: +5\u00a0<\/p>\n<p>&nbsp;<\/p>\n","protected":false},"featured_media":6078,"comment_status":"closed","ping_status":"closed","template":"","meta":[],"product_brand":[],"product_cat":[110],"product_tag":[],"class_list":{"0":"post-6083","1":"product","2":"type-product","3":"status-publish","4":"has-post-thumbnail","6":"product_author-lawrence-schimel-es","7":"product_author-thiago-lopes-es","8":"product_cat-verdemar-es","10":"first","11":"instock","12":"taxable","13":"shipping-taxable","14":"purchasable","15":"product-type-simple"},"yoast_head":"<!-- This site is optimized with the Yoast SEO plugin v27.3 - https:\/\/yoast.com\/product\/yoast-seo-wordpress\/ -->\n<title>Como se di? - Alvarellos Editora<\/title>\n<meta name=\"description\" content=\"Como se di? Un libro de Lawrence Schimel, ilustrado por Thiago Lopes. \u25b7 C\u00f3mpralo AQU\u00cd online directamente a Alvarellos Editora.\" \/>\n<meta name=\"robots\" content=\"index, follow, max-snippet:-1, max-image-preview:large, max-video-preview:-1\" \/>\n<link rel=\"canonical\" href=\"https:\/\/alvarelloseditora.gal\/es\/libro\/como-se-di\/\" \/>\n<meta property=\"og:locale\" content=\"es_ES\" \/>\n<meta property=\"og:type\" content=\"article\" \/>\n<meta property=\"og:title\" content=\"Como se di? - Alvarellos Editora\" \/>\n<meta property=\"og:description\" content=\"Como se di? Un libro de Lawrence Schimel, ilustrado por Thiago Lopes. \u25b7 C\u00f3mpralo AQU\u00cd online directamente a Alvarellos Editora.\" \/>\n<meta property=\"og:url\" content=\"https:\/\/alvarelloseditora.gal\/es\/libro\/como-se-di\/\" \/>\n<meta property=\"og:site_name\" content=\"Alvarellos Editora\" \/>\n<meta property=\"article:publisher\" content=\"https:\/\/www.facebook.com\/alvarelloseditora\" \/>\n<meta property=\"article:modified_time\" content=\"2021-07-26T08:48:25+00:00\" \/>\n<meta property=\"og:image\" content=\"https:\/\/alvarelloseditora.gal\/wp-content\/uploads\/2021\/04\/Como-se-di.jpg\" \/>\n\t<meta property=\"og:image:width\" content=\"1666\" \/>\n\t<meta property=\"og:image:height\" content=\"2081\" \/>\n\t<meta property=\"og:image:type\" content=\"image\/jpeg\" \/>\n<meta name=\"twitter:card\" content=\"summary_large_image\" \/>\n<meta name=\"twitter:site\" content=\"@alvarellos_ed\" \/>\n<meta name=\"twitter:label1\" content=\"Tiempo de lectura\" \/>\n\t<meta name=\"twitter:data1\" content=\"1 minuto\" \/>\n<!-- \/ Yoast SEO plugin. -->","yoast_head_json":{"title":"Como se di? - Alvarellos Editora","description":"Como se di? Un libro de Lawrence Schimel, ilustrado por Thiago Lopes. \u25b7 C\u00f3mpralo AQU\u00cd online directamente a Alvarellos Editora.","robots":{"index":"index","follow":"follow","max-snippet":"max-snippet:-1","max-image-preview":"max-image-preview:large","max-video-preview":"max-video-preview:-1"},"canonical":"https:\/\/alvarelloseditora.gal\/es\/libro\/como-se-di\/","og_locale":"es_ES","og_type":"article","og_title":"Como se di? - Alvarellos Editora","og_description":"Como se di? Un libro de Lawrence Schimel, ilustrado por Thiago Lopes. \u25b7 C\u00f3mpralo AQU\u00cd online directamente a Alvarellos Editora.","og_url":"https:\/\/alvarelloseditora.gal\/es\/libro\/como-se-di\/","og_site_name":"Alvarellos Editora","article_publisher":"https:\/\/www.facebook.com\/alvarelloseditora","article_modified_time":"2021-07-26T08:48:25+00:00","og_image":[{"width":1666,"height":2081,"url":"https:\/\/alvarelloseditora.gal\/wp-content\/uploads\/2021\/04\/Como-se-di.jpg","type":"image\/jpeg"}],"twitter_card":"summary_large_image","twitter_site":"@alvarellos_ed","twitter_misc":{"Tiempo de lectura":"1 minuto"},"schema":{"@context":"https:\/\/schema.org","@graph":[{"@type":["WebPage","ItemPage"],"@id":"https:\/\/alvarelloseditora.gal\/es\/libro\/como-se-di\/","url":"https:\/\/alvarelloseditora.gal\/es\/libro\/como-se-di\/","name":"Como se di? - Alvarellos Editora","isPartOf":{"@id":"https:\/\/alvarelloseditora.gal\/#website"},"primaryImageOfPage":{"@id":"https:\/\/alvarelloseditora.gal\/es\/libro\/como-se-di\/#primaryimage"},"image":{"@id":"https:\/\/alvarelloseditora.gal\/es\/libro\/como-se-di\/#primaryimage"},"thumbnailUrl":"https:\/\/alvarelloseditora.gal\/wp-content\/uploads\/2021\/04\/Como-se-di.jpg","datePublished":"2021-04-29T11:00:35+00:00","dateModified":"2021-07-26T08:48:25+00:00","description":"Como se di? Un libro de Lawrence Schimel, ilustrado por Thiago Lopes. \u25b7 C\u00f3mpralo AQU\u00cd online directamente a Alvarellos Editora.","breadcrumb":{"@id":"https:\/\/alvarelloseditora.gal\/es\/libro\/como-se-di\/#breadcrumb"},"inLanguage":"es","potentialAction":[{"@type":"ReadAction","target":["https:\/\/alvarelloseditora.gal\/es\/libro\/como-se-di\/"]}]},{"@type":"ImageObject","inLanguage":"es","@id":"https:\/\/alvarelloseditora.gal\/es\/libro\/como-se-di\/#primaryimage","url":"https:\/\/alvarelloseditora.gal\/wp-content\/uploads\/2021\/04\/Como-se-di.jpg","contentUrl":"https:\/\/alvarelloseditora.gal\/wp-content\/uploads\/2021\/04\/Como-se-di.jpg","width":1666,"height":2081,"caption":"Como se di"},{"@type":"BreadcrumbList","@id":"https:\/\/alvarelloseditora.gal\/es\/libro\/como-se-di\/#breadcrumb","itemListElement":[{"@type":"ListItem","position":1,"name":"Portada","item":"https:\/\/alvarelloseditora.gal\/"},{"@type":"ListItem","position":2,"name":"Tienda","item":"https:\/\/alvarelloseditora.gal\/es\/tienda\/"},{"@type":"ListItem","position":3,"name":"Como se di?"}]},{"@type":"WebSite","@id":"https:\/\/alvarelloseditora.gal\/#website","url":"https:\/\/alvarelloseditora.gal\/","name":"Alvarellos Editora","description":"Libros para un mundo en tr\u00e1nsito","publisher":{"@id":"https:\/\/alvarelloseditora.gal\/#organization"},"potentialAction":[{"@type":"SearchAction","target":{"@type":"EntryPoint","urlTemplate":"https:\/\/alvarelloseditora.gal\/?s={search_term_string}"},"query-input":{"@type":"PropertyValueSpecification","valueRequired":true,"valueName":"search_term_string"}}],"inLanguage":"es"},{"@type":"Organization","@id":"https:\/\/alvarelloseditora.gal\/#organization","name":"Alvarellos Editora","url":"https:\/\/alvarelloseditora.gal\/","logo":{"@type":"ImageObject","inLanguage":"es","@id":"https:\/\/alvarelloseditora.gal\/#\/schema\/logo\/image\/","url":"https:\/\/alvarelloseditora.gal\/wp-content\/uploads\/2020\/02\/alv-icon.png","contentUrl":"https:\/\/alvarelloseditora.gal\/wp-content\/uploads\/2020\/02\/alv-icon.png","width":177,"height":175,"caption":"Alvarellos Editora"},"image":{"@id":"https:\/\/alvarelloseditora.gal\/#\/schema\/logo\/image\/"},"sameAs":["https:\/\/www.facebook.com\/alvarelloseditora","https:\/\/x.com\/alvarellos_ed"]}]}},"_links":{"self":[{"href":"https:\/\/alvarelloseditora.gal\/es\/wp-json\/wp\/v2\/product\/6083","targetHints":{"allow":["GET"]}}],"collection":[{"href":"https:\/\/alvarelloseditora.gal\/es\/wp-json\/wp\/v2\/product"}],"about":[{"href":"https:\/\/alvarelloseditora.gal\/es\/wp-json\/wp\/v2\/types\/product"}],"replies":[{"embeddable":true,"href":"https:\/\/alvarelloseditora.gal\/es\/wp-json\/wp\/v2\/comments?post=6083"}],"wp:featuredmedia":[{"embeddable":true,"href":"https:\/\/alvarelloseditora.gal\/es\/wp-json\/wp\/v2\/media\/6078"}],"wp:attachment":[{"href":"https:\/\/alvarelloseditora.gal\/es\/wp-json\/wp\/v2\/media?parent=6083"}],"wp:term":[{"taxonomy":"product_brand","embeddable":true,"href":"https:\/\/alvarelloseditora.gal\/es\/wp-json\/wp\/v2\/product_brand?post=6083"},{"taxonomy":"product_cat","embeddable":true,"href":"https:\/\/alvarelloseditora.gal\/es\/wp-json\/wp\/v2\/product_cat?post=6083"},{"taxonomy":"product_tag","embeddable":true,"href":"https:\/\/alvarelloseditora.gal\/es\/wp-json\/wp\/v2\/product_tag?post=6083"}],"curies":[{"name":"wp","href":"https:\/\/api.w.org\/{rel}","templated":true}]}}