{"id":6015,"date":"2021-04-07T12:44:32","date_gmt":"2021-04-07T10:44:32","guid":{"rendered":"https:\/\/nueva.alvarellos.info\/book\/obra-inacabada-de-dosinda-christensen\/"},"modified":"2021-04-07T12:49:36","modified_gmt":"2021-04-07T10:49:36","slug":"obra-inacabada-de-dosinda-christensen","status":"publish","type":"product","link":"https:\/\/alvarelloseditora.gal\/es\/libro\/obra-inacabada-de-dosinda-christensen\/","title":{"rendered":"Obra inacabada de Dosinda Christensen"},"content":{"rendered":"<p><strong><a href=\"https:\/\/alvarelloseditora.gal\/wp-content\/uploads\/2021\/04\/NP_C_Obra_inacabada_Dosinda_Christensen_Alvarellos_Ed.pdf\" target=\"_blank\" rel=\"noopener\">Nota de prensa<\/a><\/strong><\/p>\n","protected":false},"excerpt":{"rendered":"<p>Premio del Certamen de Poes\u00eda del Concello de Vilalba 2020<\/p>\n<p>&nbsp;<\/p>\n<p>184 pp . 14 x 22 cms.<br \/>\nISBN: 978-84-16460-98-4<\/p>\n<p>&nbsp;<\/p>\n<p>La voz po\u00e9tica que emerge en estos versos, depurada hasta el extremo, es la de Dosinda Christensen. El autor, Xerardo \u00a0Quinti\u00e1,\u00a0imagina un \u00a0heter\u00f3nimo, una voz femenina que anula su propia voz de autor y ser\u00e1 ella quien protagonice toda la obra. Esta voz de Dosinda va creando, desde la nada, y a trav\u00e9s de la palabra, todo un mundo alrededor, una nueva realidad, construida a trav\u00e9s de significantes y significados.<\/p>\n<p>Este poemario cuenta con la colaboraci\u00f3n del artista y tambi\u00e9n poeta Baldo Ramos en la ilustraci\u00f3n de la portada.<\/p>\n<p>Obra inacabada de \u00a0Dosinda \u00a0Christensen (Alvarellos Editora, 2021) recibi\u00f3, en 2020, el Premio de Poes\u00eda del Ayuntamiento de Vilalba (Lugo) en su edici\u00f3n n\u00famero 46.<\/p>\n<p>&nbsp;<\/p>\n","protected":false},"featured_media":6013,"comment_status":"closed","ping_status":"closed","template":"","meta":[],"product_brand":[],"product_cat":[106],"product_tag":[],"class_list":{"0":"post-6015","1":"product","2":"type-product","3":"status-publish","4":"has-post-thumbnail","6":"product_author-xerardo-quintia-es","7":"product_cat-libros-do-sarela-es","9":"first","10":"instock","11":"taxable","12":"shipping-taxable","13":"purchasable","14":"product-type-simple"},"yoast_head":"<!-- This site is optimized with the Yoast SEO plugin v27.3 - https:\/\/yoast.com\/product\/yoast-seo-wordpress\/ -->\n<title>Obra inacabada de Dosinda Christensen - Alvarellos Editora<\/title>\n<meta name=\"description\" content=\"Obra inacabada de Dosinda Christensen. C\u00f3mprao na tenda en li\u00f1a de Alvarellos Editora.\" \/>\n<meta name=\"robots\" content=\"index, follow, max-snippet:-1, max-image-preview:large, max-video-preview:-1\" \/>\n<link rel=\"canonical\" href=\"https:\/\/alvarelloseditora.gal\/es\/libro\/obra-inacabada-de-dosinda-christensen\/\" \/>\n<meta property=\"og:locale\" content=\"es_ES\" \/>\n<meta property=\"og:type\" content=\"article\" \/>\n<meta property=\"og:title\" content=\"Obra inacabada de Dosinda Christensen - Alvarellos Editora\" \/>\n<meta property=\"og:description\" content=\"Obra inacabada de Dosinda Christensen. C\u00f3mprao na tenda en li\u00f1a de Alvarellos Editora.\" \/>\n<meta property=\"og:url\" content=\"https:\/\/alvarelloseditora.gal\/es\/libro\/obra-inacabada-de-dosinda-christensen\/\" \/>\n<meta property=\"og:site_name\" content=\"Alvarellos Editora\" \/>\n<meta property=\"article:publisher\" content=\"https:\/\/www.facebook.com\/alvarelloseditora\" \/>\n<meta property=\"article:modified_time\" content=\"2021-04-07T10:49:36+00:00\" \/>\n<meta property=\"og:image\" content=\"https:\/\/alvarelloseditora.gal\/wp-content\/uploads\/2021\/04\/OBRA-INACABADA-DE-DOSINDA.jpg\" \/>\n\t<meta property=\"og:image:width\" content=\"1087\" \/>\n\t<meta property=\"og:image:height\" content=\"1737\" \/>\n\t<meta property=\"og:image:type\" content=\"image\/jpeg\" \/>\n<meta name=\"twitter:card\" content=\"summary_large_image\" \/>\n<meta name=\"twitter:site\" content=\"@alvarellos_ed\" \/>\n<meta name=\"twitter:label1\" content=\"Tiempo de lectura\" \/>\n\t<meta name=\"twitter:data1\" content=\"1 minuto\" \/>\n<!-- \/ Yoast SEO plugin. -->","yoast_head_json":{"title":"Obra inacabada de Dosinda Christensen - Alvarellos Editora","description":"Obra inacabada de Dosinda Christensen. C\u00f3mprao na tenda en li\u00f1a de Alvarellos Editora.","robots":{"index":"index","follow":"follow","max-snippet":"max-snippet:-1","max-image-preview":"max-image-preview:large","max-video-preview":"max-video-preview:-1"},"canonical":"https:\/\/alvarelloseditora.gal\/es\/libro\/obra-inacabada-de-dosinda-christensen\/","og_locale":"es_ES","og_type":"article","og_title":"Obra inacabada de Dosinda Christensen - Alvarellos Editora","og_description":"Obra inacabada de Dosinda Christensen. C\u00f3mprao na tenda en li\u00f1a de Alvarellos Editora.","og_url":"https:\/\/alvarelloseditora.gal\/es\/libro\/obra-inacabada-de-dosinda-christensen\/","og_site_name":"Alvarellos Editora","article_publisher":"https:\/\/www.facebook.com\/alvarelloseditora","article_modified_time":"2021-04-07T10:49:36+00:00","og_image":[{"width":1087,"height":1737,"url":"https:\/\/alvarelloseditora.gal\/wp-content\/uploads\/2021\/04\/OBRA-INACABADA-DE-DOSINDA.jpg","type":"image\/jpeg"}],"twitter_card":"summary_large_image","twitter_site":"@alvarellos_ed","twitter_misc":{"Tiempo de lectura":"1 minuto"},"schema":{"@context":"https:\/\/schema.org","@graph":[{"@type":["WebPage","ItemPage"],"@id":"https:\/\/alvarelloseditora.gal\/es\/libro\/obra-inacabada-de-dosinda-christensen\/","url":"https:\/\/alvarelloseditora.gal\/es\/libro\/obra-inacabada-de-dosinda-christensen\/","name":"Obra inacabada de Dosinda Christensen - Alvarellos Editora","isPartOf":{"@id":"https:\/\/alvarelloseditora.gal\/#website"},"primaryImageOfPage":{"@id":"https:\/\/alvarelloseditora.gal\/es\/libro\/obra-inacabada-de-dosinda-christensen\/#primaryimage"},"image":{"@id":"https:\/\/alvarelloseditora.gal\/es\/libro\/obra-inacabada-de-dosinda-christensen\/#primaryimage"},"thumbnailUrl":"https:\/\/alvarelloseditora.gal\/wp-content\/uploads\/2021\/04\/OBRA-INACABADA-DE-DOSINDA.jpg","datePublished":"2021-04-07T10:44:32+00:00","dateModified":"2021-04-07T10:49:36+00:00","description":"Obra inacabada de Dosinda Christensen. C\u00f3mprao na tenda en li\u00f1a de Alvarellos Editora.","breadcrumb":{"@id":"https:\/\/alvarelloseditora.gal\/es\/libro\/obra-inacabada-de-dosinda-christensen\/#breadcrumb"},"inLanguage":"es","potentialAction":[{"@type":"ReadAction","target":["https:\/\/alvarelloseditora.gal\/es\/libro\/obra-inacabada-de-dosinda-christensen\/"]}]},{"@type":"ImageObject","inLanguage":"es","@id":"https:\/\/alvarelloseditora.gal\/es\/libro\/obra-inacabada-de-dosinda-christensen\/#primaryimage","url":"https:\/\/alvarelloseditora.gal\/wp-content\/uploads\/2021\/04\/OBRA-INACABADA-DE-DOSINDA.jpg","contentUrl":"https:\/\/alvarelloseditora.gal\/wp-content\/uploads\/2021\/04\/OBRA-INACABADA-DE-DOSINDA.jpg","width":1087,"height":1737,"caption":"Obra inacabada de Dosinda Christensen"},{"@type":"BreadcrumbList","@id":"https:\/\/alvarelloseditora.gal\/es\/libro\/obra-inacabada-de-dosinda-christensen\/#breadcrumb","itemListElement":[{"@type":"ListItem","position":1,"name":"Portada","item":"https:\/\/alvarelloseditora.gal\/"},{"@type":"ListItem","position":2,"name":"Tienda","item":"https:\/\/alvarelloseditora.gal\/es\/tienda\/"},{"@type":"ListItem","position":3,"name":"Obra inacabada de Dosinda Christensen"}]},{"@type":"WebSite","@id":"https:\/\/alvarelloseditora.gal\/#website","url":"https:\/\/alvarelloseditora.gal\/","name":"Alvarellos Editora","description":"Libros para un mundo en tr\u00e1nsito","publisher":{"@id":"https:\/\/alvarelloseditora.gal\/#organization"},"potentialAction":[{"@type":"SearchAction","target":{"@type":"EntryPoint","urlTemplate":"https:\/\/alvarelloseditora.gal\/?s={search_term_string}"},"query-input":{"@type":"PropertyValueSpecification","valueRequired":true,"valueName":"search_term_string"}}],"inLanguage":"es"},{"@type":"Organization","@id":"https:\/\/alvarelloseditora.gal\/#organization","name":"Alvarellos Editora","url":"https:\/\/alvarelloseditora.gal\/","logo":{"@type":"ImageObject","inLanguage":"es","@id":"https:\/\/alvarelloseditora.gal\/#\/schema\/logo\/image\/","url":"https:\/\/alvarelloseditora.gal\/wp-content\/uploads\/2020\/02\/alv-icon.png","contentUrl":"https:\/\/alvarelloseditora.gal\/wp-content\/uploads\/2020\/02\/alv-icon.png","width":177,"height":175,"caption":"Alvarellos Editora"},"image":{"@id":"https:\/\/alvarelloseditora.gal\/#\/schema\/logo\/image\/"},"sameAs":["https:\/\/www.facebook.com\/alvarelloseditora","https:\/\/x.com\/alvarellos_ed"]}]}},"_links":{"self":[{"href":"https:\/\/alvarelloseditora.gal\/es\/wp-json\/wp\/v2\/product\/6015","targetHints":{"allow":["GET"]}}],"collection":[{"href":"https:\/\/alvarelloseditora.gal\/es\/wp-json\/wp\/v2\/product"}],"about":[{"href":"https:\/\/alvarelloseditora.gal\/es\/wp-json\/wp\/v2\/types\/product"}],"replies":[{"embeddable":true,"href":"https:\/\/alvarelloseditora.gal\/es\/wp-json\/wp\/v2\/comments?post=6015"}],"wp:featuredmedia":[{"embeddable":true,"href":"https:\/\/alvarelloseditora.gal\/es\/wp-json\/wp\/v2\/media\/6013"}],"wp:attachment":[{"href":"https:\/\/alvarelloseditora.gal\/es\/wp-json\/wp\/v2\/media?parent=6015"}],"wp:term":[{"taxonomy":"product_brand","embeddable":true,"href":"https:\/\/alvarelloseditora.gal\/es\/wp-json\/wp\/v2\/product_brand?post=6015"},{"taxonomy":"product_cat","embeddable":true,"href":"https:\/\/alvarelloseditora.gal\/es\/wp-json\/wp\/v2\/product_cat?post=6015"},{"taxonomy":"product_tag","embeddable":true,"href":"https:\/\/alvarelloseditora.gal\/es\/wp-json\/wp\/v2\/product_tag?post=6015"}],"curies":[{"name":"wp","href":"https:\/\/api.w.org\/{rel}","templated":true}]}}