{"id":5980,"date":"2021-04-07T11:05:05","date_gmt":"2021-04-07T09:05:05","guid":{"rendered":"https:\/\/nueva.alvarellos.info\/book\/hora-de-penumbra\/"},"modified":"2021-04-07T12:20:08","modified_gmt":"2021-04-07T10:20:08","slug":"hora-de-penumbra","status":"publish","type":"product","link":"https:\/\/alvarelloseditora.gal\/es\/libro\/hora-de-penumbra\/","title":{"rendered":"Hora de penumbra"},"content":{"rendered":"<p><strong><a href=\"https:\/\/alvarelloseditora.gal\/wp-content\/uploads\/2021\/04\/NP_C_Hora_de_penumbra_dec_2020.pdf\" target=\"_blank\" rel=\"noopener\">Nota de prensa<\/a><\/strong><\/p>\n","protected":false},"excerpt":{"rendered":"<p>1\u00ba Premio del II\u00ba Certame de Poes\u00eda Torre de Caldaloba<br \/>\n&nbsp;<\/p>\n<p>56 pp . 14 x 21 cms.<br \/>\nISBN 978-84-16460-92-2<\/p>\n<p>&nbsp;<\/p>\n<p>Hora de penumbra es el t\u00edtulo del nuevo libro de poemas del escritor y pintor \u00a0Xurxo Alonso. Recibi\u00f3 en 2019 el primer premio del II\u00ba Certame de Poes\u00eda Torre de Caldaloba que convocan anualmente el Concello de Cospeito (Lugo) y la Asociaci\u00f3n Cultural de Pino, en colaboraci\u00f3n con \u00a0Culturalia \u00a0GZ.<\/p>\n<p>A lo largo de 27 poemas, \u00a0Xurxo Alonso \u00a0lleva a cabo una profunda mirada sobre los grandes interrogantes del ser humano: el paso del tiempo, el amor, la muerte&#8230;<\/p>\n<p>El jurado destac\u00f3 en esta obra la \u201cs\u00f3lida arquitectura \u00a0versal\u201d, la \u201cfuerza de los s\u00edmbolos empleados\u201d y el \u201camplio caudal de \u00a0intertextualidades\u201d que emanan de estas composiciones.<\/p>\n<p>&nbsp;<\/p>\n","protected":false},"featured_media":5979,"comment_status":"closed","ping_status":"closed","template":"","meta":[],"product_brand":[],"product_cat":[106],"product_tag":[],"class_list":{"0":"post-5980","1":"product","2":"type-product","3":"status-publish","4":"has-post-thumbnail","6":"product_author-xurxo-alonso-es","7":"product_cat-libros-do-sarela-es","9":"first","10":"instock","11":"taxable","12":"shipping-taxable","13":"purchasable","14":"product-type-simple"},"yoast_head":"<!-- This site is optimized with the Yoast SEO plugin v27.3 - https:\/\/yoast.com\/product\/yoast-seo-wordpress\/ -->\n<title>Hora de penumbra - Alvarellos Editora<\/title>\n<meta name=\"description\" content=\"Hora de penumbra. C\u00f3mprao na tenda en li\u00f1a de Alvarellos Editora.\" \/>\n<meta name=\"robots\" content=\"index, follow, max-snippet:-1, max-image-preview:large, max-video-preview:-1\" \/>\n<link rel=\"canonical\" href=\"https:\/\/alvarelloseditora.gal\/es\/libro\/hora-de-penumbra\/\" \/>\n<meta property=\"og:locale\" content=\"es_ES\" \/>\n<meta property=\"og:type\" content=\"article\" \/>\n<meta property=\"og:title\" content=\"Hora de penumbra - Alvarellos Editora\" \/>\n<meta property=\"og:description\" content=\"Hora de penumbra. C\u00f3mprao na tenda en li\u00f1a de Alvarellos Editora.\" \/>\n<meta property=\"og:url\" content=\"https:\/\/alvarelloseditora.gal\/es\/libro\/hora-de-penumbra\/\" \/>\n<meta property=\"og:site_name\" content=\"Alvarellos Editora\" \/>\n<meta property=\"article:publisher\" content=\"https:\/\/www.facebook.com\/alvarelloseditora\" \/>\n<meta property=\"article:modified_time\" content=\"2021-04-07T10:20:08+00:00\" \/>\n<meta property=\"og:image\" content=\"https:\/\/alvarelloseditora.gal\/wp-content\/uploads\/2021\/04\/Hora-de-penumbra-scaled.jpg\" \/>\n\t<meta property=\"og:image:width\" content=\"1727\" \/>\n\t<meta property=\"og:image:height\" content=\"2560\" \/>\n\t<meta property=\"og:image:type\" content=\"image\/jpeg\" \/>\n<meta name=\"twitter:card\" content=\"summary_large_image\" \/>\n<meta name=\"twitter:site\" content=\"@alvarellos_ed\" \/>\n<meta name=\"twitter:label1\" content=\"Tiempo de lectura\" \/>\n\t<meta name=\"twitter:data1\" content=\"1 minuto\" \/>\n<!-- \/ Yoast SEO plugin. -->","yoast_head_json":{"title":"Hora de penumbra - Alvarellos Editora","description":"Hora de penumbra. C\u00f3mprao na tenda en li\u00f1a de Alvarellos Editora.","robots":{"index":"index","follow":"follow","max-snippet":"max-snippet:-1","max-image-preview":"max-image-preview:large","max-video-preview":"max-video-preview:-1"},"canonical":"https:\/\/alvarelloseditora.gal\/es\/libro\/hora-de-penumbra\/","og_locale":"es_ES","og_type":"article","og_title":"Hora de penumbra - Alvarellos Editora","og_description":"Hora de penumbra. C\u00f3mprao na tenda en li\u00f1a de Alvarellos Editora.","og_url":"https:\/\/alvarelloseditora.gal\/es\/libro\/hora-de-penumbra\/","og_site_name":"Alvarellos Editora","article_publisher":"https:\/\/www.facebook.com\/alvarelloseditora","article_modified_time":"2021-04-07T10:20:08+00:00","og_image":[{"width":1727,"height":2560,"url":"https:\/\/alvarelloseditora.gal\/wp-content\/uploads\/2021\/04\/Hora-de-penumbra-scaled.jpg","type":"image\/jpeg"}],"twitter_card":"summary_large_image","twitter_site":"@alvarellos_ed","twitter_misc":{"Tiempo de lectura":"1 minuto"},"schema":{"@context":"https:\/\/schema.org","@graph":[{"@type":["WebPage","ItemPage"],"@id":"https:\/\/alvarelloseditora.gal\/es\/libro\/hora-de-penumbra\/","url":"https:\/\/alvarelloseditora.gal\/es\/libro\/hora-de-penumbra\/","name":"Hora de penumbra - Alvarellos Editora","isPartOf":{"@id":"https:\/\/alvarelloseditora.gal\/#website"},"primaryImageOfPage":{"@id":"https:\/\/alvarelloseditora.gal\/es\/libro\/hora-de-penumbra\/#primaryimage"},"image":{"@id":"https:\/\/alvarelloseditora.gal\/es\/libro\/hora-de-penumbra\/#primaryimage"},"thumbnailUrl":"https:\/\/alvarelloseditora.gal\/wp-content\/uploads\/2021\/04\/Hora-de-penumbra-scaled.jpg","datePublished":"2021-04-07T09:05:05+00:00","dateModified":"2021-04-07T10:20:08+00:00","description":"Hora de penumbra. C\u00f3mprao na tenda en li\u00f1a de Alvarellos Editora.","breadcrumb":{"@id":"https:\/\/alvarelloseditora.gal\/es\/libro\/hora-de-penumbra\/#breadcrumb"},"inLanguage":"es","potentialAction":[{"@type":"ReadAction","target":["https:\/\/alvarelloseditora.gal\/es\/libro\/hora-de-penumbra\/"]}]},{"@type":"ImageObject","inLanguage":"es","@id":"https:\/\/alvarelloseditora.gal\/es\/libro\/hora-de-penumbra\/#primaryimage","url":"https:\/\/alvarelloseditora.gal\/wp-content\/uploads\/2021\/04\/Hora-de-penumbra-scaled.jpg","contentUrl":"https:\/\/alvarelloseditora.gal\/wp-content\/uploads\/2021\/04\/Hora-de-penumbra-scaled.jpg","width":1727,"height":2560,"caption":"Hora de penumbra Xurxo Alonso"},{"@type":"BreadcrumbList","@id":"https:\/\/alvarelloseditora.gal\/es\/libro\/hora-de-penumbra\/#breadcrumb","itemListElement":[{"@type":"ListItem","position":1,"name":"Portada","item":"https:\/\/alvarelloseditora.gal\/"},{"@type":"ListItem","position":2,"name":"Tienda","item":"https:\/\/alvarelloseditora.gal\/es\/tienda\/"},{"@type":"ListItem","position":3,"name":"Hora de penumbra"}]},{"@type":"WebSite","@id":"https:\/\/alvarelloseditora.gal\/#website","url":"https:\/\/alvarelloseditora.gal\/","name":"Alvarellos Editora","description":"Libros para un mundo en tr\u00e1nsito","publisher":{"@id":"https:\/\/alvarelloseditora.gal\/#organization"},"potentialAction":[{"@type":"SearchAction","target":{"@type":"EntryPoint","urlTemplate":"https:\/\/alvarelloseditora.gal\/?s={search_term_string}"},"query-input":{"@type":"PropertyValueSpecification","valueRequired":true,"valueName":"search_term_string"}}],"inLanguage":"es"},{"@type":"Organization","@id":"https:\/\/alvarelloseditora.gal\/#organization","name":"Alvarellos Editora","url":"https:\/\/alvarelloseditora.gal\/","logo":{"@type":"ImageObject","inLanguage":"es","@id":"https:\/\/alvarelloseditora.gal\/#\/schema\/logo\/image\/","url":"https:\/\/alvarelloseditora.gal\/wp-content\/uploads\/2020\/02\/alv-icon.png","contentUrl":"https:\/\/alvarelloseditora.gal\/wp-content\/uploads\/2020\/02\/alv-icon.png","width":177,"height":175,"caption":"Alvarellos Editora"},"image":{"@id":"https:\/\/alvarelloseditora.gal\/#\/schema\/logo\/image\/"},"sameAs":["https:\/\/www.facebook.com\/alvarelloseditora","https:\/\/x.com\/alvarellos_ed"]}]}},"_links":{"self":[{"href":"https:\/\/alvarelloseditora.gal\/es\/wp-json\/wp\/v2\/product\/5980","targetHints":{"allow":["GET"]}}],"collection":[{"href":"https:\/\/alvarelloseditora.gal\/es\/wp-json\/wp\/v2\/product"}],"about":[{"href":"https:\/\/alvarelloseditora.gal\/es\/wp-json\/wp\/v2\/types\/product"}],"replies":[{"embeddable":true,"href":"https:\/\/alvarelloseditora.gal\/es\/wp-json\/wp\/v2\/comments?post=5980"}],"wp:featuredmedia":[{"embeddable":true,"href":"https:\/\/alvarelloseditora.gal\/es\/wp-json\/wp\/v2\/media\/5979"}],"wp:attachment":[{"href":"https:\/\/alvarelloseditora.gal\/es\/wp-json\/wp\/v2\/media?parent=5980"}],"wp:term":[{"taxonomy":"product_brand","embeddable":true,"href":"https:\/\/alvarelloseditora.gal\/es\/wp-json\/wp\/v2\/product_brand?post=5980"},{"taxonomy":"product_cat","embeddable":true,"href":"https:\/\/alvarelloseditora.gal\/es\/wp-json\/wp\/v2\/product_cat?post=5980"},{"taxonomy":"product_tag","embeddable":true,"href":"https:\/\/alvarelloseditora.gal\/es\/wp-json\/wp\/v2\/product_tag?post=5980"}],"curies":[{"name":"wp","href":"https:\/\/api.w.org\/{rel}","templated":true}]}}