{"id":5974,"date":"2021-04-07T10:45:27","date_gmt":"2021-04-07T08:45:27","guid":{"rendered":"https:\/\/nueva.alvarellos.info\/book\/de-casa-queimada\/"},"modified":"2021-06-18T12:47:40","modified_gmt":"2021-06-18T10:47:40","slug":"de-casa-queimada","status":"publish","type":"product","link":"https:\/\/alvarelloseditora.gal\/es\/libro\/de-casa-queimada\/","title":{"rendered":"De casa queimada"},"content":{"rendered":"<p><strong><a href=\"https:\/\/alvarelloseditora.gal\/wp-content\/uploads\/2021\/04\/NP_C_De_casa_queimada_dec_2020.pdf\" target=\"_blank\" rel=\"noopener\">Nota de prensa<\/a><\/strong><\/p>\n","protected":false},"excerpt":{"rendered":"<p>Segundo premio del II\u00ba Certamen de Poes\u00eda Torre de Caldaloba<br \/>\n&nbsp;<\/p>\n<p>56 pp . 14 x 21 cms.<br \/>\nISBN 978-84-16460-93-9<\/p>\n<p>&nbsp;<\/p>\n<p>De casa queimada es el t\u00edtulo del nuevo libro de Iria Collazo L\u00f3pez. Recibi\u00f3 en 2019 el segundo premio del II\u00ba Certame de Poes\u00eda Torre de \u00a0Caldaloba que convocan anualmente el Concello de Cospeito (Lugo) y la Asociaci\u00f3n Cultural de Pino, en colaboraci\u00f3n con \u00a0Culturalia GZ.<\/p>\n<p>A lo largo de 34 poemas, Iria Collazo \u00a0(que publica por vez primera en verso) crea una penetrante voz po\u00e9tica que reflexiona sobre la infancia, la p\u00e9rdida, el paso del tiempo&#8230;. todo \u00a0ello tejido alrededor del recuerdo y la imagen de la vieja casa familiar, hoy perdida, esa \u201ccasa queimada\u201d que act\u00faa de sujeto activo e interpela durante toda la obra:<\/p>\n<p>\u201cA\u00a0casa \u00e9 o lugar onde se so\u00f1a. \/ Eu hab\u00eda moito tempo que non consegu\u00eda durmir\u201d.<\/p>\n<p>&nbsp;<\/p>\n","protected":false},"featured_media":5966,"comment_status":"closed","ping_status":"closed","template":"","meta":[],"product_brand":[],"product_cat":[106],"product_tag":[],"class_list":{"0":"post-5974","1":"product","2":"type-product","3":"status-publish","4":"has-post-thumbnail","6":"product_author-iria-collazo-lopez-es","7":"product_cat-libros-do-sarela-es","9":"first","10":"instock","11":"taxable","12":"shipping-taxable","13":"purchasable","14":"product-type-simple"},"yoast_head":"<!-- This site is optimized with the Yoast SEO plugin v27.3 - https:\/\/yoast.com\/product\/yoast-seo-wordpress\/ -->\n<title>De casa queimada - Alvarellos Editora<\/title>\n<meta name=\"description\" content=\"De casa queimada. C\u00f3mprao na tenda en li\u00f1a de Alvarellos Editora.\" \/>\n<meta name=\"robots\" content=\"index, follow, max-snippet:-1, max-image-preview:large, max-video-preview:-1\" \/>\n<link rel=\"canonical\" href=\"https:\/\/alvarelloseditora.gal\/es\/libro\/de-casa-queimada\/\" \/>\n<meta property=\"og:locale\" content=\"es_ES\" \/>\n<meta property=\"og:type\" content=\"article\" \/>\n<meta property=\"og:title\" content=\"De casa queimada - Alvarellos Editora\" \/>\n<meta property=\"og:description\" content=\"De casa queimada. C\u00f3mprao na tenda en li\u00f1a de Alvarellos Editora.\" \/>\n<meta property=\"og:url\" content=\"https:\/\/alvarelloseditora.gal\/es\/libro\/de-casa-queimada\/\" \/>\n<meta property=\"og:site_name\" content=\"Alvarellos Editora\" \/>\n<meta property=\"article:publisher\" content=\"https:\/\/www.facebook.com\/alvarelloseditora\" \/>\n<meta property=\"article:modified_time\" content=\"2021-06-18T10:47:40+00:00\" \/>\n<meta property=\"og:image\" content=\"https:\/\/alvarelloseditora.gal\/wp-content\/uploads\/2021\/04\/De-casa-queimada-Iria-Collazo-scaled.jpg\" \/>\n\t<meta property=\"og:image:width\" content=\"1649\" \/>\n\t<meta property=\"og:image:height\" content=\"2560\" \/>\n\t<meta property=\"og:image:type\" content=\"image\/jpeg\" \/>\n<meta name=\"twitter:card\" content=\"summary_large_image\" \/>\n<meta name=\"twitter:site\" content=\"@alvarellos_ed\" \/>\n<meta name=\"twitter:label1\" content=\"Tiempo de lectura\" \/>\n\t<meta name=\"twitter:data1\" content=\"1 minuto\" \/>\n<!-- \/ Yoast SEO plugin. -->","yoast_head_json":{"title":"De casa queimada - Alvarellos Editora","description":"De casa queimada. C\u00f3mprao na tenda en li\u00f1a de Alvarellos Editora.","robots":{"index":"index","follow":"follow","max-snippet":"max-snippet:-1","max-image-preview":"max-image-preview:large","max-video-preview":"max-video-preview:-1"},"canonical":"https:\/\/alvarelloseditora.gal\/es\/libro\/de-casa-queimada\/","og_locale":"es_ES","og_type":"article","og_title":"De casa queimada - Alvarellos Editora","og_description":"De casa queimada. C\u00f3mprao na tenda en li\u00f1a de Alvarellos Editora.","og_url":"https:\/\/alvarelloseditora.gal\/es\/libro\/de-casa-queimada\/","og_site_name":"Alvarellos Editora","article_publisher":"https:\/\/www.facebook.com\/alvarelloseditora","article_modified_time":"2021-06-18T10:47:40+00:00","og_image":[{"width":1649,"height":2560,"url":"https:\/\/alvarelloseditora.gal\/wp-content\/uploads\/2021\/04\/De-casa-queimada-Iria-Collazo-scaled.jpg","type":"image\/jpeg"}],"twitter_card":"summary_large_image","twitter_site":"@alvarellos_ed","twitter_misc":{"Tiempo de lectura":"1 minuto"},"schema":{"@context":"https:\/\/schema.org","@graph":[{"@type":["WebPage","ItemPage"],"@id":"https:\/\/alvarelloseditora.gal\/es\/libro\/de-casa-queimada\/","url":"https:\/\/alvarelloseditora.gal\/es\/libro\/de-casa-queimada\/","name":"De casa queimada - Alvarellos Editora","isPartOf":{"@id":"https:\/\/alvarelloseditora.gal\/#website"},"primaryImageOfPage":{"@id":"https:\/\/alvarelloseditora.gal\/es\/libro\/de-casa-queimada\/#primaryimage"},"image":{"@id":"https:\/\/alvarelloseditora.gal\/es\/libro\/de-casa-queimada\/#primaryimage"},"thumbnailUrl":"https:\/\/alvarelloseditora.gal\/wp-content\/uploads\/2021\/04\/De-casa-queimada-Iria-Collazo-scaled.jpg","datePublished":"2021-04-07T08:45:27+00:00","dateModified":"2021-06-18T10:47:40+00:00","description":"De casa queimada. C\u00f3mprao na tenda en li\u00f1a de Alvarellos Editora.","breadcrumb":{"@id":"https:\/\/alvarelloseditora.gal\/es\/libro\/de-casa-queimada\/#breadcrumb"},"inLanguage":"es","potentialAction":[{"@type":"ReadAction","target":["https:\/\/alvarelloseditora.gal\/es\/libro\/de-casa-queimada\/"]}]},{"@type":"ImageObject","inLanguage":"es","@id":"https:\/\/alvarelloseditora.gal\/es\/libro\/de-casa-queimada\/#primaryimage","url":"https:\/\/alvarelloseditora.gal\/wp-content\/uploads\/2021\/04\/De-casa-queimada-Iria-Collazo-scaled.jpg","contentUrl":"https:\/\/alvarelloseditora.gal\/wp-content\/uploads\/2021\/04\/De-casa-queimada-Iria-Collazo-scaled.jpg","width":1649,"height":2560,"caption":"De casa queimada Iria Collazo"},{"@type":"BreadcrumbList","@id":"https:\/\/alvarelloseditora.gal\/es\/libro\/de-casa-queimada\/#breadcrumb","itemListElement":[{"@type":"ListItem","position":1,"name":"Portada","item":"https:\/\/alvarelloseditora.gal\/"},{"@type":"ListItem","position":2,"name":"Tienda","item":"https:\/\/alvarelloseditora.gal\/es\/tienda\/"},{"@type":"ListItem","position":3,"name":"De casa queimada"}]},{"@type":"WebSite","@id":"https:\/\/alvarelloseditora.gal\/#website","url":"https:\/\/alvarelloseditora.gal\/","name":"Alvarellos Editora","description":"Libros para un mundo en tr\u00e1nsito","publisher":{"@id":"https:\/\/alvarelloseditora.gal\/#organization"},"potentialAction":[{"@type":"SearchAction","target":{"@type":"EntryPoint","urlTemplate":"https:\/\/alvarelloseditora.gal\/?s={search_term_string}"},"query-input":{"@type":"PropertyValueSpecification","valueRequired":true,"valueName":"search_term_string"}}],"inLanguage":"es"},{"@type":"Organization","@id":"https:\/\/alvarelloseditora.gal\/#organization","name":"Alvarellos Editora","url":"https:\/\/alvarelloseditora.gal\/","logo":{"@type":"ImageObject","inLanguage":"es","@id":"https:\/\/alvarelloseditora.gal\/#\/schema\/logo\/image\/","url":"https:\/\/alvarelloseditora.gal\/wp-content\/uploads\/2020\/02\/alv-icon.png","contentUrl":"https:\/\/alvarelloseditora.gal\/wp-content\/uploads\/2020\/02\/alv-icon.png","width":177,"height":175,"caption":"Alvarellos Editora"},"image":{"@id":"https:\/\/alvarelloseditora.gal\/#\/schema\/logo\/image\/"},"sameAs":["https:\/\/www.facebook.com\/alvarelloseditora","https:\/\/x.com\/alvarellos_ed"]}]}},"_links":{"self":[{"href":"https:\/\/alvarelloseditora.gal\/es\/wp-json\/wp\/v2\/product\/5974","targetHints":{"allow":["GET"]}}],"collection":[{"href":"https:\/\/alvarelloseditora.gal\/es\/wp-json\/wp\/v2\/product"}],"about":[{"href":"https:\/\/alvarelloseditora.gal\/es\/wp-json\/wp\/v2\/types\/product"}],"replies":[{"embeddable":true,"href":"https:\/\/alvarelloseditora.gal\/es\/wp-json\/wp\/v2\/comments?post=5974"}],"wp:featuredmedia":[{"embeddable":true,"href":"https:\/\/alvarelloseditora.gal\/es\/wp-json\/wp\/v2\/media\/5966"}],"wp:attachment":[{"href":"https:\/\/alvarelloseditora.gal\/es\/wp-json\/wp\/v2\/media?parent=5974"}],"wp:term":[{"taxonomy":"product_brand","embeddable":true,"href":"https:\/\/alvarelloseditora.gal\/es\/wp-json\/wp\/v2\/product_brand?post=5974"},{"taxonomy":"product_cat","embeddable":true,"href":"https:\/\/alvarelloseditora.gal\/es\/wp-json\/wp\/v2\/product_cat?post=5974"},{"taxonomy":"product_tag","embeddable":true,"href":"https:\/\/alvarelloseditora.gal\/es\/wp-json\/wp\/v2\/product_tag?post=5974"}],"curies":[{"name":"wp","href":"https:\/\/api.w.org\/{rel}","templated":true}]}}