{"id":5868,"date":"2020-12-23T11:25:03","date_gmt":"2020-12-23T10:25:03","guid":{"rendered":"https:\/\/nueva.alvarellos.info\/book\/the-soutomaior-castle-english-ed\/"},"modified":"2021-05-31T14:00:55","modified_gmt":"2021-05-31T12:00:55","slug":"the-soutomaior-castle-english-ed","status":"publish","type":"product","link":"https:\/\/alvarelloseditora.gal\/es\/libro\/the-soutomaior-castle-english-ed\/","title":{"rendered":"The Soutomaior Castle [English Ed.]"},"content":{"rendered":"<p><a href=\"https:\/\/alvarelloseditora.gal\/wp-content\/uploads\/prensa\/NP_ficha_ENGL_SOUTOMAIOR-CASTLE.pdf\">English Review<\/a><\/p>\n","protected":false},"excerpt":{"rendered":"<p>Formato: 17&#215;21 cms, 184 pp.<br \/>\nISBN ingl\u00e9s 978-84-16460-86-1<\/p>\n<p>&nbsp;<\/p>\n<p>Todos los castillos encierran historias, pero la del castillo de Soutomaior es muy especial. El historiador Diego Piay Augusto la rescata en su nuevo libro El castillo de Soutomaior. Un lugar lleno de historias (Alvarellos Editora-Deputaci\u00f3n de Pontevedra) que ve a luz\u00a0 en el\u00a0verano de 2020 publicado en tres idiomas: gallego, \u00a0castellano e ingl\u00e9s<\/p>\n<p>La fortaleza de Soutomaior se eleva magestuosa y en silencio, dominando el valle del r\u00edo Verdugo, en la provincia de Pontevedra. Su pasado se oculta tras unas robustas murallas y se rem\u00f3nta hasta el siglo XII. La fascinaci\u00f3n que suscita este lugar ha atravesado todas las etapas de su historia y llega hasta nuestros d\u00edas. Propietarios y visitantes ilustres han dejado aqu\u00ed una huella imborrable y forman ya parte para sempre del Castillo de Soutomaior.<\/p>\n<p>Este libro non es un ensayo hist\u00f3rico, ni tampoco una gu\u00eda al uso, sino una obra ilustrada que nos llevar\u00e1 a descubrir un castillo que ha pasdo de ser centro de poder en la Galicia medieval a caer en el olvido y rexurgir de nuevo a finales del siglo XIX.<\/p>\n<p>M\u00c1S DE CIEN FOTOGRAF\u00cdAS, ILUSTRACIONES\u00a0 Y PLANOS<br \/>\nUna narraci\u00f3n enriquecida con multitud de an\u00e9cdotas e informaciones desconocidas, que incluye m\u00e1s de un centenar de fotograf\u00edas (hist\u00f3ricas y actuales), ilustraciones y planos que sumergir\u00e1n al lector en la historia de uno de los monumentos m\u00e1is sobresalientes de las R\u00edas Baixas.<\/p>\n","protected":false},"featured_media":5477,"comment_status":"closed","ping_status":"closed","template":"","meta":[],"product_brand":[],"product_cat":[104],"product_tag":[],"class_list":{"0":"post-5868","1":"product","2":"type-product","3":"status-publish","4":"has-post-thumbnail","6":"product_author-diego-piay-augusto-es","7":"product_cat-ilustrada-es","9":"first","10":"instock","11":"taxable","12":"shipping-taxable","13":"purchasable","14":"product-type-simple"},"yoast_head":"<!-- This site is optimized with the Yoast SEO plugin v27.3 - https:\/\/yoast.com\/product\/yoast-seo-wordpress\/ -->\n<title>The Soutomaior Castle [English Ed.] - Alvarellos Editora<\/title>\n<meta name=\"description\" content=\"The Soutomaior Castle [English Ed.]. C\u00f3mprao na tenda en li\u00f1a de Alvarellos Editora.\" \/>\n<meta name=\"robots\" content=\"index, follow, max-snippet:-1, max-image-preview:large, max-video-preview:-1\" \/>\n<link rel=\"canonical\" href=\"https:\/\/alvarelloseditora.gal\/es\/libro\/the-soutomaior-castle-english-ed\/\" \/>\n<meta property=\"og:locale\" content=\"es_ES\" \/>\n<meta property=\"og:type\" content=\"article\" \/>\n<meta property=\"og:title\" content=\"The Soutomaior Castle [English Ed.] - Alvarellos Editora\" \/>\n<meta property=\"og:description\" content=\"The Soutomaior Castle [English Ed.]. C\u00f3mprao na tenda en li\u00f1a de Alvarellos Editora.\" \/>\n<meta property=\"og:url\" content=\"https:\/\/alvarelloseditora.gal\/es\/libro\/the-soutomaior-castle-english-ed\/\" \/>\n<meta property=\"og:site_name\" content=\"Alvarellos Editora\" \/>\n<meta property=\"article:publisher\" content=\"https:\/\/www.facebook.com\/alvarelloseditora\" \/>\n<meta property=\"article:modified_time\" content=\"2021-05-31T12:00:55+00:00\" \/>\n<meta property=\"og:image\" content=\"https:\/\/alvarelloseditora.gal\/wp-content\/uploads\/2020\/12\/9788416460861Soutomaior-Castle-ENGL1-scaled.jpg\" \/>\n\t<meta property=\"og:image:width\" content=\"2070\" \/>\n\t<meta property=\"og:image:height\" content=\"2560\" \/>\n\t<meta property=\"og:image:type\" content=\"image\/jpeg\" \/>\n<meta name=\"twitter:card\" content=\"summary_large_image\" \/>\n<meta name=\"twitter:site\" content=\"@alvarellos_ed\" \/>\n<!-- \/ Yoast SEO plugin. -->","yoast_head_json":{"title":"The Soutomaior Castle [English Ed.] - Alvarellos Editora","description":"The Soutomaior Castle [English Ed.]. C\u00f3mprao na tenda en li\u00f1a de Alvarellos Editora.","robots":{"index":"index","follow":"follow","max-snippet":"max-snippet:-1","max-image-preview":"max-image-preview:large","max-video-preview":"max-video-preview:-1"},"canonical":"https:\/\/alvarelloseditora.gal\/es\/libro\/the-soutomaior-castle-english-ed\/","og_locale":"es_ES","og_type":"article","og_title":"The Soutomaior Castle [English Ed.] - Alvarellos Editora","og_description":"The Soutomaior Castle [English Ed.]. C\u00f3mprao na tenda en li\u00f1a de Alvarellos Editora.","og_url":"https:\/\/alvarelloseditora.gal\/es\/libro\/the-soutomaior-castle-english-ed\/","og_site_name":"Alvarellos Editora","article_publisher":"https:\/\/www.facebook.com\/alvarelloseditora","article_modified_time":"2021-05-31T12:00:55+00:00","og_image":[{"width":2070,"height":2560,"url":"https:\/\/alvarelloseditora.gal\/wp-content\/uploads\/2020\/12\/9788416460861Soutomaior-Castle-ENGL1-scaled.jpg","type":"image\/jpeg"}],"twitter_card":"summary_large_image","twitter_site":"@alvarellos_ed","schema":{"@context":"https:\/\/schema.org","@graph":[{"@type":["WebPage","ItemPage"],"@id":"https:\/\/alvarelloseditora.gal\/es\/libro\/the-soutomaior-castle-english-ed\/","url":"https:\/\/alvarelloseditora.gal\/es\/libro\/the-soutomaior-castle-english-ed\/","name":"The Soutomaior Castle [English Ed.] - Alvarellos Editora","isPartOf":{"@id":"https:\/\/alvarelloseditora.gal\/#website"},"primaryImageOfPage":{"@id":"https:\/\/alvarelloseditora.gal\/es\/libro\/the-soutomaior-castle-english-ed\/#primaryimage"},"image":{"@id":"https:\/\/alvarelloseditora.gal\/es\/libro\/the-soutomaior-castle-english-ed\/#primaryimage"},"thumbnailUrl":"https:\/\/alvarelloseditora.gal\/wp-content\/uploads\/2020\/12\/9788416460861Soutomaior-Castle-ENGL1-scaled.jpg","datePublished":"2020-12-23T10:25:03+00:00","dateModified":"2021-05-31T12:00:55+00:00","description":"The Soutomaior Castle [English Ed.]. C\u00f3mprao na tenda en li\u00f1a de Alvarellos Editora.","breadcrumb":{"@id":"https:\/\/alvarelloseditora.gal\/es\/libro\/the-soutomaior-castle-english-ed\/#breadcrumb"},"inLanguage":"es","potentialAction":[{"@type":"ReadAction","target":["https:\/\/alvarelloseditora.gal\/es\/libro\/the-soutomaior-castle-english-ed\/"]}]},{"@type":"ImageObject","inLanguage":"es","@id":"https:\/\/alvarelloseditora.gal\/es\/libro\/the-soutomaior-castle-english-ed\/#primaryimage","url":"https:\/\/alvarelloseditora.gal\/wp-content\/uploads\/2020\/12\/9788416460861Soutomaior-Castle-ENGL1-scaled.jpg","contentUrl":"https:\/\/alvarelloseditora.gal\/wp-content\/uploads\/2020\/12\/9788416460861Soutomaior-Castle-ENGL1-scaled.jpg","width":2070,"height":2560,"caption":"Soutomaior-castle"},{"@type":"BreadcrumbList","@id":"https:\/\/alvarelloseditora.gal\/es\/libro\/the-soutomaior-castle-english-ed\/#breadcrumb","itemListElement":[{"@type":"ListItem","position":1,"name":"Portada","item":"https:\/\/alvarelloseditora.gal\/"},{"@type":"ListItem","position":2,"name":"Tienda","item":"https:\/\/alvarelloseditora.gal\/es\/tienda\/"},{"@type":"ListItem","position":3,"name":"The Soutomaior Castle [English Ed.]"}]},{"@type":"WebSite","@id":"https:\/\/alvarelloseditora.gal\/#website","url":"https:\/\/alvarelloseditora.gal\/","name":"Alvarellos Editora","description":"Libros para un mundo en tr\u00e1nsito","publisher":{"@id":"https:\/\/alvarelloseditora.gal\/#organization"},"potentialAction":[{"@type":"SearchAction","target":{"@type":"EntryPoint","urlTemplate":"https:\/\/alvarelloseditora.gal\/?s={search_term_string}"},"query-input":{"@type":"PropertyValueSpecification","valueRequired":true,"valueName":"search_term_string"}}],"inLanguage":"es"},{"@type":"Organization","@id":"https:\/\/alvarelloseditora.gal\/#organization","name":"Alvarellos Editora","url":"https:\/\/alvarelloseditora.gal\/","logo":{"@type":"ImageObject","inLanguage":"es","@id":"https:\/\/alvarelloseditora.gal\/#\/schema\/logo\/image\/","url":"https:\/\/alvarelloseditora.gal\/wp-content\/uploads\/2020\/02\/alv-icon.png","contentUrl":"https:\/\/alvarelloseditora.gal\/wp-content\/uploads\/2020\/02\/alv-icon.png","width":177,"height":175,"caption":"Alvarellos Editora"},"image":{"@id":"https:\/\/alvarelloseditora.gal\/#\/schema\/logo\/image\/"},"sameAs":["https:\/\/www.facebook.com\/alvarelloseditora","https:\/\/x.com\/alvarellos_ed"]}]}},"_links":{"self":[{"href":"https:\/\/alvarelloseditora.gal\/es\/wp-json\/wp\/v2\/product\/5868","targetHints":{"allow":["GET"]}}],"collection":[{"href":"https:\/\/alvarelloseditora.gal\/es\/wp-json\/wp\/v2\/product"}],"about":[{"href":"https:\/\/alvarelloseditora.gal\/es\/wp-json\/wp\/v2\/types\/product"}],"replies":[{"embeddable":true,"href":"https:\/\/alvarelloseditora.gal\/es\/wp-json\/wp\/v2\/comments?post=5868"}],"wp:featuredmedia":[{"embeddable":true,"href":"https:\/\/alvarelloseditora.gal\/es\/wp-json\/wp\/v2\/media\/5477"}],"wp:attachment":[{"href":"https:\/\/alvarelloseditora.gal\/es\/wp-json\/wp\/v2\/media?parent=5868"}],"wp:term":[{"taxonomy":"product_brand","embeddable":true,"href":"https:\/\/alvarelloseditora.gal\/es\/wp-json\/wp\/v2\/product_brand?post=5868"},{"taxonomy":"product_cat","embeddable":true,"href":"https:\/\/alvarelloseditora.gal\/es\/wp-json\/wp\/v2\/product_cat?post=5868"},{"taxonomy":"product_tag","embeddable":true,"href":"https:\/\/alvarelloseditora.gal\/es\/wp-json\/wp\/v2\/product_tag?post=5868"}],"curies":[{"name":"wp","href":"https:\/\/api.w.org\/{rel}","templated":true}]}}