{"id":5859,"date":"2023-06-10T10:28:43","date_gmt":"2020-12-23T09:28:43","guid":{"rendered":"https:\/\/nueva.alvarellos.info\/book\/federico-garcia-lorca-en-santiago-de-compostela-edicion-en-galego\/"},"modified":"2023-03-28T11:13:40","modified_gmt":"2023-03-28T09:13:40","slug":"federico-garcia-lorca-en-santiago-de-compostela-edicion-en-galego","status":"publish","type":"product","link":"https:\/\/alvarelloseditora.gal\/es\/libro\/federico-garcia-lorca-en-santiago-de-compostela-edicion-en-galego\/","title":{"rendered":"Federico Garc\u00eda Lorca en Santiago de Compostela [2\u00aa ed. actualizada, en galego]"},"content":{"rendered":"<p><a href=\"https:\/\/alvarelloseditora.gal\/wp-content\/uploads\/2020\/12\/NP_GAL_FGL_en_SDC-2a-edi.pdf\">NP_GAL_FGL_en_SDC-2\u00aa-edi<\/a><\/p>\n<p><a href=\"https:\/\/alvarelloseditora.gal\/wp-content\/uploads\/prensa\/NP_GAL_FGL_en_SDC(1).pdf\">PDF [Ficha e Nota de Prensa]<\/a><\/p>\n","protected":false},"excerpt":{"rendered":"<p>Henrique Alvarellos<br \/>\n&nbsp;<\/p>\n<p>Pp.: 204. Formato 13 x 23 cms.<br \/>\nISBN (2\u00aa edici\u00f3n, actualizada) 978-84-18567-32-2<br \/>\nISBN (1\u00aa edici\u00f3n) 978-84-16460-87-8<\/p>\n<p>&nbsp;<\/p>\n<p>\u00abLibro imprescindible. \u00a1Qu\u00e9 bien explicado y qu\u00e9 bien estructurado! Una delicia\u00bb.<br \/>\nANTONIO GARC\u00cdA TEIJEIRO<\/p>\n<p>&nbsp;<\/p>\n<p>\u00abUn libro que recorre, minuciosamente y con un admirable pulso narrativo, los pasos del poeta granadino por la ciudad de Santiago\u00bb.<br \/>\nRAM\u00d3N NICOL\u00c1S<\/p>\n<p>&nbsp;<\/p>\n<p>Santiago de Compostela dej\u00f3 fascinado\u00a0a Federico Garc\u00eda Lorca. Descubre la ciudad con 18 a\u00f1os, durante un viaje de estudios por Galicia\u00ad\u00ad, y muy pronto escribir\u00e1: \u00abEsto me hipnotiza\u00bb. Regresar\u00e1 a Compostela tres veces m\u00e1s, todas en el a\u00f1o 1932, bien como conferenciante, tambi\u00e9n como director de La Barraca y siempre como famos\u00edsimo poeta. En Santiago ser\u00e1 recibido, arropado y obsequiado con la admiraci\u00f3n y la sincera amistad de toda una generaci\u00f3n de estudiantes e intelectuales que, en aquel a\u00f1o de oro de la Rep\u00fablica, animan las calles de esta ciudad medieval portando un triple estandarte de cultura, galleguismo y libertad.<\/p>\n<p>&nbsp;<\/p>\n<p>Lorca da a conocer en Compostela algunos de los versos in\u00e9ditos de Poeta en Nueva York, dibuja, canta y toca el piano en el Hotel Compostela, vivir\u00e1 una memorable noche teatral en A Quintana y ser\u00e1 retratado por Carlos Maside y Lu\u00eds Seoane. En diciembre de 1935 saldr\u00e1n publicados en Santiago los Seis poemas galegos, esa impagable ofrenda literaria que el granadino tributar\u00e1 a la lengua y la cultura gallegas.<\/p>\n<p>&nbsp;<\/p>\n<p>El presente libro camina con Lorca por las r\u00faas de esta ciudad a trav\u00e9s de un minucioso relato narrado en forma de cr\u00f3nica que nos llevar\u00e1 a revivir unos d\u00edas \u00fanicos. Tambi\u00e9n recoge las impresiones del poeta cuando regresa a Madrid, o durante su estancia en Buenos Aires, donde hablar\u00e1 de Galicia con enorme entusiasmo. Este volumen incorpora adem\u00e1s numerosos datos y m\u00e1s de setenta ilustraciones y documentos, muchos de ellos muy desconocidos. Y concluye con el rescate de valientes testimonios que, despu\u00e9s de su asesinato, lucharon por mantener viva, durante la longa noite de pedra, la memoria de este eterno Lorca en Compostela.<\/p>\n<p>&nbsp;<\/p>\n","protected":false},"featured_media":7710,"comment_status":"closed","ping_status":"closed","template":"","meta":[],"product_brand":[],"product_cat":[105],"product_tag":[1957,1042,1045],"class_list":{"0":"post-5859","1":"product","2":"type-product","3":"status-publish","4":"has-post-thumbnail","6":"product_author-henrique-alvarellos-casas-es","7":"product_cat-oeste-es","8":"product_tag-federico-garcia-lorca-es","9":"product_tag-libros-con-memoria-es","10":"product_tag-santiago-de-compostela-y-el-camino","12":"first","13":"instock","14":"taxable","15":"shipping-taxable","16":"purchasable","17":"product-type-simple"},"yoast_head":"<!-- This site is optimized with the Yoast SEO plugin v27.3 - https:\/\/yoast.com\/product\/yoast-seo-wordpress\/ -->\n<title>Federico Garc\u00eda Lorca en Santiago de Compostela [2\u00aa ed. actualizada, en galego] - Alvarellos Editora<\/title>\n<meta name=\"description\" content=\"Federico Garc\u00eda Lorca en Santiago de Compostela [2\u00aa ed. actualizada, en galego]. C\u00f3mprao na tenda en li\u00f1a de Alvarellos Editora.\" \/>\n<meta name=\"robots\" content=\"index, follow, max-snippet:-1, max-image-preview:large, max-video-preview:-1\" \/>\n<link rel=\"canonical\" href=\"https:\/\/alvarelloseditora.gal\/es\/libro\/federico-garcia-lorca-en-santiago-de-compostela-edicion-en-galego\/\" \/>\n<meta property=\"og:locale\" content=\"es_ES\" \/>\n<meta property=\"og:type\" content=\"article\" \/>\n<meta property=\"og:title\" content=\"Federico Garc\u00eda Lorca en Santiago de Compostela [2\u00aa ed. actualizada, en galego] - Alvarellos Editora\" \/>\n<meta property=\"og:description\" content=\"Federico Garc\u00eda Lorca en Santiago de Compostela [2\u00aa ed. actualizada, en galego]. C\u00f3mprao na tenda en li\u00f1a de Alvarellos Editora.\" \/>\n<meta property=\"og:url\" content=\"https:\/\/alvarelloseditora.gal\/es\/libro\/federico-garcia-lorca-en-santiago-de-compostela-edicion-en-galego\/\" \/>\n<meta property=\"og:site_name\" content=\"Alvarellos Editora\" \/>\n<meta property=\"article:publisher\" content=\"https:\/\/www.facebook.com\/alvarelloseditora\" \/>\n<meta property=\"article:modified_time\" content=\"2023-03-28T09:13:40+00:00\" \/>\n<meta property=\"og:image\" content=\"https:\/\/alvarelloseditora.gal\/wp-content\/uploads\/2020\/12\/Federico-Garcia-Lorca-en-Santiago-GAL-2a-edi-2022-scaled.jpg\" \/>\n\t<meta property=\"og:image:width\" content=\"1446\" \/>\n\t<meta property=\"og:image:height\" content=\"2560\" \/>\n\t<meta property=\"og:image:type\" content=\"image\/jpeg\" \/>\n<meta name=\"twitter:card\" content=\"summary_large_image\" \/>\n<meta name=\"twitter:site\" content=\"@alvarellos_ed\" \/>\n<meta name=\"twitter:label1\" content=\"Tiempo de lectura\" \/>\n\t<meta name=\"twitter:data1\" content=\"1 minuto\" \/>\n<!-- \/ Yoast SEO plugin. -->","yoast_head_json":{"title":"Federico Garc\u00eda Lorca en Santiago de Compostela [2\u00aa ed. actualizada, en galego] - Alvarellos Editora","description":"Federico Garc\u00eda Lorca en Santiago de Compostela [2\u00aa ed. actualizada, en galego]. C\u00f3mprao na tenda en li\u00f1a de Alvarellos Editora.","robots":{"index":"index","follow":"follow","max-snippet":"max-snippet:-1","max-image-preview":"max-image-preview:large","max-video-preview":"max-video-preview:-1"},"canonical":"https:\/\/alvarelloseditora.gal\/es\/libro\/federico-garcia-lorca-en-santiago-de-compostela-edicion-en-galego\/","og_locale":"es_ES","og_type":"article","og_title":"Federico Garc\u00eda Lorca en Santiago de Compostela [2\u00aa ed. actualizada, en galego] - Alvarellos Editora","og_description":"Federico Garc\u00eda Lorca en Santiago de Compostela [2\u00aa ed. actualizada, en galego]. C\u00f3mprao na tenda en li\u00f1a de Alvarellos Editora.","og_url":"https:\/\/alvarelloseditora.gal\/es\/libro\/federico-garcia-lorca-en-santiago-de-compostela-edicion-en-galego\/","og_site_name":"Alvarellos Editora","article_publisher":"https:\/\/www.facebook.com\/alvarelloseditora","article_modified_time":"2023-03-28T09:13:40+00:00","og_image":[{"width":1446,"height":2560,"url":"https:\/\/alvarelloseditora.gal\/wp-content\/uploads\/2020\/12\/Federico-Garcia-Lorca-en-Santiago-GAL-2a-edi-2022-scaled.jpg","type":"image\/jpeg"}],"twitter_card":"summary_large_image","twitter_site":"@alvarellos_ed","twitter_misc":{"Tiempo de lectura":"1 minuto"},"schema":{"@context":"https:\/\/schema.org","@graph":[{"@type":["WebPage","ItemPage"],"@id":"https:\/\/alvarelloseditora.gal\/es\/libro\/federico-garcia-lorca-en-santiago-de-compostela-edicion-en-galego\/","url":"https:\/\/alvarelloseditora.gal\/es\/libro\/federico-garcia-lorca-en-santiago-de-compostela-edicion-en-galego\/","name":"Federico Garc\u00eda Lorca en Santiago de Compostela [2\u00aa ed. actualizada, en galego] - Alvarellos Editora","isPartOf":{"@id":"https:\/\/alvarelloseditora.gal\/#website"},"primaryImageOfPage":{"@id":"https:\/\/alvarelloseditora.gal\/es\/libro\/federico-garcia-lorca-en-santiago-de-compostela-edicion-en-galego\/#primaryimage"},"image":{"@id":"https:\/\/alvarelloseditora.gal\/es\/libro\/federico-garcia-lorca-en-santiago-de-compostela-edicion-en-galego\/#primaryimage"},"thumbnailUrl":"https:\/\/alvarelloseditora.gal\/wp-content\/uploads\/2020\/12\/Federico-Garcia-Lorca-en-Santiago-GAL-2a-edi-2022-scaled.jpg","datePublished":"2020-12-23T09:28:43+00:00","dateModified":"2023-03-28T09:13:40+00:00","description":"Federico Garc\u00eda Lorca en Santiago de Compostela [2\u00aa ed. actualizada, en galego]. C\u00f3mprao na tenda en li\u00f1a de Alvarellos Editora.","breadcrumb":{"@id":"https:\/\/alvarelloseditora.gal\/es\/libro\/federico-garcia-lorca-en-santiago-de-compostela-edicion-en-galego\/#breadcrumb"},"inLanguage":"es","potentialAction":[{"@type":"ReadAction","target":["https:\/\/alvarelloseditora.gal\/es\/libro\/federico-garcia-lorca-en-santiago-de-compostela-edicion-en-galego\/"]}]},{"@type":"ImageObject","inLanguage":"es","@id":"https:\/\/alvarelloseditora.gal\/es\/libro\/federico-garcia-lorca-en-santiago-de-compostela-edicion-en-galego\/#primaryimage","url":"https:\/\/alvarelloseditora.gal\/wp-content\/uploads\/2020\/12\/Federico-Garcia-Lorca-en-Santiago-GAL-2a-edi-2022-scaled.jpg","contentUrl":"https:\/\/alvarelloseditora.gal\/wp-content\/uploads\/2020\/12\/Federico-Garcia-Lorca-en-Santiago-GAL-2a-edi-2022-scaled.jpg","width":1446,"height":2560},{"@type":"BreadcrumbList","@id":"https:\/\/alvarelloseditora.gal\/es\/libro\/federico-garcia-lorca-en-santiago-de-compostela-edicion-en-galego\/#breadcrumb","itemListElement":[{"@type":"ListItem","position":1,"name":"Portada","item":"https:\/\/alvarelloseditora.gal\/"},{"@type":"ListItem","position":2,"name":"Tienda","item":"https:\/\/alvarelloseditora.gal\/es\/tienda\/"},{"@type":"ListItem","position":3,"name":"Federico Garc\u00eda Lorca en Santiago de Compostela [2\u00aa ed. actualizada, en galego]"}]},{"@type":"WebSite","@id":"https:\/\/alvarelloseditora.gal\/#website","url":"https:\/\/alvarelloseditora.gal\/","name":"Alvarellos Editora","description":"Libros para un mundo en tr\u00e1nsito","publisher":{"@id":"https:\/\/alvarelloseditora.gal\/#organization"},"potentialAction":[{"@type":"SearchAction","target":{"@type":"EntryPoint","urlTemplate":"https:\/\/alvarelloseditora.gal\/?s={search_term_string}"},"query-input":{"@type":"PropertyValueSpecification","valueRequired":true,"valueName":"search_term_string"}}],"inLanguage":"es"},{"@type":"Organization","@id":"https:\/\/alvarelloseditora.gal\/#organization","name":"Alvarellos Editora","url":"https:\/\/alvarelloseditora.gal\/","logo":{"@type":"ImageObject","inLanguage":"es","@id":"https:\/\/alvarelloseditora.gal\/#\/schema\/logo\/image\/","url":"https:\/\/alvarelloseditora.gal\/wp-content\/uploads\/2020\/02\/alv-icon.png","contentUrl":"https:\/\/alvarelloseditora.gal\/wp-content\/uploads\/2020\/02\/alv-icon.png","width":177,"height":175,"caption":"Alvarellos Editora"},"image":{"@id":"https:\/\/alvarelloseditora.gal\/#\/schema\/logo\/image\/"},"sameAs":["https:\/\/www.facebook.com\/alvarelloseditora","https:\/\/x.com\/alvarellos_ed"]}]}},"_links":{"self":[{"href":"https:\/\/alvarelloseditora.gal\/es\/wp-json\/wp\/v2\/product\/5859","targetHints":{"allow":["GET"]}}],"collection":[{"href":"https:\/\/alvarelloseditora.gal\/es\/wp-json\/wp\/v2\/product"}],"about":[{"href":"https:\/\/alvarelloseditora.gal\/es\/wp-json\/wp\/v2\/types\/product"}],"replies":[{"embeddable":true,"href":"https:\/\/alvarelloseditora.gal\/es\/wp-json\/wp\/v2\/comments?post=5859"}],"wp:featuredmedia":[{"embeddable":true,"href":"https:\/\/alvarelloseditora.gal\/es\/wp-json\/wp\/v2\/media\/7710"}],"wp:attachment":[{"href":"https:\/\/alvarelloseditora.gal\/es\/wp-json\/wp\/v2\/media?parent=5859"}],"wp:term":[{"taxonomy":"product_brand","embeddable":true,"href":"https:\/\/alvarelloseditora.gal\/es\/wp-json\/wp\/v2\/product_brand?post=5859"},{"taxonomy":"product_cat","embeddable":true,"href":"https:\/\/alvarelloseditora.gal\/es\/wp-json\/wp\/v2\/product_cat?post=5859"},{"taxonomy":"product_tag","embeddable":true,"href":"https:\/\/alvarelloseditora.gal\/es\/wp-json\/wp\/v2\/product_tag?post=5859"}],"curies":[{"name":"wp","href":"https:\/\/api.w.org\/{rel}","templated":true}]}}