{"id":5624,"date":"2020-12-29T10:10:36","date_gmt":"2020-12-29T09:10:36","guid":{"rendered":"https:\/\/nueva.alvarellos.info\/book\/o-meu-avo-e-o-queixo\/"},"modified":"2021-05-31T14:01:33","modified_gmt":"2021-05-31T12:01:33","slug":"o-meu-avo-e-o-queixo","status":"publish","type":"product","link":"https:\/\/alvarelloseditora.gal\/es\/libro\/o-meu-avo-e-o-queixo\/","title":{"rendered":"O MEU AV\u00d3 E O QUEIXO"},"content":{"rendered":"<p><a href=\"https:\/\/alvarelloseditora.gal\/wp-content\/uploads\/prensa\/Ficha_G_O_meu_avo_e_o_queixo_maio_2020(1).pdf\">PDF [Ficha e Notas de prensa]<\/a><\/p>\n<p>&nbsp;<\/p>\n","protected":false},"excerpt":{"rendered":"<p>Mar\u00eda Reim\u00f3ndez | Ilustrado por Vanesa \u00c1lvarez<\/p>\n<p>&nbsp;<\/p>\n<p>32 pp.<br \/>\n21,5 x 21,5 cms<br \/>\nISBN: 978-84-16460-81-6<br \/>\nCapa dura.<br \/>\nCosido con hilo.<br \/>\nImpresi\u00f3n offset.<\/p>\n<p>&nbsp;<br \/>\nEscrito por Mar\u00eda Reim\u00f3ndez e ilustrado por Vanesa \u00c1lvarez, Mi abuelo y el queso es el t\u00edtulo de uno de los nuevos cuentos Verdemar de Alvarellos Editora de la primavera\/verano de 2020. Una original historia entre un abuelo su nieta tejida alrededor del afecto, del humor y de la gastronom\u00eda. Y con unas originales ilustraciones inspiradas en los graffitis urbanos.<br \/>\nPara mi abuelo, el mundo debe de ser como un queso.<\/p>\n<p>Edad de inter\u00e9s: +3<br \/>\nNivel de lectura: +5<\/p>\n<p>ARGUMENTO<br \/>\nAbuelo y nieta comparten el amor por el queso. Entre ellos se establece un divertido di\u00e1logo a trav\u00e9s del que iremos descubriendo deliciosos quesos de Galicia y del mundo como el Manchego, el Cebreiro, lo de Arz\u00faa o el Gruy\u00e8re. Los ratos compartidos entre nieta y abuelo se convierten en grandes ventanas abiertas a un mundo&#8230; que es redondo como un queso!<br \/>\nCLAVES PARA La LECTURA<br \/>\nMar\u00eda Reim\u00f3ndez: Mi abuelo Jos\u00e9 \u2014o Pepe\u2014 Meil\u00e1n, que las dos cosas le llamaban, los dej\u00f3 cu\u00e1ndo yo ten\u00eda trece a\u00f1os, mas su paso por mi vida, como lo de todas las buenas personas, perdura hasta hoy en el tiempo. De \u00e9l quedan un cierto sentido del humor, lo que le gustaba cantar habaneras, su trabajo en el taller con camiones y coches de todos los tipos y, sobre todo, el amor que compartimos por el queso. Un punto de encuentro para mediar cualquier distancia, para usar los sentidos cuando no hay posibilidad de otros entendimientos.<br \/>\nEscrib\u00ed este libro para recordar como las personas perduran en nosotros, mismo cuando pensamos que las perdemos. Y, tambi\u00e9n, como no, para rendirle un bueno homenaje la esa maravilla diversa del conocimiento humano que son los m\u00faltiples quesos.<br \/>\nVanesa \u00c1lvarez: Esta historia es un regreso a la infancia. Quise expresarlo mezclando personajes reales [las propias abuelas y abuelos de la autora, de la ilustradora y del editor] con una est\u00e9tica de arte urbano y retratos que parecen \u201c stencils\u201d o estarcidos \u2014un tipo de graffitis\u2014 que yo trabajo mucho, la base de estampados y colores actuales.<\/p>\n","protected":false},"featured_media":5620,"comment_status":"closed","ping_status":"closed","template":"","meta":[],"product_brand":[],"product_cat":[110],"product_tag":[],"class_list":{"0":"post-5624","1":"product","2":"type-product","3":"status-publish","4":"has-post-thumbnail","6":"product_author-maria-reimondez-es","7":"product_author-vanesa-alvarez","8":"product_cat-verdemar-es","10":"first","11":"instock","12":"taxable","13":"shipping-taxable","14":"purchasable","15":"product-type-simple"},"yoast_head":"<!-- This site is optimized with the Yoast SEO plugin v27.4 - https:\/\/yoast.com\/product\/yoast-seo-wordpress\/ -->\n<title>O MEU AV\u00d3 E O QUEIXO - Alvarellos Editora<\/title>\n<meta name=\"description\" content=\"O MEU AV\u00d3 E O QUEIXO. C\u00f3mprao na tenda en li\u00f1a de Alvarellos Editora.\" \/>\n<meta name=\"robots\" content=\"index, follow, max-snippet:-1, max-image-preview:large, max-video-preview:-1\" \/>\n<link rel=\"canonical\" href=\"https:\/\/alvarelloseditora.gal\/es\/libro\/o-meu-avo-e-o-queixo\/\" \/>\n<meta property=\"og:locale\" content=\"es_ES\" \/>\n<meta property=\"og:type\" content=\"article\" \/>\n<meta property=\"og:title\" content=\"O MEU AV\u00d3 E O QUEIXO - Alvarellos Editora\" \/>\n<meta property=\"og:description\" content=\"O MEU AV\u00d3 E O QUEIXO. C\u00f3mprao na tenda en li\u00f1a de Alvarellos Editora.\" \/>\n<meta property=\"og:url\" content=\"https:\/\/alvarelloseditora.gal\/es\/libro\/o-meu-avo-e-o-queixo\/\" \/>\n<meta property=\"og:site_name\" content=\"Alvarellos Editora\" \/>\n<meta property=\"article:publisher\" content=\"https:\/\/www.facebook.com\/alvarelloseditora\" \/>\n<meta property=\"article:modified_time\" content=\"2021-05-31T12:01:33+00:00\" \/>\n<meta property=\"og:image\" content=\"https:\/\/alvarelloseditora.gal\/wp-content\/uploads\/2020\/12\/O-meu-avo-e-o-queixo-CAPA1.jpg\" \/>\n\t<meta property=\"og:image:width\" content=\"2538\" \/>\n\t<meta property=\"og:image:height\" content=\"2557\" \/>\n\t<meta property=\"og:image:type\" content=\"image\/jpeg\" \/>\n<meta name=\"twitter:card\" content=\"summary_large_image\" \/>\n<meta name=\"twitter:site\" content=\"@alvarellos_ed\" \/>\n<meta name=\"twitter:label1\" content=\"Tiempo de lectura\" \/>\n\t<meta name=\"twitter:data1\" content=\"1 minuto\" \/>\n<!-- \/ Yoast SEO plugin. -->","yoast_head_json":{"title":"O MEU AV\u00d3 E O QUEIXO - Alvarellos Editora","description":"O MEU AV\u00d3 E O QUEIXO. C\u00f3mprao na tenda en li\u00f1a de Alvarellos Editora.","robots":{"index":"index","follow":"follow","max-snippet":"max-snippet:-1","max-image-preview":"max-image-preview:large","max-video-preview":"max-video-preview:-1"},"canonical":"https:\/\/alvarelloseditora.gal\/es\/libro\/o-meu-avo-e-o-queixo\/","og_locale":"es_ES","og_type":"article","og_title":"O MEU AV\u00d3 E O QUEIXO - Alvarellos Editora","og_description":"O MEU AV\u00d3 E O QUEIXO. C\u00f3mprao na tenda en li\u00f1a de Alvarellos Editora.","og_url":"https:\/\/alvarelloseditora.gal\/es\/libro\/o-meu-avo-e-o-queixo\/","og_site_name":"Alvarellos Editora","article_publisher":"https:\/\/www.facebook.com\/alvarelloseditora","article_modified_time":"2021-05-31T12:01:33+00:00","og_image":[{"width":2538,"height":2557,"url":"https:\/\/alvarelloseditora.gal\/wp-content\/uploads\/2020\/12\/O-meu-avo-e-o-queixo-CAPA1.jpg","type":"image\/jpeg"}],"twitter_card":"summary_large_image","twitter_site":"@alvarellos_ed","twitter_misc":{"Tiempo de lectura":"1 minuto"},"schema":{"@context":"https:\/\/schema.org","@graph":[{"@type":["WebPage","ItemPage"],"@id":"https:\/\/alvarelloseditora.gal\/es\/libro\/o-meu-avo-e-o-queixo\/","url":"https:\/\/alvarelloseditora.gal\/es\/libro\/o-meu-avo-e-o-queixo\/","name":"O MEU AV\u00d3 E O QUEIXO - Alvarellos Editora","isPartOf":{"@id":"https:\/\/alvarelloseditora.gal\/#website"},"primaryImageOfPage":{"@id":"https:\/\/alvarelloseditora.gal\/es\/libro\/o-meu-avo-e-o-queixo\/#primaryimage"},"image":{"@id":"https:\/\/alvarelloseditora.gal\/es\/libro\/o-meu-avo-e-o-queixo\/#primaryimage"},"thumbnailUrl":"https:\/\/alvarelloseditora.gal\/wp-content\/uploads\/2020\/12\/O-meu-avo-e-o-queixo-CAPA1.jpg","datePublished":"2020-12-29T09:10:36+00:00","dateModified":"2021-05-31T12:01:33+00:00","description":"O MEU AV\u00d3 E O QUEIXO. C\u00f3mprao na tenda en li\u00f1a de Alvarellos Editora.","breadcrumb":{"@id":"https:\/\/alvarelloseditora.gal\/es\/libro\/o-meu-avo-e-o-queixo\/#breadcrumb"},"inLanguage":"es","potentialAction":[{"@type":"ReadAction","target":["https:\/\/alvarelloseditora.gal\/es\/libro\/o-meu-avo-e-o-queixo\/"]}]},{"@type":"ImageObject","inLanguage":"es","@id":"https:\/\/alvarelloseditora.gal\/es\/libro\/o-meu-avo-e-o-queixo\/#primaryimage","url":"https:\/\/alvarelloseditora.gal\/wp-content\/uploads\/2020\/12\/O-meu-avo-e-o-queixo-CAPA1.jpg","contentUrl":"https:\/\/alvarelloseditora.gal\/wp-content\/uploads\/2020\/12\/O-meu-avo-e-o-queixo-CAPA1.jpg","width":2538,"height":2557},{"@type":"BreadcrumbList","@id":"https:\/\/alvarelloseditora.gal\/es\/libro\/o-meu-avo-e-o-queixo\/#breadcrumb","itemListElement":[{"@type":"ListItem","position":1,"name":"Portada","item":"https:\/\/alvarelloseditora.gal\/"},{"@type":"ListItem","position":2,"name":"Tienda","item":"https:\/\/alvarelloseditora.gal\/es\/tienda\/"},{"@type":"ListItem","position":3,"name":"O MEU AV\u00d3 E O QUEIXO"}]},{"@type":"WebSite","@id":"https:\/\/alvarelloseditora.gal\/#website","url":"https:\/\/alvarelloseditora.gal\/","name":"Alvarellos Editora","description":"Libros para un mundo en tr\u00e1nsito","publisher":{"@id":"https:\/\/alvarelloseditora.gal\/#organization"},"potentialAction":[{"@type":"SearchAction","target":{"@type":"EntryPoint","urlTemplate":"https:\/\/alvarelloseditora.gal\/?s={search_term_string}"},"query-input":{"@type":"PropertyValueSpecification","valueRequired":true,"valueName":"search_term_string"}}],"inLanguage":"es"},{"@type":"Organization","@id":"https:\/\/alvarelloseditora.gal\/#organization","name":"Alvarellos Editora","url":"https:\/\/alvarelloseditora.gal\/","logo":{"@type":"ImageObject","inLanguage":"es","@id":"https:\/\/alvarelloseditora.gal\/#\/schema\/logo\/image\/","url":"https:\/\/alvarelloseditora.gal\/wp-content\/uploads\/2020\/02\/alv-icon.png","contentUrl":"https:\/\/alvarelloseditora.gal\/wp-content\/uploads\/2020\/02\/alv-icon.png","width":177,"height":175,"caption":"Alvarellos Editora"},"image":{"@id":"https:\/\/alvarelloseditora.gal\/#\/schema\/logo\/image\/"},"sameAs":["https:\/\/www.facebook.com\/alvarelloseditora","https:\/\/x.com\/alvarellos_ed"]}]}},"_links":{"self":[{"href":"https:\/\/alvarelloseditora.gal\/es\/wp-json\/wp\/v2\/product\/5624","targetHints":{"allow":["GET"]}}],"collection":[{"href":"https:\/\/alvarelloseditora.gal\/es\/wp-json\/wp\/v2\/product"}],"about":[{"href":"https:\/\/alvarelloseditora.gal\/es\/wp-json\/wp\/v2\/types\/product"}],"replies":[{"embeddable":true,"href":"https:\/\/alvarelloseditora.gal\/es\/wp-json\/wp\/v2\/comments?post=5624"}],"wp:featuredmedia":[{"embeddable":true,"href":"https:\/\/alvarelloseditora.gal\/es\/wp-json\/wp\/v2\/media\/5620"}],"wp:attachment":[{"href":"https:\/\/alvarelloseditora.gal\/es\/wp-json\/wp\/v2\/media?parent=5624"}],"wp:term":[{"taxonomy":"product_brand","embeddable":true,"href":"https:\/\/alvarelloseditora.gal\/es\/wp-json\/wp\/v2\/product_brand?post=5624"},{"taxonomy":"product_cat","embeddable":true,"href":"https:\/\/alvarelloseditora.gal\/es\/wp-json\/wp\/v2\/product_cat?post=5624"},{"taxonomy":"product_tag","embeddable":true,"href":"https:\/\/alvarelloseditora.gal\/es\/wp-json\/wp\/v2\/product_tag?post=5624"}],"curies":[{"name":"wp","href":"https:\/\/api.w.org\/{rel}","templated":true}]}}