{"id":5614,"date":"2020-12-29T09:53:47","date_gmt":"2020-12-29T08:53:47","guid":{"rendered":"https:\/\/nueva.alvarellos.info\/book\/a-nena-que-abrazaba-as-arbores\/"},"modified":"2023-04-20T13:54:48","modified_gmt":"2023-04-20T11:54:48","slug":"a-nena-que-abrazaba-as-arbores","status":"publish","type":"product","link":"https:\/\/alvarelloseditora.gal\/es\/libro\/a-nena-que-abrazaba-as-arbores\/","title":{"rendered":"A nena que abrazaba as \u00e1rbores"},"content":{"rendered":"<p>Ver portada en alta resoluci\u00f3n<\/p>\n<p style=\"text-align: justify;\"><a class=\"linkfich1\" href=\"https:\/\/cadernodacritica.wordpress.com\/2020\/07\/30\/a-nena-que-abrazaba-as-arbores-de-henrique-alvarellos-e-o-meu-avo-e-o-queixo-de-maria-reimondez\/\">30-07-2020 <strong>Caderno da Cr\u00edtica<\/strong><\/a><\/p>\n<p style=\"text-align: justify;\"><a class=\"linkfich1\" href=\"https:\/\/www.youtube.com\/watch?v=SmGi3p8uqVI\">06-07-2020 <strong>Correo TV-Librar\u00eda Couceiro<\/strong><\/a><\/p>\n<p style=\"text-align: justify;\"><a class=\"linkfich1\" href=\"https:\/\/www.elcorreogallego.es\/santiago\/alvarellos-firma-hoxe-a-nena-que-abrazaba-as-arbores-BB3524366\">25-06-2020 <strong>El Correo Gallego<\/strong><\/a><\/p>\n<p style=\"text-align: justify;\"><a class=\"linkfich1\" href=\"https:\/\/www.elcorreogallego.es\/santiago\/las-1001-caras-de-compostela\/este-album-e-unha-fusion-dos-sentidos-coa-natureza-FC3545777\">18-06-2020 <strong>El Correo Gallego<\/strong><\/a><\/p>\n","protected":false},"excerpt":{"rendered":"<p>Henrique Alvarellos | Ilustrado por Xulia Nieto<br \/>\n&nbsp;<br \/>\n36 pp. 21,5 x 28 cm.<br \/>\nISBN: 978-84-16460-79-3<br \/>\n&nbsp;<br \/>\nLos \u00e1rboles tienen voz. Y manos, manos con dedos. Y sienten. \u00a1Vaya si sienten! Os lo digo yo, que lo s\u00e9 bien.<br \/>\nLo s\u00e9 desde siempre. Cuando mam\u00e1 y pap\u00e1 me llevaron al bosque a abrazar mi primero \u00e1rbol.<br \/>\nAbre este cuento y entrar\u00e1s en un bosque fascinante.<br \/>\n&nbsp;<\/p>\n<p>Edad de inter\u00e9s: +3<br \/>\nNivel de lectura: +5<\/p>\n<p>&nbsp;<\/p>\n<p>ARGUMENTO<br \/>\nCuando cumpli\u00f3 tres a\u00f1os, Luc\u00eda recibi\u00f3 un regalo muy especial de mam\u00e1 y pap\u00e1: un \u00e1rbol. Un precioso fresno que crece en el peque\u00f1o bosque cerca de la casa. Lo visita todas las semanas: lo observa, lo huele, le habla y, sobre todo, lo abraza. \u00c1lex, el mejor amigo de Luc\u00eda, es ciego, mas juntos descubren igualmente un mundo fascinante lleno de sensaciones. Un d\u00eda, el fresno se pone malito, pero la naturaleza siempre sigue su camino&#8230;<br \/>\n&nbsp;<\/p>\n<p>CLAVES PARA LA LECTURA<br \/>\nDescubrir un bosque, pero tambi\u00e9n un parque o un jard\u00edn, a trav\u00e9s de sus \u00e1rboles, es una de las actividades m\u00e1s enriquecedoras para cualquier edad.<br \/>\n&nbsp;<br \/>\nEste \u00e1lbum ilustrado invita a entrar en esta atm\u00f3sfera natural e ir conociendo y valorando la naturaleza \u00fanica que tenemos tan cerca de nuestras casas y que pasa muchas veces delante de nosotros sin darnos cuenta.<br \/>\n&nbsp;<br \/>\nAbrazar un \u00e1rbol forma parte de una pr\u00e1ctica que surgi\u00f3, como terapia, en Jap\u00f3n en los a\u00f1os ochenta: el shirin- yoku (\u00abba\u00f1o de bosque\u00bb). Se extendi\u00f3 por todo el mundo. Se trata de relajar escuchando el bosque, tocando, oliendo, en calma&#8230; \u00c1lex, el amigo de Luc\u00eda, no puede ver, pero el bosque los fascina por igual a los dos.<br \/>\n&nbsp;<br \/>\nLas ilustraciones nos llevan a penetrar en este universo natural y sensorial. Hechas con acuarelas y sutiles trazos a l\u00e1piz. Inspirados en ellas, podemos hacer nosotros tambi\u00e9n el dibujo de nuestro \u00e1rbol favorito, de sus hojas y del lugar donde se encuentra.<\/p>\n","protected":false},"featured_media":5613,"comment_status":"closed","ping_status":"closed","template":"","meta":[],"product_brand":[],"product_cat":[110],"product_tag":[],"class_list":{"0":"post-5614","1":"product","2":"type-product","3":"status-publish","4":"has-post-thumbnail","6":"product_author-henrique-alvarellos-casas-es","7":"product_author-xulia-nieto-pereira-es","8":"product_cat-verdemar-es","10":"first","11":"instock","12":"taxable","13":"shipping-taxable","14":"purchasable","15":"product-type-simple"},"yoast_head":"<!-- This site is optimized with the Yoast SEO plugin v27.3 - https:\/\/yoast.com\/product\/yoast-seo-wordpress\/ -->\n<title>A nena que abrazaba as \u00e1rbores - Alvarellos Editora<\/title>\n<meta name=\"description\" content=\"A nena que abrazaba as \u00e1rbores. C\u00f3mprao na tenda en li\u00f1a de Alvarellos Editora.\" \/>\n<meta name=\"robots\" content=\"index, follow, max-snippet:-1, max-image-preview:large, max-video-preview:-1\" \/>\n<link rel=\"canonical\" href=\"https:\/\/alvarelloseditora.gal\/es\/libro\/a-nena-que-abrazaba-as-arbores\/\" \/>\n<meta property=\"og:locale\" content=\"es_ES\" \/>\n<meta property=\"og:type\" content=\"article\" \/>\n<meta property=\"og:title\" content=\"A nena que abrazaba as \u00e1rbores - Alvarellos Editora\" \/>\n<meta property=\"og:description\" content=\"A nena que abrazaba as \u00e1rbores. C\u00f3mprao na tenda en li\u00f1a de Alvarellos Editora.\" \/>\n<meta property=\"og:url\" content=\"https:\/\/alvarelloseditora.gal\/es\/libro\/a-nena-que-abrazaba-as-arbores\/\" \/>\n<meta property=\"og:site_name\" content=\"Alvarellos Editora\" \/>\n<meta property=\"article:publisher\" content=\"https:\/\/www.facebook.com\/alvarelloseditora\" \/>\n<meta property=\"article:modified_time\" content=\"2023-04-20T11:54:48+00:00\" \/>\n<meta property=\"og:image\" content=\"https:\/\/alvarelloseditora.gal\/wp-content\/uploads\/2020\/12\/A-nena-que-abrazaba-as-arbores-CAPA1-scaled.jpg\" \/>\n\t<meta property=\"og:image:width\" content=\"1958\" \/>\n\t<meta property=\"og:image:height\" content=\"2560\" \/>\n\t<meta property=\"og:image:type\" content=\"image\/jpeg\" \/>\n<meta name=\"twitter:card\" content=\"summary_large_image\" \/>\n<meta name=\"twitter:site\" content=\"@alvarellos_ed\" \/>\n<meta name=\"twitter:label1\" content=\"Tiempo de lectura\" \/>\n\t<meta name=\"twitter:data1\" content=\"1 minuto\" \/>\n<!-- \/ Yoast SEO plugin. -->","yoast_head_json":{"title":"A nena que abrazaba as \u00e1rbores - Alvarellos Editora","description":"A nena que abrazaba as \u00e1rbores. C\u00f3mprao na tenda en li\u00f1a de Alvarellos Editora.","robots":{"index":"index","follow":"follow","max-snippet":"max-snippet:-1","max-image-preview":"max-image-preview:large","max-video-preview":"max-video-preview:-1"},"canonical":"https:\/\/alvarelloseditora.gal\/es\/libro\/a-nena-que-abrazaba-as-arbores\/","og_locale":"es_ES","og_type":"article","og_title":"A nena que abrazaba as \u00e1rbores - Alvarellos Editora","og_description":"A nena que abrazaba as \u00e1rbores. C\u00f3mprao na tenda en li\u00f1a de Alvarellos Editora.","og_url":"https:\/\/alvarelloseditora.gal\/es\/libro\/a-nena-que-abrazaba-as-arbores\/","og_site_name":"Alvarellos Editora","article_publisher":"https:\/\/www.facebook.com\/alvarelloseditora","article_modified_time":"2023-04-20T11:54:48+00:00","og_image":[{"width":1958,"height":2560,"url":"https:\/\/alvarelloseditora.gal\/wp-content\/uploads\/2020\/12\/A-nena-que-abrazaba-as-arbores-CAPA1-scaled.jpg","type":"image\/jpeg"}],"twitter_card":"summary_large_image","twitter_site":"@alvarellos_ed","twitter_misc":{"Tiempo de lectura":"1 minuto"},"schema":{"@context":"https:\/\/schema.org","@graph":[{"@type":["WebPage","ItemPage"],"@id":"https:\/\/alvarelloseditora.gal\/es\/libro\/a-nena-que-abrazaba-as-arbores\/","url":"https:\/\/alvarelloseditora.gal\/es\/libro\/a-nena-que-abrazaba-as-arbores\/","name":"A nena que abrazaba as \u00e1rbores - Alvarellos Editora","isPartOf":{"@id":"https:\/\/alvarelloseditora.gal\/#website"},"primaryImageOfPage":{"@id":"https:\/\/alvarelloseditora.gal\/es\/libro\/a-nena-que-abrazaba-as-arbores\/#primaryimage"},"image":{"@id":"https:\/\/alvarelloseditora.gal\/es\/libro\/a-nena-que-abrazaba-as-arbores\/#primaryimage"},"thumbnailUrl":"https:\/\/alvarelloseditora.gal\/wp-content\/uploads\/2020\/12\/A-nena-que-abrazaba-as-arbores-CAPA1-scaled.jpg","datePublished":"2020-12-29T08:53:47+00:00","dateModified":"2023-04-20T11:54:48+00:00","description":"A nena que abrazaba as \u00e1rbores. C\u00f3mprao na tenda en li\u00f1a de Alvarellos Editora.","breadcrumb":{"@id":"https:\/\/alvarelloseditora.gal\/es\/libro\/a-nena-que-abrazaba-as-arbores\/#breadcrumb"},"inLanguage":"es","potentialAction":[{"@type":"ReadAction","target":["https:\/\/alvarelloseditora.gal\/es\/libro\/a-nena-que-abrazaba-as-arbores\/"]}]},{"@type":"ImageObject","inLanguage":"es","@id":"https:\/\/alvarelloseditora.gal\/es\/libro\/a-nena-que-abrazaba-as-arbores\/#primaryimage","url":"https:\/\/alvarelloseditora.gal\/wp-content\/uploads\/2020\/12\/A-nena-que-abrazaba-as-arbores-CAPA1-scaled.jpg","contentUrl":"https:\/\/alvarelloseditora.gal\/wp-content\/uploads\/2020\/12\/A-nena-que-abrazaba-as-arbores-CAPA1-scaled.jpg","width":1958,"height":2560},{"@type":"BreadcrumbList","@id":"https:\/\/alvarelloseditora.gal\/es\/libro\/a-nena-que-abrazaba-as-arbores\/#breadcrumb","itemListElement":[{"@type":"ListItem","position":1,"name":"Portada","item":"https:\/\/alvarelloseditora.gal\/"},{"@type":"ListItem","position":2,"name":"Tienda","item":"https:\/\/alvarelloseditora.gal\/es\/tienda\/"},{"@type":"ListItem","position":3,"name":"A nena que abrazaba as \u00e1rbores"}]},{"@type":"WebSite","@id":"https:\/\/alvarelloseditora.gal\/#website","url":"https:\/\/alvarelloseditora.gal\/","name":"Alvarellos Editora","description":"Libros para un mundo en tr\u00e1nsito","publisher":{"@id":"https:\/\/alvarelloseditora.gal\/#organization"},"potentialAction":[{"@type":"SearchAction","target":{"@type":"EntryPoint","urlTemplate":"https:\/\/alvarelloseditora.gal\/?s={search_term_string}"},"query-input":{"@type":"PropertyValueSpecification","valueRequired":true,"valueName":"search_term_string"}}],"inLanguage":"es"},{"@type":"Organization","@id":"https:\/\/alvarelloseditora.gal\/#organization","name":"Alvarellos Editora","url":"https:\/\/alvarelloseditora.gal\/","logo":{"@type":"ImageObject","inLanguage":"es","@id":"https:\/\/alvarelloseditora.gal\/#\/schema\/logo\/image\/","url":"https:\/\/alvarelloseditora.gal\/wp-content\/uploads\/2020\/02\/alv-icon.png","contentUrl":"https:\/\/alvarelloseditora.gal\/wp-content\/uploads\/2020\/02\/alv-icon.png","width":177,"height":175,"caption":"Alvarellos Editora"},"image":{"@id":"https:\/\/alvarelloseditora.gal\/#\/schema\/logo\/image\/"},"sameAs":["https:\/\/www.facebook.com\/alvarelloseditora","https:\/\/x.com\/alvarellos_ed"]}]}},"_links":{"self":[{"href":"https:\/\/alvarelloseditora.gal\/es\/wp-json\/wp\/v2\/product\/5614","targetHints":{"allow":["GET"]}}],"collection":[{"href":"https:\/\/alvarelloseditora.gal\/es\/wp-json\/wp\/v2\/product"}],"about":[{"href":"https:\/\/alvarelloseditora.gal\/es\/wp-json\/wp\/v2\/types\/product"}],"replies":[{"embeddable":true,"href":"https:\/\/alvarelloseditora.gal\/es\/wp-json\/wp\/v2\/comments?post=5614"}],"wp:featuredmedia":[{"embeddable":true,"href":"https:\/\/alvarelloseditora.gal\/es\/wp-json\/wp\/v2\/media\/5613"}],"wp:attachment":[{"href":"https:\/\/alvarelloseditora.gal\/es\/wp-json\/wp\/v2\/media?parent=5614"}],"wp:term":[{"taxonomy":"product_brand","embeddable":true,"href":"https:\/\/alvarelloseditora.gal\/es\/wp-json\/wp\/v2\/product_brand?post=5614"},{"taxonomy":"product_cat","embeddable":true,"href":"https:\/\/alvarelloseditora.gal\/es\/wp-json\/wp\/v2\/product_cat?post=5614"},{"taxonomy":"product_tag","embeddable":true,"href":"https:\/\/alvarelloseditora.gal\/es\/wp-json\/wp\/v2\/product_tag?post=5614"}],"curies":[{"name":"wp","href":"https:\/\/api.w.org\/{rel}","templated":true}]}}