{"id":5522,"date":"2020-12-23T12:27:38","date_gmt":"2020-12-23T11:27:38","guid":{"rendered":"https:\/\/nueva.alvarellos.info\/book\/microrrelatos\/"},"modified":"2021-06-22T22:24:27","modified_gmt":"2021-06-22T20:24:27","slug":"microrrelatos","status":"publish","type":"product","link":"https:\/\/alvarelloseditora.gal\/es\/libro\/microrrelatos\/","title":{"rendered":"Microrrelatos"},"content":{"rendered":"","protected":false},"excerpt":{"rendered":"<p>Premiados en el I\u00ba y II\u00ba Certamen [2019-2020] D\u00eda del Libro del Concello de Vilalba<br \/>\n&nbsp;<\/p>\n<p>54 pp. Formato 14 x 21 cms<br \/>\nISBN 978-84-16460-90-8<br \/>\nIdioma: galego<\/p>\n<p>&nbsp;<br \/>\nEl presente volumen re\u00fane los textos ganadores de la I\u00aa e II\u00aa edici\u00f3n del Certamen de Microrrelatos D\u00eda del Libro organizada por el Ayuntamiento de Vilalba y Culturalia GZ en 2019 y 2020. Son en total dieciocho composiciones, pertenecientes a tres categor\u00edas: Infantil, Juvenil y Personas adultas.Los microrrelatos desarrollan, en muy pocas l\u00edneas, toda una trama; esta brevedad \u2013e intensidad\u2013 es sin duda un atractivo para las personas lectoras de hoy, que disfrutar\u00e1n de estas dieciocho peque\u00f1as grandes historias.<br \/>\n&nbsp;<\/p>\n<p>Ganadoras I\u00ba Certamen [2019]:<\/p>\n<p>Infantil: Nerea Villar Ferreiro, \u00c1frica Montenegro Leal, Mar\u00eda Otero D\u00edaz<\/p>\n<p>Juvenil: Mari\u00f1a Maceiras Segovia, Sandra Rodr\u00edguez Mac\u00eda, Nee Barros Fern\u00e1ndez<\/p>\n<p>Personas adultas: Patricia Torrado Queiruga, Raquel Fern\u00e1ndez Fern\u00e1ndez, Beatriz Dorado<\/p>\n<p>&nbsp;<\/p>\n<p>Ganadoras II\u00ba Certamen [2020]<\/p>\n<p>Infantil: \u00c1frica Montenegro Leal, Aroa Fern\u00e1ndez Jim\u00e9nez, Paula P\u00e9rez Cend\u00e1n<\/p>\n<p>Juvenil: Mari\u00f1a Maceiras Segovia, Nee Barros Fern\u00e1ndez, Carlota Millor Prado<\/p>\n<p>Personas adultas: Pedro Naveira Pedreira, Patricia Torrado Queiruga, Cristina Arias L\u00f3pez<\/p>\n","protected":false},"featured_media":5520,"comment_status":"closed","ping_status":"closed","template":"","meta":[],"product_brand":[],"product_cat":[106],"product_tag":[],"class_list":{"0":"post-5522","1":"product","2":"type-product","3":"status-publish","4":"has-post-thumbnail","6":"product_author-varios-autores-es","7":"product_cat-libros-do-sarela-es","9":"first","10":"instock","11":"taxable","12":"shipping-taxable","13":"purchasable","14":"product-type-simple"},"yoast_head":"<!-- This site is optimized with the Yoast SEO plugin v27.3 - https:\/\/yoast.com\/product\/yoast-seo-wordpress\/ -->\n<title>Microrrelatos - Alvarellos Editora<\/title>\n<meta name=\"description\" content=\"Microrrelatos. C\u00f3mprao na tenda en li\u00f1a de Alvarellos Editora.\" \/>\n<meta name=\"robots\" content=\"index, follow, max-snippet:-1, max-image-preview:large, max-video-preview:-1\" \/>\n<link rel=\"canonical\" href=\"https:\/\/alvarelloseditora.gal\/es\/libro\/microrrelatos\/\" \/>\n<meta property=\"og:locale\" content=\"es_ES\" \/>\n<meta property=\"og:type\" content=\"article\" \/>\n<meta property=\"og:title\" content=\"Microrrelatos - Alvarellos Editora\" \/>\n<meta property=\"og:description\" content=\"Microrrelatos. C\u00f3mprao na tenda en li\u00f1a de Alvarellos Editora.\" \/>\n<meta property=\"og:url\" content=\"https:\/\/alvarelloseditora.gal\/es\/libro\/microrrelatos\/\" \/>\n<meta property=\"og:site_name\" content=\"Alvarellos Editora\" \/>\n<meta property=\"article:publisher\" content=\"https:\/\/www.facebook.com\/alvarelloseditora\" \/>\n<meta property=\"article:modified_time\" content=\"2021-06-22T20:24:27+00:00\" \/>\n<meta property=\"og:image\" content=\"https:\/\/alvarelloseditora.gal\/wp-content\/uploads\/2020\/12\/9788416460908MICRORRELATOS1-1.jpg\" \/>\n\t<meta property=\"og:image:width\" content=\"1618\" \/>\n\t<meta property=\"og:image:height\" content=\"2476\" \/>\n\t<meta property=\"og:image:type\" content=\"image\/jpeg\" \/>\n<meta name=\"twitter:card\" content=\"summary_large_image\" \/>\n<meta name=\"twitter:site\" content=\"@alvarellos_ed\" \/>\n<!-- \/ Yoast SEO plugin. -->","yoast_head_json":{"title":"Microrrelatos - Alvarellos Editora","description":"Microrrelatos. C\u00f3mprao na tenda en li\u00f1a de Alvarellos Editora.","robots":{"index":"index","follow":"follow","max-snippet":"max-snippet:-1","max-image-preview":"max-image-preview:large","max-video-preview":"max-video-preview:-1"},"canonical":"https:\/\/alvarelloseditora.gal\/es\/libro\/microrrelatos\/","og_locale":"es_ES","og_type":"article","og_title":"Microrrelatos - Alvarellos Editora","og_description":"Microrrelatos. C\u00f3mprao na tenda en li\u00f1a de Alvarellos Editora.","og_url":"https:\/\/alvarelloseditora.gal\/es\/libro\/microrrelatos\/","og_site_name":"Alvarellos Editora","article_publisher":"https:\/\/www.facebook.com\/alvarelloseditora","article_modified_time":"2021-06-22T20:24:27+00:00","og_image":[{"width":1618,"height":2476,"url":"https:\/\/alvarelloseditora.gal\/wp-content\/uploads\/2020\/12\/9788416460908MICRORRELATOS1-1.jpg","type":"image\/jpeg"}],"twitter_card":"summary_large_image","twitter_site":"@alvarellos_ed","schema":{"@context":"https:\/\/schema.org","@graph":[{"@type":["WebPage","ItemPage"],"@id":"https:\/\/alvarelloseditora.gal\/es\/libro\/microrrelatos\/","url":"https:\/\/alvarelloseditora.gal\/es\/libro\/microrrelatos\/","name":"Microrrelatos - Alvarellos Editora","isPartOf":{"@id":"https:\/\/alvarelloseditora.gal\/#website"},"primaryImageOfPage":{"@id":"https:\/\/alvarelloseditora.gal\/es\/libro\/microrrelatos\/#primaryimage"},"image":{"@id":"https:\/\/alvarelloseditora.gal\/es\/libro\/microrrelatos\/#primaryimage"},"thumbnailUrl":"https:\/\/alvarelloseditora.gal\/wp-content\/uploads\/2020\/12\/9788416460908MICRORRELATOS1-1.jpg","datePublished":"2020-12-23T11:27:38+00:00","dateModified":"2021-06-22T20:24:27+00:00","description":"Microrrelatos. C\u00f3mprao na tenda en li\u00f1a de Alvarellos Editora.","breadcrumb":{"@id":"https:\/\/alvarelloseditora.gal\/es\/libro\/microrrelatos\/#breadcrumb"},"inLanguage":"es","potentialAction":[{"@type":"ReadAction","target":["https:\/\/alvarelloseditora.gal\/es\/libro\/microrrelatos\/"]}]},{"@type":"ImageObject","inLanguage":"es","@id":"https:\/\/alvarelloseditora.gal\/es\/libro\/microrrelatos\/#primaryimage","url":"https:\/\/alvarelloseditora.gal\/wp-content\/uploads\/2020\/12\/9788416460908MICRORRELATOS1-1.jpg","contentUrl":"https:\/\/alvarelloseditora.gal\/wp-content\/uploads\/2020\/12\/9788416460908MICRORRELATOS1-1.jpg","width":1618,"height":2476,"caption":"Microrrelatos"},{"@type":"BreadcrumbList","@id":"https:\/\/alvarelloseditora.gal\/es\/libro\/microrrelatos\/#breadcrumb","itemListElement":[{"@type":"ListItem","position":1,"name":"Portada","item":"https:\/\/alvarelloseditora.gal\/"},{"@type":"ListItem","position":2,"name":"Tienda","item":"https:\/\/alvarelloseditora.gal\/es\/tienda\/"},{"@type":"ListItem","position":3,"name":"Microrrelatos"}]},{"@type":"WebSite","@id":"https:\/\/alvarelloseditora.gal\/#website","url":"https:\/\/alvarelloseditora.gal\/","name":"Alvarellos Editora","description":"Libros para un mundo en tr\u00e1nsito","publisher":{"@id":"https:\/\/alvarelloseditora.gal\/#organization"},"potentialAction":[{"@type":"SearchAction","target":{"@type":"EntryPoint","urlTemplate":"https:\/\/alvarelloseditora.gal\/?s={search_term_string}"},"query-input":{"@type":"PropertyValueSpecification","valueRequired":true,"valueName":"search_term_string"}}],"inLanguage":"es"},{"@type":"Organization","@id":"https:\/\/alvarelloseditora.gal\/#organization","name":"Alvarellos Editora","url":"https:\/\/alvarelloseditora.gal\/","logo":{"@type":"ImageObject","inLanguage":"es","@id":"https:\/\/alvarelloseditora.gal\/#\/schema\/logo\/image\/","url":"https:\/\/alvarelloseditora.gal\/wp-content\/uploads\/2020\/02\/alv-icon.png","contentUrl":"https:\/\/alvarelloseditora.gal\/wp-content\/uploads\/2020\/02\/alv-icon.png","width":177,"height":175,"caption":"Alvarellos Editora"},"image":{"@id":"https:\/\/alvarelloseditora.gal\/#\/schema\/logo\/image\/"},"sameAs":["https:\/\/www.facebook.com\/alvarelloseditora","https:\/\/x.com\/alvarellos_ed"]}]}},"_links":{"self":[{"href":"https:\/\/alvarelloseditora.gal\/es\/wp-json\/wp\/v2\/product\/5522","targetHints":{"allow":["GET"]}}],"collection":[{"href":"https:\/\/alvarelloseditora.gal\/es\/wp-json\/wp\/v2\/product"}],"about":[{"href":"https:\/\/alvarelloseditora.gal\/es\/wp-json\/wp\/v2\/types\/product"}],"replies":[{"embeddable":true,"href":"https:\/\/alvarelloseditora.gal\/es\/wp-json\/wp\/v2\/comments?post=5522"}],"wp:featuredmedia":[{"embeddable":true,"href":"https:\/\/alvarelloseditora.gal\/es\/wp-json\/wp\/v2\/media\/5520"}],"wp:attachment":[{"href":"https:\/\/alvarelloseditora.gal\/es\/wp-json\/wp\/v2\/media?parent=5522"}],"wp:term":[{"taxonomy":"product_brand","embeddable":true,"href":"https:\/\/alvarelloseditora.gal\/es\/wp-json\/wp\/v2\/product_brand?post=5522"},{"taxonomy":"product_cat","embeddable":true,"href":"https:\/\/alvarelloseditora.gal\/es\/wp-json\/wp\/v2\/product_cat?post=5522"},{"taxonomy":"product_tag","embeddable":true,"href":"https:\/\/alvarelloseditora.gal\/es\/wp-json\/wp\/v2\/product_tag?post=5522"}],"curies":[{"name":"wp","href":"https:\/\/api.w.org\/{rel}","templated":true}]}}