{"id":5511,"date":"2020-12-23T12:16:46","date_gmt":"2020-12-23T11:16:46","guid":{"rendered":"https:\/\/nueva.alvarellos.info\/book\/eugenio-granell-regreso-de-un-surrealista-exiliado\/"},"modified":"2021-06-16T13:10:03","modified_gmt":"2021-06-16T11:10:03","slug":"eugenio-granell-regreso-de-un-surrealista-exiliado","status":"publish","type":"product","link":"https:\/\/alvarelloseditora.gal\/es\/libro\/eugenio-granell-regreso-de-un-surrealista-exiliado\/","title":{"rendered":"Eugenio Granell: regreso de un surrealista exiliado"},"content":{"rendered":"<p><a href=\"https:\/\/alvarelloseditora.gal\/wp-content\/uploads\/prensa\/NP_C_Eugenio_Granell.pdf\">PDF [Ficha y Nota de prensa]<\/a><\/p>\n","protected":false},"excerpt":{"rendered":"<p>Violeta Gonz\u00e1lez Forte<br \/>\n&nbsp;<br \/>\n416 pp . 15,5 x 23,5 cms.<br \/>\nISBN 978-84-16460-89-2<br \/>\n&nbsp;<\/p>\n<p>Vinculado al surrealismo desde sus comienzos pict\u00f3ricos en el exilio, el nombre de Eugenio F. Granell (A Coru\u00f1a, 1912-Madrid, 2001) forma hoy parte de la historia del arte espa\u00f1ola del siglo XX, y su obra est\u00e1 representada en las mejores colecciones art\u00edsticas del pa\u00eds. Pero esta realidad contrasta con el enorme desconocimiento que el artista sufri\u00f3, durante d\u00e9cadas, en su propia tierra. A pesar de los premios y reconocimientos que -nos a\u00f1os 50 y 60 del siglo pasado- recibi\u00f3 en el extranjero, la existencia de Eugenio Granell en Espa\u00f1a pas\u00f3 desapercibida incluso despu\u00e9s de su regreso en 1985.<br \/>\nEste libro se centra precisamente en las circunstancias y vicisitudes #vital de este regreso del exilio. Leeremos, al inicio, cartas llenas de malestar, grandes dudas y amargura, ya que el retorno implicaba soportar un pa\u00eds cuya dictadura parec\u00eda interminable. Despu\u00e9s descubriremos esos firmes apoyos que, desde finales del franquismo, comenzaron a reivindicar su figura (primero, Isaac D\u00edaz Pardo, y ya en los ochenta, C\u00e9sar La. Molina, entre otros). Un esfuerzo que culmin\u00f3 en 1995 con el nacimiento de la Fundaci\u00f3n Eugenio Granell en Compostela, ciudad donde hab\u00eda vivido los a\u00f1os imborrable de su infancia y juventud.<br \/>\nEstamos ante un trabajo riguroso, profundamente documentado, entretenido e ilustrado con ochenta fotograf\u00edas y reproducciones de sus obras m\u00e1s significativas de todo este per\u00edodo.<\/p>\n","protected":false},"featured_media":5506,"comment_status":"closed","ping_status":"closed","template":"","meta":[],"product_brand":[],"product_cat":[105],"product_tag":[1042],"class_list":{"0":"post-5511","1":"product","2":"type-product","3":"status-publish","4":"has-post-thumbnail","6":"product_author-violeta-gonzalez-forte-es","7":"product_cat-oeste-es","8":"product_tag-libros-con-memoria-es","10":"first","11":"instock","12":"taxable","13":"shipping-taxable","14":"purchasable","15":"product-type-simple"},"yoast_head":"<!-- This site is optimized with the Yoast SEO plugin v27.3 - https:\/\/yoast.com\/product\/yoast-seo-wordpress\/ -->\n<title>Eugenio Granell: regreso de un surrealista exiliado - Alvarellos Editora<\/title>\n<meta name=\"description\" content=\"Eugenio Granell: regreso de un surrealista exiliado. C\u00f3mprao na tenda en li\u00f1a de Alvarellos Editora.\" \/>\n<meta name=\"robots\" content=\"index, follow, max-snippet:-1, max-image-preview:large, max-video-preview:-1\" \/>\n<link rel=\"canonical\" href=\"https:\/\/alvarelloseditora.gal\/es\/libro\/eugenio-granell-regreso-de-un-surrealista-exiliado\/\" \/>\n<meta property=\"og:locale\" content=\"es_ES\" \/>\n<meta property=\"og:type\" content=\"article\" \/>\n<meta property=\"og:title\" content=\"Eugenio Granell: regreso de un surrealista exiliado - Alvarellos Editora\" \/>\n<meta property=\"og:description\" content=\"Eugenio Granell: regreso de un surrealista exiliado. C\u00f3mprao na tenda en li\u00f1a de Alvarellos Editora.\" \/>\n<meta property=\"og:url\" content=\"https:\/\/alvarelloseditora.gal\/es\/libro\/eugenio-granell-regreso-de-un-surrealista-exiliado\/\" \/>\n<meta property=\"og:site_name\" content=\"Alvarellos Editora\" \/>\n<meta property=\"article:publisher\" content=\"https:\/\/www.facebook.com\/alvarelloseditora\" \/>\n<meta property=\"article:modified_time\" content=\"2021-06-16T11:10:03+00:00\" \/>\n<meta property=\"og:image\" content=\"https:\/\/alvarelloseditora.gal\/wp-content\/uploads\/2020\/12\/Eugenio-Granell-regreso-surrealista-exiliado-capa1-scaled.jpg\" \/>\n\t<meta property=\"og:image:width\" content=\"1674\" \/>\n\t<meta property=\"og:image:height\" content=\"2560\" \/>\n\t<meta property=\"og:image:type\" content=\"image\/jpeg\" \/>\n<meta name=\"twitter:card\" content=\"summary_large_image\" \/>\n<meta name=\"twitter:site\" content=\"@alvarellos_ed\" \/>\n<!-- \/ Yoast SEO plugin. -->","yoast_head_json":{"title":"Eugenio Granell: regreso de un surrealista exiliado - Alvarellos Editora","description":"Eugenio Granell: regreso de un surrealista exiliado. C\u00f3mprao na tenda en li\u00f1a de Alvarellos Editora.","robots":{"index":"index","follow":"follow","max-snippet":"max-snippet:-1","max-image-preview":"max-image-preview:large","max-video-preview":"max-video-preview:-1"},"canonical":"https:\/\/alvarelloseditora.gal\/es\/libro\/eugenio-granell-regreso-de-un-surrealista-exiliado\/","og_locale":"es_ES","og_type":"article","og_title":"Eugenio Granell: regreso de un surrealista exiliado - Alvarellos Editora","og_description":"Eugenio Granell: regreso de un surrealista exiliado. C\u00f3mprao na tenda en li\u00f1a de Alvarellos Editora.","og_url":"https:\/\/alvarelloseditora.gal\/es\/libro\/eugenio-granell-regreso-de-un-surrealista-exiliado\/","og_site_name":"Alvarellos Editora","article_publisher":"https:\/\/www.facebook.com\/alvarelloseditora","article_modified_time":"2021-06-16T11:10:03+00:00","og_image":[{"width":1674,"height":2560,"url":"https:\/\/alvarelloseditora.gal\/wp-content\/uploads\/2020\/12\/Eugenio-Granell-regreso-surrealista-exiliado-capa1-scaled.jpg","type":"image\/jpeg"}],"twitter_card":"summary_large_image","twitter_site":"@alvarellos_ed","schema":{"@context":"https:\/\/schema.org","@graph":[{"@type":["WebPage","ItemPage"],"@id":"https:\/\/alvarelloseditora.gal\/es\/libro\/eugenio-granell-regreso-de-un-surrealista-exiliado\/","url":"https:\/\/alvarelloseditora.gal\/es\/libro\/eugenio-granell-regreso-de-un-surrealista-exiliado\/","name":"Eugenio Granell: regreso de un surrealista exiliado - Alvarellos Editora","isPartOf":{"@id":"https:\/\/alvarelloseditora.gal\/#website"},"primaryImageOfPage":{"@id":"https:\/\/alvarelloseditora.gal\/es\/libro\/eugenio-granell-regreso-de-un-surrealista-exiliado\/#primaryimage"},"image":{"@id":"https:\/\/alvarelloseditora.gal\/es\/libro\/eugenio-granell-regreso-de-un-surrealista-exiliado\/#primaryimage"},"thumbnailUrl":"https:\/\/alvarelloseditora.gal\/wp-content\/uploads\/2020\/12\/Eugenio-Granell-regreso-surrealista-exiliado-capa1-scaled.jpg","datePublished":"2020-12-23T11:16:46+00:00","dateModified":"2021-06-16T11:10:03+00:00","description":"Eugenio Granell: regreso de un surrealista exiliado. C\u00f3mprao na tenda en li\u00f1a de Alvarellos Editora.","breadcrumb":{"@id":"https:\/\/alvarelloseditora.gal\/es\/libro\/eugenio-granell-regreso-de-un-surrealista-exiliado\/#breadcrumb"},"inLanguage":"es","potentialAction":[{"@type":"ReadAction","target":["https:\/\/alvarelloseditora.gal\/es\/libro\/eugenio-granell-regreso-de-un-surrealista-exiliado\/"]}]},{"@type":"ImageObject","inLanguage":"es","@id":"https:\/\/alvarelloseditora.gal\/es\/libro\/eugenio-granell-regreso-de-un-surrealista-exiliado\/#primaryimage","url":"https:\/\/alvarelloseditora.gal\/wp-content\/uploads\/2020\/12\/Eugenio-Granell-regreso-surrealista-exiliado-capa1-scaled.jpg","contentUrl":"https:\/\/alvarelloseditora.gal\/wp-content\/uploads\/2020\/12\/Eugenio-Granell-regreso-surrealista-exiliado-capa1-scaled.jpg","width":1674,"height":2560,"caption":"Eugenio Granell Regreso Surrealista Exiliado"},{"@type":"BreadcrumbList","@id":"https:\/\/alvarelloseditora.gal\/es\/libro\/eugenio-granell-regreso-de-un-surrealista-exiliado\/#breadcrumb","itemListElement":[{"@type":"ListItem","position":1,"name":"Portada","item":"https:\/\/alvarelloseditora.gal\/"},{"@type":"ListItem","position":2,"name":"Tienda","item":"https:\/\/alvarelloseditora.gal\/es\/tienda\/"},{"@type":"ListItem","position":3,"name":"Eugenio Granell: regreso de un surrealista exiliado"}]},{"@type":"WebSite","@id":"https:\/\/alvarelloseditora.gal\/#website","url":"https:\/\/alvarelloseditora.gal\/","name":"Alvarellos Editora","description":"Libros para un mundo en tr\u00e1nsito","publisher":{"@id":"https:\/\/alvarelloseditora.gal\/#organization"},"potentialAction":[{"@type":"SearchAction","target":{"@type":"EntryPoint","urlTemplate":"https:\/\/alvarelloseditora.gal\/?s={search_term_string}"},"query-input":{"@type":"PropertyValueSpecification","valueRequired":true,"valueName":"search_term_string"}}],"inLanguage":"es"},{"@type":"Organization","@id":"https:\/\/alvarelloseditora.gal\/#organization","name":"Alvarellos Editora","url":"https:\/\/alvarelloseditora.gal\/","logo":{"@type":"ImageObject","inLanguage":"es","@id":"https:\/\/alvarelloseditora.gal\/#\/schema\/logo\/image\/","url":"https:\/\/alvarelloseditora.gal\/wp-content\/uploads\/2020\/02\/alv-icon.png","contentUrl":"https:\/\/alvarelloseditora.gal\/wp-content\/uploads\/2020\/02\/alv-icon.png","width":177,"height":175,"caption":"Alvarellos Editora"},"image":{"@id":"https:\/\/alvarelloseditora.gal\/#\/schema\/logo\/image\/"},"sameAs":["https:\/\/www.facebook.com\/alvarelloseditora","https:\/\/x.com\/alvarellos_ed"]}]}},"_links":{"self":[{"href":"https:\/\/alvarelloseditora.gal\/es\/wp-json\/wp\/v2\/product\/5511","targetHints":{"allow":["GET"]}}],"collection":[{"href":"https:\/\/alvarelloseditora.gal\/es\/wp-json\/wp\/v2\/product"}],"about":[{"href":"https:\/\/alvarelloseditora.gal\/es\/wp-json\/wp\/v2\/types\/product"}],"replies":[{"embeddable":true,"href":"https:\/\/alvarelloseditora.gal\/es\/wp-json\/wp\/v2\/comments?post=5511"}],"wp:featuredmedia":[{"embeddable":true,"href":"https:\/\/alvarelloseditora.gal\/es\/wp-json\/wp\/v2\/media\/5506"}],"wp:attachment":[{"href":"https:\/\/alvarelloseditora.gal\/es\/wp-json\/wp\/v2\/media?parent=5511"}],"wp:term":[{"taxonomy":"product_brand","embeddable":true,"href":"https:\/\/alvarelloseditora.gal\/es\/wp-json\/wp\/v2\/product_brand?post=5511"},{"taxonomy":"product_cat","embeddable":true,"href":"https:\/\/alvarelloseditora.gal\/es\/wp-json\/wp\/v2\/product_cat?post=5511"},{"taxonomy":"product_tag","embeddable":true,"href":"https:\/\/alvarelloseditora.gal\/es\/wp-json\/wp\/v2\/product_tag?post=5511"}],"curies":[{"name":"wp","href":"https:\/\/api.w.org\/{rel}","templated":true}]}}