{"id":5498,"date":"2020-12-23T11:48:09","date_gmt":"2020-12-23T10:48:09","guid":{"rendered":"https:\/\/nueva.alvarellos.info\/book\/aramados\/"},"modified":"2021-07-12T11:53:07","modified_gmt":"2021-07-12T09:53:07","slug":"aramados","status":"publish","type":"product","link":"https:\/\/alvarelloseditora.gal\/es\/libro\/aramados\/","title":{"rendered":"Aramados"},"content":{"rendered":"","protected":false},"excerpt":{"rendered":"<p>Mis nueve meses por los campos de concentraci\u00f3n de Francia<br \/>\nManuel Garc\u00eda Gerpe<br \/>\nTraducido por Miro Villar<br \/>\n&nbsp;<\/p>\n<p>Pp: 166. Formato 15 x 20 cms.<br \/>\nISBN 978-84-16460-83-0<\/p>\n<p>&nbsp;<\/p>\n<p>Aramados es uno de los libros \u201cperdidos\u201d en el exilio republicano gallego y espa\u00f1ol. Escrito en el campo de concentraci\u00f3n franc\u00e9s de Septfonds durante 1939, su autor es el abogado, pol\u00edtico, periodista y escritor gallego natural de Ordes Manuel Garc\u00eda Gerpe quien, en febrero de 1939, junto con miles de exiliados en condiciones extremas, tuvo que cruzar la frontera francesa para confinarse en varios campos para refugiados, entre ellos, lo de concentraci\u00f3n de Septfonds, en la regi\u00f3n de Mediod\u00eda-Pirineos.Despu\u00e9s de nueve meses dur\u00edsimos consigue ayuda desde Buenos Aires y logra embarcar la finales de 1939. En la ciudad porte\u00f1a contin\u00faa su lucha contra la dictadura. Una de las primeras acciones ser\u00e1 publicar Alambradas (Editorial Celta, Buenos Aires, 1941) la cr\u00f3nica ficcionada de sus nueve mese en el campo de concentraci\u00f3n franc\u00e9s. Poco m\u00e1s tarde, afligido y enfermo, fallece un 4 de julio de 1949.<\/p>\n<p>Medio siglo despu\u00e9s, en 2019, el poeta, traductor y profesor Miro Villar (Cee, 1965) afronta la traducci\u00f3n de Alambradas \/ Alambradas, una cr\u00f3nica que rescatamos este 2020 y que no hab\u00eda vuelto a ser editada desde 1941.<br \/>\nDesde Buenos Aires, escribe Garc\u00eda Gerpe el 14 de abril de 1941:<br \/>\n\u201cMe mueve y me impulsa tan s\u00f3lo el dolor de mis compatriotas; que por ser de ellos es m\u00eda. M\u00e1s de 150.000 refugiados espa\u00f1oles, que llevan dos a\u00f1os largos de cautiverio entre alambradas, contin\u00faan hoy, presos de este dolor, flotando en toda clase de enfermedades, luchando con la muerte, tan desahuciados, tan lejanos y olvidados del mundo como en los primeros d\u00edas de nuestro martirio, cuando a\u00fan no se hab\u00eda expandido a bombo y platillo el inmenso dolor de un pueblo esclavizado\u201d.<br \/>\nEn el Umbral, el traductor, Miro Villar afirma:<br \/>\n\u201cNo oculta el autor el duro debate pol\u00edtico entre los propios refugiados, lo que acontece en el exterior y mismo en otros campos, a trav\u00e9s de la correspondencia que reciben, o la discusi\u00f3n pol\u00edtica sobre los criterios a la hora de escoger las personas que podr\u00e1n exiliarse en alguno de los barcos que se est\u00e1n preparando, en un proceso lleno de dificultades (&#8230;) que revelan en ocasiones a baixeza humana en situaciones l\u00edmite\u201d.<\/p>\n","protected":false},"featured_media":5492,"comment_status":"closed","ping_status":"closed","template":"","meta":[],"product_brand":[],"product_cat":[109],"product_tag":[1042],"class_list":{"0":"post-5498","1":"product","2":"type-product","3":"status-publish","4":"has-post-thumbnail","6":"product_author-manuel-garcia-gerpe-es","7":"product_cat-varia-es","8":"product_tag-libros-con-memoria-es","10":"first","11":"instock","12":"taxable","13":"shipping-taxable","14":"purchasable","15":"product-type-simple"},"yoast_head":"<!-- This site is optimized with the Yoast SEO plugin v27.3 - https:\/\/yoast.com\/product\/yoast-seo-wordpress\/ -->\n<title>Aramados - Alvarellos Editora<\/title>\n<meta name=\"description\" content=\"Aramados. C\u00f3mprao na tenda en li\u00f1a de Alvarellos Editora.\" \/>\n<meta name=\"robots\" content=\"index, follow, max-snippet:-1, max-image-preview:large, max-video-preview:-1\" \/>\n<link rel=\"canonical\" href=\"https:\/\/alvarelloseditora.gal\/es\/libro\/aramados\/\" \/>\n<meta property=\"og:locale\" content=\"es_ES\" \/>\n<meta property=\"og:type\" content=\"article\" \/>\n<meta property=\"og:title\" content=\"Aramados - Alvarellos Editora\" \/>\n<meta property=\"og:description\" content=\"Aramados. C\u00f3mprao na tenda en li\u00f1a de Alvarellos Editora.\" \/>\n<meta property=\"og:url\" content=\"https:\/\/alvarelloseditora.gal\/es\/libro\/aramados\/\" \/>\n<meta property=\"og:site_name\" content=\"Alvarellos Editora\" \/>\n<meta property=\"article:publisher\" content=\"https:\/\/www.facebook.com\/alvarelloseditora\" \/>\n<meta property=\"article:modified_time\" content=\"2021-07-12T09:53:07+00:00\" \/>\n<meta property=\"og:image\" content=\"https:\/\/alvarelloseditora.gal\/wp-content\/uploads\/2020\/12\/9788416460830aramados1.jpg\" \/>\n\t<meta property=\"og:image:width\" content=\"1171\" \/>\n\t<meta property=\"og:image:height\" content=\"1566\" \/>\n\t<meta property=\"og:image:type\" content=\"image\/jpeg\" \/>\n<meta name=\"twitter:card\" content=\"summary_large_image\" \/>\n<meta name=\"twitter:site\" content=\"@alvarellos_ed\" \/>\n<!-- \/ Yoast SEO plugin. -->","yoast_head_json":{"title":"Aramados - Alvarellos Editora","description":"Aramados. C\u00f3mprao na tenda en li\u00f1a de Alvarellos Editora.","robots":{"index":"index","follow":"follow","max-snippet":"max-snippet:-1","max-image-preview":"max-image-preview:large","max-video-preview":"max-video-preview:-1"},"canonical":"https:\/\/alvarelloseditora.gal\/es\/libro\/aramados\/","og_locale":"es_ES","og_type":"article","og_title":"Aramados - Alvarellos Editora","og_description":"Aramados. C\u00f3mprao na tenda en li\u00f1a de Alvarellos Editora.","og_url":"https:\/\/alvarelloseditora.gal\/es\/libro\/aramados\/","og_site_name":"Alvarellos Editora","article_publisher":"https:\/\/www.facebook.com\/alvarelloseditora","article_modified_time":"2021-07-12T09:53:07+00:00","og_image":[{"width":1171,"height":1566,"url":"https:\/\/alvarelloseditora.gal\/wp-content\/uploads\/2020\/12\/9788416460830aramados1.jpg","type":"image\/jpeg"}],"twitter_card":"summary_large_image","twitter_site":"@alvarellos_ed","schema":{"@context":"https:\/\/schema.org","@graph":[{"@type":["WebPage","ItemPage"],"@id":"https:\/\/alvarelloseditora.gal\/es\/libro\/aramados\/","url":"https:\/\/alvarelloseditora.gal\/es\/libro\/aramados\/","name":"Aramados - Alvarellos Editora","isPartOf":{"@id":"https:\/\/alvarelloseditora.gal\/#website"},"primaryImageOfPage":{"@id":"https:\/\/alvarelloseditora.gal\/es\/libro\/aramados\/#primaryimage"},"image":{"@id":"https:\/\/alvarelloseditora.gal\/es\/libro\/aramados\/#primaryimage"},"thumbnailUrl":"https:\/\/alvarelloseditora.gal\/wp-content\/uploads\/2020\/12\/9788416460830aramados1.jpg","datePublished":"2020-12-23T10:48:09+00:00","dateModified":"2021-07-12T09:53:07+00:00","description":"Aramados. C\u00f3mprao na tenda en li\u00f1a de Alvarellos Editora.","breadcrumb":{"@id":"https:\/\/alvarelloseditora.gal\/es\/libro\/aramados\/#breadcrumb"},"inLanguage":"es","potentialAction":[{"@type":"ReadAction","target":["https:\/\/alvarelloseditora.gal\/es\/libro\/aramados\/"]}]},{"@type":"ImageObject","inLanguage":"es","@id":"https:\/\/alvarelloseditora.gal\/es\/libro\/aramados\/#primaryimage","url":"https:\/\/alvarelloseditora.gal\/wp-content\/uploads\/2020\/12\/9788416460830aramados1.jpg","contentUrl":"https:\/\/alvarelloseditora.gal\/wp-content\/uploads\/2020\/12\/9788416460830aramados1.jpg","width":1171,"height":1566,"caption":"Aramados"},{"@type":"BreadcrumbList","@id":"https:\/\/alvarelloseditora.gal\/es\/libro\/aramados\/#breadcrumb","itemListElement":[{"@type":"ListItem","position":1,"name":"Portada","item":"https:\/\/alvarelloseditora.gal\/"},{"@type":"ListItem","position":2,"name":"Tienda","item":"https:\/\/alvarelloseditora.gal\/es\/tienda\/"},{"@type":"ListItem","position":3,"name":"Aramados"}]},{"@type":"WebSite","@id":"https:\/\/alvarelloseditora.gal\/#website","url":"https:\/\/alvarelloseditora.gal\/","name":"Alvarellos Editora","description":"Libros para un mundo en tr\u00e1nsito","publisher":{"@id":"https:\/\/alvarelloseditora.gal\/#organization"},"potentialAction":[{"@type":"SearchAction","target":{"@type":"EntryPoint","urlTemplate":"https:\/\/alvarelloseditora.gal\/?s={search_term_string}"},"query-input":{"@type":"PropertyValueSpecification","valueRequired":true,"valueName":"search_term_string"}}],"inLanguage":"es"},{"@type":"Organization","@id":"https:\/\/alvarelloseditora.gal\/#organization","name":"Alvarellos Editora","url":"https:\/\/alvarelloseditora.gal\/","logo":{"@type":"ImageObject","inLanguage":"es","@id":"https:\/\/alvarelloseditora.gal\/#\/schema\/logo\/image\/","url":"https:\/\/alvarelloseditora.gal\/wp-content\/uploads\/2020\/02\/alv-icon.png","contentUrl":"https:\/\/alvarelloseditora.gal\/wp-content\/uploads\/2020\/02\/alv-icon.png","width":177,"height":175,"caption":"Alvarellos Editora"},"image":{"@id":"https:\/\/alvarelloseditora.gal\/#\/schema\/logo\/image\/"},"sameAs":["https:\/\/www.facebook.com\/alvarelloseditora","https:\/\/x.com\/alvarellos_ed"]}]}},"_links":{"self":[{"href":"https:\/\/alvarelloseditora.gal\/es\/wp-json\/wp\/v2\/product\/5498","targetHints":{"allow":["GET"]}}],"collection":[{"href":"https:\/\/alvarelloseditora.gal\/es\/wp-json\/wp\/v2\/product"}],"about":[{"href":"https:\/\/alvarelloseditora.gal\/es\/wp-json\/wp\/v2\/types\/product"}],"replies":[{"embeddable":true,"href":"https:\/\/alvarelloseditora.gal\/es\/wp-json\/wp\/v2\/comments?post=5498"}],"wp:featuredmedia":[{"embeddable":true,"href":"https:\/\/alvarelloseditora.gal\/es\/wp-json\/wp\/v2\/media\/5492"}],"wp:attachment":[{"href":"https:\/\/alvarelloseditora.gal\/es\/wp-json\/wp\/v2\/media?parent=5498"}],"wp:term":[{"taxonomy":"product_brand","embeddable":true,"href":"https:\/\/alvarelloseditora.gal\/es\/wp-json\/wp\/v2\/product_brand?post=5498"},{"taxonomy":"product_cat","embeddable":true,"href":"https:\/\/alvarelloseditora.gal\/es\/wp-json\/wp\/v2\/product_cat?post=5498"},{"taxonomy":"product_tag","embeddable":true,"href":"https:\/\/alvarelloseditora.gal\/es\/wp-json\/wp\/v2\/product_tag?post=5498"}],"curies":[{"name":"wp","href":"https:\/\/api.w.org\/{rel}","templated":true}]}}