{"id":5463,"date":"2024-07-23T10:28:43","date_gmt":"2024-07-23T08:28:43","guid":{"rendered":"https:\/\/nueva.alvarellos.info\/book\/federico-garcia-lorca-en-santiago-de-compostela-edicion-en-castellano\/"},"modified":"2024-11-22T10:52:53","modified_gmt":"2024-11-22T09:52:53","slug":"federico-garcia-lorca-en-santiago-de-compostela-edicion-en-castellano","status":"publish","type":"product","link":"https:\/\/alvarelloseditora.gal\/es\/libro\/federico-garcia-lorca-en-santiago-de-compostela-edicion-en-castellano\/","title":{"rendered":"Federico Garc\u00eda Lorca en Santiago de Compostela [2\u00aa edici\u00f3n actualizada en espa\u00f1ol]"},"content":{"rendered":"<p>&nbsp;<\/p>\n<p><a href=\"https:\/\/alvarelloseditora.gal\/wp-content\/uploads\/2023\/05\/NP_CAST_FGL_en_SDC_2a_edi_nov_2024.pdf\">NP_CAST_FGL_en_SDC_2\u00aa_edi_nov_2024<\/a><\/p>\n<p>&nbsp;<\/p>\n<blockquote class=\"wp-embedded-content\" data-secret=\"xzlgWfWVZR\"><p><a href=\"https:\/\/www.universolorca.com\/\">Universo Lorca<\/a><\/p><\/blockquote>\n<p><iframe loading=\"lazy\" class=\"wp-embedded-content\" sandbox=\"allow-scripts\" security=\"restricted\" style=\"position: absolute; visibility: hidden;\" title=\"\u00abUniverso Lorca\u00bb \u2014 Universo Lorca\" src=\"https:\/\/www.universolorca.com\/embed\/#?secret=kpg9BmdlEQ#?secret=xzlgWfWVZR\" data-secret=\"xzlgWfWVZR\" width=\"600\" height=\"338\" frameborder=\"0\" marginwidth=\"0\" marginheight=\"0\" scrolling=\"no\"><\/iframe><\/p>\n","protected":false},"excerpt":{"rendered":"<p>Henrique Alvarellos<br \/>\n&nbsp;<\/p>\n<p>Pp: 204. Formato 13 x 23 cms.<br \/>\nISBN 978-84-18567-65-0 (2\u00aa edici\u00f3n)<\/p>\n<p>&nbsp;<\/p>\n<p>\u00abLibro imprescindible. \u00a1Qu\u00e9 bien explicado y qu\u00e9 bien estructurado! Una delicia\u00bb.<br \/>\nANTONIO GARC\u00cdA TEIJEIRO. Escritor. Premio Nacional de Literatura<\/p>\n<p>&nbsp;<\/p>\n<p>\u00abUn libro que recorre, minuciosamente y con un admirable pulso narrativo, los pasos del poeta granadino por la ciudad de Santiago\u00bb.<br \/>\nRAM\u00d3N NICOL\u00c1S. Cr\u00edtico literario.<\/p>\n<p>&nbsp;<\/p>\n<p>Segunda edici\u00f3n ampliada (noviembre, 2024) que incluye nuevos datos e im\u00e1genes, y la reproducci\u00f3n de varios manuscritos y debujos en color.<\/p>\n<p>&nbsp;<\/p>\n<p>Pasear con Garc\u00eda Lorca por Santiago de Compostela. O\u00edrlo recitar, cantar, \u00a0tocar el piano, observar c\u00f3mo dibuja, c\u00f3mo escribe, con qui\u00e9n habla, qu\u00e9 lugares visita\u2026 Esta es la cr\u00f3nica del poeta andaluz por tierras gallegas que nos presenta Henrique Alvarellos. Es la historia de una atracci\u00f3n por una ciudad en la que vivir\u00e1 d\u00edas inolvidables y dedicar\u00e1 grandes momentos de creaci\u00f3n.<\/p>\n<p>Un volumen ilustrado con m\u00e1s de 70 documentos\u00a0y fotograf\u00edas, numerosas an\u00e9cdotas y testimonios, muchos de ellos muy desconocidos. Incl\u00faye el trazado de la primera ruta lorquiana por la ciudad de Santiago de Compostela.<\/p>\n<p>&nbsp;<\/p>\n<p>FASCINADO POR SANTIAGO DE COMPOSTELA<\/p>\n<p>&nbsp;<\/p>\n<p>Santiago de Compostela dej\u00f3 fascinado a Federico Garc\u00eda Lorca. Descubre la ciudad con 18 a\u00f1os, durante un viaje de estudios por Galicia\u00ad\u00ad, y muy pronto escribir\u00e1: \u00abEsto me hipnotiza\u00bb. Regresar\u00e1 a Compostela tres veces m\u00e1s, todas en el a\u00f1o 1932, bien como conferenciante, tambi\u00e9n como director de La Barraca y siempre como famos\u00edsimo poeta. En Santiago ser\u00e1 recibido, arropado y obsequiado con la admiraci\u00f3n y la sincera amistad de toda una generaci\u00f3n de estudiantes e intelectuales que, en aquel a\u00f1o de oro de la Rep\u00fablica, animan las calles de esta ciudad medieval portando un triple estandarte de cultura, galleguismo y libertad.<\/p>\n<p>Lorca da a conocer en Compostela algunos de los versos in\u00e9ditos de Poeta en Nueva York, dibuja, canta y toca el piano en el Hotel Compostela, vivir\u00e1 una memorable noche teatral en A Quintana y ser\u00e1 retratado por Carlos Maside y Lu\u00eds Seoane. En diciembre de 1935 saldr\u00e1n publicados en Santiago los Seis poemas galegos, esa impagable ofrenda literaria que el granadino tributar\u00e1 a la lengua y la cultura gallegas.<\/p>\n<p>El presente libro de Henrique Alvarellos que Alvarellos Editora publica en doble versi\u00f3n en castellano y gallego en el\u00a0oto\u00f1o de 2020, camina con Lorca por las r\u00faas de esta ciudad a trav\u00e9s de un minucioso relato narrado en forma de cr\u00f3nica que nos llevar\u00e1 a revivir unos d\u00edas \u00fanicos. Tambi\u00e9n recoge las impresiones del poeta cuando regresa a Madrid, o durante su estancia en Buenos Aires, donde hablar\u00e1 de Galicia con enorme entusiasmo. Este volumen incorpora adem\u00e1s numerosos datos y m\u00e1s de setenta ilustraciones y documentos, muchos de ellos muy desconocidos. Y concluye con el rescate de valientes testimonios que, despu\u00e9s de su asesinato, lucharon por mantener viva, durante la longa noite de pedra, la memoria de este eterno Lorca en Compostela.<\/p>\n<p>&nbsp;<\/p>\n<p>UNA RUTA CON 14 LUGARES IMPRESCINDIBLES<\/p>\n<p>&nbsp;<\/p>\n<p>Finalmente, el autor traza, por vez primera, una ruta lorquiana por Santiago de Compostela, con 14 lugares imprescindibles.<\/p>\n<p>&nbsp;<\/p>\n<p>NP_CAST_FGL_en_SDC_2\u00aa_edi_nov_2024<\/p>\n","protected":false},"featured_media":9199,"comment_status":"closed","ping_status":"closed","template":"","meta":[],"product_brand":[],"product_cat":[105],"product_tag":[1042,1045],"class_list":{"0":"post-5463","1":"product","2":"type-product","3":"status-publish","4":"has-post-thumbnail","6":"product_author-henrique-alvarellos-casas-es","7":"product_cat-oeste-es","8":"product_tag-libros-con-memoria-es","9":"product_tag-santiago-de-compostela-y-el-camino","11":"first","12":"instock","13":"taxable","14":"shipping-taxable","15":"purchasable","16":"product-type-simple"},"yoast_head":"<!-- This site is optimized with the Yoast SEO plugin v27.3 - https:\/\/yoast.com\/product\/yoast-seo-wordpress\/ -->\n<title>Federico Garc\u00eda Lorca en Santiago de Compostela [2\u00aa edici\u00f3n actualizada en espa\u00f1ol] - Alvarellos Editora<\/title>\n<meta name=\"description\" content=\"Federico Garc\u00eda Lorca en Santiago de Compostela [2\u00aa edici\u00f3n actualizada en espa\u00f1ol]. C\u00f3mprao na tenda en li\u00f1a de Alvarellos Editora.\" \/>\n<meta name=\"robots\" content=\"index, follow, max-snippet:-1, max-image-preview:large, max-video-preview:-1\" \/>\n<link rel=\"canonical\" href=\"https:\/\/alvarelloseditora.gal\/es\/libro\/federico-garcia-lorca-en-santiago-de-compostela-edicion-en-castellano\/\" \/>\n<meta property=\"og:locale\" content=\"es_ES\" \/>\n<meta property=\"og:type\" content=\"article\" \/>\n<meta property=\"og:title\" content=\"Federico Garc\u00eda Lorca en Santiago de Compostela [2\u00aa edici\u00f3n actualizada en espa\u00f1ol] - Alvarellos Editora\" \/>\n<meta property=\"og:description\" content=\"Federico Garc\u00eda Lorca en Santiago de Compostela [2\u00aa edici\u00f3n actualizada en espa\u00f1ol]. C\u00f3mprao na tenda en li\u00f1a de Alvarellos Editora.\" \/>\n<meta property=\"og:url\" content=\"https:\/\/alvarelloseditora.gal\/es\/libro\/federico-garcia-lorca-en-santiago-de-compostela-edicion-en-castellano\/\" \/>\n<meta property=\"og:site_name\" content=\"Alvarellos Editora\" \/>\n<meta property=\"article:publisher\" content=\"https:\/\/www.facebook.com\/alvarelloseditora\" \/>\n<meta property=\"article:modified_time\" content=\"2024-11-22T09:52:53+00:00\" \/>\n<meta property=\"og:image\" content=\"https:\/\/alvarelloseditora.gal\/wp-content\/uploads\/2023\/05\/9788418567650FGLENSGODECSEGUNDAEDIC-2.jpg\" \/>\n\t<meta property=\"og:image:width\" content=\"1362\" \/>\n\t<meta property=\"og:image:height\" content=\"2402\" \/>\n\t<meta property=\"og:image:type\" content=\"image\/jpeg\" \/>\n<meta name=\"twitter:card\" content=\"summary_large_image\" \/>\n<meta name=\"twitter:site\" content=\"@alvarellos_ed\" \/>\n<meta name=\"twitter:label1\" content=\"Tiempo de lectura\" \/>\n\t<meta name=\"twitter:data1\" content=\"1 minuto\" \/>\n<!-- \/ Yoast SEO plugin. -->","yoast_head_json":{"title":"Federico Garc\u00eda Lorca en Santiago de Compostela [2\u00aa edici\u00f3n actualizada en espa\u00f1ol] - Alvarellos Editora","description":"Federico Garc\u00eda Lorca en Santiago de Compostela [2\u00aa edici\u00f3n actualizada en espa\u00f1ol]. C\u00f3mprao na tenda en li\u00f1a de Alvarellos Editora.","robots":{"index":"index","follow":"follow","max-snippet":"max-snippet:-1","max-image-preview":"max-image-preview:large","max-video-preview":"max-video-preview:-1"},"canonical":"https:\/\/alvarelloseditora.gal\/es\/libro\/federico-garcia-lorca-en-santiago-de-compostela-edicion-en-castellano\/","og_locale":"es_ES","og_type":"article","og_title":"Federico Garc\u00eda Lorca en Santiago de Compostela [2\u00aa edici\u00f3n actualizada en espa\u00f1ol] - Alvarellos Editora","og_description":"Federico Garc\u00eda Lorca en Santiago de Compostela [2\u00aa edici\u00f3n actualizada en espa\u00f1ol]. C\u00f3mprao na tenda en li\u00f1a de Alvarellos Editora.","og_url":"https:\/\/alvarelloseditora.gal\/es\/libro\/federico-garcia-lorca-en-santiago-de-compostela-edicion-en-castellano\/","og_site_name":"Alvarellos Editora","article_publisher":"https:\/\/www.facebook.com\/alvarelloseditora","article_modified_time":"2024-11-22T09:52:53+00:00","og_image":[{"width":1362,"height":2402,"url":"https:\/\/alvarelloseditora.gal\/wp-content\/uploads\/2023\/05\/9788418567650FGLENSGODECSEGUNDAEDIC-2.jpg","type":"image\/jpeg"}],"twitter_card":"summary_large_image","twitter_site":"@alvarellos_ed","twitter_misc":{"Tiempo de lectura":"1 minuto"},"schema":{"@context":"https:\/\/schema.org","@graph":[{"@type":["WebPage","ItemPage"],"@id":"https:\/\/alvarelloseditora.gal\/es\/libro\/federico-garcia-lorca-en-santiago-de-compostela-edicion-en-castellano\/","url":"https:\/\/alvarelloseditora.gal\/es\/libro\/federico-garcia-lorca-en-santiago-de-compostela-edicion-en-castellano\/","name":"Federico Garc\u00eda Lorca en Santiago de Compostela [2\u00aa edici\u00f3n actualizada en espa\u00f1ol] - Alvarellos Editora","isPartOf":{"@id":"https:\/\/alvarelloseditora.gal\/#website"},"primaryImageOfPage":{"@id":"https:\/\/alvarelloseditora.gal\/es\/libro\/federico-garcia-lorca-en-santiago-de-compostela-edicion-en-castellano\/#primaryimage"},"image":{"@id":"https:\/\/alvarelloseditora.gal\/es\/libro\/federico-garcia-lorca-en-santiago-de-compostela-edicion-en-castellano\/#primaryimage"},"thumbnailUrl":"https:\/\/alvarelloseditora.gal\/wp-content\/uploads\/2023\/05\/9788418567650FGLENSGODECSEGUNDAEDIC-2.jpg","datePublished":"2024-07-23T08:28:43+00:00","dateModified":"2024-11-22T09:52:53+00:00","description":"Federico Garc\u00eda Lorca en Santiago de Compostela [2\u00aa edici\u00f3n actualizada en espa\u00f1ol]. C\u00f3mprao na tenda en li\u00f1a de Alvarellos Editora.","breadcrumb":{"@id":"https:\/\/alvarelloseditora.gal\/es\/libro\/federico-garcia-lorca-en-santiago-de-compostela-edicion-en-castellano\/#breadcrumb"},"inLanguage":"es","potentialAction":[{"@type":"ReadAction","target":["https:\/\/alvarelloseditora.gal\/es\/libro\/federico-garcia-lorca-en-santiago-de-compostela-edicion-en-castellano\/"]}]},{"@type":"ImageObject","inLanguage":"es","@id":"https:\/\/alvarelloseditora.gal\/es\/libro\/federico-garcia-lorca-en-santiago-de-compostela-edicion-en-castellano\/#primaryimage","url":"https:\/\/alvarelloseditora.gal\/wp-content\/uploads\/2023\/05\/9788418567650FGLENSGODECSEGUNDAEDIC-2.jpg","contentUrl":"https:\/\/alvarelloseditora.gal\/wp-content\/uploads\/2023\/05\/9788418567650FGLENSGODECSEGUNDAEDIC-2.jpg","width":1362,"height":2402},{"@type":"BreadcrumbList","@id":"https:\/\/alvarelloseditora.gal\/es\/libro\/federico-garcia-lorca-en-santiago-de-compostela-edicion-en-castellano\/#breadcrumb","itemListElement":[{"@type":"ListItem","position":1,"name":"Portada","item":"https:\/\/alvarelloseditora.gal\/"},{"@type":"ListItem","position":2,"name":"Tienda","item":"https:\/\/alvarelloseditora.gal\/es\/tienda\/"},{"@type":"ListItem","position":3,"name":"Federico Garc\u00eda Lorca en Santiago de Compostela [2\u00aa edici\u00f3n actualizada en espa\u00f1ol]"}]},{"@type":"WebSite","@id":"https:\/\/alvarelloseditora.gal\/#website","url":"https:\/\/alvarelloseditora.gal\/","name":"Alvarellos Editora","description":"Libros para un mundo en tr\u00e1nsito","publisher":{"@id":"https:\/\/alvarelloseditora.gal\/#organization"},"potentialAction":[{"@type":"SearchAction","target":{"@type":"EntryPoint","urlTemplate":"https:\/\/alvarelloseditora.gal\/?s={search_term_string}"},"query-input":{"@type":"PropertyValueSpecification","valueRequired":true,"valueName":"search_term_string"}}],"inLanguage":"es"},{"@type":"Organization","@id":"https:\/\/alvarelloseditora.gal\/#organization","name":"Alvarellos Editora","url":"https:\/\/alvarelloseditora.gal\/","logo":{"@type":"ImageObject","inLanguage":"es","@id":"https:\/\/alvarelloseditora.gal\/#\/schema\/logo\/image\/","url":"https:\/\/alvarelloseditora.gal\/wp-content\/uploads\/2020\/02\/alv-icon.png","contentUrl":"https:\/\/alvarelloseditora.gal\/wp-content\/uploads\/2020\/02\/alv-icon.png","width":177,"height":175,"caption":"Alvarellos Editora"},"image":{"@id":"https:\/\/alvarelloseditora.gal\/#\/schema\/logo\/image\/"},"sameAs":["https:\/\/www.facebook.com\/alvarelloseditora","https:\/\/x.com\/alvarellos_ed"]}]}},"_links":{"self":[{"href":"https:\/\/alvarelloseditora.gal\/es\/wp-json\/wp\/v2\/product\/5463","targetHints":{"allow":["GET"]}}],"collection":[{"href":"https:\/\/alvarelloseditora.gal\/es\/wp-json\/wp\/v2\/product"}],"about":[{"href":"https:\/\/alvarelloseditora.gal\/es\/wp-json\/wp\/v2\/types\/product"}],"replies":[{"embeddable":true,"href":"https:\/\/alvarelloseditora.gal\/es\/wp-json\/wp\/v2\/comments?post=5463"}],"wp:featuredmedia":[{"embeddable":true,"href":"https:\/\/alvarelloseditora.gal\/es\/wp-json\/wp\/v2\/media\/9199"}],"wp:attachment":[{"href":"https:\/\/alvarelloseditora.gal\/es\/wp-json\/wp\/v2\/media?parent=5463"}],"wp:term":[{"taxonomy":"product_brand","embeddable":true,"href":"https:\/\/alvarelloseditora.gal\/es\/wp-json\/wp\/v2\/product_brand?post=5463"},{"taxonomy":"product_cat","embeddable":true,"href":"https:\/\/alvarelloseditora.gal\/es\/wp-json\/wp\/v2\/product_cat?post=5463"},{"taxonomy":"product_tag","embeddable":true,"href":"https:\/\/alvarelloseditora.gal\/es\/wp-json\/wp\/v2\/product_tag?post=5463"}],"curies":[{"name":"wp","href":"https:\/\/api.w.org\/{rel}","templated":true}]}}