{"id":5385,"date":"2020-10-21T12:57:08","date_gmt":"2020-12-17T12:13:25","guid":{"rendered":"https:\/\/nueva.alvarellos.info\/?post_type=product&#038;p=5385"},"modified":"2022-09-20T13:53:32","modified_gmt":"2022-09-20T11:53:32","slug":"viva-la-libertad","status":"publish","type":"product","link":"https:\/\/alvarelloseditora.gal\/es\/libro\/viva-la-libertad\/","title":{"rendered":"\u00a1Viva la libertad!"},"content":{"rendered":"<p><a href=\"https:\/\/alvarelloseditora.gal\/wp-content\/uploads\/prensa\/NP_CAST_VIVA_LA_LIBERTAD.pdf\">PDF [Ficha y Nota de prensa]<\/a><\/p>\n","protected":false},"excerpt":{"rendered":"<p>La silenciada historia del maestro Fernando Barcia en el Santiago de la segunda Rep\u00fablica<br \/>\n&nbsp;<br \/>\nMiguel Paz Cabo<br \/>\n&nbsp;<\/p>\n<p>Pp: 264. Formato 13 x 23 cms.<br \/>\nISBN 978-84-16460-73-1<\/p>\n<p>&nbsp;<br \/>\nFernando Barcia Orillas es una de las figuras m\u00e1s destacadas del Santiago republicano, no obstante, su nombre permaneci\u00f3 hasta el d\u00eda de hoy en el olvido, incluso de sus propios compa\u00f1eros. Presidi\u00f3 la Asociaci\u00f3n Socialista de Santiago desde 1931 hasta su asesinato en 1938; maestro rural y presidente de la Asociaci\u00f3n de Trabajadores de la Ense\u00f1anza, desempe\u00f1\u00f3 un papel fundamental durante los meses del gobierno de la Frente Popular y en la aprobaci\u00f3n del Estatuto de Autonom\u00eda de Galicia. Su relevancia pol\u00edtica y su car\u00e1cter lo llevaron finalmente a presidir el Comit\u00e9 Ejecutivo para la Defensa de la Rep\u00fablica, encargado de organizar la resistencia al golpe de estado de julio de 1936. Esta obra rescata su figura y, con la ayuda de fuentes orales, archivos familiares y militares, hemerotecas, etc., reconstruye, a trav\u00e9s de su vida, la historia del Santiago republicano, sus calles y tiendas, su bullicio y sus protagonistas.<br \/>\nJuan Jes\u00fas Gonz\u00e1lez, Jes\u00fas Parrado, Ramona Blanco, vuelven a visitar estos lugares encontr\u00e1ndose con siniestros personajes como Otilia Ulbricht o V\u00edctor Mu\u00f1oz.<br \/>\nUna reconstrucci\u00f3n hist\u00f3rica que nos permite reflexionar sobre el significado y el alcance de la represi\u00f3n franquista. Este ensayo \u2013que equilibra perfectamente el rigor documental y la claridad de la exposici\u00f3n\u2013 se enriquece con m\u00e1s de cincuenta im\u00e1genes y documentos \u2013que incluyen las cartas de despedida de Fernando Barcia\u2013 y 17 ilustraciones del pintor Alfonso Mart\u00ednez. Incluye, por fin, y por primera vez, una ruta completa por el Santiago republicano. Pp: 264. Formato 13 x 23 cms. ISBN 978-84-16460-73-1<\/p>\n","protected":false},"featured_media":5471,"comment_status":"closed","ping_status":"closed","template":"","meta":[],"product_brand":[],"product_cat":[105],"product_tag":[1042],"class_list":{"0":"post-5385","1":"product","2":"type-product","3":"status-publish","4":"has-post-thumbnail","6":"product_author-miguel-paz-cabo-es","7":"product_cat-oeste-es","8":"product_tag-libros-con-memoria-es","10":"first","11":"instock","12":"taxable","13":"shipping-taxable","14":"purchasable","15":"product-type-simple"},"yoast_head":"<!-- This site is optimized with the Yoast SEO plugin v27.3 - https:\/\/yoast.com\/product\/yoast-seo-wordpress\/ -->\n<title>\u00a1Viva la libertad! - Alvarellos Editora<\/title>\n<meta name=\"description\" content=\"\u00a1Viva la libertad!. C\u00f3mprao na tenda en li\u00f1a de Alvarellos Editora.\" \/>\n<meta name=\"robots\" content=\"index, follow, max-snippet:-1, max-image-preview:large, max-video-preview:-1\" \/>\n<link rel=\"canonical\" href=\"https:\/\/alvarelloseditora.gal\/es\/libro\/viva-la-libertad\/\" \/>\n<meta property=\"og:locale\" content=\"es_ES\" \/>\n<meta property=\"og:type\" content=\"article\" \/>\n<meta property=\"og:title\" content=\"\u00a1Viva la libertad! - Alvarellos Editora\" \/>\n<meta property=\"og:description\" content=\"\u00a1Viva la libertad!. C\u00f3mprao na tenda en li\u00f1a de Alvarellos Editora.\" \/>\n<meta property=\"og:url\" content=\"https:\/\/alvarelloseditora.gal\/es\/libro\/viva-la-libertad\/\" \/>\n<meta property=\"og:site_name\" content=\"Alvarellos Editora\" \/>\n<meta property=\"article:publisher\" content=\"https:\/\/www.facebook.com\/alvarelloseditora\" \/>\n<meta property=\"article:modified_time\" content=\"2022-09-20T11:53:32+00:00\" \/>\n<meta property=\"og:image\" content=\"https:\/\/alvarelloseditora.gal\/wp-content\/uploads\/2020\/10\/9788416460731vivalalibertad1.jpg\" \/>\n\t<meta property=\"og:image:width\" content=\"444\" \/>\n\t<meta property=\"og:image:height\" content=\"800\" \/>\n\t<meta property=\"og:image:type\" content=\"image\/jpeg\" \/>\n<meta name=\"twitter:card\" content=\"summary_large_image\" \/>\n<meta name=\"twitter:site\" content=\"@alvarellos_ed\" \/>\n<meta name=\"twitter:label1\" content=\"Tiempo de lectura\" \/>\n\t<meta name=\"twitter:data1\" content=\"1 minuto\" \/>\n<!-- \/ Yoast SEO plugin. -->","yoast_head_json":{"title":"\u00a1Viva la libertad! - Alvarellos Editora","description":"\u00a1Viva la libertad!. C\u00f3mprao na tenda en li\u00f1a de Alvarellos Editora.","robots":{"index":"index","follow":"follow","max-snippet":"max-snippet:-1","max-image-preview":"max-image-preview:large","max-video-preview":"max-video-preview:-1"},"canonical":"https:\/\/alvarelloseditora.gal\/es\/libro\/viva-la-libertad\/","og_locale":"es_ES","og_type":"article","og_title":"\u00a1Viva la libertad! - Alvarellos Editora","og_description":"\u00a1Viva la libertad!. C\u00f3mprao na tenda en li\u00f1a de Alvarellos Editora.","og_url":"https:\/\/alvarelloseditora.gal\/es\/libro\/viva-la-libertad\/","og_site_name":"Alvarellos Editora","article_publisher":"https:\/\/www.facebook.com\/alvarelloseditora","article_modified_time":"2022-09-20T11:53:32+00:00","og_image":[{"width":444,"height":800,"url":"https:\/\/alvarelloseditora.gal\/wp-content\/uploads\/2020\/10\/9788416460731vivalalibertad1.jpg","type":"image\/jpeg"}],"twitter_card":"summary_large_image","twitter_site":"@alvarellos_ed","twitter_misc":{"Tiempo de lectura":"1 minuto"},"schema":{"@context":"https:\/\/schema.org","@graph":[{"@type":["WebPage","ItemPage"],"@id":"https:\/\/alvarelloseditora.gal\/es\/libro\/viva-la-libertad\/","url":"https:\/\/alvarelloseditora.gal\/es\/libro\/viva-la-libertad\/","name":"\u00a1Viva la libertad! - Alvarellos Editora","isPartOf":{"@id":"https:\/\/alvarelloseditora.gal\/#website"},"primaryImageOfPage":{"@id":"https:\/\/alvarelloseditora.gal\/es\/libro\/viva-la-libertad\/#primaryimage"},"image":{"@id":"https:\/\/alvarelloseditora.gal\/es\/libro\/viva-la-libertad\/#primaryimage"},"thumbnailUrl":"https:\/\/alvarelloseditora.gal\/wp-content\/uploads\/2020\/10\/9788416460731vivalalibertad1.jpg","datePublished":"2020-12-17T12:13:25+00:00","dateModified":"2022-09-20T11:53:32+00:00","description":"\u00a1Viva la libertad!. C\u00f3mprao na tenda en li\u00f1a de Alvarellos Editora.","breadcrumb":{"@id":"https:\/\/alvarelloseditora.gal\/es\/libro\/viva-la-libertad\/#breadcrumb"},"inLanguage":"es","potentialAction":[{"@type":"ReadAction","target":["https:\/\/alvarelloseditora.gal\/es\/libro\/viva-la-libertad\/"]}]},{"@type":"ImageObject","inLanguage":"es","@id":"https:\/\/alvarelloseditora.gal\/es\/libro\/viva-la-libertad\/#primaryimage","url":"https:\/\/alvarelloseditora.gal\/wp-content\/uploads\/2020\/10\/9788416460731vivalalibertad1.jpg","contentUrl":"https:\/\/alvarelloseditora.gal\/wp-content\/uploads\/2020\/10\/9788416460731vivalalibertad1.jpg","width":444,"height":800,"caption":"Viva la libertad"},{"@type":"BreadcrumbList","@id":"https:\/\/alvarelloseditora.gal\/es\/libro\/viva-la-libertad\/#breadcrumb","itemListElement":[{"@type":"ListItem","position":1,"name":"Portada","item":"https:\/\/alvarelloseditora.gal\/"},{"@type":"ListItem","position":2,"name":"Tienda","item":"https:\/\/alvarelloseditora.gal\/es\/tienda\/"},{"@type":"ListItem","position":3,"name":"\u00a1Viva la libertad!"}]},{"@type":"WebSite","@id":"https:\/\/alvarelloseditora.gal\/#website","url":"https:\/\/alvarelloseditora.gal\/","name":"Alvarellos Editora","description":"Libros para un mundo en tr\u00e1nsito","publisher":{"@id":"https:\/\/alvarelloseditora.gal\/#organization"},"potentialAction":[{"@type":"SearchAction","target":{"@type":"EntryPoint","urlTemplate":"https:\/\/alvarelloseditora.gal\/?s={search_term_string}"},"query-input":{"@type":"PropertyValueSpecification","valueRequired":true,"valueName":"search_term_string"}}],"inLanguage":"es"},{"@type":"Organization","@id":"https:\/\/alvarelloseditora.gal\/#organization","name":"Alvarellos Editora","url":"https:\/\/alvarelloseditora.gal\/","logo":{"@type":"ImageObject","inLanguage":"es","@id":"https:\/\/alvarelloseditora.gal\/#\/schema\/logo\/image\/","url":"https:\/\/alvarelloseditora.gal\/wp-content\/uploads\/2020\/02\/alv-icon.png","contentUrl":"https:\/\/alvarelloseditora.gal\/wp-content\/uploads\/2020\/02\/alv-icon.png","width":177,"height":175,"caption":"Alvarellos Editora"},"image":{"@id":"https:\/\/alvarelloseditora.gal\/#\/schema\/logo\/image\/"},"sameAs":["https:\/\/www.facebook.com\/alvarelloseditora","https:\/\/x.com\/alvarellos_ed"]}]}},"_links":{"self":[{"href":"https:\/\/alvarelloseditora.gal\/es\/wp-json\/wp\/v2\/product\/5385","targetHints":{"allow":["GET"]}}],"collection":[{"href":"https:\/\/alvarelloseditora.gal\/es\/wp-json\/wp\/v2\/product"}],"about":[{"href":"https:\/\/alvarelloseditora.gal\/es\/wp-json\/wp\/v2\/types\/product"}],"replies":[{"embeddable":true,"href":"https:\/\/alvarelloseditora.gal\/es\/wp-json\/wp\/v2\/comments?post=5385"}],"wp:featuredmedia":[{"embeddable":true,"href":"https:\/\/alvarelloseditora.gal\/es\/wp-json\/wp\/v2\/media\/5471"}],"wp:attachment":[{"href":"https:\/\/alvarelloseditora.gal\/es\/wp-json\/wp\/v2\/media?parent=5385"}],"wp:term":[{"taxonomy":"product_brand","embeddable":true,"href":"https:\/\/alvarelloseditora.gal\/es\/wp-json\/wp\/v2\/product_brand?post=5385"},{"taxonomy":"product_cat","embeddable":true,"href":"https:\/\/alvarelloseditora.gal\/es\/wp-json\/wp\/v2\/product_cat?post=5385"},{"taxonomy":"product_tag","embeddable":true,"href":"https:\/\/alvarelloseditora.gal\/es\/wp-json\/wp\/v2\/product_tag?post=5385"}],"curies":[{"name":"wp","href":"https:\/\/api.w.org\/{rel}","templated":true}]}}