{"id":5258,"date":"2019-12-27T13:40:34","date_gmt":"2019-12-27T13:40:34","guid":{"rendered":"https:\/\/nueva.alvarellos.info\/book\/el-ultimo-amante-de-marilyn-2\/"},"modified":"2024-09-10T10:25:50","modified_gmt":"2024-09-10T08:25:50","slug":"el-ultimo-amante-de-marilyn-2","status":"publish","type":"product","link":"https:\/\/alvarelloseditora.gal\/es\/libro\/el-ultimo-amante-de-marilyn-2\/","title":{"rendered":"El \u00faltimo amante de Marilyn"},"content":{"rendered":"<p>04-06-2016 <strong>La Voz de Galicia<\/strong> <a href=\"http:\/\/www.lavozdegalicia.es\/noticia\/amarina\/2016\/06\/04\/jose-bolanos-ultimo-amante-marilyn-monroe-nieto-emigrante-burela\/0003_201606X4C2991.htm\">Jos\u00e9 Bola\u00f1os, \u00faltimo amante de Marilyn<\/a><\/p>\n<p>24-03-2015 <strong>La Opinion<\/strong>\u00a0<a href=\"http:\/\/www.laopinioncoruna.es\/sociedad\/2015\/03\/23\/amor-perdio-marilyn\/939760.html\">http:\/\/www.laopinioncoruna.es\/sociedad\/2015\/03\/23\/amor-perdio-marilyn\/939760.html<\/a><\/p>\n<p><a href=\"http:\/\/www.letraslibres.com\/blogs\/polifonia\/50-anos-de-su-muerte-esta-mas-viva-que-nunca-0\" target=\"_blank\" rel=\"noopener noreferrer\"><em>10\/08\/2012<\/em>, <strong>LetrasLibres.com<\/strong>, \u00abA 50 a\u00f1os de su muerte, est\u00e1 m\u00e1s viva que nunca\u00bb<\/a><\/p>\n<p><a href=\"http:\/\/www.rtve.es\/alacarta\/videos\/telexornal-galicia\/telexornal-galicia---17-05-12\/1410036\/\" target=\"_blank\" rel=\"noopener noreferrer\"><em>17\/05\/2012<\/em>, 17-05-2012. Telexornal de <strong>TVE-Galicia<\/strong>. Minutos 17&#8217;10\u00bb a 20&#8217;50\u00bb. <\/a><\/p>\n<p><a href=\"http:\/\/www.crtvg.es\/crtvg\/canles-tematicas\/corte-a-corte\/libros-el-ultimo-amante-de-marilyn-de-xavier-navaza#.T6bGs1Lgy7I\" target=\"_blank\" rel=\"noopener noreferrer\"><em>07\/05\/2012<\/em>, <strong>Crtvg<\/strong>, \u00bbLibros: \u00abEl \u00faltimo amante de Marilyn\u00bb, de Xavier Navaza\u00bb<\/a><\/p>\n<p><em>23\/04\/2012<\/em>, <strong>zocalo.com<\/strong>, \u00bbMexicano, el \u00faltimo amante de Marilyn Monroe\u00bb<\/p>\n<p><a href=\"http:\/\/mx.hola.com\/cine\/201204191184\/marylin-monroe-romance\/\" target=\"_blank\" rel=\"noopener noreferrer\"><em>20\/04\/2012<\/em>, <strong>Hola Mexico<\/strong>, \u00bbEl \u00faltimo romance de Marilyn Monroe, \u00bfcon un mexicano?; el escrito Xavier Navaza revela el secreto\u00bb<\/a><\/p>\n<p><a href=\"http:\/\/www.tabascohoy.com\/noticia.php?id_nota=243081\" target=\"_blank\" rel=\"noopener noreferrer\"><em>20\/04\/2012<\/em>, <strong>Tabasco Hoy<\/strong>, \u00bbTuvo Marilyn Monroe amante mexicano\u00bb<\/a><\/p>\n<p><a href=\"https:\/\/alvarelloseditora.gal\/wp-content\/uploads\/prensa\/Revista-Pronto-070412-n\u00ba-2083.pdf\" target=\"_blank\" rel=\"noopener noreferrer\"><em>10\/04\/2012<\/em>, <strong>Revista Pronto<\/strong>, \u00bbUn mexicano de origen gallego fue el \u00faltimo amante de Marilyn Monroe\u00bb<\/a><\/p>\n<p><a href=\"http:\/\/elprogreso.galiciae.com\/nova\/163147.html\" target=\"_blank\" rel=\"noopener noreferrer\"><em>10\/04\/2012<\/em>, <strong>El Progreso<\/strong>, \u00bbL\u00e1stima de rapaza, sempre peneque\u00bb<\/a><\/p>\n<p><a href=\"http:\/\/www.antena3.com\/noticias\/cultura\/ultimo-amante-marilyn-monroe-fue-prosovietico-gallego_2012032800023.html\" target=\"_blank\" rel=\"noopener noreferrer\"><em>29\/03\/2012<\/em>, <strong>Antena3.com<\/strong>, \u00abEl \u00faltimo amante de Marilyn Monroe fue un prosovi\u00e9tico gallego\u00bb<\/a><\/p>\n<p><a href=\"https:\/\/alvarelloseditora.gal\/wp-content\/uploads\/prensa\/El Correo Gallego-Marilyn-recort, 280312.pdf\" target=\"_blank\" rel=\"noopener noreferrer\"><em>29\/03\/2012<\/em>, <strong>En Correo Gallego<\/strong>, \u00abEl \u00faltimo amante de Marilyn tuvo labios de origen gallego\u00bb<\/a><\/p>\n<p><a href=\"http:\/\/ccaa.elpais.com\/ccaa\/2012\/03\/16\/galicia\/1331926970_154184.html\" target=\"_blank\" rel=\"noopener noreferrer\"><em>19\/03\/2012<\/em>,<strong> El Pa\u00eds<\/strong>, \u00abMarilyn, gallegos, Nixon, Fidel\u00bb<\/a><\/p>\n<p><a href=\"http:\/\/antoncastro.blogia.com\/2012\/031402-marilyn-monroe-y-jose-bolanos.php\" target=\"_blank\" rel=\"noopener noreferrer\"><em>14\/03\/2012<\/em>, \u00abMarilyn Monroe y Jos\u00e9 Bola\u00f1os\u00bb<\/a><\/p>\n<p><em>12\/03\/2012<\/em>, <strong>Galicia 24 horas<\/strong>, \u00abEl \u00faltimo amante -gallego- de Marilyn\u00bb<\/p>\n<p><em>11\/03\/2012<\/em>, <strong>La Prensa de Bolivia<\/strong>, \u00abAparece el amante gallego de Marilyn Monroe\u00bb<\/p>\n<p><a href=\"http:\/\/www.abc.es\/20120310\/estilo\/abcp-marilyn-20120310.html\" target=\"_blank\" rel=\"noopener noreferrer\"><em>10\/03\/2012<\/em>, <strong>ABC.es<\/strong>, \u00abEl amante gallego de Marilyn\u00bb<\/a><\/p>\n<p><a href=\"http:\/\/www.abc.es\/agencias\/noticia.asp?noticia=1120634\" target=\"_blank\" rel=\"noopener noreferrer\"><em>10\/03\/2012<\/em>, <strong>ABC.es<\/strong>, \u00abLibro evoca el t\u00f3rrido romance de Marilyn con un cineasta de origen gallego\u00bb<\/a><\/p>\n<p><a href=\"http:\/\/www.expresodetuxpan.com\/?p=4607\" target=\"_blank\" rel=\"noopener noreferrer\"><em>10\/03\/2012<\/em>, <strong>De Tuxpan Expreso<\/strong>, \u00abEl libro \u00abEl \u00faltimo amante de Marilyn\u00bb reconstruye el declive de la actriz y un apasionado romance\u00bb<\/a><\/p>\n<p><a href=\"https:\/\/alvarelloseditora.gal\/wp-content\/uploads\/prensa\/De_luns_a_Venres_070312_Entrev_X_Navaza.pdf\" target=\"_blank\" rel=\"noopener noreferrer\"><em>07\/03\/2012<\/em>, <strong>De Luns a Venres<\/strong>, &#8216;\u201cO meu libro fala de galegos an\u00f3nimos que viviron no mundo de Marilyn\u201d\u00bb<\/a><\/p>\n<p><a href=\"http:\/\/www.crtvg.es\/crtvg\/canles-tematicas\/corte-a-corte\/entrevista-a-xavier-navaza-polo-libro-o-ultimo-amante-de-marilyn\" target=\"_blank\" rel=\"noopener noreferrer\"><em>05\/03\/2012<\/em>, <strong>TVG-2.<\/strong> Mar\u00eda Solar entrevista a Xavier Navaza en \u00abZig-Zag diario\u00bb&#8216;<\/a><\/p>\n<p><a href=\"http:\/\/www.elcorreogallego.es\/tendencias\/ecg\/carlos-velo-jose-bolanos-luis-soto-y-el-final-de-marilyn\/idEdicion-2012-03-04\/idNoticia-734595\/\" target=\"_blank\" rel=\"noopener noreferrer\"><em>04\/03\/2012<\/em>, <strong>El Correo Gallego<\/strong>, Carlos Velo, Jos\u00e9 Bola\u00f1os, Luis Soto y el final de Marilyn [+ entrevista completa en Radio Obradoiro, programa \u00abEl s\u00e1bado libro\u00bb de Jos\u00e9 Miguel Gir\u00e1ldez. 3-3-12]<\/a><\/p>\n<p><a href=\"http:\/\/www.radioobradoiro.com\/portada\/ro\/xavier-navaza-marilyn-monroe-invitados-hoy-sabado-libro\/idEdicion-2012-03-03\/idNoticia-734452\/\" target=\"_blank\" rel=\"noopener noreferrer\"><em>03\/03\/2012<\/em>, <strong>Radio Obradoiro<\/strong>, Xavier Navaza y Marilyn Monroe, invitados hoy en &#8216;El s\u00e1bado libro&#8217;<\/a><\/p>\n<p><a href=\"https:\/\/alvarelloseditora.gal\/wp-content\/uploads\/arquivos\/audio\/Radio_Galega_Marilyn.mp3\" target=\"_blank\" rel=\"noopener noreferrer\"><em>01\/02\/2012<\/em>, Entrevista a Xavier Navaza. Programa \u00abA Tarde\u00bb.<strong> Radio Galega<\/strong>. <\/a><\/p>\n","protected":false},"excerpt":{"rendered":"<p>La historia aun no hab\u00eda sido contada por completo. Hasta ahora. Sucedi\u00f3 en M\u00e9xico. Hace medio siglo\u2026<br \/>\nFormato: 264 pp. 14&#215;21 cm<br \/>\nISBN: 978-84-89323-78-0<\/p>\n<p>&nbsp;<\/p>\n<p>El periodista Xavier Navaza (Lal\u00edn, 1948) reconstruye los \u00faltimos meses de vida de la actriz Marilyn Monroe y su relaci\u00f3n con el productor de cine de origen gallego, Jos\u00e9 Bola\u00f1os. Como si se tratase de uno de aquellos impactantes reportajes que Navaza elaboraba para las revistas Intervi\u00fa o La Calle en los a\u00f1os 70 y 80, El \u00faltimo amante de Marilyn tiene todos los ingredientes de una potente cr\u00f3nica period\u00edstica y tambi\u00e9n los atractivos de una gran novela.<\/p>\n<p>Y va m\u00e1s all\u00e1 de Marilyn. Huye del mito y regresa constantemente a \u00e9l, en una trama de historias entrelazadas. Aparecen Luis Bu\u00f1uel, Richard Nixon, Al Capone, Jean Leon, el Che Guevara, Fidel Castro&#8230; A su lado, seres an\u00f3nimos \u2014emigrantes y exiliados gallegos y espa\u00f1oles\u2014 seducidos por los neones de aquel gran \u201csue\u00f1o\u201d americano.<\/p>\n<p>El \u00faltimo amante de Marilyn incluye fotograf\u00edas muy poco conocidas de Marilyn Monroe con Jos\u00e9 Bola\u00f1os o con los hermanos Kennedy; im\u00e1genes de Luis Bu\u00f1uel, Richard Nixon, Jean Leon, Fidel Castro, el Che Guevara, Carlos Velo o Juan Rulfo.<\/p>\n","protected":false},"featured_media":4085,"comment_status":"closed","ping_status":"closed","template":"","meta":[],"product_brand":[],"product_cat":[109],"product_tag":[],"class_list":{"0":"post-5258","1":"product","2":"type-product","3":"status-publish","4":"has-post-thumbnail","6":"product_author-xavier-navaza-es","7":"product_cat-varia-es","9":"first","10":"instock","11":"taxable","12":"shipping-taxable","13":"purchasable","14":"product-type-simple"},"yoast_head":"<!-- This site is optimized with the Yoast SEO plugin v27.3 - https:\/\/yoast.com\/product\/yoast-seo-wordpress\/ -->\n<title>El \u00faltimo amante de Marilyn - Alvarellos Editora<\/title>\n<meta name=\"description\" content=\"El \u00faltimo amante de Marilyn. C\u00f3mprao na tenda en li\u00f1a de Alvarellos Editora.\" \/>\n<meta name=\"robots\" content=\"index, follow, max-snippet:-1, max-image-preview:large, max-video-preview:-1\" \/>\n<link rel=\"canonical\" href=\"https:\/\/alvarelloseditora.gal\/es\/libro\/el-ultimo-amante-de-marilyn-2\/\" \/>\n<meta property=\"og:locale\" content=\"es_ES\" \/>\n<meta property=\"og:type\" content=\"article\" \/>\n<meta property=\"og:title\" content=\"El \u00faltimo amante de Marilyn - Alvarellos Editora\" \/>\n<meta property=\"og:description\" content=\"El \u00faltimo amante de Marilyn. C\u00f3mprao na tenda en li\u00f1a de Alvarellos Editora.\" \/>\n<meta property=\"og:url\" content=\"https:\/\/alvarelloseditora.gal\/es\/libro\/el-ultimo-amante-de-marilyn-2\/\" \/>\n<meta property=\"og:site_name\" content=\"Alvarellos Editora\" \/>\n<meta property=\"article:publisher\" content=\"https:\/\/www.facebook.com\/alvarelloseditora\" \/>\n<meta property=\"article:modified_time\" content=\"2024-09-10T08:25:50+00:00\" \/>\n<meta property=\"og:image\" content=\"https:\/\/alvarelloseditora.gal\/wp-content\/uploads\/2019\/12\/EL-ULTIMO-AMANTE-DE-MARILYN.jpg\" \/>\n\t<meta property=\"og:image:width\" content=\"1640\" \/>\n\t<meta property=\"og:image:height\" content=\"2481\" \/>\n\t<meta property=\"og:image:type\" content=\"image\/jpeg\" \/>\n<meta name=\"twitter:card\" content=\"summary_large_image\" \/>\n<meta name=\"twitter:site\" content=\"@alvarellos_ed\" \/>\n<meta name=\"twitter:label1\" content=\"Tiempo de lectura\" \/>\n\t<meta name=\"twitter:data1\" content=\"2 minutos\" \/>\n<!-- \/ Yoast SEO plugin. -->","yoast_head_json":{"title":"El \u00faltimo amante de Marilyn - Alvarellos Editora","description":"El \u00faltimo amante de Marilyn. C\u00f3mprao na tenda en li\u00f1a de Alvarellos Editora.","robots":{"index":"index","follow":"follow","max-snippet":"max-snippet:-1","max-image-preview":"max-image-preview:large","max-video-preview":"max-video-preview:-1"},"canonical":"https:\/\/alvarelloseditora.gal\/es\/libro\/el-ultimo-amante-de-marilyn-2\/","og_locale":"es_ES","og_type":"article","og_title":"El \u00faltimo amante de Marilyn - Alvarellos Editora","og_description":"El \u00faltimo amante de Marilyn. C\u00f3mprao na tenda en li\u00f1a de Alvarellos Editora.","og_url":"https:\/\/alvarelloseditora.gal\/es\/libro\/el-ultimo-amante-de-marilyn-2\/","og_site_name":"Alvarellos Editora","article_publisher":"https:\/\/www.facebook.com\/alvarelloseditora","article_modified_time":"2024-09-10T08:25:50+00:00","og_image":[{"width":1640,"height":2481,"url":"https:\/\/alvarelloseditora.gal\/wp-content\/uploads\/2019\/12\/EL-ULTIMO-AMANTE-DE-MARILYN.jpg","type":"image\/jpeg"}],"twitter_card":"summary_large_image","twitter_site":"@alvarellos_ed","twitter_misc":{"Tiempo de lectura":"2 minutos"},"schema":{"@context":"https:\/\/schema.org","@graph":[{"@type":["WebPage","ItemPage"],"@id":"https:\/\/alvarelloseditora.gal\/es\/libro\/el-ultimo-amante-de-marilyn-2\/","url":"https:\/\/alvarelloseditora.gal\/es\/libro\/el-ultimo-amante-de-marilyn-2\/","name":"El \u00faltimo amante de Marilyn - Alvarellos Editora","isPartOf":{"@id":"https:\/\/alvarelloseditora.gal\/#website"},"primaryImageOfPage":{"@id":"https:\/\/alvarelloseditora.gal\/es\/libro\/el-ultimo-amante-de-marilyn-2\/#primaryimage"},"image":{"@id":"https:\/\/alvarelloseditora.gal\/es\/libro\/el-ultimo-amante-de-marilyn-2\/#primaryimage"},"thumbnailUrl":"https:\/\/alvarelloseditora.gal\/wp-content\/uploads\/2019\/12\/EL-ULTIMO-AMANTE-DE-MARILYN.jpg","datePublished":"2019-12-27T13:40:34+00:00","dateModified":"2024-09-10T08:25:50+00:00","description":"El \u00faltimo amante de Marilyn. C\u00f3mprao na tenda en li\u00f1a de Alvarellos Editora.","breadcrumb":{"@id":"https:\/\/alvarelloseditora.gal\/es\/libro\/el-ultimo-amante-de-marilyn-2\/#breadcrumb"},"inLanguage":"es","potentialAction":[{"@type":"ReadAction","target":["https:\/\/alvarelloseditora.gal\/es\/libro\/el-ultimo-amante-de-marilyn-2\/"]}]},{"@type":"ImageObject","inLanguage":"es","@id":"https:\/\/alvarelloseditora.gal\/es\/libro\/el-ultimo-amante-de-marilyn-2\/#primaryimage","url":"https:\/\/alvarelloseditora.gal\/wp-content\/uploads\/2019\/12\/EL-ULTIMO-AMANTE-DE-MARILYN.jpg","contentUrl":"https:\/\/alvarelloseditora.gal\/wp-content\/uploads\/2019\/12\/EL-ULTIMO-AMANTE-DE-MARILYN.jpg","width":1640,"height":2481},{"@type":"BreadcrumbList","@id":"https:\/\/alvarelloseditora.gal\/es\/libro\/el-ultimo-amante-de-marilyn-2\/#breadcrumb","itemListElement":[{"@type":"ListItem","position":1,"name":"Portada","item":"https:\/\/alvarelloseditora.gal\/"},{"@type":"ListItem","position":2,"name":"Tienda","item":"https:\/\/alvarelloseditora.gal\/es\/tienda\/"},{"@type":"ListItem","position":3,"name":"El \u00faltimo amante de Marilyn"}]},{"@type":"WebSite","@id":"https:\/\/alvarelloseditora.gal\/#website","url":"https:\/\/alvarelloseditora.gal\/","name":"Alvarellos Editora","description":"Libros para un mundo en tr\u00e1nsito","publisher":{"@id":"https:\/\/alvarelloseditora.gal\/#organization"},"potentialAction":[{"@type":"SearchAction","target":{"@type":"EntryPoint","urlTemplate":"https:\/\/alvarelloseditora.gal\/?s={search_term_string}"},"query-input":{"@type":"PropertyValueSpecification","valueRequired":true,"valueName":"search_term_string"}}],"inLanguage":"es"},{"@type":"Organization","@id":"https:\/\/alvarelloseditora.gal\/#organization","name":"Alvarellos Editora","url":"https:\/\/alvarelloseditora.gal\/","logo":{"@type":"ImageObject","inLanguage":"es","@id":"https:\/\/alvarelloseditora.gal\/#\/schema\/logo\/image\/","url":"https:\/\/alvarelloseditora.gal\/wp-content\/uploads\/2020\/02\/alv-icon.png","contentUrl":"https:\/\/alvarelloseditora.gal\/wp-content\/uploads\/2020\/02\/alv-icon.png","width":177,"height":175,"caption":"Alvarellos Editora"},"image":{"@id":"https:\/\/alvarelloseditora.gal\/#\/schema\/logo\/image\/"},"sameAs":["https:\/\/www.facebook.com\/alvarelloseditora","https:\/\/x.com\/alvarellos_ed"]}]}},"_links":{"self":[{"href":"https:\/\/alvarelloseditora.gal\/es\/wp-json\/wp\/v2\/product\/5258","targetHints":{"allow":["GET"]}}],"collection":[{"href":"https:\/\/alvarelloseditora.gal\/es\/wp-json\/wp\/v2\/product"}],"about":[{"href":"https:\/\/alvarelloseditora.gal\/es\/wp-json\/wp\/v2\/types\/product"}],"replies":[{"embeddable":true,"href":"https:\/\/alvarelloseditora.gal\/es\/wp-json\/wp\/v2\/comments?post=5258"}],"wp:featuredmedia":[{"embeddable":true,"href":"https:\/\/alvarelloseditora.gal\/es\/wp-json\/wp\/v2\/media\/4085"}],"wp:attachment":[{"href":"https:\/\/alvarelloseditora.gal\/es\/wp-json\/wp\/v2\/media?parent=5258"}],"wp:term":[{"taxonomy":"product_brand","embeddable":true,"href":"https:\/\/alvarelloseditora.gal\/es\/wp-json\/wp\/v2\/product_brand?post=5258"},{"taxonomy":"product_cat","embeddable":true,"href":"https:\/\/alvarelloseditora.gal\/es\/wp-json\/wp\/v2\/product_cat?post=5258"},{"taxonomy":"product_tag","embeddable":true,"href":"https:\/\/alvarelloseditora.gal\/es\/wp-json\/wp\/v2\/product_tag?post=5258"}],"curies":[{"name":"wp","href":"https:\/\/api.w.org\/{rel}","templated":true}]}}