{"id":5162,"date":"2019-12-27T13:42:20","date_gmt":"2020-12-17T11:26:10","guid":{"rendered":"https:\/\/nueva.alvarellos.info\/?post_type=product&#038;p=5162"},"modified":"2021-06-25T13:13:25","modified_gmt":"2021-06-25T11:13:25","slug":"a-raina-das-tortas-2","status":"publish","type":"product","link":"https:\/\/alvarelloseditora.gal\/es\/libro\/a-raina-das-tortas-2\/","title":{"rendered":"A ra\u00ed\u00f1a das tortas"},"content":{"rendered":"","protected":false},"excerpt":{"rendered":"<p>\u00c1lex Mene (texto) | Blanca Cresp\u00e1n (ilustraci\u00f3ns)<\/p>\n<p>32 pp. 28&#215;21,5 cms<br \/>\nISBN: 978-84-16460-37-3<\/p>\n<p>&nbsp;<\/p>\n<p>Las sorpresas que trae cocinar en familia y aprende de los errores<\/p>\n<p>Ilustraciones divertidas, vivas, montones de color y expresividad para un cuento sabroso de principio a fin. No os imagin\u00e1is las sorpresas que trae cocinar en familia&#8230; Los autores de La reina de las tartas son dos artistas vigueses, *\u00c1lex Mene (texto) y Blanca Cresp\u00e1n (ilustraciones), que debutan con este libro en la literatura infantil. Nuevo t\u00edtulo de la colecci\u00f3n Verdemar de Alvarellos Editora.<\/p>\n<p>&nbsp;<\/p>\n<p>TEXTO CONTRACAPA<br \/>\nUn cuento sabroso de principio a fin.<\/p>\n<p>&nbsp;<\/p>\n<p>ARGUMENTO<br \/>\nMarti\u00f1o vive con su madre. Una de las cosas que m\u00e1s les gusta hacer juntos es cocinar dulces de todos los colores y sabores. Pero hoy la cocina est\u00e1 averiada as\u00ed que Marti\u00f1o va a practicar lo que quiere ser de mayor: electricista. Saldr\u00e1 algo de aqu\u00ed? Mientras, las ardillas esperan trala ventana de la cocina para probar el primer trozo de tarta&#8230;<\/p>\n<p>&nbsp;<\/p>\n<p>CLAVES PARA La LECTURA<br \/>\nUna obra que invita a cocinar en familia y descubrir juntos gustos gastron\u00f3micos o recetas heredadas, sencillas para elaborar en com\u00fan.<br \/>\nUn a\u00f1adido interesante es el hecho de que Xulia, la madre, viviera en Canad\u00e1, por lo que conoce los nombres de los alimentos en ingl\u00e9s y franc\u00e9s. Como lo de la tarta de zanahoria, que ella llama \u201c carrot cake\u201d o \u201c tarte aux carottes\u201d.<\/p>\n","protected":false},"featured_media":4229,"comment_status":"closed","ping_status":"closed","template":"","meta":[],"product_brand":[],"product_cat":[110],"product_tag":[],"class_list":{"0":"post-5162","1":"product","2":"type-product","3":"status-publish","4":"has-post-thumbnail","6":"product_author-alex-mene-es","7":"product_author-blanca-crespan-es","8":"product_cat-verdemar-es","10":"first","11":"instock","12":"taxable","13":"shipping-taxable","14":"purchasable","15":"product-type-simple"},"yoast_head":"<!-- This site is optimized with the Yoast SEO plugin v27.4 - https:\/\/yoast.com\/product\/yoast-seo-wordpress\/ -->\n<title>A ra\u00ed\u00f1a das tortas - Alvarellos Editora<\/title>\n<meta name=\"description\" content=\"A ra\u00ed\u00f1a das tortas. C\u00f3mprao na tenda en li\u00f1a de Alvarellos Editora.\" \/>\n<meta name=\"robots\" content=\"index, follow, max-snippet:-1, max-image-preview:large, max-video-preview:-1\" \/>\n<link rel=\"canonical\" href=\"https:\/\/alvarelloseditora.gal\/es\/libro\/a-raina-das-tortas-2\/\" \/>\n<meta property=\"og:locale\" content=\"es_ES\" \/>\n<meta property=\"og:type\" content=\"article\" \/>\n<meta property=\"og:title\" content=\"A ra\u00ed\u00f1a das tortas - Alvarellos Editora\" \/>\n<meta property=\"og:description\" content=\"A ra\u00ed\u00f1a das tortas. C\u00f3mprao na tenda en li\u00f1a de Alvarellos Editora.\" \/>\n<meta property=\"og:url\" content=\"https:\/\/alvarelloseditora.gal\/es\/libro\/a-raina-das-tortas-2\/\" \/>\n<meta property=\"og:site_name\" content=\"Alvarellos Editora\" \/>\n<meta property=\"article:publisher\" content=\"https:\/\/www.facebook.com\/alvarelloseditora\" \/>\n<meta property=\"article:modified_time\" content=\"2021-06-25T11:13:25+00:00\" \/>\n<meta property=\"og:image\" content=\"https:\/\/alvarelloseditora.gal\/wp-content\/uploads\/2019\/12\/A-ra\u00ed\u00f1a-das-tortas.jpg\" \/>\n\t<meta property=\"og:image:width\" content=\"1761\" \/>\n\t<meta property=\"og:image:height\" content=\"2269\" \/>\n\t<meta property=\"og:image:type\" content=\"image\/jpeg\" \/>\n<meta name=\"twitter:card\" content=\"summary_large_image\" \/>\n<meta name=\"twitter:site\" content=\"@alvarellos_ed\" \/>\n<!-- \/ Yoast SEO plugin. -->","yoast_head_json":{"title":"A ra\u00ed\u00f1a das tortas - Alvarellos Editora","description":"A ra\u00ed\u00f1a das tortas. C\u00f3mprao na tenda en li\u00f1a de Alvarellos Editora.","robots":{"index":"index","follow":"follow","max-snippet":"max-snippet:-1","max-image-preview":"max-image-preview:large","max-video-preview":"max-video-preview:-1"},"canonical":"https:\/\/alvarelloseditora.gal\/es\/libro\/a-raina-das-tortas-2\/","og_locale":"es_ES","og_type":"article","og_title":"A ra\u00ed\u00f1a das tortas - Alvarellos Editora","og_description":"A ra\u00ed\u00f1a das tortas. C\u00f3mprao na tenda en li\u00f1a de Alvarellos Editora.","og_url":"https:\/\/alvarelloseditora.gal\/es\/libro\/a-raina-das-tortas-2\/","og_site_name":"Alvarellos Editora","article_publisher":"https:\/\/www.facebook.com\/alvarelloseditora","article_modified_time":"2021-06-25T11:13:25+00:00","og_image":[{"width":1761,"height":2269,"url":"https:\/\/alvarelloseditora.gal\/wp-content\/uploads\/2019\/12\/A-ra\u00ed\u00f1a-das-tortas.jpg","type":"image\/jpeg"}],"twitter_card":"summary_large_image","twitter_site":"@alvarellos_ed","schema":{"@context":"https:\/\/schema.org","@graph":[{"@type":["WebPage","ItemPage"],"@id":"https:\/\/alvarelloseditora.gal\/es\/libro\/a-raina-das-tortas-2\/","url":"https:\/\/alvarelloseditora.gal\/es\/libro\/a-raina-das-tortas-2\/","name":"A ra\u00ed\u00f1a das tortas - Alvarellos Editora","isPartOf":{"@id":"https:\/\/alvarelloseditora.gal\/#website"},"primaryImageOfPage":{"@id":"https:\/\/alvarelloseditora.gal\/es\/libro\/a-raina-das-tortas-2\/#primaryimage"},"image":{"@id":"https:\/\/alvarelloseditora.gal\/es\/libro\/a-raina-das-tortas-2\/#primaryimage"},"thumbnailUrl":"https:\/\/alvarelloseditora.gal\/wp-content\/uploads\/2019\/12\/A-ra\u00ed\u00f1a-das-tortas.jpg","datePublished":"2020-12-17T11:26:10+00:00","dateModified":"2021-06-25T11:13:25+00:00","description":"A ra\u00ed\u00f1a das tortas. C\u00f3mprao na tenda en li\u00f1a de Alvarellos Editora.","breadcrumb":{"@id":"https:\/\/alvarelloseditora.gal\/es\/libro\/a-raina-das-tortas-2\/#breadcrumb"},"inLanguage":"es","potentialAction":[{"@type":"ReadAction","target":["https:\/\/alvarelloseditora.gal\/es\/libro\/a-raina-das-tortas-2\/"]}]},{"@type":"ImageObject","inLanguage":"es","@id":"https:\/\/alvarelloseditora.gal\/es\/libro\/a-raina-das-tortas-2\/#primaryimage","url":"https:\/\/alvarelloseditora.gal\/wp-content\/uploads\/2019\/12\/A-ra\u00ed\u00f1a-das-tortas.jpg","contentUrl":"https:\/\/alvarelloseditora.gal\/wp-content\/uploads\/2019\/12\/A-ra\u00ed\u00f1a-das-tortas.jpg","width":1761,"height":2269},{"@type":"BreadcrumbList","@id":"https:\/\/alvarelloseditora.gal\/es\/libro\/a-raina-das-tortas-2\/#breadcrumb","itemListElement":[{"@type":"ListItem","position":1,"name":"Portada","item":"https:\/\/alvarelloseditora.gal\/"},{"@type":"ListItem","position":2,"name":"Tienda","item":"https:\/\/alvarelloseditora.gal\/es\/tienda\/"},{"@type":"ListItem","position":3,"name":"A ra\u00ed\u00f1a das tortas"}]},{"@type":"WebSite","@id":"https:\/\/alvarelloseditora.gal\/#website","url":"https:\/\/alvarelloseditora.gal\/","name":"Alvarellos Editora","description":"Libros para un mundo en tr\u00e1nsito","publisher":{"@id":"https:\/\/alvarelloseditora.gal\/#organization"},"potentialAction":[{"@type":"SearchAction","target":{"@type":"EntryPoint","urlTemplate":"https:\/\/alvarelloseditora.gal\/?s={search_term_string}"},"query-input":{"@type":"PropertyValueSpecification","valueRequired":true,"valueName":"search_term_string"}}],"inLanguage":"es"},{"@type":"Organization","@id":"https:\/\/alvarelloseditora.gal\/#organization","name":"Alvarellos Editora","url":"https:\/\/alvarelloseditora.gal\/","logo":{"@type":"ImageObject","inLanguage":"es","@id":"https:\/\/alvarelloseditora.gal\/#\/schema\/logo\/image\/","url":"https:\/\/alvarelloseditora.gal\/wp-content\/uploads\/2020\/02\/alv-icon.png","contentUrl":"https:\/\/alvarelloseditora.gal\/wp-content\/uploads\/2020\/02\/alv-icon.png","width":177,"height":175,"caption":"Alvarellos Editora"},"image":{"@id":"https:\/\/alvarelloseditora.gal\/#\/schema\/logo\/image\/"},"sameAs":["https:\/\/www.facebook.com\/alvarelloseditora","https:\/\/x.com\/alvarellos_ed"]}]}},"_links":{"self":[{"href":"https:\/\/alvarelloseditora.gal\/es\/wp-json\/wp\/v2\/product\/5162","targetHints":{"allow":["GET"]}}],"collection":[{"href":"https:\/\/alvarelloseditora.gal\/es\/wp-json\/wp\/v2\/product"}],"about":[{"href":"https:\/\/alvarelloseditora.gal\/es\/wp-json\/wp\/v2\/types\/product"}],"replies":[{"embeddable":true,"href":"https:\/\/alvarelloseditora.gal\/es\/wp-json\/wp\/v2\/comments?post=5162"}],"wp:featuredmedia":[{"embeddable":true,"href":"https:\/\/alvarelloseditora.gal\/es\/wp-json\/wp\/v2\/media\/4229"}],"wp:attachment":[{"href":"https:\/\/alvarelloseditora.gal\/es\/wp-json\/wp\/v2\/media?parent=5162"}],"wp:term":[{"taxonomy":"product_brand","embeddable":true,"href":"https:\/\/alvarelloseditora.gal\/es\/wp-json\/wp\/v2\/product_brand?post=5162"},{"taxonomy":"product_cat","embeddable":true,"href":"https:\/\/alvarelloseditora.gal\/es\/wp-json\/wp\/v2\/product_cat?post=5162"},{"taxonomy":"product_tag","embeddable":true,"href":"https:\/\/alvarelloseditora.gal\/es\/wp-json\/wp\/v2\/product_tag?post=5162"}],"curies":[{"name":"wp","href":"https:\/\/api.w.org\/{rel}","templated":true}]}}