{"id":4963,"date":"2019-12-27T13:41:09","date_gmt":"2019-12-27T13:41:09","guid":{"rendered":"https:\/\/nueva.alvarellos.info\/book\/mulleres-entre-redes-2\/"},"modified":"2021-06-22T22:04:59","modified_gmt":"2021-06-22T20:04:59","slug":"mulleres-entre-redes-2","status":"publish","type":"product","link":"https:\/\/alvarelloseditora.gal\/es\/libro\/mulleres-entre-redes-2\/","title":{"rendered":"MULLERES ENTRE REDES"},"content":{"rendered":"<p>15-06-15 <strong>El Correo Gallego<\/strong>. Artigo de Marcelino Ag\u00eds Villaverde:\u00a0<a href=\"http:\/\/www.elcorreogallego.es\/opinion\/ecg\/marcelino-agis-villaverde-homenaxe-as-redeiras\/idEdicion-2015-06-15\/idNoticia-937583\/\">http:\/\/www.elcorreogallego.es\/opinion\/ecg\/marcelino-agis-villaverde-homenaxe-as-redeiras\/idEdicion-2015-06-15\/idNoticia-937583\/<\/a><\/p>\n<p>14-04-2015 <strong>Diario de Pontevedra<\/strong>\u00a0En el nombre de las rederas:\u00a0<a href=\"http:\/\/diariodepontevedra.galiciae.com\/noticia\/376735\/en-el-nombre-de-las-rederas\">http:\/\/diariodepontevedra.galiciae.com\/noticia\/376735\/en-el-nombre-de-las-rederas<\/a><\/p>\n<p>06-04-2015 <strong>El Correo Gallego<\/strong>. Artigo de Marcelino Ag\u00eds Villaverde:\u00a0<a href=\"http:\/\/www.elcorreogallego.es\/opinion\/ecg\/marcelino-agis-villaverde-mulleres-redes\/idEdicion-2015-04-06\/idNoticia-924867\/\">http:\/\/www.elcorreogallego.es\/opinion\/ecg\/marcelino-agis-villaverde-mulleres-redes\/idEdicion-2015-04-06\/idNoticia-924867\/<\/a><\/p>\n","protected":false},"excerpt":{"rendered":"<p>Carton\u00e9. 112 pp. 24 x 24 cms<br \/>\nISBN 978-84-89323-95-7<\/p>\n<p>&nbsp;<\/p>\n<p>A artista pl\u00e1stica Ana Cancela confeccionou esta obra na que reinvidica o tradicional oficio das redeiras.<\/p>\n<p>Ao longo de 112 p\u00e1xinas, a autora leva a cabo un suxestivo percorrido visual polo mundo das redeiras empregando, para iso, diversas t\u00e9cnicas art\u00edsticas que mesturan fotograf\u00eda, gravado dixitalizado, debuxo e collage.\u00a0 A car\u00f3n da obra pl\u00e1stica, o libro recolle tam\u00e9n unha serie de textos procedentes de varios autores e relacionados sempre coa dignidade da muller, da muller traballadora, e coa defensa do oficio das redeiras.<\/p>\n<p>As imaxes recollidas na obra proceden de redeiras de Portonovo, no municipio de Sanxenxo.<\/p>\n<p>O PARADOXO DUN OFICIO TRADICIONAL<\/p>\n<p>Como sinala no seu Limiar o fil\u00f3sofo Marcelino Ag\u00eds, \u00abMulleres entre redes amosa un oficio tradicional, o das redeiras, mergullado nun sorprendente paradoxo. Por unha banda, \u00e9 unha actividade imprescindible para a pesca: sen redes non se pode sa\u00edr faenar. Por outra, tr\u00e1tase dun traballo que nos fala da invisibilidade da muller que o realiza: est\u00e1 no peirao pero ningu\u00e9n pode ver esas mans que reparan as redes coas s\u00faas puntadas. Se cadra por esta raz\u00f3n este libro \u00e9 ao mesmo tempo un testemu\u00f1o dun traballo ancestral e unha reivindicaci\u00f3n da dignificaci\u00f3n e visibilidade deste oficio\u00bb.<\/p>\n<p>DO INVISIBLE AO VISIBLE<\/p>\n","protected":false},"featured_media":4151,"comment_status":"closed","ping_status":"closed","template":"","meta":[],"product_brand":[],"product_cat":[104],"product_tag":[],"class_list":{"0":"post-4963","1":"product","2":"type-product","3":"status-publish","4":"has-post-thumbnail","6":"product_author-ana-cancela-muras-es","7":"product_cat-ilustrada-es","9":"first","10":"instock","11":"taxable","12":"shipping-taxable","13":"purchasable","14":"product-type-simple"},"yoast_head":"<!-- This site is optimized with the Yoast SEO plugin v27.3 - https:\/\/yoast.com\/product\/yoast-seo-wordpress\/ -->\n<title>MULLERES ENTRE REDES - Alvarellos Editora<\/title>\n<meta name=\"description\" content=\"MULLERES ENTRE REDES. C\u00f3mprao na tenda en li\u00f1a de Alvarellos Editora.\" \/>\n<meta name=\"robots\" content=\"index, follow, max-snippet:-1, max-image-preview:large, max-video-preview:-1\" \/>\n<link rel=\"canonical\" href=\"https:\/\/alvarelloseditora.gal\/es\/libro\/mulleres-entre-redes-2\/\" \/>\n<meta property=\"og:locale\" content=\"es_ES\" \/>\n<meta property=\"og:type\" content=\"article\" \/>\n<meta property=\"og:title\" content=\"MULLERES ENTRE REDES - Alvarellos Editora\" \/>\n<meta property=\"og:description\" content=\"MULLERES ENTRE REDES. C\u00f3mprao na tenda en li\u00f1a de Alvarellos Editora.\" \/>\n<meta property=\"og:url\" content=\"https:\/\/alvarelloseditora.gal\/es\/libro\/mulleres-entre-redes-2\/\" \/>\n<meta property=\"og:site_name\" content=\"Alvarellos Editora\" \/>\n<meta property=\"article:publisher\" content=\"https:\/\/www.facebook.com\/alvarelloseditora\" \/>\n<meta property=\"article:modified_time\" content=\"2021-06-22T20:04:59+00:00\" \/>\n<meta property=\"og:image\" content=\"https:\/\/alvarelloseditora.gal\/wp-content\/uploads\/2019\/12\/Mulleres-entre-redes-capa-alvarellos-editora.jpg\" \/>\n\t<meta property=\"og:image:width\" content=\"1449\" \/>\n\t<meta property=\"og:image:height\" content=\"1426\" \/>\n\t<meta property=\"og:image:type\" content=\"image\/jpeg\" \/>\n<meta name=\"twitter:card\" content=\"summary_large_image\" \/>\n<meta name=\"twitter:site\" content=\"@alvarellos_ed\" \/>\n<!-- \/ Yoast SEO plugin. -->","yoast_head_json":{"title":"MULLERES ENTRE REDES - Alvarellos Editora","description":"MULLERES ENTRE REDES. C\u00f3mprao na tenda en li\u00f1a de Alvarellos Editora.","robots":{"index":"index","follow":"follow","max-snippet":"max-snippet:-1","max-image-preview":"max-image-preview:large","max-video-preview":"max-video-preview:-1"},"canonical":"https:\/\/alvarelloseditora.gal\/es\/libro\/mulleres-entre-redes-2\/","og_locale":"es_ES","og_type":"article","og_title":"MULLERES ENTRE REDES - Alvarellos Editora","og_description":"MULLERES ENTRE REDES. C\u00f3mprao na tenda en li\u00f1a de Alvarellos Editora.","og_url":"https:\/\/alvarelloseditora.gal\/es\/libro\/mulleres-entre-redes-2\/","og_site_name":"Alvarellos Editora","article_publisher":"https:\/\/www.facebook.com\/alvarelloseditora","article_modified_time":"2021-06-22T20:04:59+00:00","og_image":[{"width":1449,"height":1426,"url":"https:\/\/alvarelloseditora.gal\/wp-content\/uploads\/2019\/12\/Mulleres-entre-redes-capa-alvarellos-editora.jpg","type":"image\/jpeg"}],"twitter_card":"summary_large_image","twitter_site":"@alvarellos_ed","schema":{"@context":"https:\/\/schema.org","@graph":[{"@type":["WebPage","ItemPage"],"@id":"https:\/\/alvarelloseditora.gal\/es\/libro\/mulleres-entre-redes-2\/","url":"https:\/\/alvarelloseditora.gal\/es\/libro\/mulleres-entre-redes-2\/","name":"MULLERES ENTRE REDES - Alvarellos Editora","isPartOf":{"@id":"https:\/\/alvarelloseditora.gal\/#website"},"primaryImageOfPage":{"@id":"https:\/\/alvarelloseditora.gal\/es\/libro\/mulleres-entre-redes-2\/#primaryimage"},"image":{"@id":"https:\/\/alvarelloseditora.gal\/es\/libro\/mulleres-entre-redes-2\/#primaryimage"},"thumbnailUrl":"https:\/\/alvarelloseditora.gal\/wp-content\/uploads\/2019\/12\/Mulleres-entre-redes-capa-alvarellos-editora.jpg","datePublished":"2019-12-27T13:41:09+00:00","dateModified":"2021-06-22T20:04:59+00:00","description":"MULLERES ENTRE REDES. C\u00f3mprao na tenda en li\u00f1a de Alvarellos Editora.","breadcrumb":{"@id":"https:\/\/alvarelloseditora.gal\/es\/libro\/mulleres-entre-redes-2\/#breadcrumb"},"inLanguage":"es","potentialAction":[{"@type":"ReadAction","target":["https:\/\/alvarelloseditora.gal\/es\/libro\/mulleres-entre-redes-2\/"]}]},{"@type":"ImageObject","inLanguage":"es","@id":"https:\/\/alvarelloseditora.gal\/es\/libro\/mulleres-entre-redes-2\/#primaryimage","url":"https:\/\/alvarelloseditora.gal\/wp-content\/uploads\/2019\/12\/Mulleres-entre-redes-capa-alvarellos-editora.jpg","contentUrl":"https:\/\/alvarelloseditora.gal\/wp-content\/uploads\/2019\/12\/Mulleres-entre-redes-capa-alvarellos-editora.jpg","width":1449,"height":1426},{"@type":"BreadcrumbList","@id":"https:\/\/alvarelloseditora.gal\/es\/libro\/mulleres-entre-redes-2\/#breadcrumb","itemListElement":[{"@type":"ListItem","position":1,"name":"Portada","item":"https:\/\/alvarelloseditora.gal\/"},{"@type":"ListItem","position":2,"name":"Tienda","item":"https:\/\/alvarelloseditora.gal\/es\/tienda\/"},{"@type":"ListItem","position":3,"name":"MULLERES ENTRE REDES"}]},{"@type":"WebSite","@id":"https:\/\/alvarelloseditora.gal\/#website","url":"https:\/\/alvarelloseditora.gal\/","name":"Alvarellos Editora","description":"Libros para un mundo en tr\u00e1nsito","publisher":{"@id":"https:\/\/alvarelloseditora.gal\/#organization"},"potentialAction":[{"@type":"SearchAction","target":{"@type":"EntryPoint","urlTemplate":"https:\/\/alvarelloseditora.gal\/?s={search_term_string}"},"query-input":{"@type":"PropertyValueSpecification","valueRequired":true,"valueName":"search_term_string"}}],"inLanguage":"es"},{"@type":"Organization","@id":"https:\/\/alvarelloseditora.gal\/#organization","name":"Alvarellos Editora","url":"https:\/\/alvarelloseditora.gal\/","logo":{"@type":"ImageObject","inLanguage":"es","@id":"https:\/\/alvarelloseditora.gal\/#\/schema\/logo\/image\/","url":"https:\/\/alvarelloseditora.gal\/wp-content\/uploads\/2020\/02\/alv-icon.png","contentUrl":"https:\/\/alvarelloseditora.gal\/wp-content\/uploads\/2020\/02\/alv-icon.png","width":177,"height":175,"caption":"Alvarellos Editora"},"image":{"@id":"https:\/\/alvarelloseditora.gal\/#\/schema\/logo\/image\/"},"sameAs":["https:\/\/www.facebook.com\/alvarelloseditora","https:\/\/x.com\/alvarellos_ed"]}]}},"_links":{"self":[{"href":"https:\/\/alvarelloseditora.gal\/es\/wp-json\/wp\/v2\/product\/4963","targetHints":{"allow":["GET"]}}],"collection":[{"href":"https:\/\/alvarelloseditora.gal\/es\/wp-json\/wp\/v2\/product"}],"about":[{"href":"https:\/\/alvarelloseditora.gal\/es\/wp-json\/wp\/v2\/types\/product"}],"replies":[{"embeddable":true,"href":"https:\/\/alvarelloseditora.gal\/es\/wp-json\/wp\/v2\/comments?post=4963"}],"wp:featuredmedia":[{"embeddable":true,"href":"https:\/\/alvarelloseditora.gal\/es\/wp-json\/wp\/v2\/media\/4151"}],"wp:attachment":[{"href":"https:\/\/alvarelloseditora.gal\/es\/wp-json\/wp\/v2\/media?parent=4963"}],"wp:term":[{"taxonomy":"product_brand","embeddable":true,"href":"https:\/\/alvarelloseditora.gal\/es\/wp-json\/wp\/v2\/product_brand?post=4963"},{"taxonomy":"product_cat","embeddable":true,"href":"https:\/\/alvarelloseditora.gal\/es\/wp-json\/wp\/v2\/product_cat?post=4963"},{"taxonomy":"product_tag","embeddable":true,"href":"https:\/\/alvarelloseditora.gal\/es\/wp-json\/wp\/v2\/product_tag?post=4963"}],"curies":[{"name":"wp","href":"https:\/\/api.w.org\/{rel}","templated":true}]}}