{"id":4952,"date":"2019-12-27T14:02:08","date_gmt":"2019-12-27T14:02:08","guid":{"rendered":"https:\/\/nueva.alvarellos.info\/book\/maxico-tear-natural-2\/"},"modified":"2021-06-25T11:58:16","modified_gmt":"2021-06-25T09:58:16","slug":"maxico-tear-natural-2","status":"publish","type":"product","link":"https:\/\/alvarelloseditora.gal\/es\/libro\/maxico-tear-natural-2\/","title":{"rendered":"M\u00c1XICO TEAR NATURAL"},"content":{"rendered":"<p><a href=\"http:\/\/www.crtvg.es\/tvg\/programas\/eirado\" target=\"_blank\" rel=\"noopener noreferrer\"><em>22\/12\/2011<\/em>, Programa \u00abEirado\u00bb da TVG do 17-12-11. Minutos: 16&#8217;20\u00bb a 22&#8217;33\u00bb.<\/a><\/p>\n<p><em>02\/10\/2011<\/em>, Tierras de Santiago, \u00abEl boqueixan\u00e9s Xos\u00e9 Manuel Lobato present\u00f3 su \u00faltimo libro en el local social de Lestedo\u00bb.<\/p>\n<p><em>02\/10\/2011<\/em>, Galicia Hoxe, \u00abXos\u00e9 Manuel Lobato viaxa en \u00abM\u00e1xico tear natural\u00bb pola paisaxe galega m\u00e1is \u00edntima\u00bb.<\/p>\n<p><a href=\"http:\/\/www.lavozdegalicia.es\/santiago\/2011\/10\/31\/0003_201110S31C3992.htm\" target=\"_blank\" rel=\"noopener noreferrer\"><em>31\/10\/2011<\/em>, La Voz de Galicia, Edici\u00f3n Santiago, \u00abEl escritor Xos\u00e9 Manuel Lobato present\u00f3 su nuevo libro en Lestedo\u00bb.<\/a><\/p>\n<p><a href=\"http:\/\/www.lavozdegalicia.es\/deza\/2011\/09\/18\/0003_201109D18C2996.htm\" target=\"_blank\" rel=\"noopener noreferrer\"><em>19\/09\/2011<\/em>, La Voz de Galicia, edici\u00f3n Deza, \u00abEncantos naturales de la zona, bajo otro prisma\u00bb.<\/a><\/p>\n<p><em>03\/08\/2011<\/em>,Caderno da cr\u00edtica, \u00abM\u00e1xico tear natural, de Xos\u00e9 Manuel Lobato\u00bb.<\/p>\n<p><a href=\"http:\/\/www.elcorreogallego.es\/tendencias\/ecg\/fermosos-tecidos-da-natureza\/idEdicion-2011-07-31\/idNoticia-690360\/\" target=\"_blank\" rel=\"noopener noreferrer\"><em>31\/07\/2011<\/em>,El Correo Gallego, \u00abFermosos tecidos da natureza\u00bb.<\/a><\/p>\n","protected":false},"excerpt":{"rendered":"<p>Una experiencia \u00edntima con el paisaje de Galicia. En un viaje muy personal para 23 espacios.<br \/>\nP\u00e1ginas: 113<br \/>\nMedidas: 14&#215;21 cm<br \/>\nIdioma: gallego<br \/>\nISBN: 978-84-89323-66-7<br \/>\nEncuadernaci\u00f3n: r\u00fastica<br \/>\nFecha de publicaci\u00f3n: mayo 2011<\/p>\n<p>&nbsp;<\/p>\n<p>Este libro recoge un viaje muy personal a trav\u00e9s de Galicia. M\u00e1s de 23 etapas, el autor expresa su experiencia \u00edntima, directa y profunda con el paisaje: los bosques del Eume, Finisterre, Montefur, Pambre, Cortegada, San Sim\u00f3n, la racha de Ourense y el Pico Sacro son algunas de las estancias . Vizoso los bosques, el pueblo de los emigrantes, la parte superior de la niebla, la magia Regueiro &#8230; Todos ellos se internalizan en la poes\u00eda en prosa de Jos\u00e9 Manuel Lobato. Lugares m\u00edsticos, a veces ca\u00f3tico, en los estados contiguos entre la realidad y la ficci\u00f3n. \u00abMagia Natural telar tal vez se re\u00fanen una utop\u00eda\u00bb, dice el autor en la introducci\u00f3n, tal vez el para\u00edso ideal, o una realidad desconocida para la mayor\u00eda. El libro pretende volar sobre el patrimonio de Galicia, refractada, y tambi\u00e9n la verdad-el idealismo-en-un pu\u00f1ado de textos que abrollan espont\u00e1neamente a partir de una perspectiva de fuertes contrastes. \u00ab<\/p>\n","protected":false},"featured_media":4069,"comment_status":"closed","ping_status":"closed","template":"","meta":[],"product_brand":[],"product_cat":[106],"product_tag":[],"class_list":{"0":"post-4952","1":"product","2":"type-product","3":"status-publish","4":"has-post-thumbnail","6":"product_author-xose-manuel-lobato-es","7":"product_cat-libros-do-sarela-es","9":"first","10":"instock","11":"taxable","12":"shipping-taxable","13":"purchasable","14":"product-type-simple"},"yoast_head":"<!-- This site is optimized with the Yoast SEO plugin v27.3 - https:\/\/yoast.com\/product\/yoast-seo-wordpress\/ -->\n<title>M\u00c1XICO TEAR NATURAL - Alvarellos Editora<\/title>\n<meta name=\"description\" content=\"M\u00c1XICO TEAR NATURAL. C\u00f3mprao na tenda en li\u00f1a de Alvarellos Editora.\" \/>\n<meta name=\"robots\" content=\"index, follow, max-snippet:-1, max-image-preview:large, max-video-preview:-1\" \/>\n<link rel=\"canonical\" href=\"https:\/\/alvarelloseditora.gal\/es\/libro\/maxico-tear-natural-2\/\" \/>\n<meta property=\"og:locale\" content=\"es_ES\" \/>\n<meta property=\"og:type\" content=\"article\" \/>\n<meta property=\"og:title\" content=\"M\u00c1XICO TEAR NATURAL - Alvarellos Editora\" \/>\n<meta property=\"og:description\" content=\"M\u00c1XICO TEAR NATURAL. C\u00f3mprao na tenda en li\u00f1a de Alvarellos Editora.\" \/>\n<meta property=\"og:url\" content=\"https:\/\/alvarelloseditora.gal\/es\/libro\/maxico-tear-natural-2\/\" \/>\n<meta property=\"og:site_name\" content=\"Alvarellos Editora\" \/>\n<meta property=\"article:publisher\" content=\"https:\/\/www.facebook.com\/alvarelloseditora\" \/>\n<meta property=\"article:modified_time\" content=\"2021-06-25T09:58:16+00:00\" \/>\n<meta property=\"og:image\" content=\"https:\/\/alvarelloseditora.gal\/wp-content\/uploads\/2019\/12\/102.jpg\" \/>\n\t<meta property=\"og:image:width\" content=\"330\" \/>\n\t<meta property=\"og:image:height\" content=\"498\" \/>\n\t<meta property=\"og:image:type\" content=\"image\/jpeg\" \/>\n<meta name=\"twitter:card\" content=\"summary_large_image\" \/>\n<meta name=\"twitter:site\" content=\"@alvarellos_ed\" \/>\n<meta name=\"twitter:label1\" content=\"Tiempo de lectura\" \/>\n\t<meta name=\"twitter:data1\" content=\"1 minuto\" \/>\n<!-- \/ Yoast SEO plugin. -->","yoast_head_json":{"title":"M\u00c1XICO TEAR NATURAL - Alvarellos Editora","description":"M\u00c1XICO TEAR NATURAL. C\u00f3mprao na tenda en li\u00f1a de Alvarellos Editora.","robots":{"index":"index","follow":"follow","max-snippet":"max-snippet:-1","max-image-preview":"max-image-preview:large","max-video-preview":"max-video-preview:-1"},"canonical":"https:\/\/alvarelloseditora.gal\/es\/libro\/maxico-tear-natural-2\/","og_locale":"es_ES","og_type":"article","og_title":"M\u00c1XICO TEAR NATURAL - Alvarellos Editora","og_description":"M\u00c1XICO TEAR NATURAL. C\u00f3mprao na tenda en li\u00f1a de Alvarellos Editora.","og_url":"https:\/\/alvarelloseditora.gal\/es\/libro\/maxico-tear-natural-2\/","og_site_name":"Alvarellos Editora","article_publisher":"https:\/\/www.facebook.com\/alvarelloseditora","article_modified_time":"2021-06-25T09:58:16+00:00","og_image":[{"width":330,"height":498,"url":"https:\/\/alvarelloseditora.gal\/wp-content\/uploads\/2019\/12\/102.jpg","type":"image\/jpeg"}],"twitter_card":"summary_large_image","twitter_site":"@alvarellos_ed","twitter_misc":{"Tiempo de lectura":"1 minuto"},"schema":{"@context":"https:\/\/schema.org","@graph":[{"@type":["WebPage","ItemPage"],"@id":"https:\/\/alvarelloseditora.gal\/es\/libro\/maxico-tear-natural-2\/","url":"https:\/\/alvarelloseditora.gal\/es\/libro\/maxico-tear-natural-2\/","name":"M\u00c1XICO TEAR NATURAL - Alvarellos Editora","isPartOf":{"@id":"https:\/\/alvarelloseditora.gal\/#website"},"primaryImageOfPage":{"@id":"https:\/\/alvarelloseditora.gal\/es\/libro\/maxico-tear-natural-2\/#primaryimage"},"image":{"@id":"https:\/\/alvarelloseditora.gal\/es\/libro\/maxico-tear-natural-2\/#primaryimage"},"thumbnailUrl":"https:\/\/alvarelloseditora.gal\/wp-content\/uploads\/2019\/12\/102.jpg","datePublished":"2019-12-27T14:02:08+00:00","dateModified":"2021-06-25T09:58:16+00:00","description":"M\u00c1XICO TEAR NATURAL. C\u00f3mprao na tenda en li\u00f1a de Alvarellos Editora.","breadcrumb":{"@id":"https:\/\/alvarelloseditora.gal\/es\/libro\/maxico-tear-natural-2\/#breadcrumb"},"inLanguage":"es","potentialAction":[{"@type":"ReadAction","target":["https:\/\/alvarelloseditora.gal\/es\/libro\/maxico-tear-natural-2\/"]}]},{"@type":"ImageObject","inLanguage":"es","@id":"https:\/\/alvarelloseditora.gal\/es\/libro\/maxico-tear-natural-2\/#primaryimage","url":"https:\/\/alvarelloseditora.gal\/wp-content\/uploads\/2019\/12\/102.jpg","contentUrl":"https:\/\/alvarelloseditora.gal\/wp-content\/uploads\/2019\/12\/102.jpg","width":330,"height":498},{"@type":"BreadcrumbList","@id":"https:\/\/alvarelloseditora.gal\/es\/libro\/maxico-tear-natural-2\/#breadcrumb","itemListElement":[{"@type":"ListItem","position":1,"name":"Portada","item":"https:\/\/alvarelloseditora.gal\/"},{"@type":"ListItem","position":2,"name":"Tienda","item":"https:\/\/alvarelloseditora.gal\/es\/tienda\/"},{"@type":"ListItem","position":3,"name":"M\u00c1XICO TEAR NATURAL"}]},{"@type":"WebSite","@id":"https:\/\/alvarelloseditora.gal\/#website","url":"https:\/\/alvarelloseditora.gal\/","name":"Alvarellos Editora","description":"Libros para un mundo en tr\u00e1nsito","publisher":{"@id":"https:\/\/alvarelloseditora.gal\/#organization"},"potentialAction":[{"@type":"SearchAction","target":{"@type":"EntryPoint","urlTemplate":"https:\/\/alvarelloseditora.gal\/?s={search_term_string}"},"query-input":{"@type":"PropertyValueSpecification","valueRequired":true,"valueName":"search_term_string"}}],"inLanguage":"es"},{"@type":"Organization","@id":"https:\/\/alvarelloseditora.gal\/#organization","name":"Alvarellos Editora","url":"https:\/\/alvarelloseditora.gal\/","logo":{"@type":"ImageObject","inLanguage":"es","@id":"https:\/\/alvarelloseditora.gal\/#\/schema\/logo\/image\/","url":"https:\/\/alvarelloseditora.gal\/wp-content\/uploads\/2020\/02\/alv-icon.png","contentUrl":"https:\/\/alvarelloseditora.gal\/wp-content\/uploads\/2020\/02\/alv-icon.png","width":177,"height":175,"caption":"Alvarellos Editora"},"image":{"@id":"https:\/\/alvarelloseditora.gal\/#\/schema\/logo\/image\/"},"sameAs":["https:\/\/www.facebook.com\/alvarelloseditora","https:\/\/x.com\/alvarellos_ed"]}]}},"_links":{"self":[{"href":"https:\/\/alvarelloseditora.gal\/es\/wp-json\/wp\/v2\/product\/4952","targetHints":{"allow":["GET"]}}],"collection":[{"href":"https:\/\/alvarelloseditora.gal\/es\/wp-json\/wp\/v2\/product"}],"about":[{"href":"https:\/\/alvarelloseditora.gal\/es\/wp-json\/wp\/v2\/types\/product"}],"replies":[{"embeddable":true,"href":"https:\/\/alvarelloseditora.gal\/es\/wp-json\/wp\/v2\/comments?post=4952"}],"wp:featuredmedia":[{"embeddable":true,"href":"https:\/\/alvarelloseditora.gal\/es\/wp-json\/wp\/v2\/media\/4069"}],"wp:attachment":[{"href":"https:\/\/alvarelloseditora.gal\/es\/wp-json\/wp\/v2\/media?parent=4952"}],"wp:term":[{"taxonomy":"product_brand","embeddable":true,"href":"https:\/\/alvarelloseditora.gal\/es\/wp-json\/wp\/v2\/product_brand?post=4952"},{"taxonomy":"product_cat","embeddable":true,"href":"https:\/\/alvarelloseditora.gal\/es\/wp-json\/wp\/v2\/product_cat?post=4952"},{"taxonomy":"product_tag","embeddable":true,"href":"https:\/\/alvarelloseditora.gal\/es\/wp-json\/wp\/v2\/product_tag?post=4952"}],"curies":[{"name":"wp","href":"https:\/\/api.w.org\/{rel}","templated":true}]}}