{"id":4849,"date":"2020-11-20T13:12:10","date_gmt":"2020-11-20T12:12:10","guid":{"rendered":"https:\/\/nueva.alvarellos.info\/book\/a-coruna-anos-30\/"},"modified":"2021-06-25T12:00:55","modified_gmt":"2021-06-25T10:00:55","slug":"a-coruna-anos-30","status":"publish","type":"product","link":"https:\/\/alvarelloseditora.gal\/es\/libro\/a-coruna-anos-30\/","title":{"rendered":"A Coru\u00f1a anos 30"},"content":{"rendered":"<p><a href=\"https:\/\/www.lavozdegalicia.es\/noticia\/coruna\/coruna\/2020\/08\/04\/alvarellos-presenta-doce-imagenes-ciudad-durante-2-republica\/00031596569053558634737.htm\" data-cke-saved-href=\"https:\/\/www.lavozdegalicia.es\/noticia\/coruna\/coruna\/2020\/08\/04\/alvarellos-presenta-doce-imagenes-ciudad-durante-2-republica\/00031596569053558634737.htm\">05-08-2020<strong> La Voz de Galicia<\/strong><\/a><br \/>\n<a href=\"https:\/\/www.elcorreogallego.es\/tendencias\/a-coruna-anos-30-serie-de-panoramicas-da-segunda-republica-CI4082242\" data-cke-saved-href=\"https:\/\/www.elcorreogallego.es\/tendencias\/a-coruna-anos-30-serie-de-panoramicas-da-segunda-republica-CI4082242\">27-07-2020<strong> El Correo Gallego<\/strong><\/a><\/p>\n","protected":false},"excerpt":{"rendered":"<p>12 fotograf\u00edas de la ciudad durante la II\u00aa Rep\u00fablica<br \/>\nEstuche de 12 postales plastificadas mate.<br \/>\nFormato 21 x 13 cms.<br \/>\nISBN 978-84-16460-40-3<\/p>\n<p>&nbsp;<br \/>\nPresentamos una nueva serie de fotograf\u00edas de la ciudad de A Coru\u00f1a obtenidas en la \u00e9poca de la II\u00aa Rep\u00fablica, editadas y comercializadas en esos a\u00f1os por el fot\u00f3grafo Luciano Roisin (Par\u00eds, 1884-Barcelona, 1943), rescatadas ahora en formato de postales de grano tama\u00f1o (21 x 13 cent\u00edmetros) y presentadas en un estuche de nuevo dise\u00f1o.<br \/>\nA Coru\u00f1a a\u00f1os 30 re\u00fane 12 singulares panor\u00e1micas de la ciudad. Sabemos que estas fotograf\u00edas fueron obtenidas alrededor del verano de 1932 porque en una de ellas aparece, en el Cant\u00f3n Grande, el Teatro Linares Rivas (hermoso edificio modernista de 1920 derribado en 1937) con el anuncio en su cartelera del estreno en la ciudad de la zarzuela Katiuska. Lana mujer rusa, primera obra l\u00edrica de Soroz\u00e1bal, que actou en A Coru\u00f1a el viernes 22 de julio de 1932.<br \/>\nOtras im\u00e1genes muestran la nueva nomenclatura urbana del nuevo r\u00e9gimen, como es el caso de la Avenida de la Rep\u00fablica (actual Avenida de la Mari\u00f1a) o tambi\u00e9n homenajes a republicanos ilustres como Emilio Castelar, quien hab\u00eda sido uno de los presidentes de la I\u00aa Rep\u00fablica y que dio nombre, desde finales del XIX hasta 1937, a la calle de Castelar, actual R\u00faa Nueva.<br \/>\nOtras fotograf\u00edas recogen momentos especiales del verano como el rato del ba\u00f1o en una irreconocible R\u00eda de \u00e9l Pasaje, actual R\u00eda del Burgo; un animado d\u00eda de playa en Riazor, o los inicios de la Ciudad Jard\u00edn \u2013esa idea pionera de barrio humanizado donde se alzaban preciosas casas unifamiliares\u2013. La calle Real, la D\u00e1rsena o Juana de Vega completan este viaje por la Coru\u00f1a de la Rep\u00fablica.<br \/>\nA Coru\u00f1a a\u00f1os 30 es la tercera serie de fotograf\u00edas hist\u00f3ricas de la ciudad rescatadas por Alvarellos Editora. En 2016 fue A Coru\u00f1a A\u00f1os 20 (12 im\u00e1genes) y en 2018 A Coru\u00f1a a\u00f1os 20 (II), con ocho im\u00e1genes in\u00e9ditas, todas ellas del editor Luciano Roisin.<br \/>\nEstuche de 12 postales plastificadas mate.<br \/>\nFormato 21 x 13 cms.<br \/>\nISBN 978-84-16460-40-3<\/p>\n","protected":false},"featured_media":4848,"comment_status":"closed","ping_status":"closed","template":"","meta":[],"product_brand":[],"product_cat":[109],"product_tag":[],"class_list":{"0":"post-4849","1":"product","2":"type-product","3":"status-publish","4":"has-post-thumbnail","6":"product_author-luciano-roisin-es","7":"product_cat-varia-es","9":"first","10":"instock","11":"taxable","12":"shipping-taxable","13":"purchasable","14":"product-type-simple"},"yoast_head":"<!-- This site is optimized with the Yoast SEO plugin v27.3 - https:\/\/yoast.com\/product\/yoast-seo-wordpress\/ -->\n<title>A Coru\u00f1a anos 30 - Alvarellos Editora<\/title>\n<meta name=\"description\" content=\"A Coru\u00f1a anos 30. C\u00f3mprao na tenda en li\u00f1a de Alvarellos Editora.\" \/>\n<meta name=\"robots\" content=\"index, follow, max-snippet:-1, max-image-preview:large, max-video-preview:-1\" \/>\n<link rel=\"canonical\" href=\"https:\/\/alvarelloseditora.gal\/es\/libro\/a-coruna-anos-30\/\" \/>\n<meta property=\"og:locale\" content=\"es_ES\" \/>\n<meta property=\"og:type\" content=\"article\" \/>\n<meta property=\"og:title\" content=\"A Coru\u00f1a anos 30 - Alvarellos Editora\" \/>\n<meta property=\"og:description\" content=\"A Coru\u00f1a anos 30. C\u00f3mprao na tenda en li\u00f1a de Alvarellos Editora.\" \/>\n<meta property=\"og:url\" content=\"https:\/\/alvarelloseditora.gal\/es\/libro\/a-coruna-anos-30\/\" \/>\n<meta property=\"og:site_name\" content=\"Alvarellos Editora\" \/>\n<meta property=\"article:publisher\" content=\"https:\/\/www.facebook.com\/alvarelloseditora\" \/>\n<meta property=\"article:modified_time\" content=\"2021-06-25T10:00:55+00:00\" \/>\n<meta property=\"og:image\" content=\"https:\/\/alvarelloseditora.gal\/wp-content\/uploads\/2020\/11\/ACorunaAnos30-scaled.jpg\" \/>\n\t<meta property=\"og:image:width\" content=\"2560\" \/>\n\t<meta property=\"og:image:height\" content=\"1664\" \/>\n\t<meta property=\"og:image:type\" content=\"image\/jpeg\" \/>\n<meta name=\"twitter:card\" content=\"summary_large_image\" \/>\n<meta name=\"twitter:site\" content=\"@alvarellos_ed\" \/>\n<!-- \/ Yoast SEO plugin. -->","yoast_head_json":{"title":"A Coru\u00f1a anos 30 - Alvarellos Editora","description":"A Coru\u00f1a anos 30. C\u00f3mprao na tenda en li\u00f1a de Alvarellos Editora.","robots":{"index":"index","follow":"follow","max-snippet":"max-snippet:-1","max-image-preview":"max-image-preview:large","max-video-preview":"max-video-preview:-1"},"canonical":"https:\/\/alvarelloseditora.gal\/es\/libro\/a-coruna-anos-30\/","og_locale":"es_ES","og_type":"article","og_title":"A Coru\u00f1a anos 30 - Alvarellos Editora","og_description":"A Coru\u00f1a anos 30. C\u00f3mprao na tenda en li\u00f1a de Alvarellos Editora.","og_url":"https:\/\/alvarelloseditora.gal\/es\/libro\/a-coruna-anos-30\/","og_site_name":"Alvarellos Editora","article_publisher":"https:\/\/www.facebook.com\/alvarelloseditora","article_modified_time":"2021-06-25T10:00:55+00:00","og_image":[{"width":2560,"height":1664,"url":"https:\/\/alvarelloseditora.gal\/wp-content\/uploads\/2020\/11\/ACorunaAnos30-scaled.jpg","type":"image\/jpeg"}],"twitter_card":"summary_large_image","twitter_site":"@alvarellos_ed","schema":{"@context":"https:\/\/schema.org","@graph":[{"@type":["WebPage","ItemPage"],"@id":"https:\/\/alvarelloseditora.gal\/es\/libro\/a-coruna-anos-30\/","url":"https:\/\/alvarelloseditora.gal\/es\/libro\/a-coruna-anos-30\/","name":"A Coru\u00f1a anos 30 - Alvarellos Editora","isPartOf":{"@id":"https:\/\/alvarelloseditora.gal\/#website"},"primaryImageOfPage":{"@id":"https:\/\/alvarelloseditora.gal\/es\/libro\/a-coruna-anos-30\/#primaryimage"},"image":{"@id":"https:\/\/alvarelloseditora.gal\/es\/libro\/a-coruna-anos-30\/#primaryimage"},"thumbnailUrl":"https:\/\/alvarelloseditora.gal\/wp-content\/uploads\/2020\/11\/ACorunaAnos30-scaled.jpg","datePublished":"2020-11-20T12:12:10+00:00","dateModified":"2021-06-25T10:00:55+00:00","description":"A Coru\u00f1a anos 30. C\u00f3mprao na tenda en li\u00f1a de Alvarellos Editora.","breadcrumb":{"@id":"https:\/\/alvarelloseditora.gal\/es\/libro\/a-coruna-anos-30\/#breadcrumb"},"inLanguage":"es","potentialAction":[{"@type":"ReadAction","target":["https:\/\/alvarelloseditora.gal\/es\/libro\/a-coruna-anos-30\/"]}]},{"@type":"ImageObject","inLanguage":"es","@id":"https:\/\/alvarelloseditora.gal\/es\/libro\/a-coruna-anos-30\/#primaryimage","url":"https:\/\/alvarelloseditora.gal\/wp-content\/uploads\/2020\/11\/ACorunaAnos30-scaled.jpg","contentUrl":"https:\/\/alvarelloseditora.gal\/wp-content\/uploads\/2020\/11\/ACorunaAnos30-scaled.jpg","width":2560,"height":1664,"caption":"A Coruna A\u00f1os 30"},{"@type":"BreadcrumbList","@id":"https:\/\/alvarelloseditora.gal\/es\/libro\/a-coruna-anos-30\/#breadcrumb","itemListElement":[{"@type":"ListItem","position":1,"name":"Portada","item":"https:\/\/alvarelloseditora.gal\/"},{"@type":"ListItem","position":2,"name":"Tienda","item":"https:\/\/alvarelloseditora.gal\/es\/tienda\/"},{"@type":"ListItem","position":3,"name":"A Coru\u00f1a anos 30"}]},{"@type":"WebSite","@id":"https:\/\/alvarelloseditora.gal\/#website","url":"https:\/\/alvarelloseditora.gal\/","name":"Alvarellos Editora","description":"Libros para un mundo en tr\u00e1nsito","publisher":{"@id":"https:\/\/alvarelloseditora.gal\/#organization"},"potentialAction":[{"@type":"SearchAction","target":{"@type":"EntryPoint","urlTemplate":"https:\/\/alvarelloseditora.gal\/?s={search_term_string}"},"query-input":{"@type":"PropertyValueSpecification","valueRequired":true,"valueName":"search_term_string"}}],"inLanguage":"es"},{"@type":"Organization","@id":"https:\/\/alvarelloseditora.gal\/#organization","name":"Alvarellos Editora","url":"https:\/\/alvarelloseditora.gal\/","logo":{"@type":"ImageObject","inLanguage":"es","@id":"https:\/\/alvarelloseditora.gal\/#\/schema\/logo\/image\/","url":"https:\/\/alvarelloseditora.gal\/wp-content\/uploads\/2020\/02\/alv-icon.png","contentUrl":"https:\/\/alvarelloseditora.gal\/wp-content\/uploads\/2020\/02\/alv-icon.png","width":177,"height":175,"caption":"Alvarellos Editora"},"image":{"@id":"https:\/\/alvarelloseditora.gal\/#\/schema\/logo\/image\/"},"sameAs":["https:\/\/www.facebook.com\/alvarelloseditora","https:\/\/x.com\/alvarellos_ed"]}]}},"_links":{"self":[{"href":"https:\/\/alvarelloseditora.gal\/es\/wp-json\/wp\/v2\/product\/4849","targetHints":{"allow":["GET"]}}],"collection":[{"href":"https:\/\/alvarelloseditora.gal\/es\/wp-json\/wp\/v2\/product"}],"about":[{"href":"https:\/\/alvarelloseditora.gal\/es\/wp-json\/wp\/v2\/types\/product"}],"replies":[{"embeddable":true,"href":"https:\/\/alvarelloseditora.gal\/es\/wp-json\/wp\/v2\/comments?post=4849"}],"wp:featuredmedia":[{"embeddable":true,"href":"https:\/\/alvarelloseditora.gal\/es\/wp-json\/wp\/v2\/media\/4848"}],"wp:attachment":[{"href":"https:\/\/alvarelloseditora.gal\/es\/wp-json\/wp\/v2\/media?parent=4849"}],"wp:term":[{"taxonomy":"product_brand","embeddable":true,"href":"https:\/\/alvarelloseditora.gal\/es\/wp-json\/wp\/v2\/product_brand?post=4849"},{"taxonomy":"product_cat","embeddable":true,"href":"https:\/\/alvarelloseditora.gal\/es\/wp-json\/wp\/v2\/product_cat?post=4849"},{"taxonomy":"product_tag","embeddable":true,"href":"https:\/\/alvarelloseditora.gal\/es\/wp-json\/wp\/v2\/product_tag?post=4849"}],"curies":[{"name":"wp","href":"https:\/\/api.w.org\/{rel}","templated":true}]}}