{"id":4569,"date":"2020-10-07T10:34:06","date_gmt":"2020-10-07T08:34:06","guid":{"rendered":"https:\/\/nueva.alvarellos.info\/book\/libreta-lorquiana-modelo-biface\/"},"modified":"2021-06-22T22:12:23","modified_gmt":"2021-06-22T20:12:23","slug":"libreta-lorquiana-modelo-biface","status":"publish","type":"product","link":"https:\/\/alvarelloseditora.gal\/es\/libro\/libreta-lorquiana-modelo-biface\/","title":{"rendered":"Libreta lorquiana modelo BIFACE"},"content":{"rendered":"","protected":false},"excerpt":{"rendered":"<p>64 pp. Tama\u00f1o: 9 x 13 cms.<br \/>\nCosida con hilo vegetal.<br \/>\nCapa en cartulina Masterblanck lino 270 gr.<br \/>\nPapel interior: Coral Book W. 90 gr.<\/p>\n<p>&nbsp;<br \/>\nLibreta lorquiana. Tama\u00f1o 9 x 13 cms. Ilustrada con dibujos realizados por el propio Federico Garc\u00eda Lorca en Santiago de Compostela en mayo de 1932.<br \/>\nAlvarellos Editora lanza este oto\u00f1o cinco libretas lorquianas. Se trata de cinco modelos de bolsillo ilustrados con dibujos realizados por el propio Federico Garc\u00eda Lorca en Santiago de Compostela en mayo de 1932.<br \/>\nLos originales pertenecen a la Biblioteca del escritor y amigo de Lorca Carlos Mart\u00ednez-Barbeito (A Coru\u00f1a, 1913-1997) y permanecen hoy custodiados en el Archivo de la Biblioteca Provincial de la Diputaci\u00f3n de A Coru\u00f1a.<br \/>\nFueron cinco dibujos que Federico Garc\u00eda Lorca incluy\u00f3 como dedicatorias de sus libros en dos ejemplares para Mart\u00ednez-Barbeito, uno de Canciones y otro de Romancero gitano. Seg\u00fan el propio receptor, el poeta andaluz realiz\u00f3 estos dibujos en mayo de 1932 en el vest\u00edbulo del Hotel Compostela, y utilizando dos plumas estilogr\u00e1ficas prestadas por su amigo gallego.<br \/>\nEstas cinco ilustraciones est\u00e1n publicadas y comentadas -junto a otras realizadas tambi\u00e9n en Santiago- en el libro Federico Garc\u00eda Lorca en Santiago de Compostela (Alvarellos Editora, 2020) de Henrique Alvarellos, que sali\u00f3 a la luz en octubre de 2020.<br \/>\nCada uno de los modelos de cuadernos tiene un nombre identificativo: Pierrot, Biface, Negrita, Floreiro y Cereixas, en referencia a los motivos que los ilustran.<br \/>\nGarc\u00eda Lorca fue tambi\u00e9n un inspirado y original artista pl\u00e1stico. En sus dibujos compostelanos utiliza t\u00e9cnicas superrealistas y l\u00edneas delicadas, aparecen elementos florales, rostros bifaces, y en algunos de ellos sobrevuela la omnipresente idea de muerte y fracaso que define gran parte de su obra po\u00e9tica y dram\u00e1tica.<\/p>\n<p>CUIDADA EDICI\u00d3N<br \/>\nLas nuevas libretas lorquianas est\u00e1n cosidas en hilo, tienen 64 p\u00e1ginas c\/u y una cuidada presentaci\u00f3n y edici\u00f3n con cartulina de lino Masterblank de 270 gr. y papel interior Coral Book W de 90 gr.<br \/>\nPueden adquirirse a trav\u00e9s de esta web de Alvarellos Editora, www.alvarellos.info, y se servi\u00e1n bajo pedido a librer\u00edas y papeler\u00edas que las soliciten.<br \/>\nCaracter\u00edsticas<\/p>\n<p>64 pp. Tama\u00f1o: 9 x 13 cms.<br \/>\nCosidas con f\u00edo vexetal.<br \/>\nCartolina capa: Masterblanck li\u00f1o 270 gr.<br \/>\nPapel nterior: Coral Book W. 90 gr.<\/p>\n","protected":false},"featured_media":8862,"comment_status":"closed","ping_status":"closed","template":"","meta":[],"product_brand":[],"product_cat":[113],"product_tag":[1957],"class_list":{"0":"post-4569","1":"product","2":"type-product","3":"status-publish","4":"has-post-thumbnail","6":"product_author-federico-garcia-lorca-es","7":"product_cat-libretas-es","8":"product_tag-federico-garcia-lorca-es","10":"first","11":"instock","12":"taxable","13":"shipping-taxable","14":"purchasable","15":"product-type-simple"},"yoast_head":"<!-- This site is optimized with the Yoast SEO plugin v27.3 - https:\/\/yoast.com\/product\/yoast-seo-wordpress\/ -->\n<title>Libreta lorquiana modelo BIFACE - Alvarellos Editora<\/title>\n<meta name=\"description\" content=\"Libreta lorquiana. Tama\u00f1o 9 x 13 cms. Ilustrada con dibujos realizados por el propio Federico Garc\u00eda Lorca en Santiago de Compostela.\" \/>\n<meta name=\"robots\" content=\"index, follow, max-snippet:-1, max-image-preview:large, max-video-preview:-1\" \/>\n<link rel=\"canonical\" href=\"https:\/\/alvarelloseditora.gal\/es\/libro\/libreta-lorquiana-modelo-biface\/\" \/>\n<meta property=\"og:locale\" content=\"es_ES\" \/>\n<meta property=\"og:type\" content=\"article\" \/>\n<meta property=\"og:title\" content=\"Libreta lorquiana modelo BIFACE - Alvarellos Editora\" \/>\n<meta property=\"og:description\" content=\"Libreta lorquiana. Tama\u00f1o 9 x 13 cms. Ilustrada con dibujos realizados por el propio Federico Garc\u00eda Lorca en Santiago de Compostela.\" \/>\n<meta property=\"og:url\" content=\"https:\/\/alvarelloseditora.gal\/es\/libro\/libreta-lorquiana-modelo-biface\/\" \/>\n<meta property=\"og:site_name\" content=\"Alvarellos Editora\" \/>\n<meta property=\"article:publisher\" content=\"https:\/\/www.facebook.com\/alvarelloseditora\" \/>\n<meta property=\"article:modified_time\" content=\"2021-06-22T20:12:23+00:00\" \/>\n<meta property=\"og:image\" content=\"https:\/\/alvarelloseditora.gal\/wp-content\/uploads\/2020\/10\/Biface-scaled.jpg\" \/>\n\t<meta property=\"og:image:width\" content=\"2560\" \/>\n\t<meta property=\"og:image:height\" content=\"2119\" \/>\n\t<meta property=\"og:image:type\" content=\"image\/jpeg\" \/>\n<meta name=\"twitter:card\" content=\"summary_large_image\" \/>\n<meta name=\"twitter:site\" content=\"@alvarellos_ed\" \/>\n<!-- \/ Yoast SEO plugin. -->","yoast_head_json":{"title":"Libreta lorquiana modelo BIFACE - Alvarellos Editora","description":"Libreta lorquiana. Tama\u00f1o 9 x 13 cms. Ilustrada con dibujos realizados por el propio Federico Garc\u00eda Lorca en Santiago de Compostela.","robots":{"index":"index","follow":"follow","max-snippet":"max-snippet:-1","max-image-preview":"max-image-preview:large","max-video-preview":"max-video-preview:-1"},"canonical":"https:\/\/alvarelloseditora.gal\/es\/libro\/libreta-lorquiana-modelo-biface\/","og_locale":"es_ES","og_type":"article","og_title":"Libreta lorquiana modelo BIFACE - Alvarellos Editora","og_description":"Libreta lorquiana. Tama\u00f1o 9 x 13 cms. Ilustrada con dibujos realizados por el propio Federico Garc\u00eda Lorca en Santiago de Compostela.","og_url":"https:\/\/alvarelloseditora.gal\/es\/libro\/libreta-lorquiana-modelo-biface\/","og_site_name":"Alvarellos Editora","article_publisher":"https:\/\/www.facebook.com\/alvarelloseditora","article_modified_time":"2021-06-22T20:12:23+00:00","og_image":[{"width":2560,"height":2119,"url":"https:\/\/alvarelloseditora.gal\/wp-content\/uploads\/2020\/10\/Biface-scaled.jpg","type":"image\/jpeg"}],"twitter_card":"summary_large_image","twitter_site":"@alvarellos_ed","schema":{"@context":"https:\/\/schema.org","@graph":[{"@type":["WebPage","ItemPage"],"@id":"https:\/\/alvarelloseditora.gal\/es\/libro\/libreta-lorquiana-modelo-biface\/","url":"https:\/\/alvarelloseditora.gal\/es\/libro\/libreta-lorquiana-modelo-biface\/","name":"Libreta lorquiana modelo BIFACE - Alvarellos Editora","isPartOf":{"@id":"https:\/\/alvarelloseditora.gal\/#website"},"primaryImageOfPage":{"@id":"https:\/\/alvarelloseditora.gal\/es\/libro\/libreta-lorquiana-modelo-biface\/#primaryimage"},"image":{"@id":"https:\/\/alvarelloseditora.gal\/es\/libro\/libreta-lorquiana-modelo-biface\/#primaryimage"},"thumbnailUrl":"https:\/\/alvarelloseditora.gal\/wp-content\/uploads\/2020\/10\/Biface-scaled.jpg","datePublished":"2020-10-07T08:34:06+00:00","dateModified":"2021-06-22T20:12:23+00:00","description":"Libreta lorquiana. Tama\u00f1o 9 x 13 cms. Ilustrada con dibujos realizados por el propio Federico Garc\u00eda Lorca en Santiago de Compostela.","breadcrumb":{"@id":"https:\/\/alvarelloseditora.gal\/es\/libro\/libreta-lorquiana-modelo-biface\/#breadcrumb"},"inLanguage":"es","potentialAction":[{"@type":"ReadAction","target":["https:\/\/alvarelloseditora.gal\/es\/libro\/libreta-lorquiana-modelo-biface\/"]}]},{"@type":"ImageObject","inLanguage":"es","@id":"https:\/\/alvarelloseditora.gal\/es\/libro\/libreta-lorquiana-modelo-biface\/#primaryimage","url":"https:\/\/alvarelloseditora.gal\/wp-content\/uploads\/2020\/10\/Biface-scaled.jpg","contentUrl":"https:\/\/alvarelloseditora.gal\/wp-content\/uploads\/2020\/10\/Biface-scaled.jpg","width":2560,"height":2119},{"@type":"BreadcrumbList","@id":"https:\/\/alvarelloseditora.gal\/es\/libro\/libreta-lorquiana-modelo-biface\/#breadcrumb","itemListElement":[{"@type":"ListItem","position":1,"name":"Portada","item":"https:\/\/alvarelloseditora.gal\/"},{"@type":"ListItem","position":2,"name":"Tienda","item":"https:\/\/alvarelloseditora.gal\/es\/tienda\/"},{"@type":"ListItem","position":3,"name":"Libreta lorquiana modelo BIFACE"}]},{"@type":"WebSite","@id":"https:\/\/alvarelloseditora.gal\/#website","url":"https:\/\/alvarelloseditora.gal\/","name":"Alvarellos Editora","description":"Libros para un mundo en tr\u00e1nsito","publisher":{"@id":"https:\/\/alvarelloseditora.gal\/#organization"},"potentialAction":[{"@type":"SearchAction","target":{"@type":"EntryPoint","urlTemplate":"https:\/\/alvarelloseditora.gal\/?s={search_term_string}"},"query-input":{"@type":"PropertyValueSpecification","valueRequired":true,"valueName":"search_term_string"}}],"inLanguage":"es"},{"@type":"Organization","@id":"https:\/\/alvarelloseditora.gal\/#organization","name":"Alvarellos Editora","url":"https:\/\/alvarelloseditora.gal\/","logo":{"@type":"ImageObject","inLanguage":"es","@id":"https:\/\/alvarelloseditora.gal\/#\/schema\/logo\/image\/","url":"https:\/\/alvarelloseditora.gal\/wp-content\/uploads\/2020\/02\/alv-icon.png","contentUrl":"https:\/\/alvarelloseditora.gal\/wp-content\/uploads\/2020\/02\/alv-icon.png","width":177,"height":175,"caption":"Alvarellos Editora"},"image":{"@id":"https:\/\/alvarelloseditora.gal\/#\/schema\/logo\/image\/"},"sameAs":["https:\/\/www.facebook.com\/alvarelloseditora","https:\/\/x.com\/alvarellos_ed"]}]}},"_links":{"self":[{"href":"https:\/\/alvarelloseditora.gal\/es\/wp-json\/wp\/v2\/product\/4569","targetHints":{"allow":["GET"]}}],"collection":[{"href":"https:\/\/alvarelloseditora.gal\/es\/wp-json\/wp\/v2\/product"}],"about":[{"href":"https:\/\/alvarelloseditora.gal\/es\/wp-json\/wp\/v2\/types\/product"}],"replies":[{"embeddable":true,"href":"https:\/\/alvarelloseditora.gal\/es\/wp-json\/wp\/v2\/comments?post=4569"}],"wp:featuredmedia":[{"embeddable":true,"href":"https:\/\/alvarelloseditora.gal\/es\/wp-json\/wp\/v2\/media\/8862"}],"wp:attachment":[{"href":"https:\/\/alvarelloseditora.gal\/es\/wp-json\/wp\/v2\/media?parent=4569"}],"wp:term":[{"taxonomy":"product_brand","embeddable":true,"href":"https:\/\/alvarelloseditora.gal\/es\/wp-json\/wp\/v2\/product_brand?post=4569"},{"taxonomy":"product_cat","embeddable":true,"href":"https:\/\/alvarelloseditora.gal\/es\/wp-json\/wp\/v2\/product_cat?post=4569"},{"taxonomy":"product_tag","embeddable":true,"href":"https:\/\/alvarelloseditora.gal\/es\/wp-json\/wp\/v2\/product_tag?post=4569"}],"curies":[{"name":"wp","href":"https:\/\/api.w.org\/{rel}","templated":true}]}}