{"id":3023,"date":"2019-12-27T13:41:43","date_gmt":"2019-12-27T12:41:43","guid":{"rendered":"https:\/\/nueva.alvarellos.info\/product\/a-que-altura-esta-o-ceo-2\/"},"modified":"2021-12-01T10:39:28","modified_gmt":"2021-12-01T09:39:28","slug":"a-que-altura-esta-o-ceo","status":"publish","type":"product","link":"https:\/\/alvarelloseditora.gal\/es\/libro\/a-que-altura-esta-o-ceo\/","title":{"rendered":"\u00bfA QUE ALTURA EST\u00c1 O CEO?"},"content":{"rendered":"<h3><strong>Booktrailer<\/strong><\/h3>\n<p><iframe loading=\"lazy\" title=\"\u00bfA que altura est\u00e1 o ceo?\" width=\"1170\" height=\"878\" src=\"https:\/\/www.youtube.com\/embed\/_J1QDDWL15A?feature=oembed\" frameborder=\"0\" allow=\"accelerometer; autoplay; clipboard-write; encrypted-media; gyroscope; picture-in-picture\" allowfullscreen><\/iframe><\/p>\n<h3>Revista de Prensa<\/h3>\n<p>25-01-2017 <strong>La Voz de Galicia<\/strong> <a href=\"http:\/\/www.lavozdegalicia.es\/noticia\/sociedad\/2017\/01\/25\/span-langgldentro-mil-anos-ninguen-lembrara-spanspan-langgl-trump-falaran-da-materia-escuraspan\/0003_201701G25P28996.htm\">\u00abJorge Mira: dentro de mil anos ningu\u00e9n lembrar\u00e1 a Trump&#8230;\u00bb<\/a><\/p>\n<p>16-06-2016 <strong>V Televisi\u00f3n<\/strong> <a href=\"http:\/\/www.lavozdegalicia.es\/video\/sociedad\/2016\/06\/14\/acuerda-henrietta-leavitt\/0031_2016064940915393001.htm\">\u00bfQuien se acuerda de Henrietta Leavitt?<\/a><\/p>\n<p>25-05-2016 <strong>Televisi\u00f3n de Galicia<\/strong>. <a href=\"http:\/\/www.crtvg.es\/tvg\/a-carta\/telexornal-seran-2088974\">Telexornal Ser\u00e1n. A partir do minuto 51&#8217;35\u00bb<\/a><\/p>\n<p>25-05-2016 <strong>El Correo Gallego<\/strong> <a href=\"http:\/\/www.elcorreogallego.es\/santiago\/ecg\/big-bang-fue-idea-un-cura\/idEdicion-2016-05-25\/idNoticia-999135\/\">El Big bang fue idea de un cura<\/a><\/p>\n<p>07-04-2016 <strong>Que pasa na Costa<\/strong>. <a href=\"http:\/\/quepasanacosta.gal\/jorge-mira-a-tumbona-que-hai-na-terraza-da-mina-casa-e-o-meu-lugar-favorito-para-observar-o-ceo\/\">Entrevista a Jorge Mira<\/a><\/p>\n<p>06-04-2016 <strong>Radio Galega\u00a0<\/strong><a href=\"http:\/\/www.crtvg.es\/rg\/a-carta\/milenio-milenio-do-dia-06-04-2016-1953844\">Programa Milenio Entrevista a Jorge Mira<\/a>. A partir do minuto 10&#8217;30\u00bb<\/p>\n<p>30-03-2016 <strong>V Televisi\u00f3n<\/strong>\u00a0<a href=\"http:\/\/www.vtelevision.es\/informativos\/historiasdeltiempo\/2016\/03\/30\/0031_4823581638001.htm\">Programa \u00abHistorias del Tiempo\u00bb.\u00a0<\/a><\/p>\n<p>27-03-2016 <strong>Televisi\u00f3n de Galicia\u00a0<\/strong><a href=\"http:\/\/www.crtvg.es\/informativos\/jorge-mira-faise-preguntas-sobre-o-ceo\">Mar\u00eda Solar entrevista a Jorge Mira na \u00abRevista\u00bb.<\/a><\/p>\n<p>23-03-2016 <strong>Caderno da Cr\u00edtica <\/strong><a href=\"https:\/\/cadernodacritica.wordpress.com\/2016\/03\/23\/a-que-altura-esta-o-ceo-de-jorge-mira-coa-colaboracion-de-maria-canosa-e-ilustracions-de-dani-padron\/\">Por Ram\u00f3n Nicol\u00e1s<\/a><\/p>\n<p>12-03-2016 <strong>La Voz de Galicia\u00a0<\/strong><a href=\"http:\/\/www.lavozdegalicia.es\/noticia\/carballo\/2016\/03\/12\/jorge-mira-pone-universo-alcance-lectores\/0003_201603C12C11999.htm\">Jorge Mira pone el universo al alcance de los lectores<\/a><\/p>\n<p>12-03-2016 <strong>Faro de Vigo<\/strong> <a href=\"http:\/\/www.farodevigo.es\/suscriptor\/sabado\/2016\/03\/12\/altura-o-ceo\/1421443.html\">\u00bfA que altura est\u00e1 o ceo?<\/a><\/p>\n<p>11-03-2016 <strong>Agencia EFE\u00a0<\/strong><a href=\"http:\/\/agencias.abc.es\/agencias\/noticia.asp?noticia=2145859\">Jorge Mira desvela en su nuevo libro dudas hist\u00f3ricas sobre la humanidad<\/a><\/p>\n<p>09-03-2016 <strong>El Correo Gallego<\/strong>. <a href=\"https:\/\/alvarelloseditora.gal\/wp-content\/uploads\/prensa\/2016-03-09-El-Correo-Gallego.pdf\" target=\"_blank\" rel=\"noopener noreferrer\">Jorge Mira publica novo libro<\/a><\/p>\n<p>09-03-2015 <strong>Radio Galega<\/strong>. <a href=\"http:\/\/www.crtvg.es\/rg\/podcast\/galicia-por-diante-galicia-por-diante-do-dia-09-03-2016-1879799\">Programa <em>Galicia por Diante<\/em>. A partir do minuto 45<\/a><\/p>\n<p>02-03-2015 <strong>La Voz de Galicia\u00a0<\/strong>Edici\u00f3n Carballo <a href=\"http:\/\/www.lavozdegalicia.es\/noticia\/carballo\/a-laracha\/2016\/03\/02\/jorge-mira-mercedes-queixas-suman-libros\/0003_201603C2C11995.htm\">Jorge Mira y Mercedes Queixas suman libros<\/a><\/p>\n","protected":false},"excerpt":{"rendered":"<p>3\u00aa edici\u00f3n<\/p>\n<p>13 x 23 cm. 130 pp.<br \/>\nISBN 3\u00aa edici\u00f3n:<br \/>\n978-84-16460-77-9<\/p>\n<p>BOOKTRAILER<\/p>\n<p>He aqu\u00ed una de las preguntas que se lleva formulando el ser humano desde los albores de su existencia: \u00bfA qu\u00e9 altura est\u00e1 el cielo? Este libro nos va a dar la respuesta. A esta cuesti\u00f3n&#8230; y a muchas otras.<\/p>\n<p>El f\u00edsico y comunicador cient\u00edfico Jorge Mira realiza un apasionante viaje en el tiempo. Comienza en la \u00e9poca de la Grecia cl\u00e1sica y llega hasta los descubrimientos m\u00e1s recientes sobre el universo.<\/p>\n<p>Despu\u00e9s de leer estas p\u00e1ginas podremos responder a cuestiones como estas:<\/p>\n<p>\u00bfPor qu\u00e9 vemos el cielo azul o el Sol amarillo?<\/p>\n<p>\u00bfC\u00f3mo se pudo saber a qu\u00e9 altura est\u00e1n la Luna, el Sol y los planetas?<\/p>\n<p>\u00bfC\u00f3mo es posible calcular lo lejos que est\u00e1 una estrella o una galaxia?<\/p>\n<p>\u00bfCu\u00e1l es la edad del universo?<\/p>\n<p>\u00bfY su tama\u00f1o?<\/p>\n<p>\u00bfQu\u00e9 quiere decir que el universo se expande?<\/p>\n<p>\u00bfY a qu\u00e9 velocidad lo hace?<\/p>\n<p>\u00bfEs cierto que fue un cura quien primero habl\u00f3 del Big Bang?&#8230;<\/p>\n<p>Escrito en colaboraci\u00f3n con\u00a0Mar\u00eda Canosa\u00a0e ilustrado por\u00a0Dani Padr\u00f3n.<\/p>\n","protected":false},"featured_media":4783,"comment_status":"closed","ping_status":"closed","template":"","meta":[],"product_brand":[],"product_cat":[105],"product_tag":[],"class_list":{"0":"post-3023","1":"product","2":"type-product","3":"status-publish","4":"has-post-thumbnail","6":"product_author-jorge-mira-es","7":"product_cat-oeste-es","9":"first","10":"instock","11":"taxable","12":"shipping-taxable","13":"purchasable","14":"product-type-simple"},"yoast_head":"<!-- This site is optimized with the Yoast SEO plugin v27.3 - https:\/\/yoast.com\/product\/yoast-seo-wordpress\/ -->\n<title>\u00bfA qu\u00e9 altura est\u00e1 o ceo? [Jorge Mira]<\/title>\n<meta name=\"description\" content=\"En \u00bfA qu\u00e9 altura est\u00e1 o ceo? el f\u00edsico y comunicador Jorge Mira realiza un apasionante viaje en el tiempo. En gallego o castellano \u25b7 C\u00f3mpralo AQU\u00cd\" \/>\n<meta name=\"robots\" content=\"index, follow, max-snippet:-1, max-image-preview:large, max-video-preview:-1\" \/>\n<link rel=\"canonical\" href=\"https:\/\/alvarelloseditora.gal\/es\/libro\/a-que-altura-esta-o-ceo\/\" \/>\n<meta property=\"og:locale\" content=\"es_ES\" \/>\n<meta property=\"og:type\" content=\"article\" \/>\n<meta property=\"og:title\" content=\"\u00bfA qu\u00e9 altura est\u00e1 o ceo? [Jorge Mira]\" \/>\n<meta property=\"og:description\" content=\"En \u00bfA qu\u00e9 altura est\u00e1 o ceo? el f\u00edsico y comunicador Jorge Mira realiza un apasionante viaje en el tiempo. En gallego o castellano \u25b7 C\u00f3mpralo AQU\u00cd\" \/>\n<meta property=\"og:url\" content=\"https:\/\/alvarelloseditora.gal\/es\/libro\/a-que-altura-esta-o-ceo\/\" \/>\n<meta property=\"og:site_name\" content=\"Alvarellos Editora\" \/>\n<meta property=\"article:publisher\" content=\"https:\/\/www.facebook.com\/alvarelloseditora\" \/>\n<meta property=\"article:modified_time\" content=\"2021-12-01T09:39:28+00:00\" \/>\n<meta property=\"og:image\" content=\"https:\/\/alvarelloseditora.gal\/wp-content\/uploads\/2019\/12\/a-que-altura-esta-o-ceo-ed3-scaled.jpg\" \/>\n\t<meta property=\"og:image:width\" content=\"1494\" \/>\n\t<meta property=\"og:image:height\" content=\"2560\" \/>\n\t<meta property=\"og:image:type\" content=\"image\/jpeg\" \/>\n<meta name=\"twitter:card\" content=\"summary_large_image\" \/>\n<meta name=\"twitter:site\" content=\"@alvarellos_ed\" \/>\n<meta name=\"twitter:label1\" content=\"Tiempo de lectura\" \/>\n\t<meta name=\"twitter:data1\" content=\"1 minuto\" \/>\n<!-- \/ Yoast SEO plugin. -->","yoast_head_json":{"title":"\u00bfA qu\u00e9 altura est\u00e1 o ceo? [Jorge Mira]","description":"En \u00bfA qu\u00e9 altura est\u00e1 o ceo? el f\u00edsico y comunicador Jorge Mira realiza un apasionante viaje en el tiempo. En gallego o castellano \u25b7 C\u00f3mpralo AQU\u00cd","robots":{"index":"index","follow":"follow","max-snippet":"max-snippet:-1","max-image-preview":"max-image-preview:large","max-video-preview":"max-video-preview:-1"},"canonical":"https:\/\/alvarelloseditora.gal\/es\/libro\/a-que-altura-esta-o-ceo\/","og_locale":"es_ES","og_type":"article","og_title":"\u00bfA qu\u00e9 altura est\u00e1 o ceo? [Jorge Mira]","og_description":"En \u00bfA qu\u00e9 altura est\u00e1 o ceo? el f\u00edsico y comunicador Jorge Mira realiza un apasionante viaje en el tiempo. En gallego o castellano \u25b7 C\u00f3mpralo AQU\u00cd","og_url":"https:\/\/alvarelloseditora.gal\/es\/libro\/a-que-altura-esta-o-ceo\/","og_site_name":"Alvarellos Editora","article_publisher":"https:\/\/www.facebook.com\/alvarelloseditora","article_modified_time":"2021-12-01T09:39:28+00:00","og_image":[{"width":1494,"height":2560,"url":"https:\/\/alvarelloseditora.gal\/wp-content\/uploads\/2019\/12\/a-que-altura-esta-o-ceo-ed3-scaled.jpg","type":"image\/jpeg"}],"twitter_card":"summary_large_image","twitter_site":"@alvarellos_ed","twitter_misc":{"Tiempo de lectura":"1 minuto"},"schema":{"@context":"https:\/\/schema.org","@graph":[{"@type":["WebPage","ItemPage"],"@id":"https:\/\/alvarelloseditora.gal\/es\/libro\/a-que-altura-esta-o-ceo\/","url":"https:\/\/alvarelloseditora.gal\/es\/libro\/a-que-altura-esta-o-ceo\/","name":"\u00bfA qu\u00e9 altura est\u00e1 o ceo? [Jorge Mira]","isPartOf":{"@id":"https:\/\/alvarelloseditora.gal\/#website"},"primaryImageOfPage":{"@id":"https:\/\/alvarelloseditora.gal\/es\/libro\/a-que-altura-esta-o-ceo\/#primaryimage"},"image":{"@id":"https:\/\/alvarelloseditora.gal\/es\/libro\/a-que-altura-esta-o-ceo\/#primaryimage"},"thumbnailUrl":"https:\/\/alvarelloseditora.gal\/wp-content\/uploads\/2019\/12\/a-que-altura-esta-o-ceo-ed3-scaled.jpg","datePublished":"2019-12-27T12:41:43+00:00","dateModified":"2021-12-01T09:39:28+00:00","description":"En \u00bfA qu\u00e9 altura est\u00e1 o ceo? el f\u00edsico y comunicador Jorge Mira realiza un apasionante viaje en el tiempo. En gallego o castellano \u25b7 C\u00f3mpralo AQU\u00cd","breadcrumb":{"@id":"https:\/\/alvarelloseditora.gal\/es\/libro\/a-que-altura-esta-o-ceo\/#breadcrumb"},"inLanguage":"es","potentialAction":[{"@type":"ReadAction","target":["https:\/\/alvarelloseditora.gal\/es\/libro\/a-que-altura-esta-o-ceo\/"]}]},{"@type":"ImageObject","inLanguage":"es","@id":"https:\/\/alvarelloseditora.gal\/es\/libro\/a-que-altura-esta-o-ceo\/#primaryimage","url":"https:\/\/alvarelloseditora.gal\/wp-content\/uploads\/2019\/12\/a-que-altura-esta-o-ceo-ed3-scaled.jpg","contentUrl":"https:\/\/alvarelloseditora.gal\/wp-content\/uploads\/2019\/12\/a-que-altura-esta-o-ceo-ed3-scaled.jpg","width":1494,"height":2560,"caption":"\u00bfA QUE ALTURA EST\u00c1 O CEO? 3\u00aa edici\u00f3n"},{"@type":"BreadcrumbList","@id":"https:\/\/alvarelloseditora.gal\/es\/libro\/a-que-altura-esta-o-ceo\/#breadcrumb","itemListElement":[{"@type":"ListItem","position":1,"name":"Portada","item":"https:\/\/alvarelloseditora.gal\/"},{"@type":"ListItem","position":2,"name":"Tienda","item":"https:\/\/alvarelloseditora.gal\/es\/tienda\/"},{"@type":"ListItem","position":3,"name":"\u00bfA QUE ALTURA EST\u00c1 O CEO?"}]},{"@type":"WebSite","@id":"https:\/\/alvarelloseditora.gal\/#website","url":"https:\/\/alvarelloseditora.gal\/","name":"Alvarellos Editora","description":"Libros para un mundo en tr\u00e1nsito","publisher":{"@id":"https:\/\/alvarelloseditora.gal\/#organization"},"potentialAction":[{"@type":"SearchAction","target":{"@type":"EntryPoint","urlTemplate":"https:\/\/alvarelloseditora.gal\/?s={search_term_string}"},"query-input":{"@type":"PropertyValueSpecification","valueRequired":true,"valueName":"search_term_string"}}],"inLanguage":"es"},{"@type":"Organization","@id":"https:\/\/alvarelloseditora.gal\/#organization","name":"Alvarellos Editora","url":"https:\/\/alvarelloseditora.gal\/","logo":{"@type":"ImageObject","inLanguage":"es","@id":"https:\/\/alvarelloseditora.gal\/#\/schema\/logo\/image\/","url":"https:\/\/alvarelloseditora.gal\/wp-content\/uploads\/2020\/02\/alv-icon.png","contentUrl":"https:\/\/alvarelloseditora.gal\/wp-content\/uploads\/2020\/02\/alv-icon.png","width":177,"height":175,"caption":"Alvarellos Editora"},"image":{"@id":"https:\/\/alvarelloseditora.gal\/#\/schema\/logo\/image\/"},"sameAs":["https:\/\/www.facebook.com\/alvarelloseditora","https:\/\/x.com\/alvarellos_ed"]}]}},"_links":{"self":[{"href":"https:\/\/alvarelloseditora.gal\/es\/wp-json\/wp\/v2\/product\/3023","targetHints":{"allow":["GET"]}}],"collection":[{"href":"https:\/\/alvarelloseditora.gal\/es\/wp-json\/wp\/v2\/product"}],"about":[{"href":"https:\/\/alvarelloseditora.gal\/es\/wp-json\/wp\/v2\/types\/product"}],"replies":[{"embeddable":true,"href":"https:\/\/alvarelloseditora.gal\/es\/wp-json\/wp\/v2\/comments?post=3023"}],"wp:featuredmedia":[{"embeddable":true,"href":"https:\/\/alvarelloseditora.gal\/es\/wp-json\/wp\/v2\/media\/4783"}],"wp:attachment":[{"href":"https:\/\/alvarelloseditora.gal\/es\/wp-json\/wp\/v2\/media?parent=3023"}],"wp:term":[{"taxonomy":"product_brand","embeddable":true,"href":"https:\/\/alvarelloseditora.gal\/es\/wp-json\/wp\/v2\/product_brand?post=3023"},{"taxonomy":"product_cat","embeddable":true,"href":"https:\/\/alvarelloseditora.gal\/es\/wp-json\/wp\/v2\/product_cat?post=3023"},{"taxonomy":"product_tag","embeddable":true,"href":"https:\/\/alvarelloseditora.gal\/es\/wp-json\/wp\/v2\/product_tag?post=3023"}],"curies":[{"name":"wp","href":"https:\/\/api.w.org\/{rel}","templated":true}]}}