{"id":2894,"date":"2019-12-27T14:03:59","date_gmt":"2019-12-27T14:03:59","guid":{"rendered":"https:\/\/nueva.alvarellos.info\/product\/fosforescencias\/"},"modified":"2021-05-31T13:57:37","modified_gmt":"2021-05-31T11:57:37","slug":"fosforescencias","status":"publish","type":"product","link":"https:\/\/alvarelloseditora.gal\/es\/libro\/fosforescencias\/","title":{"rendered":"Fosforescencias"},"content":{"rendered":"<p><a href=\"https:\/\/alvarelloseditora.gal\/wp-content\/uploads\/prensa\/NP_C_Fosforescencias_Alvarellos_Ed.pdf\">PDF [Ficha y Nota de prensa]<\/a><\/p>\n","protected":false},"excerpt":{"rendered":"<p>Lupe G\u00f3mez (Fisteus, Curtis, 1972), una de las voces po\u00e9ticas m\u00e1s singulares y respetadas de los \u00faltimos veinte a\u00f1os en Galicia, publica con Alvarellos Editora (novembro, 2019 ) Fosforescencias una de esas obras que podr\u00edamos denominar como \u201cinclasificable\u201d, titulado Fosforescencias. \u201cCuando ya nadie escribe cartas a mano\u201d, como afirma la autora en la introducci\u00f3n, ella decide mantener correspondencia con amistades y diversas personalidades del mundo de la escritura y de la cultura de Galicia con la finalidad de crear un personal libro de cartas.<\/p>\n<p>\u201cLas cartas son aros que unen. V\u00ednculos afectivos que nos aproximan a unos y a otros y que nos mantienen con los pies en la tierra. La lengua es algo amoroso y t\u00e1ctil\u201d, afirma Lupe G\u00f3mez.<\/p>\n<p>Fosforescencias se expresa pues, a lo largo de 288 p\u00e1xinas, mediante textos \u00edntimos, literarios, profundamente po\u00e9ticos&#8230; y reales, puesto que efectivamente fueron cartas enviadas por correo postal a las personas destinatarias. \u00a0La obra recoge tambi\u00e9n algunas de las cartas de vuelta. Emma Pedreira, Manuel Rivas, Neira Vilas, Yolanda Casta\u00f1o, Amancio Prada, Francisco Pillado o Emilio Ara\u00faxo son algunos de los receptores.<\/p>\n<p>Lupe G\u00f3mez, que public\u00f3 su primer libro \u2014titulado Pornograf\u00eda\u2014 en una autoedici\u00f3n en 1995, y obtuvo premios y reconocimiento durante los a\u00f1os siguientes (su libro Camuflaxe fue premio de la Cr\u00edtica Espa\u00f1ola en 2017), afirma hoy: \u201cEn las cartas me reconozco m\u00e1s viva y sincera que en los libros que publico o escribo\u201d.<\/p>\n<p>Fosforescencias est\u00e1 ilustrado por el pintor, poeta y galerista Anxo Pastor (Vilardonas, Ribas de Sil-Lugo, 1959), que dialoga con los textos a trav\u00e9s de la evocaci\u00f3n, los s\u00edmbolos y los colores, que aqu\u00ed modela por medio de dibujos y collages.<\/p>\n","protected":false},"featured_media":2672,"comment_status":"closed","ping_status":"closed","template":"","meta":[],"product_brand":[],"product_cat":[106],"product_tag":[],"class_list":{"0":"post-2894","1":"product","2":"type-product","3":"status-publish","4":"has-post-thumbnail","6":"product_author-lupe-gomez-es","7":"product_cat-libros-do-sarela-es","9":"first","10":"instock","11":"purchasable","12":"product-type-simple"},"yoast_head":"<!-- This site is optimized with the Yoast SEO plugin v27.3 - https:\/\/yoast.com\/product\/yoast-seo-wordpress\/ -->\n<title>Fosforescencias - Alvarellos Editora<\/title>\n<meta name=\"description\" content=\"Fosforescencias. C\u00f3mprao na tenda en li\u00f1a de Alvarellos Editora.\" \/>\n<meta name=\"robots\" content=\"index, follow, max-snippet:-1, max-image-preview:large, max-video-preview:-1\" \/>\n<link rel=\"canonical\" href=\"https:\/\/alvarelloseditora.gal\/es\/libro\/fosforescencias\/\" \/>\n<meta property=\"og:locale\" content=\"es_ES\" \/>\n<meta property=\"og:type\" content=\"article\" \/>\n<meta property=\"og:title\" content=\"Fosforescencias - Alvarellos Editora\" \/>\n<meta property=\"og:description\" content=\"Fosforescencias. C\u00f3mprao na tenda en li\u00f1a de Alvarellos Editora.\" \/>\n<meta property=\"og:url\" content=\"https:\/\/alvarelloseditora.gal\/es\/libro\/fosforescencias\/\" \/>\n<meta property=\"og:site_name\" content=\"Alvarellos Editora\" \/>\n<meta property=\"article:publisher\" content=\"https:\/\/www.facebook.com\/alvarelloseditora\" \/>\n<meta property=\"article:modified_time\" content=\"2021-05-31T11:57:37+00:00\" \/>\n<meta property=\"og:image\" content=\"https:\/\/alvarelloseditora.gal\/wp-content\/uploads\/2019\/12\/9788416460663Fosforescencias-scaled.jpg\" \/>\n\t<meta property=\"og:image:width\" content=\"1844\" \/>\n\t<meta property=\"og:image:height\" content=\"2560\" \/>\n\t<meta property=\"og:image:type\" content=\"image\/jpeg\" \/>\n<meta name=\"twitter:card\" content=\"summary_large_image\" \/>\n<meta name=\"twitter:site\" content=\"@alvarellos_ed\" \/>\n<!-- \/ Yoast SEO plugin. -->","yoast_head_json":{"title":"Fosforescencias - Alvarellos Editora","description":"Fosforescencias. C\u00f3mprao na tenda en li\u00f1a de Alvarellos Editora.","robots":{"index":"index","follow":"follow","max-snippet":"max-snippet:-1","max-image-preview":"max-image-preview:large","max-video-preview":"max-video-preview:-1"},"canonical":"https:\/\/alvarelloseditora.gal\/es\/libro\/fosforescencias\/","og_locale":"es_ES","og_type":"article","og_title":"Fosforescencias - Alvarellos Editora","og_description":"Fosforescencias. C\u00f3mprao na tenda en li\u00f1a de Alvarellos Editora.","og_url":"https:\/\/alvarelloseditora.gal\/es\/libro\/fosforescencias\/","og_site_name":"Alvarellos Editora","article_publisher":"https:\/\/www.facebook.com\/alvarelloseditora","article_modified_time":"2021-05-31T11:57:37+00:00","og_image":[{"width":1844,"height":2560,"url":"https:\/\/alvarelloseditora.gal\/wp-content\/uploads\/2019\/12\/9788416460663Fosforescencias-scaled.jpg","type":"image\/jpeg"}],"twitter_card":"summary_large_image","twitter_site":"@alvarellos_ed","schema":{"@context":"https:\/\/schema.org","@graph":[{"@type":["WebPage","ItemPage"],"@id":"https:\/\/alvarelloseditora.gal\/es\/libro\/fosforescencias\/","url":"https:\/\/alvarelloseditora.gal\/es\/libro\/fosforescencias\/","name":"Fosforescencias - Alvarellos Editora","isPartOf":{"@id":"https:\/\/alvarelloseditora.gal\/#website"},"primaryImageOfPage":{"@id":"https:\/\/alvarelloseditora.gal\/es\/libro\/fosforescencias\/#primaryimage"},"image":{"@id":"https:\/\/alvarelloseditora.gal\/es\/libro\/fosforescencias\/#primaryimage"},"thumbnailUrl":"https:\/\/alvarelloseditora.gal\/wp-content\/uploads\/2019\/12\/9788416460663Fosforescencias-scaled.jpg","datePublished":"2019-12-27T14:03:59+00:00","dateModified":"2021-05-31T11:57:37+00:00","description":"Fosforescencias. C\u00f3mprao na tenda en li\u00f1a de Alvarellos Editora.","breadcrumb":{"@id":"https:\/\/alvarelloseditora.gal\/es\/libro\/fosforescencias\/#breadcrumb"},"inLanguage":"es","potentialAction":[{"@type":"ReadAction","target":["https:\/\/alvarelloseditora.gal\/es\/libro\/fosforescencias\/"]}]},{"@type":"ImageObject","inLanguage":"es","@id":"https:\/\/alvarelloseditora.gal\/es\/libro\/fosforescencias\/#primaryimage","url":"https:\/\/alvarelloseditora.gal\/wp-content\/uploads\/2019\/12\/9788416460663Fosforescencias-scaled.jpg","contentUrl":"https:\/\/alvarelloseditora.gal\/wp-content\/uploads\/2019\/12\/9788416460663Fosforescencias-scaled.jpg","width":1844,"height":2560},{"@type":"BreadcrumbList","@id":"https:\/\/alvarelloseditora.gal\/es\/libro\/fosforescencias\/#breadcrumb","itemListElement":[{"@type":"ListItem","position":1,"name":"Portada","item":"https:\/\/alvarelloseditora.gal\/"},{"@type":"ListItem","position":2,"name":"Tienda","item":"https:\/\/alvarelloseditora.gal\/es\/tienda\/"},{"@type":"ListItem","position":3,"name":"Fosforescencias"}]},{"@type":"WebSite","@id":"https:\/\/alvarelloseditora.gal\/#website","url":"https:\/\/alvarelloseditora.gal\/","name":"Alvarellos Editora","description":"Libros para un mundo en tr\u00e1nsito","publisher":{"@id":"https:\/\/alvarelloseditora.gal\/#organization"},"potentialAction":[{"@type":"SearchAction","target":{"@type":"EntryPoint","urlTemplate":"https:\/\/alvarelloseditora.gal\/?s={search_term_string}"},"query-input":{"@type":"PropertyValueSpecification","valueRequired":true,"valueName":"search_term_string"}}],"inLanguage":"es"},{"@type":"Organization","@id":"https:\/\/alvarelloseditora.gal\/#organization","name":"Alvarellos Editora","url":"https:\/\/alvarelloseditora.gal\/","logo":{"@type":"ImageObject","inLanguage":"es","@id":"https:\/\/alvarelloseditora.gal\/#\/schema\/logo\/image\/","url":"https:\/\/alvarelloseditora.gal\/wp-content\/uploads\/2020\/02\/alv-icon.png","contentUrl":"https:\/\/alvarelloseditora.gal\/wp-content\/uploads\/2020\/02\/alv-icon.png","width":177,"height":175,"caption":"Alvarellos Editora"},"image":{"@id":"https:\/\/alvarelloseditora.gal\/#\/schema\/logo\/image\/"},"sameAs":["https:\/\/www.facebook.com\/alvarelloseditora","https:\/\/x.com\/alvarellos_ed"]}]}},"_links":{"self":[{"href":"https:\/\/alvarelloseditora.gal\/es\/wp-json\/wp\/v2\/product\/2894","targetHints":{"allow":["GET"]}}],"collection":[{"href":"https:\/\/alvarelloseditora.gal\/es\/wp-json\/wp\/v2\/product"}],"about":[{"href":"https:\/\/alvarelloseditora.gal\/es\/wp-json\/wp\/v2\/types\/product"}],"replies":[{"embeddable":true,"href":"https:\/\/alvarelloseditora.gal\/es\/wp-json\/wp\/v2\/comments?post=2894"}],"wp:featuredmedia":[{"embeddable":true,"href":"https:\/\/alvarelloseditora.gal\/es\/wp-json\/wp\/v2\/media\/2672"}],"wp:attachment":[{"href":"https:\/\/alvarelloseditora.gal\/es\/wp-json\/wp\/v2\/media?parent=2894"}],"wp:term":[{"taxonomy":"product_brand","embeddable":true,"href":"https:\/\/alvarelloseditora.gal\/es\/wp-json\/wp\/v2\/product_brand?post=2894"},{"taxonomy":"product_cat","embeddable":true,"href":"https:\/\/alvarelloseditora.gal\/es\/wp-json\/wp\/v2\/product_cat?post=2894"},{"taxonomy":"product_tag","embeddable":true,"href":"https:\/\/alvarelloseditora.gal\/es\/wp-json\/wp\/v2\/product_tag?post=2894"}],"curies":[{"name":"wp","href":"https:\/\/api.w.org\/{rel}","templated":true}]}}