{"id":2890,"date":"2019-12-27T13:43:47","date_gmt":"2019-12-27T14:03:59","guid":{"rendered":"https:\/\/nueva.alvarellos.info\/product\/na-pel-das-arbores-do-vento\/"},"modified":"2021-06-22T22:26:10","modified_gmt":"2021-06-22T20:26:10","slug":"na-pel-das-arbores-do-vento","status":"publish","type":"product","link":"https:\/\/alvarelloseditora.gal\/es\/libro\/na-pel-das-arbores-do-vento\/","title":{"rendered":"Na pel das \u00e1rbores do vento"},"content":{"rendered":"","protected":false},"excerpt":{"rendered":"<p>56 pp . 14 x 21 cms.<br \/>\nISBN 978-84-16460-68-7<\/p>\n<p>&nbsp;<\/p>\n<p>El libro de poemas Na pel das \u00e1rbores do vento de Paulino Pe\u00f1a (Vilardev\u00f3s, Ourense, 1960) recibi\u00f3 en 20198 el 2\u00ba Premio de la primera edici\u00f3n del Certame de Poes\u00eda Torre de Caldaloba, que convoca el Concello de Cospeito (Lugo).<\/p>\n<p>El jurado valor\u00f3 en esta obra su \u201cevocaci\u00f3n de los sentidos, con un acertado uso de la ret\u00f3rica y de la voz po\u00e9tica, en forma de versos como latigazos que obligan a pensar y dejan un suave poso de nostalgia\u201d.<\/p>\n<p>La poeta Monte Gonz\u00e1lez \u00c1lvarez afirma en el Pr\u00f3logo: \u201cCada verso forma, \u00a0en su conjunto, un todo on\u00edrico, un compendio de emociones en estado puro, que se ven como las heridas que deja el aire seco en las manos, que defienden el alma y el YO m\u00e1s profundo del lector que se introduza en su lectura\u201d.<\/p>\n<p>2\u00ba Premio del I\u00ba Certame de Poes\u00eda Torre de Caldaloba (Cospeito)<\/p>\n","protected":false},"featured_media":4273,"comment_status":"closed","ping_status":"closed","template":"","meta":[],"product_brand":[],"product_cat":[106],"product_tag":[],"class_list":{"0":"post-2890","1":"product","2":"type-product","3":"status-publish","4":"has-post-thumbnail","6":"product_author-paulino-pena-es","7":"product_cat-libros-do-sarela-es","9":"first","10":"instock","11":"taxable","12":"shipping-taxable","13":"purchasable","14":"product-type-simple"},"yoast_head":"<!-- This site is optimized with the Yoast SEO plugin v27.3 - https:\/\/yoast.com\/product\/yoast-seo-wordpress\/ -->\n<title>Na pel das \u00e1rbores do vento - Alvarellos Editora<\/title>\n<meta name=\"description\" content=\"Na pel das \u00e1rbores do vento. C\u00f3mprao na tenda en li\u00f1a de Alvarellos Editora.\" \/>\n<meta name=\"robots\" content=\"index, follow, max-snippet:-1, max-image-preview:large, max-video-preview:-1\" \/>\n<link rel=\"canonical\" href=\"https:\/\/alvarelloseditora.gal\/es\/libro\/na-pel-das-arbores-do-vento\/\" \/>\n<meta property=\"og:locale\" content=\"es_ES\" \/>\n<meta property=\"og:type\" content=\"article\" \/>\n<meta property=\"og:title\" content=\"Na pel das \u00e1rbores do vento - Alvarellos Editora\" \/>\n<meta property=\"og:description\" content=\"Na pel das \u00e1rbores do vento. C\u00f3mprao na tenda en li\u00f1a de Alvarellos Editora.\" \/>\n<meta property=\"og:url\" content=\"https:\/\/alvarelloseditora.gal\/es\/libro\/na-pel-das-arbores-do-vento\/\" \/>\n<meta property=\"og:site_name\" content=\"Alvarellos Editora\" \/>\n<meta property=\"article:publisher\" content=\"https:\/\/www.facebook.com\/alvarelloseditora\" \/>\n<meta property=\"article:modified_time\" content=\"2021-06-22T20:26:10+00:00\" \/>\n<meta property=\"og:image\" content=\"https:\/\/alvarelloseditora.gal\/wp-content\/uploads\/2019\/12\/9788416460687Na-pel-das-arbores-do-vento-capa-alvarellos-ed-scaled.jpg\" \/>\n\t<meta property=\"og:image:width\" content=\"1679\" \/>\n\t<meta property=\"og:image:height\" content=\"2560\" \/>\n\t<meta property=\"og:image:type\" content=\"image\/jpeg\" \/>\n<meta name=\"twitter:card\" content=\"summary_large_image\" \/>\n<meta name=\"twitter:site\" content=\"@alvarellos_ed\" \/>\n<!-- \/ Yoast SEO plugin. -->","yoast_head_json":{"title":"Na pel das \u00e1rbores do vento - Alvarellos Editora","description":"Na pel das \u00e1rbores do vento. C\u00f3mprao na tenda en li\u00f1a de Alvarellos Editora.","robots":{"index":"index","follow":"follow","max-snippet":"max-snippet:-1","max-image-preview":"max-image-preview:large","max-video-preview":"max-video-preview:-1"},"canonical":"https:\/\/alvarelloseditora.gal\/es\/libro\/na-pel-das-arbores-do-vento\/","og_locale":"es_ES","og_type":"article","og_title":"Na pel das \u00e1rbores do vento - Alvarellos Editora","og_description":"Na pel das \u00e1rbores do vento. C\u00f3mprao na tenda en li\u00f1a de Alvarellos Editora.","og_url":"https:\/\/alvarelloseditora.gal\/es\/libro\/na-pel-das-arbores-do-vento\/","og_site_name":"Alvarellos Editora","article_publisher":"https:\/\/www.facebook.com\/alvarelloseditora","article_modified_time":"2021-06-22T20:26:10+00:00","og_image":[{"width":1679,"height":2560,"url":"https:\/\/alvarelloseditora.gal\/wp-content\/uploads\/2019\/12\/9788416460687Na-pel-das-arbores-do-vento-capa-alvarellos-ed-scaled.jpg","type":"image\/jpeg"}],"twitter_card":"summary_large_image","twitter_site":"@alvarellos_ed","schema":{"@context":"https:\/\/schema.org","@graph":[{"@type":["WebPage","ItemPage"],"@id":"https:\/\/alvarelloseditora.gal\/es\/libro\/na-pel-das-arbores-do-vento\/","url":"https:\/\/alvarelloseditora.gal\/es\/libro\/na-pel-das-arbores-do-vento\/","name":"Na pel das \u00e1rbores do vento - Alvarellos Editora","isPartOf":{"@id":"https:\/\/alvarelloseditora.gal\/#website"},"primaryImageOfPage":{"@id":"https:\/\/alvarelloseditora.gal\/es\/libro\/na-pel-das-arbores-do-vento\/#primaryimage"},"image":{"@id":"https:\/\/alvarelloseditora.gal\/es\/libro\/na-pel-das-arbores-do-vento\/#primaryimage"},"thumbnailUrl":"https:\/\/alvarelloseditora.gal\/wp-content\/uploads\/2019\/12\/9788416460687Na-pel-das-arbores-do-vento-capa-alvarellos-ed-scaled.jpg","datePublished":"2019-12-27T14:03:59+00:00","dateModified":"2021-06-22T20:26:10+00:00","description":"Na pel das \u00e1rbores do vento. C\u00f3mprao na tenda en li\u00f1a de Alvarellos Editora.","breadcrumb":{"@id":"https:\/\/alvarelloseditora.gal\/es\/libro\/na-pel-das-arbores-do-vento\/#breadcrumb"},"inLanguage":"es","potentialAction":[{"@type":"ReadAction","target":["https:\/\/alvarelloseditora.gal\/es\/libro\/na-pel-das-arbores-do-vento\/"]}]},{"@type":"ImageObject","inLanguage":"es","@id":"https:\/\/alvarelloseditora.gal\/es\/libro\/na-pel-das-arbores-do-vento\/#primaryimage","url":"https:\/\/alvarelloseditora.gal\/wp-content\/uploads\/2019\/12\/9788416460687Na-pel-das-arbores-do-vento-capa-alvarellos-ed-scaled.jpg","contentUrl":"https:\/\/alvarelloseditora.gal\/wp-content\/uploads\/2019\/12\/9788416460687Na-pel-das-arbores-do-vento-capa-alvarellos-ed-scaled.jpg","width":1679,"height":2560},{"@type":"BreadcrumbList","@id":"https:\/\/alvarelloseditora.gal\/es\/libro\/na-pel-das-arbores-do-vento\/#breadcrumb","itemListElement":[{"@type":"ListItem","position":1,"name":"Portada","item":"https:\/\/alvarelloseditora.gal\/"},{"@type":"ListItem","position":2,"name":"Tienda","item":"https:\/\/alvarelloseditora.gal\/es\/tienda\/"},{"@type":"ListItem","position":3,"name":"Na pel das \u00e1rbores do vento"}]},{"@type":"WebSite","@id":"https:\/\/alvarelloseditora.gal\/#website","url":"https:\/\/alvarelloseditora.gal\/","name":"Alvarellos Editora","description":"Libros para un mundo en tr\u00e1nsito","publisher":{"@id":"https:\/\/alvarelloseditora.gal\/#organization"},"potentialAction":[{"@type":"SearchAction","target":{"@type":"EntryPoint","urlTemplate":"https:\/\/alvarelloseditora.gal\/?s={search_term_string}"},"query-input":{"@type":"PropertyValueSpecification","valueRequired":true,"valueName":"search_term_string"}}],"inLanguage":"es"},{"@type":"Organization","@id":"https:\/\/alvarelloseditora.gal\/#organization","name":"Alvarellos Editora","url":"https:\/\/alvarelloseditora.gal\/","logo":{"@type":"ImageObject","inLanguage":"es","@id":"https:\/\/alvarelloseditora.gal\/#\/schema\/logo\/image\/","url":"https:\/\/alvarelloseditora.gal\/wp-content\/uploads\/2020\/02\/alv-icon.png","contentUrl":"https:\/\/alvarelloseditora.gal\/wp-content\/uploads\/2020\/02\/alv-icon.png","width":177,"height":175,"caption":"Alvarellos Editora"},"image":{"@id":"https:\/\/alvarelloseditora.gal\/#\/schema\/logo\/image\/"},"sameAs":["https:\/\/www.facebook.com\/alvarelloseditora","https:\/\/x.com\/alvarellos_ed"]}]}},"_links":{"self":[{"href":"https:\/\/alvarelloseditora.gal\/es\/wp-json\/wp\/v2\/product\/2890","targetHints":{"allow":["GET"]}}],"collection":[{"href":"https:\/\/alvarelloseditora.gal\/es\/wp-json\/wp\/v2\/product"}],"about":[{"href":"https:\/\/alvarelloseditora.gal\/es\/wp-json\/wp\/v2\/types\/product"}],"replies":[{"embeddable":true,"href":"https:\/\/alvarelloseditora.gal\/es\/wp-json\/wp\/v2\/comments?post=2890"}],"wp:featuredmedia":[{"embeddable":true,"href":"https:\/\/alvarelloseditora.gal\/es\/wp-json\/wp\/v2\/media\/4273"}],"wp:attachment":[{"href":"https:\/\/alvarelloseditora.gal\/es\/wp-json\/wp\/v2\/media?parent=2890"}],"wp:term":[{"taxonomy":"product_brand","embeddable":true,"href":"https:\/\/alvarelloseditora.gal\/es\/wp-json\/wp\/v2\/product_brand?post=2890"},{"taxonomy":"product_cat","embeddable":true,"href":"https:\/\/alvarelloseditora.gal\/es\/wp-json\/wp\/v2\/product_cat?post=2890"},{"taxonomy":"product_tag","embeddable":true,"href":"https:\/\/alvarelloseditora.gal\/es\/wp-json\/wp\/v2\/product_tag?post=2890"}],"curies":[{"name":"wp","href":"https:\/\/api.w.org\/{rel}","templated":true}]}}