{"id":2889,"date":"2019-12-27T13:43:47","date_gmt":"2019-12-27T14:03:59","guid":{"rendered":"https:\/\/nueva.alvarellos.info\/product\/caldaloba-en-terras-de-valverde\/"},"modified":"2021-06-22T22:25:34","modified_gmt":"2021-06-22T20:25:34","slug":"caldaloba-en-terras-de-valverde","status":"publish","type":"product","link":"https:\/\/alvarelloseditora.gal\/es\/libro\/caldaloba-en-terras-de-valverde\/","title":{"rendered":"Caldaloba en terras de Valverde"},"content":{"rendered":"","protected":false},"excerpt":{"rendered":"<p>1\u00ba Premio del I\u00ba Certame de Poes\u00eda Torre de Caldaloba (Cospeito)<\/p>\n<p>&nbsp;<\/p>\n<p>56 pp . 14 x 21 cms.<br \/>\nISBN 978-84-16460-67-0<\/p>\n<p>&nbsp;<\/p>\n<p>En la hist\u00f3rica y hoy muy olvidada Torre de Caldaloba (Cospeito, Lugo), resisti\u00f3 a las tropas castellanas, hasta su muerte, la hija del mariscal Pardo de Cela, Constanza de Castro.<\/p>\n<p>Sobre este hecho y lugar, el poeta, narrador y ensayista Xes\u00fas R\u00e1bade Paredes (Seixas-Cospeito, 1949) crea una leyenda hist\u00f3rica, Caldaloba en terras de Valverde (Alvarellos Editora) reconocida en diciembre de 2018 con el 1er. Premio de la 1\u00aa edici\u00f3n del Certamen de Poes\u00eda Torre de Caldaloba, que convoca el Ayuntamiento de Cospeito.<\/p>\n<p>El jurado destac\u00f3 \u00a0\u201csu imaginaci\u00f3n, la riqueza del contenido hist\u00f3rico y antropol\u00f3gico, e la forma de hilvanar \u00a0un corpus po\u00e9tico donde pasado y presente confluyen alrededor del s\u00edmbolo que representa la Torre de Caldaloba\u201d.<\/p>\n","protected":false},"featured_media":4271,"comment_status":"closed","ping_status":"closed","template":"","meta":[],"product_brand":[],"product_cat":[106],"product_tag":[],"class_list":{"0":"post-2889","1":"product","2":"type-product","3":"status-publish","4":"has-post-thumbnail","6":"product_author-xesus-rabade-paredes-es","7":"product_cat-libros-do-sarela-es","9":"first","10":"instock","11":"taxable","12":"shipping-taxable","13":"purchasable","14":"product-type-simple"},"yoast_head":"<!-- This site is optimized with the Yoast SEO plugin v27.3 - https:\/\/yoast.com\/product\/yoast-seo-wordpress\/ -->\n<title>Caldaloba en terras de Valverde - Alvarellos Editora<\/title>\n<meta name=\"description\" content=\"Caldaloba en terras de Valverde. C\u00f3mprao na tenda en li\u00f1a de Alvarellos Editora.\" \/>\n<meta name=\"robots\" content=\"index, follow, max-snippet:-1, max-image-preview:large, max-video-preview:-1\" \/>\n<link rel=\"canonical\" href=\"https:\/\/alvarelloseditora.gal\/es\/libro\/caldaloba-en-terras-de-valverde\/\" \/>\n<meta property=\"og:locale\" content=\"es_ES\" \/>\n<meta property=\"og:type\" content=\"article\" \/>\n<meta property=\"og:title\" content=\"Caldaloba en terras de Valverde - Alvarellos Editora\" \/>\n<meta property=\"og:description\" content=\"Caldaloba en terras de Valverde. C\u00f3mprao na tenda en li\u00f1a de Alvarellos Editora.\" \/>\n<meta property=\"og:url\" content=\"https:\/\/alvarelloseditora.gal\/es\/libro\/caldaloba-en-terras-de-valverde\/\" \/>\n<meta property=\"og:site_name\" content=\"Alvarellos Editora\" \/>\n<meta property=\"article:publisher\" content=\"https:\/\/www.facebook.com\/alvarelloseditora\" \/>\n<meta property=\"article:modified_time\" content=\"2021-06-22T20:25:34+00:00\" \/>\n<meta property=\"og:image\" content=\"https:\/\/alvarelloseditora.gal\/wp-content\/uploads\/2019\/12\/9788416460670Caldaloba-en-terras-de-valverde-capa-alvarellos-ed-1-scaled.jpg\" \/>\n\t<meta property=\"og:image:width\" content=\"1686\" \/>\n\t<meta property=\"og:image:height\" content=\"2560\" \/>\n\t<meta property=\"og:image:type\" content=\"image\/jpeg\" \/>\n<meta name=\"twitter:card\" content=\"summary_large_image\" \/>\n<meta name=\"twitter:site\" content=\"@alvarellos_ed\" \/>\n<!-- \/ Yoast SEO plugin. -->","yoast_head_json":{"title":"Caldaloba en terras de Valverde - Alvarellos Editora","description":"Caldaloba en terras de Valverde. C\u00f3mprao na tenda en li\u00f1a de Alvarellos Editora.","robots":{"index":"index","follow":"follow","max-snippet":"max-snippet:-1","max-image-preview":"max-image-preview:large","max-video-preview":"max-video-preview:-1"},"canonical":"https:\/\/alvarelloseditora.gal\/es\/libro\/caldaloba-en-terras-de-valverde\/","og_locale":"es_ES","og_type":"article","og_title":"Caldaloba en terras de Valverde - Alvarellos Editora","og_description":"Caldaloba en terras de Valverde. C\u00f3mprao na tenda en li\u00f1a de Alvarellos Editora.","og_url":"https:\/\/alvarelloseditora.gal\/es\/libro\/caldaloba-en-terras-de-valverde\/","og_site_name":"Alvarellos Editora","article_publisher":"https:\/\/www.facebook.com\/alvarelloseditora","article_modified_time":"2021-06-22T20:25:34+00:00","og_image":[{"width":1686,"height":2560,"url":"https:\/\/alvarelloseditora.gal\/wp-content\/uploads\/2019\/12\/9788416460670Caldaloba-en-terras-de-valverde-capa-alvarellos-ed-1-scaled.jpg","type":"image\/jpeg"}],"twitter_card":"summary_large_image","twitter_site":"@alvarellos_ed","schema":{"@context":"https:\/\/schema.org","@graph":[{"@type":["WebPage","ItemPage"],"@id":"https:\/\/alvarelloseditora.gal\/es\/libro\/caldaloba-en-terras-de-valverde\/","url":"https:\/\/alvarelloseditora.gal\/es\/libro\/caldaloba-en-terras-de-valverde\/","name":"Caldaloba en terras de Valverde - Alvarellos Editora","isPartOf":{"@id":"https:\/\/alvarelloseditora.gal\/#website"},"primaryImageOfPage":{"@id":"https:\/\/alvarelloseditora.gal\/es\/libro\/caldaloba-en-terras-de-valverde\/#primaryimage"},"image":{"@id":"https:\/\/alvarelloseditora.gal\/es\/libro\/caldaloba-en-terras-de-valverde\/#primaryimage"},"thumbnailUrl":"https:\/\/alvarelloseditora.gal\/wp-content\/uploads\/2019\/12\/9788416460670Caldaloba-en-terras-de-valverde-capa-alvarellos-ed-1-scaled.jpg","datePublished":"2019-12-27T14:03:59+00:00","dateModified":"2021-06-22T20:25:34+00:00","description":"Caldaloba en terras de Valverde. C\u00f3mprao na tenda en li\u00f1a de Alvarellos Editora.","breadcrumb":{"@id":"https:\/\/alvarelloseditora.gal\/es\/libro\/caldaloba-en-terras-de-valverde\/#breadcrumb"},"inLanguage":"es","potentialAction":[{"@type":"ReadAction","target":["https:\/\/alvarelloseditora.gal\/es\/libro\/caldaloba-en-terras-de-valverde\/"]}]},{"@type":"ImageObject","inLanguage":"es","@id":"https:\/\/alvarelloseditora.gal\/es\/libro\/caldaloba-en-terras-de-valverde\/#primaryimage","url":"https:\/\/alvarelloseditora.gal\/wp-content\/uploads\/2019\/12\/9788416460670Caldaloba-en-terras-de-valverde-capa-alvarellos-ed-1-scaled.jpg","contentUrl":"https:\/\/alvarelloseditora.gal\/wp-content\/uploads\/2019\/12\/9788416460670Caldaloba-en-terras-de-valverde-capa-alvarellos-ed-1-scaled.jpg","width":1686,"height":2560},{"@type":"BreadcrumbList","@id":"https:\/\/alvarelloseditora.gal\/es\/libro\/caldaloba-en-terras-de-valverde\/#breadcrumb","itemListElement":[{"@type":"ListItem","position":1,"name":"Portada","item":"https:\/\/alvarelloseditora.gal\/"},{"@type":"ListItem","position":2,"name":"Tienda","item":"https:\/\/alvarelloseditora.gal\/es\/tienda\/"},{"@type":"ListItem","position":3,"name":"Caldaloba en terras de Valverde"}]},{"@type":"WebSite","@id":"https:\/\/alvarelloseditora.gal\/#website","url":"https:\/\/alvarelloseditora.gal\/","name":"Alvarellos Editora","description":"Libros para un mundo en tr\u00e1nsito","publisher":{"@id":"https:\/\/alvarelloseditora.gal\/#organization"},"potentialAction":[{"@type":"SearchAction","target":{"@type":"EntryPoint","urlTemplate":"https:\/\/alvarelloseditora.gal\/?s={search_term_string}"},"query-input":{"@type":"PropertyValueSpecification","valueRequired":true,"valueName":"search_term_string"}}],"inLanguage":"es"},{"@type":"Organization","@id":"https:\/\/alvarelloseditora.gal\/#organization","name":"Alvarellos Editora","url":"https:\/\/alvarelloseditora.gal\/","logo":{"@type":"ImageObject","inLanguage":"es","@id":"https:\/\/alvarelloseditora.gal\/#\/schema\/logo\/image\/","url":"https:\/\/alvarelloseditora.gal\/wp-content\/uploads\/2020\/02\/alv-icon.png","contentUrl":"https:\/\/alvarelloseditora.gal\/wp-content\/uploads\/2020\/02\/alv-icon.png","width":177,"height":175,"caption":"Alvarellos Editora"},"image":{"@id":"https:\/\/alvarelloseditora.gal\/#\/schema\/logo\/image\/"},"sameAs":["https:\/\/www.facebook.com\/alvarelloseditora","https:\/\/x.com\/alvarellos_ed"]}]}},"_links":{"self":[{"href":"https:\/\/alvarelloseditora.gal\/es\/wp-json\/wp\/v2\/product\/2889","targetHints":{"allow":["GET"]}}],"collection":[{"href":"https:\/\/alvarelloseditora.gal\/es\/wp-json\/wp\/v2\/product"}],"about":[{"href":"https:\/\/alvarelloseditora.gal\/es\/wp-json\/wp\/v2\/types\/product"}],"replies":[{"embeddable":true,"href":"https:\/\/alvarelloseditora.gal\/es\/wp-json\/wp\/v2\/comments?post=2889"}],"wp:featuredmedia":[{"embeddable":true,"href":"https:\/\/alvarelloseditora.gal\/es\/wp-json\/wp\/v2\/media\/4271"}],"wp:attachment":[{"href":"https:\/\/alvarelloseditora.gal\/es\/wp-json\/wp\/v2\/media?parent=2889"}],"wp:term":[{"taxonomy":"product_brand","embeddable":true,"href":"https:\/\/alvarelloseditora.gal\/es\/wp-json\/wp\/v2\/product_brand?post=2889"},{"taxonomy":"product_cat","embeddable":true,"href":"https:\/\/alvarelloseditora.gal\/es\/wp-json\/wp\/v2\/product_cat?post=2889"},{"taxonomy":"product_tag","embeddable":true,"href":"https:\/\/alvarelloseditora.gal\/es\/wp-json\/wp\/v2\/product_tag?post=2889"}],"curies":[{"name":"wp","href":"https:\/\/api.w.org\/{rel}","templated":true}]}}