{"id":2882,"date":"2019-12-27T13:43:01","date_gmt":"2019-12-27T14:03:42","guid":{"rendered":"https:\/\/nueva.alvarellos.info\/product\/habia-unha-vez-un-neno\/"},"modified":"2020-12-17T09:34:57","modified_gmt":"2020-12-17T08:34:57","slug":"habia-unha-vez-un-neno","status":"publish","type":"product","link":"https:\/\/alvarelloseditora.gal\/es\/libro\/habia-unha-vez-un-neno\/","title":{"rendered":"Hab\u00eda unha vez un neno"},"content":{"rendered":"","protected":false},"excerpt":{"rendered":"<p>Publicado originalmente en Australia por la editorial ind\u00edgena Magabala Books, traemos al gallego por vez primera el \u00e1lbum ilustrado de Dub Leffler Hab\u00eda una vez un ni\u00f1o. Una historia sencilla y universal que conmueve desde la primera p\u00e1gina. Las ilustraciones son magn\u00edficas, verdaderas obras de arte. Traducido por Marta P\u00e9rez y Quique Alvarellos. TEXTO CONTRACAPA Una historia conmovedora y universal sobre la amistad, los desencuentros y las reconciliaciones. \u201cEscrib\u00ed Hab\u00eda una vez&#8230; para mostrarle a qui\u00e9n lo lea que los ni\u00f1os tambi\u00e9n tienen sentimientos \u2013igual que las ni\u00f1as\u2013 y que otras personas tambi\u00e9n nos pueden hacer da\u00f1o, y no pasa nada, sobre todo cuando dejas que las amistades te echen una mano cuando te sientes triste.\u201d Dub Leffler. ARGUMENTO Hab\u00eda una vez un ni\u00f1o que viv\u00eda solo en una isla. De pronto conoce a una ni\u00f1a. \u00c9l le pide que no mire dentro de una peque\u00f1a caja que \u00e9l guarda con mucho secreto, pero a ella le puede la curiosidad&#8230; Al final triunfa la reconciliaci\u00f3n, la comprensi\u00f3n, la generosidad y la amistad. CLAVES PARA La LECTURA Partimos de una historia sencilla y universal: la inocencia de la amistad, los desencuentros y las reconciliaciones. A trav\u00e9s de un relato que gira alrededor de un ni\u00f1o, una ni\u00f1a, una isla desierta, un fruto que sabe a chocolate y un coraz\u00f3n roto, extraemos una lecci\u00f3n para todos. La necesidad de compartir y comprender los sentimientos de las otras personas, poni\u00e9ndonos en su piel. Las ilustraciones son magn\u00edficas: los imponentes paisajes de la isla, un oceano que va cambiando sus colores, las sombras de los mangleiros o la fuerza diera coraz\u00f3n dorado&#8230; son todas verdaderas obras de arte. Edad de inter\u00e9s: +6 Nivel de lectura: +6<\/p>\n","protected":false},"featured_media":4265,"comment_status":"closed","ping_status":"closed","template":"","meta":[],"product_brand":[],"product_cat":[110],"product_tag":[],"class_list":{"0":"post-2882","1":"product","2":"type-product","3":"status-publish","4":"has-post-thumbnail","6":"product_author-dub-leffler-es","7":"product_cat-verdemar-es","9":"first","10":"instock","11":"taxable","12":"shipping-taxable","13":"purchasable","14":"product-type-simple"},"yoast_head":"<!-- This site is optimized with the Yoast SEO plugin v27.3 - https:\/\/yoast.com\/product\/yoast-seo-wordpress\/ -->\n<title>Hab\u00eda unha vez un neno - Alvarellos Editora<\/title>\n<meta name=\"description\" content=\"Hab\u00eda unha vez un neno. C\u00f3mprao na tenda en li\u00f1a de Alvarellos Editora.\" \/>\n<meta name=\"robots\" content=\"index, follow, max-snippet:-1, max-image-preview:large, max-video-preview:-1\" \/>\n<link rel=\"canonical\" href=\"https:\/\/alvarelloseditora.gal\/es\/libro\/habia-unha-vez-un-neno\/\" \/>\n<meta property=\"og:locale\" content=\"es_ES\" \/>\n<meta property=\"og:type\" content=\"article\" \/>\n<meta property=\"og:title\" content=\"Hab\u00eda unha vez un neno - Alvarellos Editora\" \/>\n<meta property=\"og:description\" content=\"Hab\u00eda unha vez un neno. C\u00f3mprao na tenda en li\u00f1a de Alvarellos Editora.\" \/>\n<meta property=\"og:url\" content=\"https:\/\/alvarelloseditora.gal\/es\/libro\/habia-unha-vez-un-neno\/\" \/>\n<meta property=\"og:site_name\" content=\"Alvarellos Editora\" \/>\n<meta property=\"article:publisher\" content=\"https:\/\/www.facebook.com\/alvarelloseditora\" \/>\n<meta property=\"article:modified_time\" content=\"2020-12-17T08:34:57+00:00\" \/>\n<meta property=\"og:image\" content=\"https:\/\/alvarelloseditora.gal\/wp-content\/uploads\/2019\/12\/Habia-unha-vez-un-neno-capa-alvarellos-verdemar-scaled.jpg\" \/>\n\t<meta property=\"og:image:width\" content=\"2560\" \/>\n\t<meta property=\"og:image:height\" content=\"1933\" \/>\n\t<meta property=\"og:image:type\" content=\"image\/jpeg\" \/>\n<meta name=\"twitter:card\" content=\"summary_large_image\" \/>\n<meta name=\"twitter:site\" content=\"@alvarellos_ed\" \/>\n<!-- \/ Yoast SEO plugin. -->","yoast_head_json":{"title":"Hab\u00eda unha vez un neno - Alvarellos Editora","description":"Hab\u00eda unha vez un neno. C\u00f3mprao na tenda en li\u00f1a de Alvarellos Editora.","robots":{"index":"index","follow":"follow","max-snippet":"max-snippet:-1","max-image-preview":"max-image-preview:large","max-video-preview":"max-video-preview:-1"},"canonical":"https:\/\/alvarelloseditora.gal\/es\/libro\/habia-unha-vez-un-neno\/","og_locale":"es_ES","og_type":"article","og_title":"Hab\u00eda unha vez un neno - Alvarellos Editora","og_description":"Hab\u00eda unha vez un neno. C\u00f3mprao na tenda en li\u00f1a de Alvarellos Editora.","og_url":"https:\/\/alvarelloseditora.gal\/es\/libro\/habia-unha-vez-un-neno\/","og_site_name":"Alvarellos Editora","article_publisher":"https:\/\/www.facebook.com\/alvarelloseditora","article_modified_time":"2020-12-17T08:34:57+00:00","og_image":[{"width":2560,"height":1933,"url":"https:\/\/alvarelloseditora.gal\/wp-content\/uploads\/2019\/12\/Habia-unha-vez-un-neno-capa-alvarellos-verdemar-scaled.jpg","type":"image\/jpeg"}],"twitter_card":"summary_large_image","twitter_site":"@alvarellos_ed","schema":{"@context":"https:\/\/schema.org","@graph":[{"@type":["WebPage","ItemPage"],"@id":"https:\/\/alvarelloseditora.gal\/es\/libro\/habia-unha-vez-un-neno\/","url":"https:\/\/alvarelloseditora.gal\/es\/libro\/habia-unha-vez-un-neno\/","name":"Hab\u00eda unha vez un neno - Alvarellos Editora","isPartOf":{"@id":"https:\/\/alvarelloseditora.gal\/#website"},"primaryImageOfPage":{"@id":"https:\/\/alvarelloseditora.gal\/es\/libro\/habia-unha-vez-un-neno\/#primaryimage"},"image":{"@id":"https:\/\/alvarelloseditora.gal\/es\/libro\/habia-unha-vez-un-neno\/#primaryimage"},"thumbnailUrl":"https:\/\/alvarelloseditora.gal\/wp-content\/uploads\/2019\/12\/Habia-unha-vez-un-neno-capa-alvarellos-verdemar-scaled.jpg","datePublished":"2019-12-27T14:03:42+00:00","dateModified":"2020-12-17T08:34:57+00:00","description":"Hab\u00eda unha vez un neno. C\u00f3mprao na tenda en li\u00f1a de Alvarellos Editora.","breadcrumb":{"@id":"https:\/\/alvarelloseditora.gal\/es\/libro\/habia-unha-vez-un-neno\/#breadcrumb"},"inLanguage":"es","potentialAction":[{"@type":"ReadAction","target":["https:\/\/alvarelloseditora.gal\/es\/libro\/habia-unha-vez-un-neno\/"]}]},{"@type":"ImageObject","inLanguage":"es","@id":"https:\/\/alvarelloseditora.gal\/es\/libro\/habia-unha-vez-un-neno\/#primaryimage","url":"https:\/\/alvarelloseditora.gal\/wp-content\/uploads\/2019\/12\/Habia-unha-vez-un-neno-capa-alvarellos-verdemar-scaled.jpg","contentUrl":"https:\/\/alvarelloseditora.gal\/wp-content\/uploads\/2019\/12\/Habia-unha-vez-un-neno-capa-alvarellos-verdemar-scaled.jpg","width":2560,"height":1933},{"@type":"BreadcrumbList","@id":"https:\/\/alvarelloseditora.gal\/es\/libro\/habia-unha-vez-un-neno\/#breadcrumb","itemListElement":[{"@type":"ListItem","position":1,"name":"Portada","item":"https:\/\/alvarelloseditora.gal\/"},{"@type":"ListItem","position":2,"name":"Tienda","item":"https:\/\/alvarelloseditora.gal\/es\/tienda\/"},{"@type":"ListItem","position":3,"name":"Hab\u00eda unha vez un neno"}]},{"@type":"WebSite","@id":"https:\/\/alvarelloseditora.gal\/#website","url":"https:\/\/alvarelloseditora.gal\/","name":"Alvarellos Editora","description":"Libros para un mundo en tr\u00e1nsito","publisher":{"@id":"https:\/\/alvarelloseditora.gal\/#organization"},"potentialAction":[{"@type":"SearchAction","target":{"@type":"EntryPoint","urlTemplate":"https:\/\/alvarelloseditora.gal\/?s={search_term_string}"},"query-input":{"@type":"PropertyValueSpecification","valueRequired":true,"valueName":"search_term_string"}}],"inLanguage":"es"},{"@type":"Organization","@id":"https:\/\/alvarelloseditora.gal\/#organization","name":"Alvarellos Editora","url":"https:\/\/alvarelloseditora.gal\/","logo":{"@type":"ImageObject","inLanguage":"es","@id":"https:\/\/alvarelloseditora.gal\/#\/schema\/logo\/image\/","url":"https:\/\/alvarelloseditora.gal\/wp-content\/uploads\/2020\/02\/alv-icon.png","contentUrl":"https:\/\/alvarelloseditora.gal\/wp-content\/uploads\/2020\/02\/alv-icon.png","width":177,"height":175,"caption":"Alvarellos Editora"},"image":{"@id":"https:\/\/alvarelloseditora.gal\/#\/schema\/logo\/image\/"},"sameAs":["https:\/\/www.facebook.com\/alvarelloseditora","https:\/\/x.com\/alvarellos_ed"]}]}},"_links":{"self":[{"href":"https:\/\/alvarelloseditora.gal\/es\/wp-json\/wp\/v2\/product\/2882","targetHints":{"allow":["GET"]}}],"collection":[{"href":"https:\/\/alvarelloseditora.gal\/es\/wp-json\/wp\/v2\/product"}],"about":[{"href":"https:\/\/alvarelloseditora.gal\/es\/wp-json\/wp\/v2\/types\/product"}],"replies":[{"embeddable":true,"href":"https:\/\/alvarelloseditora.gal\/es\/wp-json\/wp\/v2\/comments?post=2882"}],"wp:featuredmedia":[{"embeddable":true,"href":"https:\/\/alvarelloseditora.gal\/es\/wp-json\/wp\/v2\/media\/4265"}],"wp:attachment":[{"href":"https:\/\/alvarelloseditora.gal\/es\/wp-json\/wp\/v2\/media?parent=2882"}],"wp:term":[{"taxonomy":"product_brand","embeddable":true,"href":"https:\/\/alvarelloseditora.gal\/es\/wp-json\/wp\/v2\/product_brand?post=2882"},{"taxonomy":"product_cat","embeddable":true,"href":"https:\/\/alvarelloseditora.gal\/es\/wp-json\/wp\/v2\/product_cat?post=2882"},{"taxonomy":"product_tag","embeddable":true,"href":"https:\/\/alvarelloseditora.gal\/es\/wp-json\/wp\/v2\/product_tag?post=2882"}],"curies":[{"name":"wp","href":"https:\/\/api.w.org\/{rel}","templated":true}]}}