{"id":2881,"date":"2019-12-27T13:43:01","date_gmt":"2019-12-27T14:03:42","guid":{"rendered":"https:\/\/nueva.alvarellos.info\/product\/quero-peixe\/"},"modified":"2021-04-29T17:23:47","modified_gmt":"2021-04-29T15:23:47","slug":"quero-peixe","status":"publish","type":"product","link":"https:\/\/alvarelloseditora.gal\/es\/libro\/quero-peixe\/","title":{"rendered":"Quero peixe!"},"content":{"rendered":"<p><a href=\"https:\/\/alvarelloseditora.gal\/wp-content\/uploads\/2019\/12\/FichaQueroPeixe.pdf\">PDF [Ficha + nota de prensa]<\/a><\/p>\n","protected":false},"excerpt":{"rendered":"<p>28 pp. 22,5 x 21,5 cms<br \/>\nISBN: 978-84-16460-61-8<\/p>\n<p>&nbsp;<\/p>\n<p>Quero peixe! \u00e9 un conto island\u00e9s para nenas e nenos que saben o que queren. Escrito e ilustrado pola premiada autora \u00c1slaug J\u00f3nsd\u00f3ttir, narra a historia dunha nena que ten moi claro o que desexa, pero nin pap\u00e1 nin mam\u00e1 semellan entendela. Un relato divertido e sinxelo creado para interactuar coas lectoras e lectores m\u00e1is novos.<\/p>\n<p>Traducido por Lawrence Schimel (coa colaboraci\u00f3n de Quique Alvarellos)<\/p>\n<p>&nbsp;<\/p>\n<p>TEXTO CONTRACAPA<br \/>\nMar ben sabe o que quere<\/p>\n<p>&nbsp;<\/p>\n<p>ARGUMENTO<br \/>\nMar ben sabe o que quere. Ela quere peixe! Pap\u00e1 e mam\u00e1 cren saber o que pide Mar, e tr\u00e1enlle xoguetes, roupa&#8230; e pensan que lle van gustar, pero Mar non quere iso. Ela quere peixe. Despois de moitas voltas e reviravoltas, mam\u00e1 e pap\u00e1 entender\u00e1n por fin o que quere Mar e coci\u00f1an para ela o seu prato favorito.<\/p>\n<p>&nbsp;<\/p>\n<p>CLAVES PARA A LECTURA<br \/>\nDescribe a vida coti\u00e1 dun matrimonio cunha filla. A nena, que a\u00ednda non sabe ler nin escribir, ten unha idea firme na cabeza: quere comer peixe, pero pap\u00e1 e mam\u00e1 nin se imaxinan que iso \u00e9 precisamente o que ela quere. Non a entenden, e tr\u00e1enlle unha chea de cousas que ela non ped\u00eda.<br \/>\nA historia reflicte a frustraci\u00f3n dunha nena cuxos pais non chegan a entender o que ela pide.<br \/>\nIlustraci\u00f3ns moi doadas e directas reforzan a comprensi\u00f3n das emoci\u00f3ns da protagonista.<br \/>\nA obra revela, dun xeito divertido, a incapacidade \u00e1s veces dos adultos para \u201cescoitar\u201d \u00e1s crianzas e entender o que eles realmente desexan.<\/p>\n<p>&nbsp;<\/p>\n<p>Idade de interese: +3<\/p>\n<p>Nivel de lectura: +5<\/p>\n","protected":false},"featured_media":4263,"comment_status":"closed","ping_status":"closed","template":"","meta":[],"product_brand":[],"product_cat":[110],"product_tag":[],"class_list":{"0":"post-2881","1":"product","2":"type-product","3":"status-publish","4":"has-post-thumbnail","6":"product_author-aslaug-jonsdottir-es","7":"product_cat-verdemar-es","9":"first","10":"instock","11":"taxable","12":"shipping-taxable","13":"purchasable","14":"product-type-simple"},"yoast_head":"<!-- This site is optimized with the Yoast SEO plugin v27.3 - https:\/\/yoast.com\/product\/yoast-seo-wordpress\/ -->\n<title>Quero peixe! - Alvarellos Editora<\/title>\n<meta name=\"description\" content=\"Quero peixe!. C\u00f3mprao na tenda en li\u00f1a de Alvarellos Editora.\" \/>\n<meta name=\"robots\" content=\"index, follow, max-snippet:-1, max-image-preview:large, max-video-preview:-1\" \/>\n<link rel=\"canonical\" href=\"https:\/\/alvarelloseditora.gal\/es\/libro\/quero-peixe\/\" \/>\n<meta property=\"og:locale\" content=\"es_ES\" \/>\n<meta property=\"og:type\" content=\"article\" \/>\n<meta property=\"og:title\" content=\"Quero peixe! - Alvarellos Editora\" \/>\n<meta property=\"og:description\" content=\"Quero peixe!. C\u00f3mprao na tenda en li\u00f1a de Alvarellos Editora.\" \/>\n<meta property=\"og:url\" content=\"https:\/\/alvarelloseditora.gal\/es\/libro\/quero-peixe\/\" \/>\n<meta property=\"og:site_name\" content=\"Alvarellos Editora\" \/>\n<meta property=\"article:publisher\" content=\"https:\/\/www.facebook.com\/alvarelloseditora\" \/>\n<meta property=\"article:modified_time\" content=\"2021-04-29T15:23:47+00:00\" \/>\n<meta property=\"og:image\" content=\"https:\/\/alvarelloseditora.gal\/wp-content\/uploads\/2019\/12\/Quero-peixe-verdemar-alvarellos-editora.jpg\" \/>\n\t<meta property=\"og:image:width\" content=\"895\" \/>\n\t<meta property=\"og:image:height\" content=\"855\" \/>\n\t<meta property=\"og:image:type\" content=\"image\/jpeg\" \/>\n<meta name=\"twitter:card\" content=\"summary_large_image\" \/>\n<meta name=\"twitter:site\" content=\"@alvarellos_ed\" \/>\n<!-- \/ Yoast SEO plugin. -->","yoast_head_json":{"title":"Quero peixe! - Alvarellos Editora","description":"Quero peixe!. C\u00f3mprao na tenda en li\u00f1a de Alvarellos Editora.","robots":{"index":"index","follow":"follow","max-snippet":"max-snippet:-1","max-image-preview":"max-image-preview:large","max-video-preview":"max-video-preview:-1"},"canonical":"https:\/\/alvarelloseditora.gal\/es\/libro\/quero-peixe\/","og_locale":"es_ES","og_type":"article","og_title":"Quero peixe! - Alvarellos Editora","og_description":"Quero peixe!. C\u00f3mprao na tenda en li\u00f1a de Alvarellos Editora.","og_url":"https:\/\/alvarelloseditora.gal\/es\/libro\/quero-peixe\/","og_site_name":"Alvarellos Editora","article_publisher":"https:\/\/www.facebook.com\/alvarelloseditora","article_modified_time":"2021-04-29T15:23:47+00:00","og_image":[{"width":895,"height":855,"url":"https:\/\/alvarelloseditora.gal\/wp-content\/uploads\/2019\/12\/Quero-peixe-verdemar-alvarellos-editora.jpg","type":"image\/jpeg"}],"twitter_card":"summary_large_image","twitter_site":"@alvarellos_ed","schema":{"@context":"https:\/\/schema.org","@graph":[{"@type":["WebPage","ItemPage"],"@id":"https:\/\/alvarelloseditora.gal\/es\/libro\/quero-peixe\/","url":"https:\/\/alvarelloseditora.gal\/es\/libro\/quero-peixe\/","name":"Quero peixe! - Alvarellos Editora","isPartOf":{"@id":"https:\/\/alvarelloseditora.gal\/#website"},"primaryImageOfPage":{"@id":"https:\/\/alvarelloseditora.gal\/es\/libro\/quero-peixe\/#primaryimage"},"image":{"@id":"https:\/\/alvarelloseditora.gal\/es\/libro\/quero-peixe\/#primaryimage"},"thumbnailUrl":"https:\/\/alvarelloseditora.gal\/wp-content\/uploads\/2019\/12\/Quero-peixe-verdemar-alvarellos-editora.jpg","datePublished":"2019-12-27T14:03:42+00:00","dateModified":"2021-04-29T15:23:47+00:00","description":"Quero peixe!. C\u00f3mprao na tenda en li\u00f1a de Alvarellos Editora.","breadcrumb":{"@id":"https:\/\/alvarelloseditora.gal\/es\/libro\/quero-peixe\/#breadcrumb"},"inLanguage":"es","potentialAction":[{"@type":"ReadAction","target":["https:\/\/alvarelloseditora.gal\/es\/libro\/quero-peixe\/"]}]},{"@type":"ImageObject","inLanguage":"es","@id":"https:\/\/alvarelloseditora.gal\/es\/libro\/quero-peixe\/#primaryimage","url":"https:\/\/alvarelloseditora.gal\/wp-content\/uploads\/2019\/12\/Quero-peixe-verdemar-alvarellos-editora.jpg","contentUrl":"https:\/\/alvarelloseditora.gal\/wp-content\/uploads\/2019\/12\/Quero-peixe-verdemar-alvarellos-editora.jpg","width":895,"height":855},{"@type":"BreadcrumbList","@id":"https:\/\/alvarelloseditora.gal\/es\/libro\/quero-peixe\/#breadcrumb","itemListElement":[{"@type":"ListItem","position":1,"name":"Portada","item":"https:\/\/alvarelloseditora.gal\/"},{"@type":"ListItem","position":2,"name":"Tienda","item":"https:\/\/alvarelloseditora.gal\/es\/tienda\/"},{"@type":"ListItem","position":3,"name":"Quero peixe!"}]},{"@type":"WebSite","@id":"https:\/\/alvarelloseditora.gal\/#website","url":"https:\/\/alvarelloseditora.gal\/","name":"Alvarellos Editora","description":"Libros para un mundo en tr\u00e1nsito","publisher":{"@id":"https:\/\/alvarelloseditora.gal\/#organization"},"potentialAction":[{"@type":"SearchAction","target":{"@type":"EntryPoint","urlTemplate":"https:\/\/alvarelloseditora.gal\/?s={search_term_string}"},"query-input":{"@type":"PropertyValueSpecification","valueRequired":true,"valueName":"search_term_string"}}],"inLanguage":"es"},{"@type":"Organization","@id":"https:\/\/alvarelloseditora.gal\/#organization","name":"Alvarellos Editora","url":"https:\/\/alvarelloseditora.gal\/","logo":{"@type":"ImageObject","inLanguage":"es","@id":"https:\/\/alvarelloseditora.gal\/#\/schema\/logo\/image\/","url":"https:\/\/alvarelloseditora.gal\/wp-content\/uploads\/2020\/02\/alv-icon.png","contentUrl":"https:\/\/alvarelloseditora.gal\/wp-content\/uploads\/2020\/02\/alv-icon.png","width":177,"height":175,"caption":"Alvarellos Editora"},"image":{"@id":"https:\/\/alvarelloseditora.gal\/#\/schema\/logo\/image\/"},"sameAs":["https:\/\/www.facebook.com\/alvarelloseditora","https:\/\/x.com\/alvarellos_ed"]}]}},"_links":{"self":[{"href":"https:\/\/alvarelloseditora.gal\/es\/wp-json\/wp\/v2\/product\/2881","targetHints":{"allow":["GET"]}}],"collection":[{"href":"https:\/\/alvarelloseditora.gal\/es\/wp-json\/wp\/v2\/product"}],"about":[{"href":"https:\/\/alvarelloseditora.gal\/es\/wp-json\/wp\/v2\/types\/product"}],"replies":[{"embeddable":true,"href":"https:\/\/alvarelloseditora.gal\/es\/wp-json\/wp\/v2\/comments?post=2881"}],"wp:featuredmedia":[{"embeddable":true,"href":"https:\/\/alvarelloseditora.gal\/es\/wp-json\/wp\/v2\/media\/4263"}],"wp:attachment":[{"href":"https:\/\/alvarelloseditora.gal\/es\/wp-json\/wp\/v2\/media?parent=2881"}],"wp:term":[{"taxonomy":"product_brand","embeddable":true,"href":"https:\/\/alvarelloseditora.gal\/es\/wp-json\/wp\/v2\/product_brand?post=2881"},{"taxonomy":"product_cat","embeddable":true,"href":"https:\/\/alvarelloseditora.gal\/es\/wp-json\/wp\/v2\/product_cat?post=2881"},{"taxonomy":"product_tag","embeddable":true,"href":"https:\/\/alvarelloseditora.gal\/es\/wp-json\/wp\/v2\/product_tag?post=2881"}],"curies":[{"name":"wp","href":"https:\/\/api.w.org\/{rel}","templated":true}]}}